{"id":12826,"date":"2025-02-11T10:54:55","date_gmt":"2025-02-11T15:54:55","guid":{"rendered":"https:\/\/todoenseguridad.com\/site\/?post_type=product&#038;p=12826"},"modified":"2026-03-30T15:33:03","modified_gmt":"2026-03-30T20:33:03","slug":"dh-h3a-dahua-camara-ip-domo-motorizado-wifi-de-3mp-audio-bidireccional-sirena-integrada","status":"publish","type":"product","link":"https:\/\/todoenseguridad.com\/site\/producto\/dh-h3a-dahua-camara-ip-domo-motorizado-wifi-de-3mp-audio-bidireccional-sirena-integrada\/","title":{"rendered":"DH-H3A DAHUA\u00a0C\u00e1mara IP Domo Motorizado Wifi de 3MP, audio bidireccional, sirena integrada"},"content":{"rendered":"<h3 id=\\\"title\\\"><span style=\\\"color: #0000ff\\\">DH-H3A <\/span><span style=\\\"color: #0000ff;font-size: 16px\\\">DAHUA<\/span><span style=\\\"color: #0000ff;font-size: 16px\\\">\u00a0<\/span><span style=\\\"color: #0000ff;font-size: 16px\\\">C\u00e1mara IP Domo Motorizado Wifi de 3<\/span><span style=\\\"color: #0000ff;font-size: 16px\\\">MP con IA, autotracking, audio bidireccional (micr\u00f3fono y altavoz), sirena integrada, IR de 10 m, detecci\u00f3n de humanos y ranura MicroSD<\/span><\/h3>\n<h3 class=\\\"card-title text-center\\\"><span style=\\\"color: #000000\\\">Informaci\u00f3n General<\/span><\/h3>\n<p><span style=\\\"color: #000000\\\">La DAHUA\u00a0<strong>DH-H3A<\/strong>\u00a0es una c\u00e1mara ip domo motorizada con una resoluci\u00f3n de\u00a0<strong>3 megap\u00edxeles<\/strong>\u00a0y conectividad\u00a0<strong>WiFi<\/strong>. Est\u00e1 equipada con inteligencia artificial para la\u00a0<strong>detecci\u00f3n de humanos<\/strong>\u00a0y\u00a0<strong>autotracking<\/strong>, adem\u00e1s de\u00a0<strong>audio bidireccional<\/strong>\u00a0con micr\u00f3fono y altavoz integrados. Incluye una sirena para alertas sonoras y LEDs infrarrojos que permiten\u00a0<strong>visi\u00f3n nocturna<\/strong>\u00a0hasta 10 metros. Tiene una ranura para tarjeta\u00a0<strong>MicroSD<\/strong>\u00a0para almacenamiento local y un modo privacidad que desactiva temporalmente la grabaci\u00f3n. Esta c\u00e1mara es ideal para vigilancia dom\u00e9stica y seguridad empresarial, ofreciendo comunicaci\u00f3n en tiempo real y monitoreo eficiente en diversas situaciones.<\/span><\/p>\n<div class=\\\"row align-items-center padding-bottom-2x\\\">\n<div class=\\\"col-md-7 text-md-left text-center\\\">\n<h3><span style=\\\"color: #000000\\\">Caracter\u00edsticas Principales<\/span><\/h3>\n<ul>\n<li><span style=\\\"color: #000000\\\"><strong>Detecci\u00f3n Inteligente de Humanos y Mascotas:<\/strong>\u00a0Minimiza falsas alarmas con IA avanzada.<\/span><\/li>\n<li><span style=\\\"color: #000000\\\"><strong>Conversaci\u00f3n Bidireccional:\u00a0<\/strong>Comunicaci\u00f3n clara con micr\u00f3fono y altavoz integrados.<\/span><\/li>\n<li><span style=\\\"color: #000000\\\"><strong>Modo de Privacidad:<\/strong>\u00a0Bot\u00f3n para desactivar temporalmente la grabaci\u00f3n y transmisi\u00f3n.<\/span><\/li>\n<li><span style=\\\"color: #000000\\\"><strong>Alarma de Sonido Integrada:<\/strong>\u00a0Activa una alarma para disuadir intrusos.<\/span><\/li>\n<li><span style=\\\"color: #000000\\\"><strong>Conectividad Wifi<\/strong>:\u00a0Conexi\u00f3n inal\u00e1mbrica simplificada.<\/span><\/li>\n<li><span style=\\\"color: #000000\\\"><strong>Compatibilidad Bluetooth:<\/strong>\u00a0Configuraci\u00f3n r\u00e1pida con dispositivos inteligentes.<\/span><\/li>\n<li><span style=\\\"color: #000000\\\"><strong>Compresi\u00f3n H.265:<\/strong>\u00a0Reduce el uso de ancho de banda y almacenamiento.<\/span><\/li>\n<li><span style=\\\"color: #000000\\\"><strong>Ranura para MicroSD:<\/strong>\u00a0Soporta tarjetas de hasta 256 GB para almacenamiento local.<\/span><\/li>\n<li><span style=\\\"color: #000000\\\"><strong>Seguimiento autom\u00e1tico<\/strong>: Seguimiento autom\u00e1tico de objetivos.<\/span><\/li>\n<li><span style=\\\"color: #000000\\\"><strong>Vista 360\u00b0:<\/strong>\u00a0Monitoreo de 360\u00b0 sin puntos ciegos.<\/span><\/li>\n<li><span style=\\\"color: #000000\\\"><strong>Patrulla preestablecida:\u00a0<\/strong>Vigila los lugares que te importan con regularidad.<\/span><\/li>\n<\/ul>\n<div class=\\\"row align-items-center padding-bottom-2x\\\">\n<div class=\\\"col-md-7 text-md-left text-center\\\">\n<h3><span style=\\\"color: #000000\\\">Especificaciones T\u00e9cnicas<\/span><\/h3>\n<ul>\n<li><span style=\\\"color: #000000\\\">Resoluci\u00f3n:\u00a03MP (2304 \u00d7 1296)<\/span><\/li>\n<li><span style=\\\"color: #000000\\\">Distancia de iluminaci\u00f3n IR:\u00a010mts<\/span><\/li>\n<li><span style=\\\"color: #000000\\\">Material:\u00a0Pl\u00e1stico<\/span><\/li>\n<li><span style=\\\"color: #000000\\\">Dimensiones:\u00a0\u03c677.8 mm \u00d7 108.1 mm<\/span><\/li>\n<li><span style=\\\"color: #000000\\\">Peso:\u00a0195 g\u00a0<\/span><\/li>\n<li><span style=\\\"color: #000000\\\">Temperatura de trabajo:\u00a0\u201310 \u00b0C to +45 \u00b0C<\/span><\/li>\n<li><span style=\\\"color: #000000\\\">Humedad de trabajo:\u00a0&lt;95 %<\/span><\/li>\n<li><span style=\\\"color: #000000\\\">Alimentaci\u00f3n:\u00a05 VCC, 1 A<\/span><\/li>\n<li><span style=\\\"color: #000000\\\">Consumo de energ\u00eda:\u00a01.6 W; M\u00e1x. 3.6 W (en vivo + IR + Rotaci\u00f3n PT)<\/span><\/li>\n<\/ul>\n<h3><span style=\\\"color: #000000\\\">Incluye<\/span><\/h3>\n<ul>\n<li><span style=\\\"color: #000000\\\">1x C\u00e1mara DH-H3A<\/span><\/li>\n<li><span style=\\\"color: #000000\\\">1x Tornillos de fijaci\u00f3n<\/span><\/li>\n<li><span style=\\\"color: #000000\\\">1x Cable de alimentaci\u00f3n<\/span><\/li>\n<li><span style=\\\"color: #000000\\\">1x Adaptador de corriente<\/span><\/li>\n<li><span style=\\\"color: #000000\\\">1x Manual de usuario<\/span><\/li>\n<li><span style=\\\"color: #000000\\\">1x P\u00f3liza de garant\u00eda<\/span><\/li>\n<li><span style=\\\"color: #000000\\\">1x Base de montaje<\/span><\/li>\n<\/ul>\n<div class=\\\"row align-items-center padding-bottom-2x\\\">\n<div class=\\\"col-md-7 text-md-left text-center\\\">\n<h3><span style=\\\"color: #000000\\\">DMSS<\/span><\/h3>\n<p><span style=\\\"color: #000000\\\"><strong>DMSS<\/strong>\u00a0es una aplicaci\u00f3n m\u00f3vil desarrollada por\u00a0<strong>Dahua Technology<\/strong>\u00a0para la gesti\u00f3n remota de la c\u00e1mara, ofreciendo visualizaci\u00f3n en tiempo real, notificaciones push, control de audio bidireccional, y opciones de grabaci\u00f3n y reproducci\u00f3n\u00a0.\u00a0Permite ajustar configuraciones de la c\u00e1mara de manera remota, soporta la gesti\u00f3n de m\u00faltiples dispositivos, y garantiza seguridad y privacidad con cifrado de datos.\u00a0<\/span><\/p>\n<p><span style=\\\"color: #000000\\\">Disponible para iOS y Android, facilita la configuraci\u00f3n inicial y proporciona una experiencia de vigilancia completa y f\u00e1cil de usar.<\/span><\/p>\n<p>&nbsp;<\/p>\n<\/div>\n<\/div>\n<\/div>\n<\/div>\n<\/div>\n<\/div>\n","protected":false},"excerpt":{"rendered":"<p>DH-H3A DAHUA\u00a0C\u00e1mara IP Domo Motorizado Wifi de 3MP con IA, autotracking, audio bidireccional (micr\u00f3fono y altavoz), sirena integrada, IR de 10 m, detecci\u00f3n de humanos y ranura MicroSD Informaci\u00f3n General La DAHUA\u00a0DH-H3A\u00a0es una c\u00e1mara ip domo motorizada con una resoluci\u00f3n de\u00a03 megap\u00edxeles\u00a0y conectividad\u00a0WiFi. Est\u00e1 equipada con inteligencia artificial para la\u00a0detecci\u00f3n de humanos\u00a0y\u00a0autotracking, adem\u00e1s de\u00a0audio bidireccional\u00a0con [&hellip;]<\/p>\n","protected":false},"featured_media":12827,"template":"","meta":{"_acf_changed":false},"product_brand":[],"product_cat":[51,53,54,226],"product_tag":[],"berocket_brand":[],"class_list":{"0":"post-12826","1":"product","2":"type-product","3":"status-publish","4":"has-post-thumbnail","6":"product_cat-camaras-i-p","7":"product_cat-domo","8":"product_cat-pt-ptz","9":"product_cat-camaras-de-seguridad-cctv-videovigilancia-hd","11":"first","12":"instock","13":"taxable","14":"shipping-taxable","15":"purchasable","16":"product-type-simple","17":"berocket_lgv_grid","18":"berocket_lgv_list_grid"},"acf":[],"aioseo_notices":[],"_links":{"self":[{"href":"https:\/\/todoenseguridad.com\/site\/wp-json\/wp\/v2\/product\/12826","targetHints":{"allow":["GET"]}}],"collection":[{"href":"https:\/\/todoenseguridad.com\/site\/wp-json\/wp\/v2\/product"}],"about":[{"href":"https:\/\/todoenseguridad.com\/site\/wp-json\/wp\/v2\/types\/product"}],"wp:featuredmedia":[{"embeddable":true,"href":"https:\/\/todoenseguridad.com\/site\/wp-json\/wp\/v2\/media\/12827"}],"wp:attachment":[{"href":"https:\/\/todoenseguridad.com\/site\/wp-json\/wp\/v2\/media?parent=12826"}],"wp:term":[{"taxonomy":"product_brand","embeddable":true,"href":"https:\/\/todoenseguridad.com\/site\/wp-json\/wp\/v2\/product_brand?post=12826"},{"taxonomy":"product_cat","embeddable":true,"href":"https:\/\/todoenseguridad.com\/site\/wp-json\/wp\/v2\/product_cat?post=12826"},{"taxonomy":"product_tag","embeddable":true,"href":"https:\/\/todoenseguridad.com\/site\/wp-json\/wp\/v2\/product_tag?post=12826"},{"taxonomy":"berocket_brand","embeddable":true,"href":"https:\/\/todoenseguridad.com\/site\/wp-json\/wp\/v2\/berocket_brand?post=12826"}],"curies":[{"name":"wp","href":"https:\/\/api.w.org\/{rel}","templated":true}]}}