{"id":12814,"date":"2024-10-18T17:24:20","date_gmt":"2024-10-18T22:24:20","guid":{"rendered":"https:\/\/todoenseguridad.com\/site\/?post_type=product&#038;p=12814"},"modified":"2026-03-23T11:34:04","modified_gmt":"2026-03-23T16:34:04","slug":"dh-sdt4e425-4f-gb-a-pv1-dahua-camara-ptz-ip-25x-zoom-proteccion-perimetral-ip66","status":"publish","type":"product","link":"https:\/\/todoenseguridad.com\/site\/producto\/dh-sdt4e425-4f-gb-a-pv1-dahua-camara-ptz-ip-25x-zoom-proteccion-perimetral-ip66\/","title":{"rendered":"DH-SDT4E425-4F-GB-A-PV1 DAHUA C\u00e1mara PTZ IP\/ 25X Zoom\/ Protecci\u00f3n perimetral\/ IP66"},"content":{"rendered":"<h2 id=\\\"title\\\"><span style=\\\"color: #0000ff\\\">DH-SDT4E425-4F-GB-A-PV1 <\/span><span style=\\\"color: #0000ff\\\">DAHUA <\/span><span style=\\\"color: #0000ff\\\"> C\u00e1mara PTZ IP X-Spans 4MP+4MP. Soporta Multivision, TiOC WizSense: 25X Zoom, IR hasta 100m, Autotracking 3.0, Protecci\u00f3n perimetral, Disuasi\u00f3n activa, Luz dual inteligente, SMD 4.0, Quick Pick, WDR, IP66<\/span><\/h2>\n<p>&nbsp;<\/p>\n<h3><span style=\\\"color: #000000\\\">Informaci\u00f3n General<\/span><\/h3>\n<p><span style=\\\"color: #000000\\\">La c\u00e1mara DAHUA DH-SDT4E425-4F-GB-A-PV1 combina una resoluci\u00f3n dual de 4MP+4MP con tecnolog\u00eda TiOC Wizsense y multivision proporcionando un potente zoom \u00f3ptico de 25X y visi\u00f3n infrarroja hasta 100m. Ideal para vigilancia detallada, cuenta con Autotracking 3.0, Protecci\u00f3n Perimetral, y Disuasi\u00f3n Activa. Su Luz Dual Inteligente ajusta autom\u00e1ticamente entre luz visible e infrarroja para una visibilidad \u00f3ptima. La tecnolog\u00eda WizSense, incluida en SMD4.0, mejora la detecci\u00f3n precisa de personas y veh\u00edculos. Con Quick Pick para identificar objetos r\u00e1pidamente y WDR para un amplio rango din\u00e1mico, esta c\u00e1mara IP66 es perfecta para entornos exigentes<\/span><\/p>\n<h3><span style=\\\"color: #000000\\\">Caracter\u00edsticas Principales<\/span><\/h3>\n<ul>\n<li><span style=\\\"color: #000000\\\"><strong>Panor\u00e1mica:<\/strong> 1\/2,8\\\u00bb 4 megap\u00edxeles F1.0 CMOS.\u00a0<\/span><\/li>\n<li><span style=\\\"color: #000000\\\"><strong>Sensor de imagen:<\/strong> CMOS STARVIS\u2122 de 1\/2,8\\\u00bb y 4 megap\u00edxeles<\/span><\/li>\n<li><span style=\\\"color: #000000\\\"><strong>Zoom:<\/strong> \u00d3ptico de 25x<\/span><\/li>\n<li><span style=\\\"color: #000000\\\"><strong>Resoluci\u00f3n:<\/strong> M\u00e1x. 25\/30 fps a 4M<\/span><\/li>\n<li><span style=\\\"color: #000000\\\"><strong>Iluminaci\u00f3n:<\/strong> Distancia IR hasta 100 m.\u00a0<\/span><\/li>\n<li><span style=\\\"color: #000000\\\"><strong>Funciones:<\/strong> Seguimiento autom\u00e1tico 3.0; Seguimiento inteligente; Protecci\u00f3n perimetral; Activar la disuasi\u00f3n; Luz dual inteligente+, Multivisi\u00f3n.<\/span><\/li>\n<\/ul>\n<h3><span style=\\\"color: #000000\\\">Especificaciones T\u00e9cnicas<\/span><\/h3>\n<ul>\n<li class=\\\"ql-align-justify\\\"><span style=\\\"color: #000000\\\"><strong>P\u00edxel:<\/strong> Panor\u00e1mica 4MP; Detalle 4MP<\/span><\/li>\n<li class=\\\"ql-align-justify\\\"><span style=\\\"color: #000000\\\"><strong>M\u00e1x. Resoluci\u00f3n:<\/strong> Panor\u00e1mica: 2560 (H) x 1140 (V)<\/span><\/li>\n<li class=\\\"ql-align-justify\\\"><span style=\\\"color: #000000\\\"><strong>ROM: <\/strong>Panorama 4GB; Detalle 4 GB<\/span><\/li>\n<li class=\\\"ql-align-justify\\\"><span style=\\\"color: #000000\\\"><strong>RAM:<\/strong> Panorama 1 GB; Detalle 1GB<\/span><\/li>\n<li class=\\\"ql-align-justify\\\"><span style=\\\"color: #000000\\\"><strong>Longitud Focal: <\/strong>Panor\u00e1mica 2,8 mm;\u00a0Detalle 5 mm\u2013125 mm<\/span><\/li>\n<li class=\\\"ql-align-justify\\\"><span style=\\\"color: #000000\\\"><strong>Fuente de alimentaci\u00f3n: <\/strong>12 VCC, 3 A \u00b1 10%; PoE+\u00a0\u00a0<\/span><\/li>\n<li class=\\\"ql-align-justify\\\"><span style=\\\"color: #000000\\\"><strong>Consumo de energ\u00eda: <\/strong>B\u00e1sico 12W; Max. 25W<\/span><\/li>\n<li class=\\\"ql-align-justify\\\"><span style=\\\"color: #000000\\\"><strong>Temperatura de funcionamiento: <\/strong>\u201340 \u00b0C a +65 \u00b0C<\/span><\/li>\n<li class=\\\"ql-align-justify\\\"><span style=\\\"color: #000000\\\"><strong>Humedad de funcionamiento:<\/strong> 95%<\/span><\/li>\n<li class=\\\"ql-align-justify\\\"><span style=\\\"color: #000000\\\"><strong>Dimensiones del producto: <\/strong>160,0 mm \u00d7 184,4 mm \u00d7 304,6 mm<\/span><\/li>\n<li class=\\\"ql-align-justify\\\"><span style=\\\"color: #000000\\\"><strong>Peso neto: <\/strong>3,41 kg<\/span><\/li>\n<\/ul>\n<h3><span style=\\\"color: #000000\\\">Incluye<\/span><\/h3>\n<ul>\n<li><span style=\\\"color: #000000\\\"><strong>x1<\/strong> C\u00e1mara PTZ: <strong>DH-SDT4E425-4F-GB-A-PV1<\/strong><\/span><\/li>\n<li><span style=\\\"color: #000000\\\"><strong>x1<\/strong> Montaje de pared<\/span><\/li>\n<li><span style=\\\"color: #000000\\\"><strong>x1 <\/strong>Manual de usuario<\/span><\/li>\n<li><span style=\\\"color: #000000\\\"><strong>x1 <\/strong>P\u00f3liza de garant\u00eda<\/span><\/li>\n<\/ul>\n<p>&nbsp;<\/p>\n","protected":false},"excerpt":{"rendered":"<p>DH-SDT4E425-4F-GB-A-PV1 DAHUA C\u00e1mara PTZ IP X-Spans 4MP+4MP. Soporta Multivision, TiOC WizSense: 25X Zoom, IR hasta 100m, Autotracking 3.0, Protecci\u00f3n perimetral, Disuasi\u00f3n activa, Luz dual inteligente, SMD 4.0, Quick Pick, WDR, IP66 &nbsp; Informaci\u00f3n General La c\u00e1mara DAHUA DH-SDT4E425-4F-GB-A-PV1 combina una resoluci\u00f3n dual de 4MP+4MP con tecnolog\u00eda TiOC Wizsense y multivision proporcionando un potente zoom \u00f3ptico [&hellip;]<\/p>\n","protected":false},"featured_media":12815,"template":"","meta":{"_acf_changed":false},"product_brand":[],"product_cat":[51,54,226],"product_tag":[],"berocket_brand":[],"class_list":{"0":"post-12814","1":"product","2":"type-product","3":"status-publish","4":"has-post-thumbnail","6":"product_cat-camaras-i-p","7":"product_cat-pt-ptz","8":"product_cat-camaras-de-seguridad-cctv-videovigilancia-hd","10":"first","11":"instock","12":"taxable","13":"shipping-taxable","14":"purchasable","15":"product-type-simple","16":"berocket_lgv_grid","17":"berocket_lgv_list_grid"},"acf":[],"aioseo_notices":[],"_links":{"self":[{"href":"https:\/\/todoenseguridad.com\/site\/wp-json\/wp\/v2\/product\/12814","targetHints":{"allow":["GET"]}}],"collection":[{"href":"https:\/\/todoenseguridad.com\/site\/wp-json\/wp\/v2\/product"}],"about":[{"href":"https:\/\/todoenseguridad.com\/site\/wp-json\/wp\/v2\/types\/product"}],"wp:featuredmedia":[{"embeddable":true,"href":"https:\/\/todoenseguridad.com\/site\/wp-json\/wp\/v2\/media\/12815"}],"wp:attachment":[{"href":"https:\/\/todoenseguridad.com\/site\/wp-json\/wp\/v2\/media?parent=12814"}],"wp:term":[{"taxonomy":"product_brand","embeddable":true,"href":"https:\/\/todoenseguridad.com\/site\/wp-json\/wp\/v2\/product_brand?post=12814"},{"taxonomy":"product_cat","embeddable":true,"href":"https:\/\/todoenseguridad.com\/site\/wp-json\/wp\/v2\/product_cat?post=12814"},{"taxonomy":"product_tag","embeddable":true,"href":"https:\/\/todoenseguridad.com\/site\/wp-json\/wp\/v2\/product_tag?post=12814"},{"taxonomy":"berocket_brand","embeddable":true,"href":"https:\/\/todoenseguridad.com\/site\/wp-json\/wp\/v2\/berocket_brand?post=12814"}],"curies":[{"name":"wp","href":"https:\/\/api.w.org\/{rel}","templated":true}]}}