{"id":12810,"date":"2024-10-18T17:09:19","date_gmt":"2024-10-18T22:09:19","guid":{"rendered":"https:\/\/todoenseguridad.com\/site\/?post_type=product&#038;p=12810"},"modified":"2026-03-23T11:48:05","modified_gmt":"2026-03-23T16:48:05","slug":"dh-sd3c205db-gny-a-pv-dahua-camara-ip-ptz-de-2mp-5x-de-zoom-optico-ip66-poe","status":"publish","type":"product","link":"https:\/\/todoenseguridad.com\/site\/producto\/dh-sd3c205db-gny-a-pv-dahua-camara-ip-ptz-de-2mp-5x-de-zoom-optico-ip66-poe\/","title":{"rendered":"DH-SD3C205DB-GNY-A-PV DAHUA C\u00e1mara IP PTZ de 2MP\/ 5x de Zoom \u00d3ptico\/ IP66\/ PoE"},"content":{"rendered":"<h2 id=\\\"title\\\"><span style=\\\"color: #0000ff\\\">DH-SD3C205DB-GNY-A-PV <\/span><span style=\\\"color: #0000ff\\\">DAHUA <\/span><span style=\\\"color: #0000ff\\\">C\u00e1mara IP PTZ de 2MP\/ 5x de Zoom \u00d3ptico\/ WizSense\/ Dual Light\/ IR de 50 Mts\/ Micr\u00f3fono y Altavoz Integrado\/ Audio 2 V\u00edas\/ Protecci\u00f3n Perimetral\/ Disuasi\u00f3n Activa\/ 1 Led de Luz Blanca\/ IP66\/ PoE\/<\/span><\/h2>\n<h3><span style=\\\"color: #000000\\\">Caracter\u00edsticas Principales<\/span><\/h3>\n<ul>\n<li class=\\\"ql-align-justify\\\"><span style=\\\"color: #000000\\\"><strong>Zoom \u00f3ptico de 5x<\/strong> para una visualizaci\u00f3n detallada.<\/span><\/li>\n<li class=\\\"ql-align-justify\\\"><span style=\\\"color: #000000\\\"><strong>Alcance de IR<\/strong> de hasta 50 metros para visi\u00f3n nocturna.<\/span><\/li>\n<li class=\\\"ql-align-justify\\\"><span style=\\\"color: #000000\\\"><strong>Alcance de iluminaci\u00f3n de luz c\u00e1lida<\/strong> de hasta 30 metros.<\/span><\/li>\n<li class=\\\"ql-align-justify\\\"><span style=\\\"color: #000000\\\"><strong>Audio bidireccional<\/strong> para comunicaci\u00f3n en tiempo real.<\/span><\/li>\n<li class=\\\"ql-align-justify\\\"><span style=\\\"color: #000000\\\"><strong>Tecnolog\u00eda SMD 3.0<\/strong> para detecci\u00f3n inteligente de movimiento.<\/span><\/li>\n<li class=\\\"ql-align-justify\\\"><span style=\\\"color: #000000\\\"><strong>Protecci\u00f3n perimetral<\/strong> avanzada.<\/span><\/li>\n<li class=\\\"ql-align-justify\\\"><span style=\\\"color: #000000\\\"><strong>Sensor CMOS de 1\/2.8\\\u00bb<\/strong> con resoluci\u00f3n de 2 megap\u00edxeles para im\u00e1genes n\u00edtidas.<\/span><\/li>\n<\/ul>\n<h3><span style=\\\"color: #000000\\\">Especificaciones T\u00e9cnicas<\/span><\/h3>\n<ul>\n<li class=\\\"ql-align-justify\\\"><span style=\\\"color: #000000\\\"><strong>Dimensiones<\/strong>: 142.6 mm \u00d7 140.0 mm \u00d7 236.2 mm.<\/span><\/li>\n<li class=\\\"ql-align-justify\\\"><span style=\\\"color: #000000\\\"><strong>Alimentaci\u00f3n<\/strong>: 12 VDC, 1.5 A o PoE (802.3af).<\/span><\/li>\n<li class=\\\"ql-align-justify\\\"><span style=\\\"color: #000000\\\"><strong>Protecci\u00f3n<\/strong>: Clasificaci\u00f3n IP66.<\/span><\/li>\n<li class=\\\"ql-align-justify\\\"><span style=\\\"color: #000000\\\"><strong>Peso<\/strong>: 1.1 kg.<\/span><\/li>\n<li class=\\\"ql-align-justify\\\"><span style=\\\"color: #000000\\\"><strong>Lente<\/strong>: 2.7 mm.<\/span><\/li>\n<li class=\\\"ql-align-justify\\\"><span style=\\\"color: #000000\\\"><strong>Distancia m\u00ednima de enfoque<\/strong>: 1.5 m.<\/span><\/li>\n<\/ul>\n","protected":false},"excerpt":{"rendered":"<p>DH-SD3C205DB-GNY-A-PV DAHUA C\u00e1mara IP PTZ de 2MP\/ 5x de Zoom \u00d3ptico\/ WizSense\/ Dual Light\/ IR de 50 Mts\/ Micr\u00f3fono y Altavoz Integrado\/ Audio 2 V\u00edas\/ Protecci\u00f3n Perimetral\/ Disuasi\u00f3n Activa\/ 1 Led de Luz Blanca\/ IP66\/ PoE\/ Caracter\u00edsticas Principales Zoom \u00f3ptico de 5x para una visualizaci\u00f3n detallada. Alcance de IR de hasta 50 metros para visi\u00f3n [&hellip;]<\/p>\n","protected":false},"featured_media":12811,"template":"","meta":{"_acf_changed":false},"product_brand":[],"product_cat":[51,54,226],"product_tag":[],"berocket_brand":[],"class_list":{"0":"post-12810","1":"product","2":"type-product","3":"status-publish","4":"has-post-thumbnail","6":"product_cat-camaras-i-p","7":"product_cat-pt-ptz","8":"product_cat-camaras-de-seguridad-cctv-videovigilancia-hd","10":"first","11":"instock","12":"taxable","13":"shipping-taxable","14":"purchasable","15":"product-type-simple","16":"berocket_lgv_grid","17":"berocket_lgv_list_grid"},"acf":[],"aioseo_notices":[],"_links":{"self":[{"href":"https:\/\/todoenseguridad.com\/site\/wp-json\/wp\/v2\/product\/12810","targetHints":{"allow":["GET"]}}],"collection":[{"href":"https:\/\/todoenseguridad.com\/site\/wp-json\/wp\/v2\/product"}],"about":[{"href":"https:\/\/todoenseguridad.com\/site\/wp-json\/wp\/v2\/types\/product"}],"wp:featuredmedia":[{"embeddable":true,"href":"https:\/\/todoenseguridad.com\/site\/wp-json\/wp\/v2\/media\/12811"}],"wp:attachment":[{"href":"https:\/\/todoenseguridad.com\/site\/wp-json\/wp\/v2\/media?parent=12810"}],"wp:term":[{"taxonomy":"product_brand","embeddable":true,"href":"https:\/\/todoenseguridad.com\/site\/wp-json\/wp\/v2\/product_brand?post=12810"},{"taxonomy":"product_cat","embeddable":true,"href":"https:\/\/todoenseguridad.com\/site\/wp-json\/wp\/v2\/product_cat?post=12810"},{"taxonomy":"product_tag","embeddable":true,"href":"https:\/\/todoenseguridad.com\/site\/wp-json\/wp\/v2\/product_tag?post=12810"},{"taxonomy":"berocket_brand","embeddable":true,"href":"https:\/\/todoenseguridad.com\/site\/wp-json\/wp\/v2\/berocket_brand?post=12810"}],"curies":[{"name":"wp","href":"https:\/\/api.w.org\/{rel}","templated":true}]}}