{"id":12804,"date":"2024-10-18T16:42:21","date_gmt":"2024-10-18T21:42:21","guid":{"rendered":"https:\/\/todoenseguridad.com\/site\/?post_type=product&#038;p=12804"},"modified":"2026-03-30T15:34:40","modified_gmt":"2026-03-30T20:34:40","slug":"ipc-c22fn-c-camara-ip-wifi-imou-versa-de-2-mp-audio-bidireccional-sirena-ranura-microsd-ip65","status":"publish","type":"product","link":"https:\/\/todoenseguridad.com\/site\/producto\/ipc-c22fn-c-camara-ip-wifi-imou-versa-de-2-mp-audio-bidireccional-sirena-ranura-microsd-ip65\/","title":{"rendered":"IPC-C22FN-C C\u00e1mara IP WiFi IMOU VERSA de 2 MP\/ audio bidireccional\/ sirena\/ ranura MicroSD\/ IP65"},"content":{"rendered":"<h2 id=\\\"title\\\"><span style=\\\"color: #0000ff\\\"> <span class=\\\"text-medium\\\">IPC-C22FN-C <\/span>C\u00e1mara IP WiFi IMOU VERSA de 2 MP, con lente de 2.8 mm y 97\u00b0 de apertura, ofrece compresi\u00f3n H.265, audio bidireccional, sirena, visi\u00f3n nocturna de 20 m, ranura MicroSD, detecci\u00f3n de humanos y certificaci\u00f3n IP65.<\/span><\/h2>\n<h3 class=\\\"card-title text-center\\\"><span style=\\\"color: #000000\\\">Informaci\u00f3n general<\/span><\/h3>\n<p><span style=\\\"color: #000000\\\">La <strong>IMOU VERSA<\/strong> es una c\u00e1mara de seguridad WiFi con una resoluci\u00f3n de 2 megap\u00edxeles y un \u00e1ngulo de visi\u00f3n de 97 grados. Utiliza compresi\u00f3n de video H.265 para almacenamiento eficiente, y ofrece audio bidireccional con micr\u00f3fono y altavoz integrados, as\u00ed como una sirena para disuasi\u00f3n. Tiene visi\u00f3n nocturna de hasta 20 metros, almacenamiento local a trav\u00e9s de tarjeta MicroSD, detecci\u00f3n de humanos para reducir falsas alarmas y es resistente al agua y al polvo con clasificaci\u00f3n IP65, siendo ideal para uso en exteriores.<\/span><\/p>\n<h3><span style=\\\"color: #000000\\\">Caracter\u00edsticas Principales<\/span><\/h3>\n<ul>\n<li><span style=\\\"color: #000000\\\">H.265 1080P Full HD<\/span><\/li>\n<li><span style=\\\"color: #000000\\\">Visi\u00f3n nocturna en color inteligente<\/span><\/li>\n<li><span style=\\\"color: #000000\\\">Detecci\u00f3n de humanos<\/span><\/li>\n<li><span style=\\\"color: #000000\\\">Alarma de detecci\u00f3n de sonidos anormales<\/span><\/li>\n<li><span style=\\\"color: #000000\\\">Sirena de seguridad<\/span><\/li>\n<li><span style=\\\"color: #000000\\\">Notificaci\u00f3n de alarma<\/span><\/li>\n<li><span style=\\\"color: #000000\\\">Grabaci\u00f3n 24\/7<\/span><\/li>\n<li><span style=\\\"color: #000000\\\">Conversaci\u00f3n bidireccional<\/span><\/li>\n<li><span style=\\\"color: #000000\\\">Servicio en la nube<\/span><\/li>\n<li><span style=\\\"color: #000000\\\">Admite almacenamiento en la nube o Micro<\/span><\/li>\n<li><span style=\\\"color: #000000\\\">Tarjeta SD (hasta 256 GB)<\/span><\/li>\n<\/ul>\n<h3><span style=\\\"color: #000000\\\">Especificaciones T\u00e9cnicas<\/span><\/h3>\n<ul>\n<li><span style=\\\"color: #000000\\\"><strong>Resoluci\u00f3n: <\/strong>\u00a02 Megapixeles (1920 x 1080)<\/span><\/li>\n<li><span style=\\\"color: #000000\\\"><strong>IR: <\/strong>20Mts<\/span><\/li>\n<li><span style=\\\"color: #000000\\\"><strong>Campo de visi\u00f3n:<\/strong> 97\u00b0(H), 52\u00b0(V), 114\u00b0(D)\u00a0<\/span><\/li>\n<li><span style=\\\"color: #000000\\\"><strong>Dimensiones:<\/strong>\u00a072mm x 51mm x 52mm<\/span><\/li>\n<li><span style=\\\"color: #000000\\\"><strong>Peso:<\/strong>\u00a0120g<\/span><\/li>\n<li><span style=\\\"color: #000000\\\"><strong>Protecci\u00f3n ambiental:<\/strong>\u00a0IP65<\/span><\/li>\n<li><span style=\\\"color: #000000\\\"><strong>Temperatura de trabajo:<\/strong> -20\u00b0C~+45\u00b0C<\/span><\/li>\n<li><span style=\\\"color: #000000\\\"><strong>Humedad de trabajo:<\/strong>\u00a0&lt;95 % (HR)<\/span><\/li>\n<li><span style=\\\"color: #000000\\\"><strong>Alimentaci\u00f3n:<\/strong>\u00a0DC 5V 1A\u00a0<\/span><\/li>\n<li><span style=\\\"color: #000000\\\"><strong>Consumo de energ\u00eda:<\/strong>\u00a0M\u00e1x. 3.5 W<\/span><\/li>\n<li><span style=\\\"color: #000000\\\"><strong>Wi-Fi:<\/strong> IEEE802.11b\/g\/n, campo abierto de 50m<\/span><\/li>\n<\/ul>\n<h3><span style=\\\"color: #000000\\\">Imou Life<\/span><\/h3>\n<p><span style=\\\"color: #000000\\\"><strong>Imou Life <\/strong>es una aplicaci\u00f3n m\u00f3vil dise\u00f1ada para la gesti\u00f3n de dispositivos de seguridad y vigilancia para el hogar. Permite a los usuarios acceder y controlar c\u00e1maras de seguridad desde cualquier lugar con conexi\u00f3n a Internet. La interfaz es intuitiva, con opciones para organizar dispositivos, configurar horarios de grabaci\u00f3n y ajustar la sensibilidad de detecci\u00f3n de movimiento. Ofrece opciones de almacenamiento en la nube y local para grabaciones, y prioriza la seguridad y la protecci\u00f3n de la privacidad mediante cifrado y autenticaci\u00f3n robustos. <strong>Imou Life<\/strong> facilita la vigilancia remota y mejora la seguridad del hogar o negocio.<\/span><\/p>\n<h3><span style=\\\"color: #000000\\\">Incluye<\/span><\/h3>\n<ul>\n<li><span style=\\\"color: #000000\\\">C\u00e1mara Versa de 2MP<\/span><\/li>\n<li><span style=\\\"color: #000000\\\">Gu\u00eda de inicio r\u00e1pido<\/span><\/li>\n<li><span style=\\\"color: #000000\\\">Adaptador de corriente<\/span><\/li>\n<li><span style=\\\"color: #000000\\\">Cable de alimentaci\u00f3n<\/span><\/li>\n<li><span style=\\\"color: #000000\\\">Paquete de tornillos<\/span><\/li>\n<li><span style=\\\"color: #000000\\\">Placa de montaje<\/span><\/li>\n<li><span style=\\\"color: #000000\\\">Gu\u00eda de instalaci\u00f3n<\/span><\/li>\n<\/ul>\n","protected":false},"excerpt":{"rendered":"<p>IPC-C22FN-C C\u00e1mara IP WiFi IMOU VERSA de 2 MP, con lente de 2.8 mm y 97\u00b0 de apertura, ofrece compresi\u00f3n H.265, audio bidireccional, sirena, visi\u00f3n nocturna de 20 m, ranura MicroSD, detecci\u00f3n de humanos y certificaci\u00f3n IP65. Informaci\u00f3n general La IMOU VERSA es una c\u00e1mara de seguridad WiFi con una resoluci\u00f3n de 2 megap\u00edxeles y [&hellip;]<\/p>\n","protected":false},"featured_media":12805,"template":"","meta":{"_acf_changed":false},"product_brand":[],"product_cat":[51,58,226],"product_tag":[],"berocket_brand":[],"class_list":{"0":"post-12804","1":"product","2":"type-product","3":"status-publish","4":"has-post-thumbnail","6":"product_cat-camaras-i-p","7":"product_cat-cubo","8":"product_cat-camaras-de-seguridad-cctv-videovigilancia-hd","10":"first","11":"instock","12":"sale","13":"taxable","14":"shipping-taxable","15":"purchasable","16":"product-type-simple","17":"berocket_lgv_grid","18":"berocket_lgv_list_grid"},"acf":[],"aioseo_notices":[],"_links":{"self":[{"href":"https:\/\/todoenseguridad.com\/site\/wp-json\/wp\/v2\/product\/12804","targetHints":{"allow":["GET"]}}],"collection":[{"href":"https:\/\/todoenseguridad.com\/site\/wp-json\/wp\/v2\/product"}],"about":[{"href":"https:\/\/todoenseguridad.com\/site\/wp-json\/wp\/v2\/types\/product"}],"wp:featuredmedia":[{"embeddable":true,"href":"https:\/\/todoenseguridad.com\/site\/wp-json\/wp\/v2\/media\/12805"}],"wp:attachment":[{"href":"https:\/\/todoenseguridad.com\/site\/wp-json\/wp\/v2\/media?parent=12804"}],"wp:term":[{"taxonomy":"product_brand","embeddable":true,"href":"https:\/\/todoenseguridad.com\/site\/wp-json\/wp\/v2\/product_brand?post=12804"},{"taxonomy":"product_cat","embeddable":true,"href":"https:\/\/todoenseguridad.com\/site\/wp-json\/wp\/v2\/product_cat?post=12804"},{"taxonomy":"product_tag","embeddable":true,"href":"https:\/\/todoenseguridad.com\/site\/wp-json\/wp\/v2\/product_tag?post=12804"},{"taxonomy":"berocket_brand","embeddable":true,"href":"https:\/\/todoenseguridad.com\/site\/wp-json\/wp\/v2\/berocket_brand?post=12804"}],"curies":[{"name":"wp","href":"https:\/\/api.w.org\/{rel}","templated":true}]}}