{"id":12792,"date":"2024-10-18T15:27:10","date_gmt":"2024-10-18T20:27:10","guid":{"rendered":"https:\/\/todoenseguridad.com\/site\/?post_type=product&#038;p=12792"},"modified":"2026-03-23T11:54:05","modified_gmt":"2026-03-23T16:54:05","slug":"dh-ipc-hdbw2541r-zas-dahua-domo-antivandalico-de-5mp-ik10-poe","status":"publish","type":"product","link":"https:\/\/todoenseguridad.com\/site\/producto\/dh-ipc-hdbw2541r-zas-dahua-domo-antivandalico-de-5mp-ik10-poe\/","title":{"rendered":"DH-IPC-HDBW2541R-ZAS DAHUA Domo Antivandalico de 5MP\/ Ik10\/ PoE"},"content":{"rendered":"<h2 id=\\\"title\\\"><span style=\\\"color: #0000ff\\\">DH-IPC-HDBW2541R-ZAS <\/span><span style=\\\"color: #0000ff\\\">DAHUA <\/span><span style=\\\"color: #0000ff\\\">Domo Antivandalico de 5MP\/ Lente Motorizado de 2.7-13.5\/ WizSense\/ IR de 40 Metros\/ Ranura MicroSD\/ E&amp;S de Alarma\/ Ik10\/ PoE\/ SMD Plus\/<\/span><\/h2>\n<h3 class=\\\"card-title text-center\\\"><span style=\\\"color: #000000\\\">Informaci\u00f3n general<\/span><\/h3>\n<p class=\\\"ql-align-justify\\\"><span style=\\\"color: #000000\\\">Con un algoritmo avanzado de aprendizaje profundo, la c\u00e1mara de red de la serie Dahua WizSense 2 admite funciones inteligentes, como protecci\u00f3n perimetral y detecci\u00f3n de movimiento inteligente. Con la tecnolog\u00eda Starlight, esta c\u00e1mara de la serie proporciona un mejor efecto de imagen en condiciones de baja iluminaci\u00f3n.\u00a0<\/span><\/p>\n<h3><span style=\\\"color: #000000\\\">SMD m\u00e1s<\/span><\/h3>\n<p class=\\\"ql-align-justify\\\"><span style=\\\"color: #000000\\\">Con un algoritmo inteligente, la tecnolog\u00eda de detecci\u00f3n de movimiento inteligente de Dahua puede categorizar los objetivos que activan la detecci\u00f3n de movimiento y filtrar la alarma de detecci\u00f3n de movimiento activada por objetivos no afectados para generar una alarma efectiva y precisa<\/span><\/p>\n<h3><span style=\\\"color: #000000\\\">H.265+ inteligente y H.264+ inteligente<\/span><\/h3>\n<p class=\\\"ql-align-justify\\\"><span style=\\\"color: #000000\\\">Con un algoritmo avanzado de control de velocidad adaptable a la escena, la tecnolog\u00eda de codificaci\u00f3n inteligente de Dahua logra una mayor eficiencia de codificaci\u00f3n que H.265 y H.264, proporciona video de alta calidad y reduce el costo de almacenamiento y transmisi\u00f3n.<\/span><\/p>\n<h3><span style=\\\"color: #000000\\\">WDR<\/span><\/h3>\n<p class=\\\"ql-align-justify\\\"><span style=\\\"color: #000000\\\">Con la tecnolog\u00eda avanzada de amplio rango din\u00e1mico (WDR), la c\u00e1mara de red Dahua proporciona detalles claros en un entorno de fuerte contraste de brillo. El \u00e1rea brillante y oscura puede obtener un video claro incluso en entornos de alto brillo o con sombra de luz de fondo<\/span><\/p>\n<h3><span style=\\\"color: #000000\\\">Caracter\u00edsticas Principales<\/span><\/h3>\n<ul>\n<li class=\\\"ql-align-justify\\\"><span style=\\\"color: #000000\\\">Sensor de imagen CMOS de 5 MP 1\/2,7\\\u00bb, baja luminancia e imagen de alta definici\u00f3n.<\/span><\/li>\n<li class=\\\"ql-align-justify\\\"><span style=\\\"color: #000000\\\">Salidas m\u00e1x. 5 MP (2592 \u00d7 1944) a 20 fps y admite 4 MP (2688 \u00d7 1520) a 25\/30 fps.<\/span><\/li>\n<li class=\\\"ql-align-justify\\\"><span style=\\\"color: #000000\\\">C\u00f3dec H.265, alta tasa de compresi\u00f3n, tasa de bits ultrabaja.<\/span><\/li>\n<li class=\\\"ql-align-justify\\\"><span style=\\\"color: #000000\\\">LED IR incorporado y el m\u00e1x. la distancia de iluminaci\u00f3n es de 40 m.<\/span><\/li>\n<li class=\\\"ql-align-justify\\\"><span style=\\\"color: #000000\\\">ROI, SMART H.264+\/H.265+, codificaci\u00f3n flexible, aplicable a varios entornos de almacenamiento y ancho de banda.<\/span><\/li>\n<li class=\\\"ql-align-justify\\\"><span style=\\\"color: #000000\\\">Modo de rotaci\u00f3n, WDR, 3D NR, HLC, BLC, marca de agua digital, aplicable a varias escenas de monitoreo.<\/span><\/li>\n<li class=\\\"ql-align-justify\\\"><span style=\\\"color: #000000\\\">Monitoreo inteligente: Intrusi\u00f3n, cable trampa (las dos funciones admiten la clasificaci\u00f3n y detecci\u00f3n precisa de veh\u00edculos y humanos).<\/span><\/li>\n<\/ul>\n<h3><span style=\\\"color: #000000\\\">Especificaciones T\u00e9cnicas<\/span><\/h3>\n<ul>\n<li><span style=\\\"color: #000000\\\">CMOS de 1\/2,7\\\u00bb\u00a0<\/span><\/li>\n<li><span style=\\\"color: #000000\\\">M\u00e1x. Resoluci\u00f3n 2592 (H)) x 1944 (v)<\/span><\/li>\n<li><span style=\\\"color: #000000\\\">ROM 128 MB<\/span><\/li>\n<li><span style=\\\"color: #000000\\\">RAM 512 MB<\/span><\/li>\n<li><span style=\\\"color: #000000\\\">Velocidad de obturaci\u00f3n electr\u00f3nica: Autom\u00e1tico\/Manual 1\/3 s\u20131\/100 000 s\u00a0<\/span><\/li>\n<li><span style=\\\"color: #000000\\\">M\u00edn. Iluminaci\u00f3n: 0,005 lux a F1,5 (color, 30 IRE) 0,0005 lux a F1,5 (B\/N, 30 IRE) 0 lux (iluminador encendido)<\/span><\/li>\n<li><span style=\\\"color: #000000\\\">Relaci\u00f3n se\u00f1al\/ruido: &gt; 56dB<\/span><\/li>\n<\/ul>\n","protected":false},"excerpt":{"rendered":"<p>DH-IPC-HDBW2541R-ZAS DAHUA Domo Antivandalico de 5MP\/ Lente Motorizado de 2.7-13.5\/ WizSense\/ IR de 40 Metros\/ Ranura MicroSD\/ E&amp;S de Alarma\/ Ik10\/ PoE\/ SMD Plus\/ Informaci\u00f3n general Con un algoritmo avanzado de aprendizaje profundo, la c\u00e1mara de red de la serie Dahua WizSense 2 admite funciones inteligentes, como protecci\u00f3n perimetral y detecci\u00f3n de movimiento inteligente. Con [&hellip;]<\/p>\n","protected":false},"featured_media":12793,"template":"","meta":{"_acf_changed":false},"product_brand":[],"product_cat":[51,53,226],"product_tag":[],"berocket_brand":[],"class_list":{"0":"post-12792","1":"product","2":"type-product","3":"status-publish","4":"has-post-thumbnail","6":"product_cat-camaras-i-p","7":"product_cat-domo","8":"product_cat-camaras-de-seguridad-cctv-videovigilancia-hd","10":"first","11":"instock","12":"taxable","13":"shipping-taxable","14":"purchasable","15":"product-type-simple","16":"berocket_lgv_grid","17":"berocket_lgv_list_grid"},"acf":[],"aioseo_notices":[],"_links":{"self":[{"href":"https:\/\/todoenseguridad.com\/site\/wp-json\/wp\/v2\/product\/12792","targetHints":{"allow":["GET"]}}],"collection":[{"href":"https:\/\/todoenseguridad.com\/site\/wp-json\/wp\/v2\/product"}],"about":[{"href":"https:\/\/todoenseguridad.com\/site\/wp-json\/wp\/v2\/types\/product"}],"wp:featuredmedia":[{"embeddable":true,"href":"https:\/\/todoenseguridad.com\/site\/wp-json\/wp\/v2\/media\/12793"}],"wp:attachment":[{"href":"https:\/\/todoenseguridad.com\/site\/wp-json\/wp\/v2\/media?parent=12792"}],"wp:term":[{"taxonomy":"product_brand","embeddable":true,"href":"https:\/\/todoenseguridad.com\/site\/wp-json\/wp\/v2\/product_brand?post=12792"},{"taxonomy":"product_cat","embeddable":true,"href":"https:\/\/todoenseguridad.com\/site\/wp-json\/wp\/v2\/product_cat?post=12792"},{"taxonomy":"product_tag","embeddable":true,"href":"https:\/\/todoenseguridad.com\/site\/wp-json\/wp\/v2\/product_tag?post=12792"},{"taxonomy":"berocket_brand","embeddable":true,"href":"https:\/\/todoenseguridad.com\/site\/wp-json\/wp\/v2\/berocket_brand?post=12792"}],"curies":[{"name":"wp","href":"https:\/\/api.w.org\/{rel}","templated":true}]}}