{"id":12784,"date":"2024-10-18T14:57:12","date_gmt":"2024-10-18T19:57:12","guid":{"rendered":"https:\/\/todoenseguridad.com\/site\/?post_type=product&#038;p=12784"},"modified":"2026-03-23T11:56:15","modified_gmt":"2026-03-23T16:56:15","slug":"ib9383-hv-vivotek-camara-ip-bullet-exterior-5-mp-microfono-integrado-ip66-ik10","status":"publish","type":"product","link":"https:\/\/todoenseguridad.com\/site\/producto\/ib9383-hv-vivotek-camara-ip-bullet-exterior-5-mp-microfono-integrado-ip66-ik10\/","title":{"rendered":"IB9383-HV VIVOTEK Camara IP bullet exterior 5 MP\/ Microfono Integrado\/ IP66\/ IK10"},"content":{"rendered":"<h2 id=\\\"title\\\"><span style=\\\"color: #0000ff\\\">IB9383-HV VIVOTEK Camara IP bullet exterior 5 MP, Smart IR 30mts , WDR Pro, Lente Fijo 3.6 mm , Smart VCA, Deep Search, Microfono Integrado, Protecci\u00f3n IP66, IK10, SNV, Ciberseguridad Trend Micro, NDAA, ONVIF<\/span><\/h2>\n<h3 class=\\\"card-title text-center\\\"><span style=\\\"color: #000000\\\">Informaci\u00f3n General.<\/span><\/h3>\n<p class=\\\"ql-align-justify\\\"><span style=\\\"color: #000000\\\">Es una c\u00e1mara IP bullet para exteriores de 5 MP, ideal para vigilancia en condiciones exigentes. Sirve para capturar im\u00e1genes claras con un lente fijo de 3.6 mm y WDR Pro para manejar variaciones de luz. Beneficios: visi\u00f3n nocturna con Smart IR de 30 metros, an\u00e1lisis avanzado de video (Smart VCA), b\u00fasqueda inteligente (Deep Search), micr\u00f3fono integrado para capturar audio, protecci\u00f3n IP66 e IK10 contra clima y vandalismo, excelente rendimiento en baja luz con SNV, ciberseguridad de Trend Micro, y cumplimiento con est\u00e1ndares NDAA y ONVIF. Ideal para seguridad exterior con audio<\/span><\/p>\n<h3><span style=\\\"color: #000000\\\">Principales caracter\u00edsticas<\/span><\/h3>\n<ul>\n<li><span style=\\\"color: #000000\\\">30 fps a 2560 x 1920<\/span><\/li>\n<li><span style=\\\"color: #000000\\\">Tecnolog\u00eda de compresi\u00f3n H.265 con Smart Stream III<\/span><\/li>\n<li><span style=\\\"color: #000000\\\">SNV (Visibilidad nocturna suprema) para condiciones de poca luz<\/span><\/li>\n<li><span style=\\\"color: #000000\\\">WDR Pro para una visibilidad inigualable en entornos extremadamente brillantes y oscuros<\/span><\/li>\n<li><span style=\\\"color: #000000\\\">30M IR inteligente III<\/span><\/li>\n<li><span style=\\\"color: #000000\\\">Firmware firmado y arranque seguro<\/span><\/li>\n<li><span style=\\\"color: #000000\\\">Detecci\u00f3n de movimiento inteligente<\/span><\/li>\n<li><span style=\\\"color: #000000\\\">Seguridad de IoT de Trend Micro<\/span><\/li>\n<li><span style=\\\"color: #000000\\\">An\u00e1lisis de objetos de visi\u00f3n y VCA inteligente<\/span><\/li>\n<\/ul>\n<h3><span style=\\\"color: #000000\\\">Especificaciones t\u00e9cnicas.<\/span><\/h3>\n<ul>\n<li><span style=\\\"color: #000000\\\"><strong>Resoluci\u00f3n:<\/strong> 5 MP<\/span><\/li>\n<li><span style=\\\"color: #000000\\\"><strong>Tipo:<\/strong> C\u00e1mara IP bullet para exterior<\/span><\/li>\n<li><span style=\\\"color: #000000\\\"><strong>Lente:<\/strong> Fijo de 3.6 mm<\/span><\/li>\n<li><span style=\\\"color: #000000\\\"><strong>Iluminaci\u00f3n Infrarroja (IR):<\/strong> Alcance de 30 metros con tecnolog\u00eda Smart IR<\/span><\/li>\n<li><span style=\\\"color: #000000\\\"><strong>Tecnolog\u00eda WDR Pro:<\/strong> Mejora el rango din\u00e1mico en condiciones de iluminaci\u00f3n dif\u00edciles<\/span><\/li>\n<li><span style=\\\"color: #000000\\\"><strong>Funciones Inteligentes:<\/strong> Smart VCA (an\u00e1lisis de contenido de video), Deep Search<\/span><\/li>\n<li><span style=\\\"color: #000000\\\"><strong>Micr\u00f3fono Integrado:<\/strong> S\u00ed, para captaci\u00f3n de audio ambiental<\/span><\/li>\n<li><span style=\\\"color: #000000\\\"><strong>Visi\u00f3n Nocturna:<\/strong> SNV (Supreme Night Visibility) para mejor rendimiento en baja iluminaci\u00f3n<\/span><\/li>\n<li><span style=\\\"color: #000000\\\"><strong>Ciberseguridad:<\/strong> Integraci\u00f3n con Trend Micro para protecci\u00f3n avanzada<\/span><\/li>\n<li><span style=\\\"color: #000000\\\"><strong>Protecci\u00f3n:<\/strong> IP66 (resistente al agua y polvo), IK10 (resistente a impactos)<\/span><\/li>\n<li><span style=\\\"color: #000000\\\"><strong>Cumplimiento Normativo:<\/strong> Compatible con NDAA y ONVIF<\/span><\/li>\n<\/ul>\n<h3><span style=\\\"color: #000000\\\">Incluye<\/span><\/h3>\n<ul>\n<li><span style=\\\"color: #000000\\\">C\u00e1mara IP Bullet IB9383-HV<\/span><\/li>\n<li><span style=\\\"color: #000000\\\">Manual de usuario<\/span><\/li>\n<li><span style=\\\"color: #000000\\\">Kit de montaje<\/span><\/li>\n<li><span style=\\\"color: #000000\\\">Cubierta o carcasa<\/span><\/li>\n<li><span style=\\\"color: #000000\\\">Etiqueta de garant\u00eda<\/span><\/li>\n<\/ul>\n<h3><span style=\\\"color: #000000\\\">Claridad de la luz del d\u00eda<\/span><\/h3>\n<p class=\\\"ql-align-justify\\\"><span style=\\\"color: #000000\\\">Impresionantes im\u00e1genes diurnas con colores vibrantes y exposici\u00f3n equilibrada. La serie 83 ofrece im\u00e1genes n\u00edtidas y claras que capturan cada detalle con gran precisi\u00f3n, lo que garantiza un rendimiento de vigilancia \u00f3ptimo en cualquier condici\u00f3n de iluminaci\u00f3n<\/span><\/p>\n<h3><span style=\\\"color: #000000\\\">Mayor visibilidad en condiciones de iluminaci\u00f3n intensa<\/span><\/h3>\n<p class=\\\"ql-align-justify\\\"><span style=\\\"color: #000000\\\">Calidad de imagen superior con tecnolog\u00eda WDR. Incluso en situaciones dif\u00edciles como un entorno de oficina con la luz del sol entrando por la ventana, la serie 83 mantiene una visibilidad clara, minimizando el deslumbramiento y las sombras para lograr un mayor nivel de detalle y precisi\u00f3n en las im\u00e1genes de vigilancia<\/span><\/p>\n<h3><span style=\\\"color: #000000\\\">Visi\u00f3n nocturna<\/span><\/h3>\n<p class=\\\"ql-align-justify\\\"><span style=\\\"color: #000000\\\">Rendimiento excepcional de color con poca luz con im\u00e1genes m\u00e1s n\u00edtidas y sin sobreexposiciones alrededor de fuentes de luz. La serie 83 garantiza una exposici\u00f3n equilibrada entre las regiones oscuras y brillantes, lo que permite obtener im\u00e1genes bien expuestas y con iluminaci\u00f3n uniforme con un contraste equilibrado. Disfrute de im\u00e1genes claras y visibles, incluso en pantallas con retroiluminaci\u00f3n LED, para una mayor eficacia de vigilancia.<\/span><\/p>\n<h3><span style=\\\"color: #000000\\\">Potencia de la IA<\/span><\/h3>\n<p class=\\\"ql-align-justify\\\"><span style=\\\"color: #000000\\\">Funciones de inteligencia artificial l\u00edderes en su clase en nuestra serie de nivel de entrada, que le brindan capacidades avanzadas de an\u00e1lisis y an\u00e1lisis de objetos de visi\u00f3n para soluciones de seguridad inigualables.<\/span><\/p>\n<p class=\\\"ql-align-justify\\\"><span style=\\\"color: #000000\\\">Mejore la eficiencia de su investigaci\u00f3n con datos potentes revelados por la serie 83, que identifica personas y veh\u00edculos por sus atributos distintivos, como color, g\u00e9nero y tipo. Simplifique las b\u00fasquedas y minimice los resultados redundantes con un rastreo preciso de objetos<\/span><\/p>\n<h3><span style=\\\"color: #000000\\\">Rendimiento de detecci\u00f3n de objetos<\/span><\/h3>\n<p class=\\\"ql-align-justify\\\"><span style=\\\"color: #000000\\\">El procesador de IA l\u00edder en su clase administra sin esfuerzo m\u00e1s de 25 objetos de detecci\u00f3n para an\u00e1lisis de IA avanzados<\/span><\/p>\n<h3><span style=\\\"color: #000000\\\">Smart VCA: an\u00e1lisis de video con tecnolog\u00eda de inteligencia artificial en Edge<\/span><\/h3>\n<p class=\\\"ql-align-justify\\\"><span style=\\\"color: #000000\\\">Permite a la serie 83 recopilar datos de reconocimiento de escenas m\u00e1s valiosos que la detecci\u00f3n de movimiento de video basada en la diferencia de cuadros tradicional. Al funcionar como aplicaciones basadas en el borde, Smart VCA tambi\u00e9n minimiza el uso de ancho de banda y almacenamiento. Smart VCA est\u00e1 dise\u00f1ado para mejorar la eficiencia y reducir las cargas de trabajo de los operadores.<\/span><\/p>\n<h3><span style=\\\"color: #000000\\\">An\u00e1lisis de objetos de visi\u00f3n: una soluci\u00f3n basada en inteligencia artificial<\/span><\/h3>\n<p class=\\\"ql-align-justify\\\"><span style=\\\"color: #000000\\\">Si bien la adopci\u00f3n de IA ha presentado desaf\u00edos en la instalaci\u00f3n y configuraci\u00f3n para muchos, la serie 83 con an\u00e1lisis de objetos de visi\u00f3n VIVOTEK revoluciona el proceso, simplificando el juicio del usuario a trav\u00e9s de una investigaci\u00f3n automatizada.<\/span><\/p>\n<h3><span style=\\\"color: #000000\\\">IP66 + IK10<\/span><\/h3>\n<p class=\\\"ql-align-justify\\\"><span style=\\\"color: #000000\\\">Resistente a la intemperie y al vandalismo, lo que garantiza su durabilidad incluso en condiciones exteriores adversas. Dise\u00f1ado para soportar elementos clim\u00e1ticos extremos y proteger contra el vandalismo, lo que proporciona seguridad confiable en cualquier entorno<\/span><\/p>\n","protected":false},"excerpt":{"rendered":"<p>IB9383-HV VIVOTEK Camara IP bullet exterior 5 MP, Smart IR 30mts , WDR Pro, Lente Fijo 3.6 mm , Smart VCA, Deep Search, Microfono Integrado, Protecci\u00f3n IP66, IK10, SNV, Ciberseguridad Trend Micro, NDAA, ONVIF Informaci\u00f3n General. Es una c\u00e1mara IP bullet para exteriores de 5 MP, ideal para vigilancia en condiciones exigentes. Sirve para capturar [&hellip;]<\/p>\n","protected":false},"featured_media":12785,"template":"","meta":{"_acf_changed":false},"product_brand":[],"product_cat":[52,51,226],"product_tag":[],"berocket_brand":[],"class_list":{"0":"post-12784","1":"product","2":"type-product","3":"status-publish","4":"has-post-thumbnail","6":"product_cat-bullet","7":"product_cat-camaras-i-p","8":"product_cat-camaras-de-seguridad-cctv-videovigilancia-hd","10":"first","11":"instock","12":"taxable","13":"shipping-taxable","14":"purchasable","15":"product-type-simple","16":"berocket_lgv_grid","17":"berocket_lgv_list_grid"},"acf":[],"aioseo_notices":[],"_links":{"self":[{"href":"https:\/\/todoenseguridad.com\/site\/wp-json\/wp\/v2\/product\/12784","targetHints":{"allow":["GET"]}}],"collection":[{"href":"https:\/\/todoenseguridad.com\/site\/wp-json\/wp\/v2\/product"}],"about":[{"href":"https:\/\/todoenseguridad.com\/site\/wp-json\/wp\/v2\/types\/product"}],"wp:featuredmedia":[{"embeddable":true,"href":"https:\/\/todoenseguridad.com\/site\/wp-json\/wp\/v2\/media\/12785"}],"wp:attachment":[{"href":"https:\/\/todoenseguridad.com\/site\/wp-json\/wp\/v2\/media?parent=12784"}],"wp:term":[{"taxonomy":"product_brand","embeddable":true,"href":"https:\/\/todoenseguridad.com\/site\/wp-json\/wp\/v2\/product_brand?post=12784"},{"taxonomy":"product_cat","embeddable":true,"href":"https:\/\/todoenseguridad.com\/site\/wp-json\/wp\/v2\/product_cat?post=12784"},{"taxonomy":"product_tag","embeddable":true,"href":"https:\/\/todoenseguridad.com\/site\/wp-json\/wp\/v2\/product_tag?post=12784"},{"taxonomy":"berocket_brand","embeddable":true,"href":"https:\/\/todoenseguridad.com\/site\/wp-json\/wp\/v2\/berocket_brand?post=12784"}],"curies":[{"name":"wp","href":"https:\/\/api.w.org\/{rel}","templated":true}]}}