{"id":12771,"date":"2024-10-18T12:11:42","date_gmt":"2024-10-18T17:11:42","guid":{"rendered":"https:\/\/todoenseguridad.com\/site\/?post_type=product&#038;p=12771"},"modified":"2026-03-23T11:59:36","modified_gmt":"2026-03-23T16:59:36","slug":"dh-ipc-hfw5541ep-ase-0280b-s3-dahua-camara-bullet-de-5-mp-ranura-para-micro-sd-mic-incorporado","status":"publish","type":"product","link":"https:\/\/todoenseguridad.com\/site\/producto\/dh-ipc-hfw5541ep-ase-0280b-s3-dahua-camara-bullet-de-5-mp-ranura-para-micro-sd-mic-incorporado\/","title":{"rendered":"DH-IPC-HFW5541EP-ASE-0280B-S3 DAHUA C\u00e1mara Bullet de 5 MP\/ Ranura para micro SD\/ MIC incorporado\/"},"content":{"rendered":"<h2 id=\\\"title\\\"><span style=\\\"color: #0000ff\\\">DH-IPC-HFW5541EP-ASE-0280B-S3 <\/span><span style=\\\"color: #0000ff\\\">DAHUA <\/span><span style=\\\"color: #0000ff\\\">C\u00e1mara Bullet de 5 MP\/ WizMind\/ Lente 2.8\/ LED IR de 50 m\/ metadatos de video\/ E&amp;S de alarma y audio\/ Ranura para micro SD\/ MIC incorporado\/Protecci\u00f3n Perimetral\/ Conteo de Personas\/ ePoE\/ IP67\/ SMD 3.0\/ AcuPick<\/span><\/h2>\n<h3 class=\\\"card-title text-center\\\"><span style=\\\"color: #000000\\\">Informaci\u00f3n general<\/span><\/h3>\n<p><span style=\\\"color: #000000\\\">Impulsada por algoritmos de aprendizaje profundo, la c\u00e1mara de red Dahua WizMind S Series ofrece una variedad de funciones inteligentes que mejoran en gran medida la precisi\u00f3n del an\u00e1lisis de audio y video. Admite metadatos de video, detecci\u00f3n de sonido inteligente, detecci\u00f3n de rostros, protecci\u00f3n perimetral, conteo de personas y m\u00e1s. La c\u00e1mara tambi\u00e9n adopta la tecnolog\u00eda avanzada de procesamiento de im\u00e1genes AI-Powered Image y tiene el efecto de visi\u00f3n nocturna Deeplight. La c\u00e1mara es a prueba de polvo, agua y vandalismo, y est\u00e1 certificada como IP67 e IK10 (el tipo de protecci\u00f3n var\u00eda seg\u00fan el modelo).\u00a0<\/span><\/p>\n<h3><span style=\\\"color: #000000\\\">Protecci\u00f3n (IP67, amplio voltaje)<\/span><\/h3>\n<p class=\\\"ql-align-justify\\\"><span style=\\\"color: #000000\\\">IP67: la c\u00e1mara pasa una serie de pruebas estrictas sobre polvo y remojo. Tiene una funci\u00f3n a prueba de polvo y la carcasa puede funcionar normalmente despu\u00e9s de sumergirse en agua a 1 m de profundidad durante 30 minutos.<\/span><\/p>\n<p class=\\\"ql-align-justify\\\"><span style=\\\"color: #000000\\\">Amplio voltaje: la c\u00e1mara permite una tolerancia de voltaje de entrada de \u00b130 % (para algunas fuentes de alimentaci\u00f3n) (amplio rango de voltaje) y se aplica ampliamente en ambientes exteriores con voltaje inestable<\/span><\/p>\n<h3><span style=\\\"color: #000000\\\">Protecci\u00f3n Perimetral<\/span><\/h3>\n<p class=\\\"ql-align-justify\\\"><span style=\\\"color: #000000\\\">Con un algoritmo de aprendizaje profundo, la tecnolog\u00eda de protecci\u00f3n perimetral de Dahua puede reconocer a humanos y veh\u00edculos con precisi\u00f3n. En \u00e1reas restringidas (como \u00e1reas para peatones y \u00e1reas para veh\u00edculos), las falsas alarmas de detecci\u00f3n inteligente basadas en el tipo de objetivo (como cable trampa, intrusi\u00f3n, movimiento r\u00e1pido, detecci\u00f3n de estacionamiento, detecci\u00f3n de merodeo y detecci\u00f3n de reuni\u00f3n) se reducen en gran medida<\/span><\/p>\n<h3><span style=\\\"color: #000000\\\">Detecci\u00f3n de rostro<\/span><\/h3>\n<p class=\\\"ql-align-justify\\\"><span style=\\\"color: #000000\\\">La tecnolog\u00eda de detecci\u00f3n de rostros de Dahua puede detectar el rostro en la imagen. Con un algoritmo de aprendizaje profundo, la tecnolog\u00eda admite la detecci\u00f3n, el seguimiento, la captura y la selecci\u00f3n de la mejor imagen del rostro, y luego genera una instant\u00e1nea del rostro<\/span><\/p>\n<h3><span style=\\\"color: #000000\\\">Conteo de personas<\/span><\/h3>\n<p class=\\\"ql-align-justify\\\"><span style=\\\"color: #000000\\\">Con un algoritmo de aprendizaje profundo, la tecnolog\u00eda de conteo de personas de Dahua puede rastrear y procesar objetivos del cuerpo humano en movimiento para realizar estad\u00edsticas precisas de n\u00famero de entrada, n\u00famero de salida y n\u00famero de \u00e1rea. Trabajando con la plataforma de Funciones gesti\u00f3n, genera informes para cumplir con sus requisitos<\/span><\/p>\n<h3><span style=\\\"color: #000000\\\">Caracter\u00edsticas Principales<\/span><\/h3>\n<ul>\n<li><span style=\\\"color: #000000\\\">Sensor de imagen CMOS de 5 MP 1\/2,7\\\u00bb, baja luminancia e imagen de alta definici\u00f3n.<\/span><\/li>\n<li><span style=\\\"color: #000000\\\">Salidas m\u00e1x. 5 MP (2960 \u00d7 1668) a 25\/30 fps.<\/span><\/li>\n<li><span style=\\\"color: #000000\\\">LED IR incorporado y el m\u00e1x. la distancia de iluminaci\u00f3n es de 50 m.<\/span><\/li>\n<li><span style=\\\"color: #000000\\\">ROI, SVC, SMART H.264+\/H.265+, AI H.264\/H.265, codificaci\u00f3n despu\u00e9s del filtro, codificaci\u00f3n flexible, aplicable a varios entornos de almacenamiento y ancho de banda.<\/span><\/li>\n<li><span style=\\\"color: #000000\\\">Modo de rotaci\u00f3n, WDR, 3D NR, HLC, BLC, marca de agua digital, aplicable a varias escenas de monitoreo.<\/span><\/li>\n<li><span style=\\\"color: #000000\\\">Con un algoritmo de aprendizaje profundo, admite: metadatos de video, detecci\u00f3n de sonido inteligente, IVS, detecci\u00f3n de rostros, detecci\u00f3n de objetos inteligentes y conteo de personas, etc<\/span><\/li>\n<\/ul>\n<h3><span style=\\\"color: #000000\\\">Especificaciones T\u00e9cnicas<\/span><\/h3>\n<ul>\n<li><span style=\\\"color: #000000\\\">Sensor de la imagen: CMOS de 1\/2,7\\\u00bb<\/span><\/li>\n<li><span style=\\\"color: #000000\\\">M\u00e1x. Resoluci\u00f3n: 2960(H) x 1668 (v)<\/span><\/li>\n<li><span style=\\\"color: #000000\\\">ROM: 4GB<\/span><\/li>\n<li><span style=\\\"color: #000000\\\">RAM: 1GB<\/span><\/li>\n<li><span style=\\\"color: #000000\\\">Sistema de escaneo: Progresivo<\/span><\/li>\n<li><span style=\\\"color: #000000\\\">Velocidad de obturaci\u00f3n electr\u00f3nica: Automatico\/manual 1\/3 s-1\/100000s<\/span><\/li>\n<\/ul>\n","protected":false},"excerpt":{"rendered":"<p>DH-IPC-HFW5541EP-ASE-0280B-S3 DAHUA C\u00e1mara Bullet de 5 MP\/ WizMind\/ Lente 2.8\/ LED IR de 50 m\/ metadatos de video\/ E&amp;S de alarma y audio\/ Ranura para micro SD\/ MIC incorporado\/Protecci\u00f3n Perimetral\/ Conteo de Personas\/ ePoE\/ IP67\/ SMD 3.0\/ AcuPick Informaci\u00f3n general Impulsada por algoritmos de aprendizaje profundo, la c\u00e1mara de red Dahua WizMind S Series ofrece [&hellip;]<\/p>\n","protected":false},"featured_media":12772,"template":"","meta":{"_acf_changed":false},"product_brand":[],"product_cat":[52,51,226],"product_tag":[],"berocket_brand":[],"class_list":{"0":"post-12771","1":"product","2":"type-product","3":"status-publish","4":"has-post-thumbnail","6":"product_cat-bullet","7":"product_cat-camaras-i-p","8":"product_cat-camaras-de-seguridad-cctv-videovigilancia-hd","10":"first","11":"instock","12":"taxable","13":"shipping-taxable","14":"purchasable","15":"product-type-simple","16":"berocket_lgv_grid","17":"berocket_lgv_list_grid"},"acf":[],"aioseo_notices":[],"_links":{"self":[{"href":"https:\/\/todoenseguridad.com\/site\/wp-json\/wp\/v2\/product\/12771","targetHints":{"allow":["GET"]}}],"collection":[{"href":"https:\/\/todoenseguridad.com\/site\/wp-json\/wp\/v2\/product"}],"about":[{"href":"https:\/\/todoenseguridad.com\/site\/wp-json\/wp\/v2\/types\/product"}],"wp:featuredmedia":[{"embeddable":true,"href":"https:\/\/todoenseguridad.com\/site\/wp-json\/wp\/v2\/media\/12772"}],"wp:attachment":[{"href":"https:\/\/todoenseguridad.com\/site\/wp-json\/wp\/v2\/media?parent=12771"}],"wp:term":[{"taxonomy":"product_brand","embeddable":true,"href":"https:\/\/todoenseguridad.com\/site\/wp-json\/wp\/v2\/product_brand?post=12771"},{"taxonomy":"product_cat","embeddable":true,"href":"https:\/\/todoenseguridad.com\/site\/wp-json\/wp\/v2\/product_cat?post=12771"},{"taxonomy":"product_tag","embeddable":true,"href":"https:\/\/todoenseguridad.com\/site\/wp-json\/wp\/v2\/product_tag?post=12771"},{"taxonomy":"berocket_brand","embeddable":true,"href":"https:\/\/todoenseguridad.com\/site\/wp-json\/wp\/v2\/berocket_brand?post=12771"}],"curies":[{"name":"wp","href":"https:\/\/api.w.org\/{rel}","templated":true}]}}