{"id":12763,"date":"2024-10-18T11:38:53","date_gmt":"2024-10-18T16:38:53","guid":{"rendered":"https:\/\/todoenseguridad.com\/site\/?post_type=product&#038;p=12763"},"modified":"2026-03-30T15:36:35","modified_gmt":"2026-03-30T20:36:35","slug":"ipc-b1e40-dahua-camara-ip-bullet-de-4mp-90-grados-de-apertura-poe-h-265-ip67","status":"publish","type":"product","link":"https:\/\/todoenseguridad.com\/site\/producto\/ipc-b1e40-dahua-camara-ip-bullet-de-4mp-90-grados-de-apertura-poe-h-265-ip67\/","title":{"rendered":"IPC-B1E40 DAHUA C\u00e1mara IP Bullet de 4MP\/ 90 Grados de Apertura\/ PoE\/ H.265+\/ IP67"},"content":{"rendered":"<h2 id=\\\"title\\\"><span style=\\\"color: #0000ff\\\">IPC-B1E40 <\/span><span style=\\\"color: #0000ff\\\">DAHUA <\/span><span style=\\\"color: #0000ff\\\">C\u00e1mara IP Bullet de 4MP\/ Lente de 2.8mm\/ 90 Grados de Apertura\/ IR de 30 Mts\/ PoE\/ 30 FPS\/ H.265+\/ DWDR\/ IP67<\/span><\/h2>\n<h3><span style=\\\"color: #000000\\\">Caracter\u00edsticas Principales<\/span><\/h3>\n<ul>\n<li class=\\\"ql-align-justify\\\"><span style=\\\"color: #000000\\\"><strong>Sensor de imagen<\/strong>: CMOS de 4 MP (1\/3\\\u00bb) con excelente rendimiento en baja luminosidad y alta definici\u00f3n.<\/span><\/li>\n<li class=\\\"ql-align-justify\\\"><span style=\\\"color: #000000\\\"><strong>Resoluci\u00f3n m\u00e1xima<\/strong>: 4 MP (2560 \u00d7 1440) a 30 fps.<\/span><\/li>\n<li class=\\\"ql-align-justify\\\"><span style=\\\"color: #000000\\\"><strong>C\u00f3dec<\/strong>: H.265 para alta compresi\u00f3n y baja tasa de bits.<\/span><\/li>\n<li class=\\\"ql-align-justify\\\"><span style=\\\"color: #000000\\\"><strong>Iluminaci\u00f3n IR<\/strong>: LED IR incorporado con un alcance m\u00e1ximo de 30 m.<\/span><\/li>\n<li class=\\\"ql-align-justify\\\"><span style=\\\"color: #000000\\\"><strong>Funciones avanzadas<\/strong>: DWDR, 3D NR, HLC, BLC.<\/span><\/li>\n<li class=\\\"ql-align-justify\\\"><span style=\\\"color: #000000\\\"><strong>Codificaci\u00f3n flexible<\/strong>: ROI, SMART H.264+\/H.265+, adaptables a diferentes entornos de ancho de banda y almacenamiento.<\/span><\/li>\n<\/ul>\n<h3><span style=\\\"color: #000000\\\">Especificaciones T\u00e9cnicas<\/span><\/h3>\n<ul>\n<li class=\\\"ql-align-justify\\\"><span style=\\\"color: #000000\\\"><strong>Alimentaci\u00f3n<\/strong>: Compatible con 12 VDC y PoE.<\/span><\/li>\n<li class=\\\"ql-align-justify\\\"><span style=\\\"color: #000000\\\"><strong>Protecci\u00f3n<\/strong>: IP67, resistente al agua y al polvo.<\/span><\/li>\n<li class=\\\"ql-align-justify\\\"><span style=\\\"color: #000000\\\"><strong>Rango de temperatura<\/strong>: -40\u00b0C a +50\u00b0C (-40\u00b0F a +122\u00b0F).<\/span><\/li>\n<li class=\\\"ql-align-justify\\\"><span style=\\\"color: #000000\\\"><strong>Dimensiones<\/strong>: 198.9 mm \u00d7 80.2 mm \u00d7 76.2 mm.<\/span><\/li>\n<li class=\\\"ql-align-justify\\\"><span style=\\\"color: #000000\\\"><strong>Peso<\/strong>: 0.25 kg.<\/span><\/li>\n<li class=\\\"ql-align-justify\\\"><span style=\\\"color: #000000\\\"><strong>Lente:<\/strong> 2.8mm<\/span><\/li>\n<\/ul>\n","protected":false},"excerpt":{"rendered":"<p>IPC-B1E40 DAHUA C\u00e1mara IP Bullet de 4MP\/ Lente de 2.8mm\/ 90 Grados de Apertura\/ IR de 30 Mts\/ PoE\/ 30 FPS\/ H.265+\/ DWDR\/ IP67 Caracter\u00edsticas Principales Sensor de imagen: CMOS de 4 MP (1\/3\\\u00bb) con excelente rendimiento en baja luminosidad y alta definici\u00f3n. Resoluci\u00f3n m\u00e1xima: 4 MP (2560 \u00d7 1440) a 30 fps. C\u00f3dec: H.265 [&hellip;]<\/p>\n","protected":false},"featured_media":12764,"template":"","meta":{"_acf_changed":false},"product_brand":[],"product_cat":[52,51,226],"product_tag":[],"berocket_brand":[],"class_list":{"0":"post-12763","1":"product","2":"type-product","3":"status-publish","4":"has-post-thumbnail","6":"product_cat-bullet","7":"product_cat-camaras-i-p","8":"product_cat-camaras-de-seguridad-cctv-videovigilancia-hd","10":"first","11":"instock","12":"taxable","13":"shipping-taxable","14":"purchasable","15":"product-type-simple","16":"berocket_lgv_grid","17":"berocket_lgv_list_grid"},"acf":[],"aioseo_notices":[],"_links":{"self":[{"href":"https:\/\/todoenseguridad.com\/site\/wp-json\/wp\/v2\/product\/12763","targetHints":{"allow":["GET"]}}],"collection":[{"href":"https:\/\/todoenseguridad.com\/site\/wp-json\/wp\/v2\/product"}],"about":[{"href":"https:\/\/todoenseguridad.com\/site\/wp-json\/wp\/v2\/types\/product"}],"wp:featuredmedia":[{"embeddable":true,"href":"https:\/\/todoenseguridad.com\/site\/wp-json\/wp\/v2\/media\/12764"}],"wp:attachment":[{"href":"https:\/\/todoenseguridad.com\/site\/wp-json\/wp\/v2\/media?parent=12763"}],"wp:term":[{"taxonomy":"product_brand","embeddable":true,"href":"https:\/\/todoenseguridad.com\/site\/wp-json\/wp\/v2\/product_brand?post=12763"},{"taxonomy":"product_cat","embeddable":true,"href":"https:\/\/todoenseguridad.com\/site\/wp-json\/wp\/v2\/product_cat?post=12763"},{"taxonomy":"product_tag","embeddable":true,"href":"https:\/\/todoenseguridad.com\/site\/wp-json\/wp\/v2\/product_tag?post=12763"},{"taxonomy":"berocket_brand","embeddable":true,"href":"https:\/\/todoenseguridad.com\/site\/wp-json\/wp\/v2\/berocket_brand?post=12763"}],"curies":[{"name":"wp","href":"https:\/\/api.w.org\/{rel}","templated":true}]}}