{"id":12760,"date":"2024-10-15T18:01:40","date_gmt":"2024-10-15T23:01:40","guid":{"rendered":"https:\/\/todoenseguridad.com\/site\/?post_type=product&#038;p=12760"},"modified":"2026-03-23T12:01:41","modified_gmt":"2026-03-23T17:01:41","slug":"kit-xvr1b04-i-ssd512g4hfw-il-a-dahua-kit-iluminacion-dual-de-4-canales","status":"publish","type":"product","link":"https:\/\/todoenseguridad.com\/site\/producto\/kit-xvr1b04-i-ssd512g4hfw-il-a-dahua-kit-iluminacion-dual-de-4-canales\/","title":{"rendered":"KIT\/XVR1B04-I-SSD512G4HFW-IL-A DAHUA Kit Iluminaci\u00f3n Dual de 4 Canales"},"content":{"rendered":"<h2 id=\\\"title\\\"><span style=\\\"color: #0000ff\\\">KIT\/XVR1B04-I-SSD512G4HFW-IL-A <\/span><span style=\\\"color: #0000ff\\\">DAHUA <\/span><span style=\\\"color: #0000ff\\\">Kit Iluminaci\u00f3n Dual de 4 Canales con SSD de 512GB\/ 4 Camaras IL de 2 MP con Microfono\/ DVR Cooper-I WizSense\/ Con IA\/ 4 Ch+1 IP\/ Accesorios Incluidos<\/span><\/h2>\n<h3 class=\\\"card-title text-center\\\"><span style=\\\"color: #000000\\\">Informaci\u00f3n General<\/span><\/h3>\n<p class=\\\"card-title text-center\\\"><span style=\\\"color: #000000\\\">\u00a0WizSense es una serie de productos y soluciones de IA y soluciones que adoptan un chip de IA independiente y un algoritmo de aprendizaje profundo. Se centra en humanos y veh\u00edculos con gran precisi\u00f3n, permitiendo a los usuarios actuar r\u00e1pidamente sobre objetivos definidos. Basado en las tecnolog\u00edas avanzadas de Dahua, WizSense proporciona productos y sencillos e inclusivos.<\/span><\/p>\n<h3><span style=\\\"color: #000000\\\">Caracter\u00edsticas Principales<\/span><\/h3>\n<ul>\n<li><span style=\\\"color: #000000\\\">Resoluci\u00f3n HD:\u00a0C\u00e1mara Bullet HDCVI inteligente de doble luz y focal fija 2 MP para im\u00e1genes claras en cualquier condici\u00f3n de luz.<\/span><\/li>\n<li><span style=\\\"color: #000000\\\">Grabaci\u00f3n Inteligente:\u00a0SMD Plus filtra falsas alarmas y detecta personas y veh\u00edculos con precisi\u00f3n.<\/span><\/li>\n<li><span style=\\\"color: #000000\\\">Almacenamiento Eficiente:\u00a0Incluye un SSD de 512 GB para grabaciones r\u00e1pidas y confiables.<\/span><\/li>\n<li><span style=\\\"color: #000000\\\">Capacidad de Expansi\u00f3n:\u00a0Soporta 4 canales anal\u00f3gicos y 1 canal IP adicional.<\/span><\/li>\n<li><span style=\\\"color: #000000\\\">Compresi\u00f3n Eficiente:\u00a0Compresi\u00f3n de video H.265+ \/ H.265 para menor uso de ancho de banda y almacenamiento.<\/span><\/li>\n<li><span style=\\\"color: #000000\\\">Compatibilidad Multiformato:\u00a0Admite HDCVI, AHD, TVI, CVBS e IP.<\/span><\/li>\n<li><span style=\\\"color: #000000\\\">Expansi\u00f3n IP:\u00a0Soporta hasta 5 c\u00e1maras IP de 2MP cada una, con un ancho de banda m\u00e1ximo de 20 Mbps<\/span><\/li>\n<\/ul>\n<h3><span style=\\\"color: #000000\\\">Camara 2mp HAC-HFW1200CL-IL-A<\/span><\/h3>\n<p><span style=\\\"color: #000000\\\">* Para utilizar la c\u00e1mara HDCVI Smart Dual Light, el firmware del XVR debe actualizarse a la versi\u00f3n V4.001.0000004.1.R.220323 o posterior.<\/span><\/p>\n<ul>\n<li><span style=\\\"color: #000000\\\">M\u00e1x. 30 fps@1080p.<\/span><\/li>\n<li><span style=\\\"color: #000000\\\">3D NR.<\/span><\/li>\n<li><span style=\\\"color: #000000\\\">Smart Dual Light.<\/span><\/li>\n<li><span style=\\\"color: #000000\\\">20 m de distancia de iluminaci\u00f3n.<\/span><\/li>\n<li><span style=\\\"color: #000000\\\">Super Adapt.<\/span><\/li>\n<li><span style=\\\"color: #000000\\\">Micr\u00f3fono incorporado.<\/span><\/li>\n<li><span style=\\\"color: #000000\\\">Lente fija de 3,6 mm (2,8 mm opcional).<\/span><\/li>\n<li><span style=\\\"color: #000000\\\">CVI\/CVBS\/AHD\/TVI conmutable.<\/span><\/li>\n<li><span style=\\\"color: #000000\\\">IP67, 12 VDC.<\/span><\/li>\n<\/ul>\n<h3><span style=\\\"color: #000000\\\">XVR 4 Canales XVR1B04-I<\/span><\/h3>\n<p><span style=\\\"color: #000000\\\">La informaci\u00f3n que figura a continuaci\u00f3n s\u00f3lo se aplica a la versi\u00f3n de hardware 2.0 del producto.<\/span><\/p>\n<ul>\n<li><span style=\\\"color: #000000\\\">SMD Plus de 4 canales para canales anal\u00f3gicos que permite al dispositivo activar alarmas precisas para personas y veh\u00edculos.<\/span><\/li>\n<li><span style=\\\"color: #000000\\\">Codificaci\u00f3n AI de 4 canales que ahorra almacenamiento y ancho de banda a la vez que mantiene los detalles de los objetivos en los v\u00eddeos.<\/span><\/li>\n<li><span style=\\\"color: #000000\\\">Admite entradas de v\u00eddeo HDCVI, AHD, TVI, CVBS e IP.<\/span><\/li>\n<li><span style=\\\"color: #000000\\\">Admite entrada de c\u00e1mara IP de hasta 5 canales y cada canal puede ser de hasta 2 MP. El ancho de banda entrante alcanza los 20 Mbps.<\/span><\/li>\n<li><span style=\\\"color: #000000\\\">Compresi\u00f3n de v\u00eddeo H.265+ y H.265 dual-stream inteligente.<\/span><\/li>\n<\/ul>\n<h3><span style=\\\"color: #000000\\\">SSD 512GB<\/span><\/h3>\n<ul>\n<li><span style=\\\"color: #000000\\\">Factor de forma: 2,5 pulgadas<\/span><\/li>\n<li><span style=\\\"color: #000000\\\">Puerto: SATAII 6 Gb\/s<\/span><\/li>\n<li><span style=\\\"color: #000000\\\">Peso neto: M\u00e1ximo 40 g (0,09 libras)<\/span><\/li>\n<li><span style=\\\"color: #000000\\\">Producto Dimensiones: 100,20 mm \u00d7 69,90 mm \u00d7 7,00 mm (3,94\\\u00bb \u00d7 2,75\\\u00bb \u00d7 0,28\\\u00bb)<\/span><\/li>\n<li><span style=\\\"color: #000000\\\">Componente: 3D NAND<\/span><\/li>\n<\/ul>\n","protected":false},"excerpt":{"rendered":"<p>KIT\/XVR1B04-I-SSD512G4HFW-IL-A DAHUA Kit Iluminaci\u00f3n Dual de 4 Canales con SSD de 512GB\/ 4 Camaras IL de 2 MP con Microfono\/ DVR Cooper-I WizSense\/ Con IA\/ 4 Ch+1 IP\/ Accesorios Incluidos Informaci\u00f3n General \u00a0WizSense es una serie de productos y soluciones de IA y soluciones que adoptan un chip de IA independiente y un algoritmo de [&hellip;]<\/p>\n","protected":false},"featured_media":12762,"template":"","meta":{"_acf_changed":false},"product_brand":[],"product_cat":[71,226],"product_tag":[],"berocket_brand":[],"class_list":{"0":"post-12760","1":"product","2":"type-product","3":"status-publish","4":"has-post-thumbnail","6":"product_cat-paquetes-cctv-kit-camaras-de-seguridad","7":"product_cat-camaras-de-seguridad-cctv-videovigilancia-hd","9":"first","10":"instock","11":"taxable","12":"shipping-taxable","13":"purchasable","14":"product-type-simple","15":"berocket_lgv_grid","16":"berocket_lgv_list_grid"},"acf":[],"aioseo_notices":[],"_links":{"self":[{"href":"https:\/\/todoenseguridad.com\/site\/wp-json\/wp\/v2\/product\/12760","targetHints":{"allow":["GET"]}}],"collection":[{"href":"https:\/\/todoenseguridad.com\/site\/wp-json\/wp\/v2\/product"}],"about":[{"href":"https:\/\/todoenseguridad.com\/site\/wp-json\/wp\/v2\/types\/product"}],"wp:featuredmedia":[{"embeddable":true,"href":"https:\/\/todoenseguridad.com\/site\/wp-json\/wp\/v2\/media\/12762"}],"wp:attachment":[{"href":"https:\/\/todoenseguridad.com\/site\/wp-json\/wp\/v2\/media?parent=12760"}],"wp:term":[{"taxonomy":"product_brand","embeddable":true,"href":"https:\/\/todoenseguridad.com\/site\/wp-json\/wp\/v2\/product_brand?post=12760"},{"taxonomy":"product_cat","embeddable":true,"href":"https:\/\/todoenseguridad.com\/site\/wp-json\/wp\/v2\/product_cat?post=12760"},{"taxonomy":"product_tag","embeddable":true,"href":"https:\/\/todoenseguridad.com\/site\/wp-json\/wp\/v2\/product_tag?post=12760"},{"taxonomy":"berocket_brand","embeddable":true,"href":"https:\/\/todoenseguridad.com\/site\/wp-json\/wp\/v2\/berocket_brand?post=12760"}],"curies":[{"name":"wp","href":"https:\/\/api.w.org\/{rel}","templated":true}]}}