{"id":12757,"date":"2024-10-15T16:57:44","date_gmt":"2024-10-15T21:57:44","guid":{"rendered":"https:\/\/todoenseguridad.com\/site\/?post_type=product&#038;p=12757"},"modified":"2026-03-23T12:02:21","modified_gmt":"2026-03-23T17:02:21","slug":"ae-dc2018-k2-hikvision-camara-movil-para-vehiculos-2mp-microfono-y-bocina-integrado","status":"publish","type":"product","link":"https:\/\/todoenseguridad.com\/site\/producto\/ae-dc2018-k2-hikvision-camara-movil-para-vehiculos-2mp-microfono-y-bocina-integrado\/","title":{"rendered":"AE-DC2018-K2 HIKVISION C\u00e1mara M\u00f3vil para Veh\u00edculos 2MP\/ Micr\u00f3fono y Bocina Integrado"},"content":{"rendered":"<div class=\\\"row\\\">\n<h2 id=\\\"product_title_207792\\\" class=\\\"titulo_vp\\\"><span style=\\\"color: #0000ff\\\"><span id=\\\"modelo_c\\\" class=\\\"fw-bold text-azulmarino\\\">AE-DC2018-K2<\/span> HIKVISION C\u00e1mara M\u00f3vil (Dash Cam) para Veh\u00edculos 2MP (1080p) \/ Micr\u00f3fono y Bocina Integrado \/ Wi-Fi \/ Micro SD \/ Conector USB \/ G &#8211; Sensor<\/span><\/h2>\n<p><span style=\\\"color: #000000\\\"><strong>Caracter\u00edsticas principales:<\/strong><\/span><\/p>\n<ul>\n<li><span style=\\\"color: #000000\\\">1080p (1920*1080 = 2MP) de alta resoluci\u00f3n, gran angular 102\u00b0 de visi\u00f3n.<\/span><\/li>\n<li><span style=\\\"color: #000000\\\">La apertura de F 2.0 ofrece una imagen nocturna perfecta.<\/span><\/li>\n<li><span style=\\\"color: #000000\\\">Incluye micr\u00f3fono y altavoz integrados.<\/span><\/li>\n<li><span style=\\\"color: #000000\\\">Compresion H.265<\/span><\/li>\n<li><span style=\\\"color: #000000\\\">Incluye m\u00f3dulo Wi-Fi (genera un AP con la App para revisar grabaciones).\u00a0<\/span><\/li>\n<li><span style=\\\"color: #000000\\\">Incluye m\u00f3dulo G-Sensor incorporado, compatible con el enlace de grabaci\u00f3n de video en caso de un accidente automovil\u00edstico o vibraci\u00f3n fuerte (la grabaci\u00f3n de video del enlace se puede configurar sin sobrescritura).<\/span><\/li>\n<li><span style=\\\"color: #000000\\\">Soporta tarjeta micro SD para grabaci\u00f3n de video, 16 GB hasta 128 GB (compatible con sobrescritura).<\/span><\/li>\n<li><span style=\\\"color: #000000\\\">Aplicaci\u00f3n de tel\u00e9fono: visualizaci\u00f3n en vivo, reproducci\u00f3n de grabaciones y configuraci\u00f3n de par\u00e1metros.\u00a0<\/span><\/li>\n<li><span style=\\\"color: #000000\\\">F\u00e1cil instalaci\u00f3n y f\u00e1cil de usar, plug and play (grabaci\u00f3n autom\u00e1tica despu\u00e9s de encender).<\/span><\/li>\n<li><span style=\\\"color: #000000\\\">Conector mini USB (3.4 metros de longitud) y adaptador para el cenicero (incluido).<\/span><\/li>\n<\/ul>\n<p><span style=\\\"color: #000000\\\"><strong>Caracter\u00edsticas F\u00edsicas y El\u00e9ctricas:<\/strong><\/span><\/p>\n<ul>\n<li><span style=\\\"color: #000000\\\">Puerto USB para alimentaci\u00f3n. (incluye adaptador para encenderor y cable).<\/span><\/li>\n<li><span style=\\\"color: #000000\\\">Temperatura de operaci\u00f3n: -20\u00b0C a 70\u00b0C.<\/span><\/li>\n<li><span style=\\\"color: #000000\\\">Alimentaci\u00f3n: 5 Vcc \/ 1.5 A \/ 3 Watts.<\/span><\/li>\n<li><span style=\\\"color: #000000\\\">Dimensiones: 78 X 36 X 52 mm.<\/span><\/li>\n<li><span style=\\\"color: #000000\\\">Peso: 100 gramos.<\/span><\/li>\n<li><span style=\\\"color: #000000\\\">Garant\u00eda: 1 a\u00f1o<\/span><\/li>\n<\/ul>\n<p><span style=\\\"color: #000000\\\"><strong>Consideraciones:<br \/>\n<\/strong><\/span><\/p>\n<ul>\n<li><span style=\\\"color: #000000\\\">La aplicaci\u00f3n m\u00f3vil se llama HikDashcam, en el manual de usuario del producto viene un c\u00f3digo QR para poder descargar la App en el celular para equipos iOS. En Playstore si esta la App.<\/span><\/li>\n<li><span style=\\\"color: #000000\\\">No soporta visualizaci\u00f3n remota, la App se usa para una conexi\u00f3n local para configuraci\u00f3n y visualizaci\u00f3n<\/span><\/li>\n<\/ul>\n<\/div>\n","protected":false},"excerpt":{"rendered":"<p>AE-DC2018-K2 HIKVISION C\u00e1mara M\u00f3vil (Dash Cam) para Veh\u00edculos 2MP (1080p) \/ Micr\u00f3fono y Bocina Integrado \/ Wi-Fi \/ Micro SD \/ Conector USB \/ G &#8211; Sensor Caracter\u00edsticas principales: 1080p (1920*1080 = 2MP) de alta resoluci\u00f3n, gran angular 102\u00b0 de visi\u00f3n. La apertura de F 2.0 ofrece una imagen nocturna perfecta. Incluye micr\u00f3fono y altavoz [&hellip;]<\/p>\n","protected":false},"featured_media":12759,"template":"","meta":{"_acf_changed":false},"product_brand":[],"product_cat":[85,90,226],"product_tag":[],"berocket_brand":[],"class_list":{"0":"post-12757","1":"product","2":"type-product","3":"status-publish","4":"has-post-thumbnail","6":"product_cat-grabadora-dvr-hdcvi-hd","7":"product_cat-moviles","8":"product_cat-camaras-de-seguridad-cctv-videovigilancia-hd","10":"first","11":"instock","12":"taxable","13":"shipping-taxable","14":"purchasable","15":"product-type-simple","16":"berocket_lgv_grid","17":"berocket_lgv_list_grid"},"acf":[],"aioseo_notices":[],"_links":{"self":[{"href":"https:\/\/todoenseguridad.com\/site\/wp-json\/wp\/v2\/product\/12757","targetHints":{"allow":["GET"]}}],"collection":[{"href":"https:\/\/todoenseguridad.com\/site\/wp-json\/wp\/v2\/product"}],"about":[{"href":"https:\/\/todoenseguridad.com\/site\/wp-json\/wp\/v2\/types\/product"}],"wp:featuredmedia":[{"embeddable":true,"href":"https:\/\/todoenseguridad.com\/site\/wp-json\/wp\/v2\/media\/12759"}],"wp:attachment":[{"href":"https:\/\/todoenseguridad.com\/site\/wp-json\/wp\/v2\/media?parent=12757"}],"wp:term":[{"taxonomy":"product_brand","embeddable":true,"href":"https:\/\/todoenseguridad.com\/site\/wp-json\/wp\/v2\/product_brand?post=12757"},{"taxonomy":"product_cat","embeddable":true,"href":"https:\/\/todoenseguridad.com\/site\/wp-json\/wp\/v2\/product_cat?post=12757"},{"taxonomy":"product_tag","embeddable":true,"href":"https:\/\/todoenseguridad.com\/site\/wp-json\/wp\/v2\/product_tag?post=12757"},{"taxonomy":"berocket_brand","embeddable":true,"href":"https:\/\/todoenseguridad.com\/site\/wp-json\/wp\/v2\/berocket_brand?post=12757"}],"curies":[{"name":"wp","href":"https:\/\/api.w.org\/{rel}","templated":true}]}}