{"id":12755,"date":"2024-10-15T16:32:17","date_gmt":"2024-10-15T21:32:17","guid":{"rendered":"https:\/\/todoenseguridad.com\/site\/?post_type=product&#038;p=12755"},"modified":"2026-03-23T12:03:01","modified_gmt":"2026-03-23T17:03:01","slug":"e-md5043-sd-glflitekit-hikvision-kit-dvr-movil-1080p-incluye-4-camaras","status":"publish","type":"product","link":"https:\/\/todoenseguridad.com\/site\/producto\/e-md5043-sd-glflitekit-hikvision-kit-dvr-movil-1080p-incluye-4-camaras\/","title":{"rendered":"E-MD5043-SD\/GLF(LITE)(KIT) HIKVISION Kit DVR M\u00f3vil 1080P\/ Incluye 4 C\u00e1maras"},"content":{"rendered":"<div class=\\\"row\\\">\n<h2 id=\\\"product_title_213436\\\" class=\\\"titulo_vp\\\"><span style=\\\"color: #0000ff\\\"><span id=\\\"modelo_c\\\" class=\\\"fw-bold text-azulmarino\\\">AE-MD5043-SD\/GLF(LITE)(KIT)<\/span> HIKVISION Kit DVR M\u00f3vil 1080P\/ Incluye 4 C\u00e1maras TURBOHD 1080P \/ Modulo 4G y GPS \/ Soporta Memoria SD \/ Visualizaci\u00f3n por HikConnect Teams<\/span><\/h2>\n<p><span style=\\\"color: #000000\\\"><strong>DS-MP5604SD\/GLF(LITE)(KIT)<\/strong><\/span><\/p>\n<p><span style=\\\"color: #000000\\\">Incluye:<\/span><\/p>\n<ul>\n<li><span style=\\\"color: #000000\\\">1 x AE-MD5043-SD(Lite)<\/span><\/li>\n<li><span style=\\\"color: #000000\\\">1 x AE-VC222T-S<\/span><\/li>\n<li><span style=\\\"color: #000000\\\">1 x AE-VC253T-IT<\/span><\/li>\n<li><span style=\\\"color: #000000\\\">1 x AE-VC224T-IT<\/span><\/li>\n<li><span style=\\\"color: #000000\\\">1 x AE-VC212T-ITS<\/span><\/li>\n<\/ul>\n<p><span style=\\\"color: #000000\\\">Garant\u00eda: 2 a\u00f1os<\/span><\/p>\n<p><span style=\\\"color: #000000\\\"><strong>1 x AE-MD5043SD\/GLF(LITE)<\/strong><\/span><\/p>\n<p><span style=\\\"color: #000000\\\">Caracter\u00edsticas:<\/span><br \/>\n<span style=\\\"color: #000000\\\">Soporta 4 c\u00e1maras m\u00f3vil TURBO 1080p.<\/span><br \/>\n<span style=\\\"color: #000000\\\">Compresi\u00f3n H265.<\/span><br \/>\n<span style=\\\"color: #000000\\\">Soporta dos memorias SD de hasta 256 GB (no incluida)(Memorias compatibles).<\/span><br \/>\n<span style=\\\"color: #000000\\\">Incluye modulo de GPS.<\/span><br \/>\n<span style=\\\"color: #000000\\\">Incluye modulo de 4G. (requiere SIM de datos para transmisi\u00f3n de informaci\u00f3n remota y licencias del software Hik-Central).<\/span><br \/>\n<span style=\\\"color: #000000\\\">Puerto RJ45 para configuraci\u00f3n.<\/span><\/p>\n<p><strong><span style=\\\"color: #000000\\\">1 x AE-VC253T-IT<\/span><\/strong><\/p>\n<p><span style=\\\"color: #000000\\\">Caracter\u00edsticas:<\/span><br \/>\n<span style=\\\"color: #000000\\\">Resoluci\u00f3n M\u00e1xima 2 Megapixel (1920 x 1080).\u00a0<\/span><br \/>\n<span style=\\\"color: #000000\\\">Lente 2.8 mm (angulo de visi\u00f3n 96\u00b0).<\/span><br \/>\n<span style=\\\"color: #000000\\\">Conector tipo aviacion (por el mismo cable de video inyecta la alimentacion).<\/span><br \/>\n<span style=\\\"color: #000000\\\">15 mts IR (vision nocturna).<\/span><br \/>\n<span style=\\\"color: #000000\\\">Exterior IP68.<\/span><\/p>\n<p><span style=\\\"color: #000000\\\">1 x AE-VC222T-ITS <\/span><br \/>\n<span style=\\\"color: #000000\\\">Caracter\u00edsticas:<\/span><br \/>\n<span style=\\\"color: #000000\\\">Resoluci\u00f3n M\u00e1xima 2 Megapixel (1920 x 1080).\u00a0<\/span><br \/>\n<span style=\\\"color: #000000\\\">Lente 2.1 mm (angulo de visi\u00f3n 117\u00b0).<\/span><br \/>\n<span style=\\\"color: #000000\\\">Conector tipo aviacion (por el mismo cable de video inyecta la alimentacion).<\/span><br \/>\n<span style=\\\"color: #000000\\\">15 mts IR (vision nocturna).<\/span><br \/>\n<span style=\\\"color: #000000\\\">Microfono interconstruido.<\/span><br \/>\n<span style=\\\"color: #000000\\\">Interior.<\/span><\/p>\n<p><span style=\\\"color: #000000\\\">1 x AE-VC224TIT <\/span><br \/>\n<span style=\\\"color: #000000\\\">Caracter\u00edsticas:<\/span><br \/>\n<span style=\\\"color: #000000\\\">Resoluci\u00f3n M\u00e1xima 2 Megapixel (1920 x 1080).\u00a0<\/span><br \/>\n<span style=\\\"color: #000000\\\">Lente 2.1 mm (angulo de visi\u00f3n 117\u00b0).<\/span><br \/>\n<span style=\\\"color: #000000\\\">Conector tipo aviacion (por el mismo cable de video inyecta la alimentacion).<\/span><br \/>\n<span style=\\\"color: #000000\\\">15 mts IR (vision nocturna).<\/span><br \/>\n<span style=\\\"color: #000000\\\">Exterior IP68.<\/span><\/p>\n<p><span style=\\\"color: #000000\\\">1 x AE-VC212T-ITS <\/span><br \/>\n<span style=\\\"color: #000000\\\">Caracter\u00edsticas:<\/span><br \/>\n<span style=\\\"color: #000000\\\">Resoluci\u00f3n M\u00e1xima 2 Megapixel (1920 x 1080).\u00a0<\/span><br \/>\n<span style=\\\"color: #000000\\\">Lente 2.1 mm (angulo de visi\u00f3n 117\u00b0).<\/span><br \/>\n<span style=\\\"color: #000000\\\">Conector tipo aviacion (por el mismo cable de video inyecta la alimentacion).<\/span><br \/>\n<span style=\\\"color: #000000\\\">15 mts IR (vision nocturna).<\/span><br \/>\n<span style=\\\"color: #000000\\\">Interior.<\/span><\/p>\n<p><span style=\\\"color: #000000\\\">Licencias necesarias para transmisi\u00f3n remota del DVR Con HikCentral Profesional:<\/span><br \/>\n<span style=\\\"color: #000000\\\">HC-P-MS-B: Esta licencia a\u00f1ade la base para dispositivos m\u00f3viles, incluye 10 unidades y tambien modulo de Bussiness Intelligence.<\/span><br \/>\n<span style=\\\"color: #000000\\\">HC-P-MS\/1: Esta licencia agrega 1 dispositivo m\u00f3vil adicional, se requiere tener una licencia base activa<\/span><\/p>\n<p><span style=\\\"color: #000000\\\">Licencias necesarias para transmisi\u00f3n remota del DVR Sin servidor con Hik-Connect Teams:<\/span><br \/>\n<span style=\\\"color: #000000\\\">HCT-VEHICULO-1D-1A:\u00a0 Licencia Anual HikCentral Connect \/ Monitoreo Vehicular de GPS (Ubicaci\u00f3n) y Video en Tiempo Real por 1 A\u00f1o para 1 Dispositivo \/ Compatible con Dash Cam y DVR\u00b4s Moviles.<\/span><\/p>\n<p><span style=\\\"color: #000000\\\">Requerimientos adicionales para transmisi\u00f3n remota de v\u00eddeo y ubicaci\u00f3n de DVR:<\/span><br \/>\n<span style=\\\"color: #000000\\\">Se requiere un servidor (PC) dedicada para colocar las licencias del software Hik-Central y dejas corriendo los servicios para poder consultar el v\u00eddeo en vivo de manera remota.<\/span><br \/>\n<span style=\\\"color: #000000\\\">Se recomienda un servidor como m\u00ednimo core i5 \/ 8 memoria RAM. Se requiere tener IP publica fija (dedicada) y el ancho de banda depender\u00e1 de la cantidad del numero DVR\u00b4s a transmitir o visualizar<\/span>.<\/p>\n<\/div>\n","protected":false},"excerpt":{"rendered":"<p>AE-MD5043-SD\/GLF(LITE)(KIT) HIKVISION Kit DVR M\u00f3vil 1080P\/ Incluye 4 C\u00e1maras TURBOHD 1080P \/ Modulo 4G y GPS \/ Soporta Memoria SD \/ Visualizaci\u00f3n por HikConnect Teams DS-MP5604SD\/GLF(LITE)(KIT) Incluye: 1 x AE-MD5043-SD(Lite) 1 x AE-VC222T-S 1 x AE-VC253T-IT 1 x AE-VC224T-IT 1 x AE-VC212T-ITS Garant\u00eda: 2 a\u00f1os 1 x AE-MD5043SD\/GLF(LITE) Caracter\u00edsticas: Soporta 4 c\u00e1maras m\u00f3vil TURBO 1080p. [&hellip;]<\/p>\n","protected":false},"featured_media":12756,"template":"","meta":{"_acf_changed":false},"product_brand":[],"product_cat":[71,226],"product_tag":[],"berocket_brand":[],"class_list":{"0":"post-12755","1":"product","2":"type-product","3":"status-publish","4":"has-post-thumbnail","6":"product_cat-paquetes-cctv-kit-camaras-de-seguridad","7":"product_cat-camaras-de-seguridad-cctv-videovigilancia-hd","9":"first","10":"instock","11":"taxable","12":"shipping-taxable","13":"purchasable","14":"product-type-simple","15":"berocket_lgv_grid","16":"berocket_lgv_list_grid"},"acf":[],"aioseo_notices":[],"_links":{"self":[{"href":"https:\/\/todoenseguridad.com\/site\/wp-json\/wp\/v2\/product\/12755","targetHints":{"allow":["GET"]}}],"collection":[{"href":"https:\/\/todoenseguridad.com\/site\/wp-json\/wp\/v2\/product"}],"about":[{"href":"https:\/\/todoenseguridad.com\/site\/wp-json\/wp\/v2\/types\/product"}],"wp:featuredmedia":[{"embeddable":true,"href":"https:\/\/todoenseguridad.com\/site\/wp-json\/wp\/v2\/media\/12756"}],"wp:attachment":[{"href":"https:\/\/todoenseguridad.com\/site\/wp-json\/wp\/v2\/media?parent=12755"}],"wp:term":[{"taxonomy":"product_brand","embeddable":true,"href":"https:\/\/todoenseguridad.com\/site\/wp-json\/wp\/v2\/product_brand?post=12755"},{"taxonomy":"product_cat","embeddable":true,"href":"https:\/\/todoenseguridad.com\/site\/wp-json\/wp\/v2\/product_cat?post=12755"},{"taxonomy":"product_tag","embeddable":true,"href":"https:\/\/todoenseguridad.com\/site\/wp-json\/wp\/v2\/product_tag?post=12755"},{"taxonomy":"berocket_brand","embeddable":true,"href":"https:\/\/todoenseguridad.com\/site\/wp-json\/wp\/v2\/berocket_brand?post=12755"}],"curies":[{"name":"wp","href":"https:\/\/api.w.org\/{rel}","templated":true}]}}