{"id":12751,"date":"2024-10-15T15:44:07","date_gmt":"2024-10-15T20:44:07","guid":{"rendered":"https:\/\/todoenseguridad.com\/site\/?post_type=product&#038;p=12751"},"modified":"2026-03-30T15:38:26","modified_gmt":"2026-03-30T20:38:26","slug":"cs-cmt-solarpanel-c-ezviz-panel-solar-para-recargar-camara-de-bateria","status":"publish","type":"product","link":"https:\/\/todoenseguridad.com\/site\/producto\/cs-cmt-solarpanel-c-ezviz-panel-solar-para-recargar-camara-de-bateria\/","title":{"rendered":"CS-CMT-SOLARPANEL-C EZVIZ Panel Solar Para Recargar C\u00e1mara de Bater\u00eda"},"content":{"rendered":"<div class=\\\"row\\\">\n<h2 id=\\\"product_title_204626\\\" class=\\\"titulo_vp\\\"><span style=\\\"color: #0000ff\\\"><span id=\\\"modelo_c\\\" class=\\\"fw-bold text-azulmarino\\\">CS-CMT-SOLARPANEL-C<\/span> EZVIZ Panel Solar Para Recargar C\u00e1mara de Bater\u00eda Mod. CSBC1C \/ Evite Desmontar la C\u00e1mara para Recargar su Bater\u00eda \/ Conector tipo miniusb.<\/span><\/h2>\n<p><span style=\\\"color: #000000\\\"><strong>Caracter\u00edsticas principales:<\/strong><\/span><\/p>\n<ul>\n<li><span style=\\\"color: #000000\\\">Voltaje de alimentaci\u00f3n: 6V<\/span><\/li>\n<li><span style=\\\"color: #000000\\\">Max Corriente: 1030mA<\/span><\/li>\n<li><span style=\\\"color: #000000\\\">Alimenta Hasta 6 W<\/span><\/li>\n<li><span style=\\\"color: #000000\\\"><strong>Conector tipo miniusb<\/strong><\/span><\/li>\n<li><span style=\\\"color: #000000\\\">Cable de 4 metros para conexi\u00f3n de c\u00e1mara<\/span><\/li>\n<li><span style=\\\"color: #000000\\\">Celdas de silicio monocristalino.<\/span><\/li>\n<li><span style=\\\"color: #000000\\\">Temperatura de operaci\u00f3n: -20\u00b0 &#8211; 60\u00b0C<\/span><\/li>\n<li><span style=\\\"color: #000000\\\">Protecci\u00f3n IP65 (Exterior con protecci\u00f3n)<\/span><\/li>\n<li><span style=\\\"color: #000000\\\">Dimensiones: 292,3 x 194,3 x 6,3 mm<\/span><\/li>\n<li><span style=\\\"color: #000000\\\">Peso: 1045g<\/span><\/li>\n<li><span style=\\\"color: #000000\\\"><strong>3 a\u00f1os de garant\u00eda.<\/strong><\/span><\/li>\n<li><span style=\\\"color: #000000\\\"><strong>Conecte las c\u00e1maras de bater\u00eda EZVIZ modelo CS-HB8 CS-BC1C<\/strong><\/span><\/li>\n<li><span style=\\\"color: #000000\\\"><strong>Para la conectar la camara CS-EB8\/4G requiere el adaptador tipo C modelo:\u00a0<\/strong>EZ-ADAP-USBC<\/span><\/li>\n<\/ul>\n<\/div>\n","protected":false},"excerpt":{"rendered":"<p>CS-CMT-SOLARPANEL-C EZVIZ Panel Solar Para Recargar C\u00e1mara de Bater\u00eda Mod. CSBC1C \/ Evite Desmontar la C\u00e1mara para Recargar su Bater\u00eda \/ Conector tipo miniusb. Caracter\u00edsticas principales: Voltaje de alimentaci\u00f3n: 6V Max Corriente: 1030mA Alimenta Hasta 6 W Conector tipo miniusb Cable de 4 metros para conexi\u00f3n de c\u00e1mara Celdas de silicio monocristalino. Temperatura de operaci\u00f3n: [&hellip;]<\/p>\n","protected":false},"featured_media":12752,"template":"","meta":{"_acf_changed":false},"product_brand":[],"product_cat":[125,133,226],"product_tag":[],"berocket_brand":[],"class_list":{"0":"post-12751","1":"product","2":"type-product","3":"status-publish","4":"has-post-thumbnail","6":"product_cat-accesorios-camaras-ip","7":"product_cat-fuentes-de-energia-accesorios-camaras-ip","8":"product_cat-camaras-de-seguridad-cctv-videovigilancia-hd","10":"first","11":"instock","12":"taxable","13":"shipping-taxable","14":"purchasable","15":"product-type-simple","16":"berocket_lgv_grid","17":"berocket_lgv_list_grid"},"acf":[],"aioseo_notices":[],"_links":{"self":[{"href":"https:\/\/todoenseguridad.com\/site\/wp-json\/wp\/v2\/product\/12751","targetHints":{"allow":["GET"]}}],"collection":[{"href":"https:\/\/todoenseguridad.com\/site\/wp-json\/wp\/v2\/product"}],"about":[{"href":"https:\/\/todoenseguridad.com\/site\/wp-json\/wp\/v2\/types\/product"}],"wp:featuredmedia":[{"embeddable":true,"href":"https:\/\/todoenseguridad.com\/site\/wp-json\/wp\/v2\/media\/12752"}],"wp:attachment":[{"href":"https:\/\/todoenseguridad.com\/site\/wp-json\/wp\/v2\/media?parent=12751"}],"wp:term":[{"taxonomy":"product_brand","embeddable":true,"href":"https:\/\/todoenseguridad.com\/site\/wp-json\/wp\/v2\/product_brand?post=12751"},{"taxonomy":"product_cat","embeddable":true,"href":"https:\/\/todoenseguridad.com\/site\/wp-json\/wp\/v2\/product_cat?post=12751"},{"taxonomy":"product_tag","embeddable":true,"href":"https:\/\/todoenseguridad.com\/site\/wp-json\/wp\/v2\/product_tag?post=12751"},{"taxonomy":"berocket_brand","embeddable":true,"href":"https:\/\/todoenseguridad.com\/site\/wp-json\/wp\/v2\/berocket_brand?post=12751"}],"curies":[{"name":"wp","href":"https:\/\/api.w.org\/{rel}","templated":true}]}}