{"id":12740,"date":"2024-10-15T12:46:07","date_gmt":"2024-10-15T17:46:07","guid":{"rendered":"https:\/\/todoenseguridad.com\/site\/?post_type=product&#038;p=12740"},"modified":"2026-03-30T15:39:22","modified_gmt":"2026-03-30T20:39:22","slug":"rg-est100-e-ruijie-kit-enlace-inalambrico-de-500m-hasta-300-mbps-doble-puerto-lan","status":"publish","type":"product","link":"https:\/\/todoenseguridad.com\/site\/producto\/rg-est100-e-ruijie-kit-enlace-inalambrico-de-500m-hasta-300-mbps-doble-puerto-lan\/","title":{"rendered":"RG-EST100-E RUIJIE Kit Enlace Inal\u00e1mbrico de 500m\/ Hasta 300 Mbps \/ Doble Puerto LAN"},"content":{"rendered":"<h2 id=\\\"product_title_221095\\\" class=\\\"titulo_vp\\\"><span style=\\\"color: #0000ff\\\"><span id=\\\"modelo_c\\\" class=\\\"fw-bold text-azulmarino\\\">RG-EST100-E<\/span> RUIJIE Kit Enlace Inal\u00e1mbrico de 500m Preconfigurado + Ajuste Autom\u00e1tico de Potencia \/ Hasta 300 Mbps \/ Doble Puerto LAN<\/span><\/h2>\n<div class=\\\"parameter1\\\">\n<div class=\\\"databox\\\">\n<div class=\\\"th odd\\\"><span style=\\\"color: #000000\\\">Dise\u00f1o radiof\u00f3nico: Transmisi\u00f3n dual de banda \u00fanica de 2,4 GHz<\/span><\/div>\n<\/div>\n<div class=\\\"databox\\\">\n<div class=\\\"th even\\\"><span style=\\\"color: #000000\\\">Banda operativa: 802.11b\/g\/n: 2.400\uff5e2.483GHz<\/span><\/div>\n<\/div>\n<div class=\\\"databox\\\">\n<div class=\\\"th odd\\\"><span style=\\\"color: #000000\\\">Polarizaci\u00f3n: Horizontal: 70\u00b0, Vertical: 70\u00b0<\/span><\/div>\n<\/div>\n<div class=\\\"databox\\\">\n<div class=\\\"th even\\\"><span style=\\\"color: #000000\\\">Corrientes espaciales: 2&#215;2, MU-MIMO<\/span><\/div>\n<\/div>\n<div class=\\\"databox\\\">\n<div class=\\\"th odd\\\"><span style=\\\"color: #000000\\\">Rendimiento m\u00e1ximo: Hasta 300 Mbps a 2,4 GHz<\/span><\/div>\n<\/div>\n<div class=\\\"databox\\\">\n<div class=\\\"th even\\\"><span style=\\\"color: #000000\\\">Clasificaci\u00f3n del IP: IP55<\/span><\/div>\n<\/div>\n<div class=\\\"databox\\\">\n<div class=\\\"th odd\\\"><span style=\\\"color: #000000\\\">Instalaci\u00f3n: Montado en pared\/montado en poste<\/span><\/div>\n<\/div>\n<div class=\\\"databox\\\">\n<div class=\\\"th even\\\"><span style=\\\"color: #000000\\\">Peso: 0,3 kilos<\/span><\/div>\n<div>\n<div class=\\\"parameter2\\\">\n<div class=\\\"databox\\\">\n<div class=\\\"th odd\\\"><span style=\\\"color: #000000\\\">Protocolo de transmisi\u00f3n: IEEE 802.11b\/g\/n<\/span><\/div>\n<\/div>\n<div class=\\\"databox\\\">\n<div class=\\\"th even\\\"><span style=\\\"color: #000000\\\">Antena: Antenas direccionales, 8 dBi<\/span><\/div>\n<\/div>\n<div class=\\\"databox\\\">\n<div class=\\\"th odd\\\"><span style=\\\"color: #000000\\\">Distancia de puente: 500 m (recomendado)<\/span><\/div>\n<\/div>\n<div class=\\\"databox\\\">\n<div class=\\\"th even\\\"><span style=\\\"color: #000000\\\">Memoria\/Flash: 64MB\/8MB<\/span><\/div>\n<\/div>\n<div class=\\\"databox\\\">\n<div class=\\\"th odd\\\"><span style=\\\"color: #000000\\\">M\u00e1x. Transmitir potencia: \u2264100 mW(20 dBm) (ajustable)<\/span><\/div>\n<\/div>\n<div class=\\\"databox\\\">\n<div class=\\\"th even\\\"><span style=\\\"color: #000000\\\">Protecci\u00f3n contra rayos: \u00b16 kV (modo com\u00fan)<\/span><\/div>\n<\/div>\n<div class=\\\"databox\\\">\n<div class=\\\"th odd\\\"><span style=\\\"color: #000000\\\">Dimensiones (Pr x An x Al): 165,5 mm \u00d7 68,7 mm \u00d7 42 mm<\/span><\/div>\n<\/div>\n<\/div>\n<\/div>\n<\/div>\n<\/div>\n","protected":false},"excerpt":{"rendered":"<p>RG-EST100-E RUIJIE Kit Enlace Inal\u00e1mbrico de 500m Preconfigurado + Ajuste Autom\u00e1tico de Potencia \/ Hasta 300 Mbps \/ Doble Puerto LAN Dise\u00f1o radiof\u00f3nico: Transmisi\u00f3n dual de banda \u00fanica de 2,4 GHz Banda operativa: 802.11b\/g\/n: 2.400\uff5e2.483GHz Polarizaci\u00f3n: Horizontal: 70\u00b0, Vertical: 70\u00b0 Corrientes espaciales: 2&#215;2, MU-MIMO Rendimiento m\u00e1ximo: Hasta 300 Mbps a 2,4 GHz Clasificaci\u00f3n del IP: [&hellip;]<\/p>\n","protected":false},"featured_media":12742,"template":"","meta":{"_acf_changed":false},"product_brand":[],"product_cat":[77,76,220,72],"product_tag":[],"berocket_brand":[],"class_list":{"0":"post-12740","1":"product","2":"type-product","3":"status-publish","4":"has-post-thumbnail","6":"product_cat-enlaces-punto-a-punto-ptop-wifi-2-4-5-8-60ghz","7":"product_cat-exterior","8":"product_cat-redes-de-datos","9":"product_cat-redes-inalambricas","11":"first","12":"instock","13":"sale","14":"taxable","15":"shipping-taxable","16":"purchasable","17":"product-type-simple","18":"berocket_lgv_grid","19":"berocket_lgv_list_grid"},"acf":[],"aioseo_notices":[],"_links":{"self":[{"href":"https:\/\/todoenseguridad.com\/site\/wp-json\/wp\/v2\/product\/12740","targetHints":{"allow":["GET"]}}],"collection":[{"href":"https:\/\/todoenseguridad.com\/site\/wp-json\/wp\/v2\/product"}],"about":[{"href":"https:\/\/todoenseguridad.com\/site\/wp-json\/wp\/v2\/types\/product"}],"wp:featuredmedia":[{"embeddable":true,"href":"https:\/\/todoenseguridad.com\/site\/wp-json\/wp\/v2\/media\/12742"}],"wp:attachment":[{"href":"https:\/\/todoenseguridad.com\/site\/wp-json\/wp\/v2\/media?parent=12740"}],"wp:term":[{"taxonomy":"product_brand","embeddable":true,"href":"https:\/\/todoenseguridad.com\/site\/wp-json\/wp\/v2\/product_brand?post=12740"},{"taxonomy":"product_cat","embeddable":true,"href":"https:\/\/todoenseguridad.com\/site\/wp-json\/wp\/v2\/product_cat?post=12740"},{"taxonomy":"product_tag","embeddable":true,"href":"https:\/\/todoenseguridad.com\/site\/wp-json\/wp\/v2\/product_tag?post=12740"},{"taxonomy":"berocket_brand","embeddable":true,"href":"https:\/\/todoenseguridad.com\/site\/wp-json\/wp\/v2\/berocket_brand?post=12740"}],"curies":[{"name":"wp","href":"https:\/\/api.w.org\/{rel}","templated":true}]}}