{"id":12737,"date":"2024-10-15T12:20:30","date_gmt":"2024-10-15T17:20:30","guid":{"rendered":"https:\/\/todoenseguridad.com\/site\/?post_type=product&#038;p=12737"},"modified":"2026-03-23T12:09:53","modified_gmt":"2026-03-23T17:09:53","slug":"rg-est350v2-ruijie-kit-completo-punto-a-punto-hasta-5-km-administrable-en-la-nube-banda-5ghz","status":"publish","type":"product","link":"https:\/\/todoenseguridad.com\/site\/producto\/rg-est350v2-ruijie-kit-completo-punto-a-punto-hasta-5-km-administrable-en-la-nube-banda-5ghz\/","title":{"rendered":"RG-EST350V2 RUIJIE Kit completo Punto a Punto hasta 5 Km, administrable en la Nube, Banda 5Ghz"},"content":{"rendered":"<h2 id=\\\"product_title_210737\\\"><span style=\\\"color: #0000ff\\\"><span id=\\\"modelo_c\\\">RG-EST350V2<\/span> RUIJIE Kit completo Punto a Punto Pre-Configurado hasta 5 Km listos para enlazar, administrable en la Nube, Banda 5Ghz AC WAVE2 MU-MIMO 2X2 Hasta 867Mbps Agregados<\/span><\/h2>\n<p><span style=\\\"color: #000000\\\"><strong>Caracter\u00edsticas principales:<\/strong><\/span><\/p>\n<ul>\n<li><span style=\\\"color: #000000\\\">Administraci\u00f3n en la nube (Sin Costo)<\/span><\/li>\n<li><span style=\\\"color: #000000\\\">Garant\u00eda de 3 a\u00f1os<\/span><\/li>\n<li><span style=\\\"color: #000000\\\">Monitoreo y configuraci\u00f3n remota<\/span><\/li>\n<li><span style=\\\"color: #000000\\\">Tipo: Exterior IP54<\/span><\/li>\n<li><span style=\\\"color: #000000\\\">Banda de Operacion: 5GHz (2&#215;2)<\/span><\/li>\n<li><span style=\\\"color: #000000\\\">Estandar 802.11: AC WAVE2<\/span><\/li>\n<li><span style=\\\"color: #000000\\\">Modo de operacion: Punto a punto o Multipunto<\/span><\/li>\n<\/ul>\n<p><span style=\\\"color: #000000\\\"><strong>Contenido del Paquete:<\/strong><\/span><\/p>\n<ul>\n<li><span style=\\\"color: #000000\\\">2pz Bridge RG-EST350V2<\/span><\/li>\n<li><span style=\\\"color: #000000\\\">2pz Inyector pasivo 24v &#8211; 0.5a<\/span><\/li>\n<li><span style=\\\"color: #000000\\\">Montajes para pared o Mastil<\/span><\/li>\n<li><span style=\\\"color: #000000\\\">Guia Rapida de Instalacion<\/span><\/li>\n<\/ul>\n<p><span style=\\\"color: #000000\\\"><strong>Caracteristicas Generales:<\/strong><\/span><\/p>\n<ul>\n<li><span style=\\\"color: #000000\\\">Alimentacion por POE: 24V &#8211; 0.5A<\/span><\/li>\n<li><span style=\\\"color: #000000\\\">Consumo energia: 10w<\/span><\/li>\n<li><span style=\\\"color: #000000\\\">Temperatura de operacion -30\u00b0 C a 65\u00b0 C<\/span><\/li>\n<li><span style=\\\"color: #000000\\\">Peso 0.5kg<\/span><\/li>\n<li><span style=\\\"color: #000000\\\">Dimensiones (W x D x H): 230mm x 132mm x 48mm<\/span><\/li>\n<\/ul>\n","protected":false},"excerpt":{"rendered":"<p>RG-EST350V2 RUIJIE Kit completo Punto a Punto Pre-Configurado hasta 5 Km listos para enlazar, administrable en la Nube, Banda 5Ghz AC WAVE2 MU-MIMO 2X2 Hasta 867Mbps Agregados Caracter\u00edsticas principales: Administraci\u00f3n en la nube (Sin Costo) Garant\u00eda de 3 a\u00f1os Monitoreo y configuraci\u00f3n remota Tipo: Exterior IP54 Banda de Operacion: 5GHz (2&#215;2) Estandar 802.11: AC WAVE2 [&hellip;]<\/p>\n","protected":false},"featured_media":12739,"template":"","meta":{"_acf_changed":false},"product_brand":[],"product_cat":[77,76,220,72],"product_tag":[],"berocket_brand":[],"class_list":{"0":"post-12737","1":"product","2":"type-product","3":"status-publish","4":"has-post-thumbnail","6":"product_cat-enlaces-punto-a-punto-ptop-wifi-2-4-5-8-60ghz","7":"product_cat-exterior","8":"product_cat-redes-de-datos","9":"product_cat-redes-inalambricas","11":"first","12":"instock","13":"taxable","14":"shipping-taxable","15":"purchasable","16":"product-type-simple","17":"berocket_lgv_grid","18":"berocket_lgv_list_grid"},"acf":[],"aioseo_notices":[],"_links":{"self":[{"href":"https:\/\/todoenseguridad.com\/site\/wp-json\/wp\/v2\/product\/12737","targetHints":{"allow":["GET"]}}],"collection":[{"href":"https:\/\/todoenseguridad.com\/site\/wp-json\/wp\/v2\/product"}],"about":[{"href":"https:\/\/todoenseguridad.com\/site\/wp-json\/wp\/v2\/types\/product"}],"wp:featuredmedia":[{"embeddable":true,"href":"https:\/\/todoenseguridad.com\/site\/wp-json\/wp\/v2\/media\/12739"}],"wp:attachment":[{"href":"https:\/\/todoenseguridad.com\/site\/wp-json\/wp\/v2\/media?parent=12737"}],"wp:term":[{"taxonomy":"product_brand","embeddable":true,"href":"https:\/\/todoenseguridad.com\/site\/wp-json\/wp\/v2\/product_brand?post=12737"},{"taxonomy":"product_cat","embeddable":true,"href":"https:\/\/todoenseguridad.com\/site\/wp-json\/wp\/v2\/product_cat?post=12737"},{"taxonomy":"product_tag","embeddable":true,"href":"https:\/\/todoenseguridad.com\/site\/wp-json\/wp\/v2\/product_tag?post=12737"},{"taxonomy":"berocket_brand","embeddable":true,"href":"https:\/\/todoenseguridad.com\/site\/wp-json\/wp\/v2\/berocket_brand?post=12737"}],"curies":[{"name":"wp","href":"https:\/\/api.w.org\/{rel}","templated":true}]}}