{"id":12724,"date":"2024-10-15T11:41:28","date_gmt":"2024-10-15T16:41:28","guid":{"rendered":"https:\/\/todoenseguridad.com\/site\/?post_type=product&#038;p=12724"},"modified":"2026-03-23T12:11:24","modified_gmt":"2026-03-23T17:11:24","slug":"rg-ap840-l-ruijie-punto-de-acceso-wi-fi-6-bluetooth-5-1-para-interior","status":"publish","type":"product","link":"https:\/\/todoenseguridad.com\/site\/producto\/rg-ap840-l-ruijie-punto-de-acceso-wi-fi-6-bluetooth-5-1-para-interior\/","title":{"rendered":"RG-AP840-L RUIJIE Punto de acceso, Wi-Fi 6, Bluetooth 5.1, para interior"},"content":{"rendered":"<h2 id=\\\"product_title_217586\\\"><span style=\\\"color: #0000ff\\\"><span id=\\\"modelo_c\\\">RG-AP840-L<\/span> RUIJIE Punto de acceso Enterprise Wi-Fi 6 soporte ZigBee, Bluetooth 5.1, para interior, Puerto Multi-Gigabit 5G y puerto SFP 5G hasta 5.37 Gbps MU-MIMO 4&#215;4<\/span><\/h2>\n<h3><span style=\\\"color: #000000\\\">Access Point Ruijie modelo: RG-AP840-L.<\/span><\/h3>\n<p><span style=\\\"color: #000000\\\">El punto de acceso RG-AP840-L se administra sin costo en la robusta nube de Ruijie, no requiere un controlador local para ser administrado. Desde la nube, puede descargar reportes de consumo por usuario, aplicaci\u00f3n o equipo de fechas determinadas, sin contar que podr\u00e1 recibir alertas automatizadas de forma remota para mantener la red siempre operando<\/span><\/p>\n<h2><span style=\\\"color: #000000\\\">Caracter\u00edsticas Generales<\/span><\/h2>\n<ul>\n<li><span style=\\\"color: #000000\\\">Est\u00e1ndar: 802.11ax (Wi-Fi 6). Soporta conexi\u00f3n de dispositivos de est\u00e1ndares anteriores.<\/span><\/li>\n<li><span style=\\\"color: #000000\\\">Bandas de operaci\u00f3n: 2.4 GHz (2&#215;2) \/ 5 GHz (4&#215;4).<\/span><\/li>\n<li><span style=\\\"color: #000000\\\">Modos de operaci\u00f3n: Access Point (FIT\/FAT\/MACC).<\/span><\/li>\n<li><span style=\\\"color: #000000\\\">Configuraci\u00f3n atrev\u00e9s de: Interfaz web (red local), aplicaci\u00f3n m\u00f3vil (remoto o en red local), plataforma cloud (remoto).<\/span><\/li>\n<li><span style=\\\"color: #000000\\\">Puertos: 1 puerto 5G WAN PoE In, 1 puerto SFP 5G LAN.<\/span><\/li>\n<li><span style=\\\"color: #000000\\\">Garantia: 3 a\u00f1os<\/span><\/li>\n<\/ul>\n<h2><span style=\\\"color: #000000\\\">Caracter\u00edsticas RF<\/span><\/h2>\n<ul class=\\\"list-group list-group-flush\\\">\n<li class=\\\"list-group-item\\\"><span style=\\\"color: #000000\\\"><strong>Ancho de banda:<\/strong> 2.4 GHz 574 Mbps; 5 GHz 4804 Mbps<\/span><\/li>\n<li class=\\\"list-group-item\\\"><span style=\\\"color: #000000\\\"><strong>Ganancia de las Antenas:<\/strong> 2.4 GHz 5 dBi; 5 GHz 6 dBi<\/span><\/li>\n<li class=\\\"list-group-item\\\"><span style=\\\"color: #000000\\\"><strong>Potencia de transmisi\u00f3n:<\/strong> 2.4 GHz 27 dBm (501.18 mW); 5 GHz 30 dBm (1000 mW)<\/span><\/li>\n<li class=\\\"list-group-item\\\"><span style=\\\"color: #000000\\\"><strong>Bluetooth<\/strong> 5.1<\/span><\/li>\n<li class=\\\"list-group-item\\\"><span style=\\\"color: #000000\\\"><strong>Ganancia de las Antenas (Bluetooth):<\/strong> 3.5 dBi<\/span><\/li>\n<li class=\\\"list-group-item\\\"><span style=\\\"color: #000000\\\"><strong>Potencia de transmisi\u00f3n\u00a0 (Bluetooth):<\/strong> GFSK 10 dBm (10 mW); 8-DPSK 14 dBm (25 mW)<\/span><\/li>\n<\/ul>\n<h2><span style=\\\"color: #000000\\\">Caracter\u00edsticas F\u00edsicas y El\u00e9ctricas<\/span><\/h2>\n<ul class=\\\"list-group list-group-flush\\\">\n<li class=\\\"list-group-item\\\"><span style=\\\"color: #000000\\\"><strong>Alimentaci\u00f3n:<\/strong> PoE 802.3BT o DC 54V \/ 1.1A, consumo Max 40 Watts<\/span><\/li>\n<li><span style=\\\"color: #000000\\\"><strong>Dimensiones:<\/strong> 230 mm x 230mm x 51 mm.<\/span><\/li>\n<li><span style=\\\"color: #000000\\\"><strong>Peso:<\/strong> 1 kg.<\/span><\/li>\n<li class=\\\"list-group-item\\\"><span style=\\\"color: #000000\\\"><strong>Temperatura en Operaci\u00f3n:<\/strong> -10\u00b0C\uff5e+50\u00b0C<\/span><\/li>\n<li class=\\\"list-group-item\\\"><span style=\\\"color: #000000\\\"><strong>Grado de protecci\u00f3n:<\/strong> IP41<\/span><\/li>\n<\/ul>\n<h2><span style=\\\"color: #000000\\\">Contenido del Paquete<\/span><\/h2>\n<ul class=\\\"list-group list-group-flush\\\">\n<li class=\\\"list-group-item\\\"><span style=\\\"color: #000000\\\">1 x Access Point RG-AP840-L<\/span><\/li>\n<li class=\\\"list-group-item\\\"><span style=\\\"color: #000000\\\">Gu\u00eda r\u00e1pida de instalaci\u00f3n.<\/span><\/li>\n<\/ul>\n<h2><span style=\\\"color: #000000\\\">Caracter\u00edsticas Destacadas<\/span><\/h2>\n<ul class=\\\"list-group list-group-flush\\\">\n<li class=\\\"list-group-item\\\"><span style=\\\"color: #000000\\\">Gesti\u00f3n gratuita en la nube de por vida.<\/span><\/li>\n<li class=\\\"list-group-item\\\"><span style=\\\"color: #000000\\\">Fast Roaming 802.11K\/V\/R<\/span><\/li>\n<li class=\\\"list-group-item\\\"><span style=\\\"color: #000000\\\">Servidor VPN IPSEC (hasta 4 Tuneles).<\/span><\/li>\n<\/ul>\n<h2><span style=\\\"color: #000000\\\">Especificaciones T\u00e9cnicas<\/span><\/h2>\n<ul class=\\\"list-group list-group-flush\\\">\n<li class=\\\"list-group-item\\\"><span style=\\\"color: #000000\\\">Optimizacion con un Clic<\/span><\/li>\n<li class=\\\"list-group-item\\\"><span style=\\\"color: #000000\\\">MU-MIMO 802.11ax .<\/span><\/li>\n<li class=\\\"list-group-item\\\"><span style=\\\"color: #000000\\\">Soporte 802.1X<\/span><\/li>\n<\/ul>\n<h2><span style=\\\"color: #000000\\\">Rendimiento Inal\u00e1mbrico<\/span><\/h2>\n<ul class=\\\"list-group list-group-flush\\\">\n<li class=\\\"list-group-item\\\"><span style=\\\"color: #000000\\\">Omnidireccional<\/span><\/li>\n<li class=\\\"list-group-item\\\"><span style=\\\"color: #000000\\\">Hasta 80 metros de Cobertura.<\/span><\/li>\n<li class=\\\"list-group-item\\\"><span style=\\\"color: #000000\\\">Hasta 1024 Usuarios.<\/span><\/li>\n<li class=\\\"list-group-item\\\"><span style=\\\"color: #000000\\\">Hasta 32 SSIDs.<\/span><\/li>\n<\/ul>\n<h2><span style=\\\"color: #000000\\\">Gesti\u00f3n y Soporte Avanzados<\/span><\/h2>\n<ul class=\\\"list-group list-group-flush\\\">\n<li class=\\\"list-group-item\\\"><span style=\\\"color: #000000\\\">Interfaz Local.<\/span><\/li>\n<li class=\\\"list-group-item\\\"><span style=\\\"color: #000000\\\">Gesti\u00f3n Remota Ruijie Cloud.<\/span><\/li>\n<li class=\\\"list-group-item\\\"><span style=\\\"color: #000000\\\">Gesti\u00f3n Remota Ruijie APP.<\/span><\/li>\n<\/ul>\n<h2><span style=\\\"color: #000000\\\">Fiabilidad y Garant\u00eda<\/span><\/h2>\n<ul class=\\\"list-group list-group-flush\\\">\n<li class=\\\"list-group-item\\\"><span style=\\\"color: #000000\\\">Incluye 3 a\u00f1os de Garant\u00eda<\/span><\/li>\n<li class=\\\"list-group-item\\\"><span style=\\\"color: #000000\\\">Certificaciones CE, RoHS.<\/span><\/li>\n<\/ul>\n","protected":false},"excerpt":{"rendered":"<p>RG-AP840-L RUIJIE Punto de acceso Enterprise Wi-Fi 6 soporte ZigBee, Bluetooth 5.1, para interior, Puerto Multi-Gigabit 5G y puerto SFP 5G hasta 5.37 Gbps MU-MIMO 4&#215;4 Access Point Ruijie modelo: RG-AP840-L. El punto de acceso RG-AP840-L se administra sin costo en la robusta nube de Ruijie, no requiere un controlador local para ser administrado. Desde [&hellip;]<\/p>\n","protected":false},"featured_media":12733,"template":"","meta":{"_acf_changed":false},"product_brand":[],"product_cat":[74,73,220,72],"product_tag":[],"berocket_brand":[],"class_list":{"0":"post-12724","1":"product","2":"type-product","3":"status-publish","4":"has-post-thumbnail","6":"product_cat-access-point-punto-de-accesso","7":"product_cat-interior","8":"product_cat-redes-de-datos","9":"product_cat-redes-inalambricas","11":"first","12":"instock","13":"taxable","14":"shipping-taxable","15":"purchasable","16":"product-type-simple","17":"berocket_lgv_grid","18":"berocket_lgv_list_grid"},"acf":[],"aioseo_notices":[],"_links":{"self":[{"href":"https:\/\/todoenseguridad.com\/site\/wp-json\/wp\/v2\/product\/12724","targetHints":{"allow":["GET"]}}],"collection":[{"href":"https:\/\/todoenseguridad.com\/site\/wp-json\/wp\/v2\/product"}],"about":[{"href":"https:\/\/todoenseguridad.com\/site\/wp-json\/wp\/v2\/types\/product"}],"wp:featuredmedia":[{"embeddable":true,"href":"https:\/\/todoenseguridad.com\/site\/wp-json\/wp\/v2\/media\/12733"}],"wp:attachment":[{"href":"https:\/\/todoenseguridad.com\/site\/wp-json\/wp\/v2\/media?parent=12724"}],"wp:term":[{"taxonomy":"product_brand","embeddable":true,"href":"https:\/\/todoenseguridad.com\/site\/wp-json\/wp\/v2\/product_brand?post=12724"},{"taxonomy":"product_cat","embeddable":true,"href":"https:\/\/todoenseguridad.com\/site\/wp-json\/wp\/v2\/product_cat?post=12724"},{"taxonomy":"product_tag","embeddable":true,"href":"https:\/\/todoenseguridad.com\/site\/wp-json\/wp\/v2\/product_tag?post=12724"},{"taxonomy":"berocket_brand","embeddable":true,"href":"https:\/\/todoenseguridad.com\/site\/wp-json\/wp\/v2\/berocket_brand?post=12724"}],"curies":[{"name":"wp","href":"https:\/\/api.w.org\/{rel}","templated":true}]}}