{"id":12302,"date":"2023-05-24T14:43:20","date_gmt":"2023-05-24T19:43:20","guid":{"rendered":"https:\/\/todoenseguridad.com\/site\/?post_type=product&#038;p=12302"},"modified":"2026-03-23T14:32:35","modified_gmt":"2026-03-23T19:32:35","slug":"rg-rap2260h-ruiji-punto-de-acceso-con-doble-puerto-multi-gigabit-2-5g-wi-fi6-interior-en-techo-hasta-5-9-gbps","status":"publish","type":"product","link":"https:\/\/todoenseguridad.com\/site\/producto\/rg-rap2260h-ruiji-punto-de-acceso-con-doble-puerto-multi-gigabit-2-5g-wi-fi6-interior-en-techo-hasta-5-9-gbps\/","title":{"rendered":"Punto de Acceso RG-RAP2260(H) RUIJIE multi-gigabit 2.5G Wi-Fi6 5.9 Gbps"},"content":{"rendered":"<h3 class=\\\"no_margin_top titulo_vista_producto\\\"><span style=\\\"color: #0000ff\\\"><span class=\\\"modelo-marca\\\">RG-RAP2260(H)<\/span> RUIJIE Punto de Acceso <\/span><span style=\\\"color: #0000ff\\\">con doble puerto multi-gigabit 2.5G Wi-Fi6 Interior en Techo hasta 5.9 Gbps, doble banda 802.11 AX6000 MU-MIMO 4&#215;4<\/span><\/h3>\n<h3>Portal Cautivo HotSpot, Vouchers y mas. (requiere router pra vouchers)<\/h3>\n<h3>Roaming en capa 3 con transici\u00f3n suave, despl\u00e1cese sin problemas entre redes de capa 3 sin interrupciones.<\/h3>\n<h3>Instale f\u00e1cilmente puntos de acceso adicionales con Reyee Mesh, Menos cableado, m\u00e1s comodidad.<\/h3>\n<h3>Un click para optimizar, obtenga una mejor experiencia Wi-Fi.<\/h3>\n<h3>La tecnolog\u00eda WIO (Wi-Fi Intelligent Optimization) le permitira optimizar la red inal\u00e1mbrica con un solo click.<\/h3>\n<p><span style=\\\"color: #000000\\\"><strong>Caracter\u00edsticas principales:<\/strong><\/span><\/p>\n<ul>\n<li><span style=\\\"color: #000000\\\">Administraci\u00f3n en la nube (Sin Costo)<\/span><\/li>\n<li><span style=\\\"color: #000000\\\">Garant\u00eda de 3 a\u00f1os<\/span><\/li>\n<li><span style=\\\"color: #000000\\\">Monitoreo y configuraci\u00f3n remota<\/span><\/li>\n<li><span style=\\\"color: #000000\\\">Tipo: Interior IP41 \/ Techo Omnidireccional<\/span><\/li>\n<li><span style=\\\"color: #000000\\\">Banda de Operacion: 2.4GHz (4&#215;4) \/ 5GHz (4&#215;4)<\/span><\/li>\n<li><span style=\\\"color: #000000\\\">Estandar 802.11: a \/ n \/ ac \/ ax<\/span><\/li>\n<li><span style=\\\"color: #000000\\\">Modos de operacion: AccessPoint<\/span><\/li>\n<li><span style=\\\"color: #000000\\\">Ancho de banda (2.4 \/ 5) GHz: 1.1 Gbps \/ 4.8 Gbps<\/span><\/li>\n<li><span style=\\\"color: #000000\\\">Potencia TX 2.4 GHz: 35dBm (3162mW)<\/span><\/li>\n<li><span style=\\\"color: #000000\\\">Potencia TX 5 GHz: 36dBm (3981mW)<\/span><\/li>\n<li><span style=\\\"color: #000000\\\">Ganancia Antenas (2.4 \/ 5) GHz: 3dBi \/ 4dBi<\/span><\/li>\n<\/ul>\n<p><span style=\\\"color: #000000\\\"><strong>Contenido del Paquete:<\/strong><\/span><\/p>\n<ul>\n<li><span style=\\\"color: #000000\\\">1pz AccessPoint RGRAP2260(H)<\/span><\/li>\n<li><span style=\\\"color: #000000\\\">Guia Rapida de Instalacion<\/span><\/li>\n<li><span style=\\\"color: #000000\\\">Tornilleria y montaje para instalacion<\/span><\/li>\n<\/ul>\n<p><span style=\\\"color: #000000\\\"><strong>Accesorios Sugeridos (No incluidos):<\/strong>\u00a0<\/span><\/p>\n<ul>\n<li><span style=\\\"color: #000000\\\">Inyector PoE 802.3bt<\/span><\/li>\n<\/ul>\n<div class=\\\"col-sm-4\\\">\n<div>\n<p><span style=\\\"color: #000000\\\"><strong>Caracteristicas Generales:<\/strong><\/span><\/p>\n<ul>\n<li><span style=\\\"color: #000000\\\">PoE 802.3BT Pins <strong>+<\/strong>(3,6)(4,5),\u00a0Pins\u00a0<strong>&#8211;<\/strong>(1,2)(7,8)<\/span><\/li>\n<li><span style=\\\"color: #000000\\\">Alimentacion por DC: 48v &#8211; 1A<\/span><\/li>\n<li><span style=\\\"color: #000000\\\">Consumo energia: 40w<\/span><\/li>\n<li><span style=\\\"color: #000000\\\">Usuarios concurrentes: 512<\/span><\/li>\n<li><span style=\\\"color: #000000\\\">SSID por radio: 8<\/span><\/li>\n<\/ul>\n<\/div>\n<\/div>\n","protected":false},"excerpt":{"rendered":"<p>RG-RAP2260(H) RUIJIE Punto de Acceso con doble puerto multi-gigabit 2.5G Wi-Fi6 Interior en Techo hasta 5.9 Gbps, doble banda 802.11 AX6000 MU-MIMO 4&#215;4 Portal Cautivo HotSpot, Vouchers y mas. (requiere router pra vouchers) Roaming en capa 3 con transici\u00f3n suave, despl\u00e1cese sin problemas entre redes de capa 3 sin interrupciones. Instale f\u00e1cilmente puntos de acceso [&hellip;]<\/p>\n","protected":false},"featured_media":12303,"template":"","meta":{"_acf_changed":false},"product_brand":[],"product_cat":[74,220,72],"product_tag":[],"berocket_brand":[],"class_list":{"0":"post-12302","1":"product","2":"type-product","3":"status-publish","4":"has-post-thumbnail","6":"product_cat-access-point-punto-de-accesso","7":"product_cat-redes-de-datos","8":"product_cat-redes-inalambricas","10":"first","11":"instock","12":"taxable","13":"shipping-taxable","14":"purchasable","15":"product-type-simple","16":"berocket_lgv_grid","17":"berocket_lgv_list_grid"},"acf":[],"aioseo_notices":[],"_links":{"self":[{"href":"https:\/\/todoenseguridad.com\/site\/wp-json\/wp\/v2\/product\/12302","targetHints":{"allow":["GET"]}}],"collection":[{"href":"https:\/\/todoenseguridad.com\/site\/wp-json\/wp\/v2\/product"}],"about":[{"href":"https:\/\/todoenseguridad.com\/site\/wp-json\/wp\/v2\/types\/product"}],"wp:featuredmedia":[{"embeddable":true,"href":"https:\/\/todoenseguridad.com\/site\/wp-json\/wp\/v2\/media\/12303"}],"wp:attachment":[{"href":"https:\/\/todoenseguridad.com\/site\/wp-json\/wp\/v2\/media?parent=12302"}],"wp:term":[{"taxonomy":"product_brand","embeddable":true,"href":"https:\/\/todoenseguridad.com\/site\/wp-json\/wp\/v2\/product_brand?post=12302"},{"taxonomy":"product_cat","embeddable":true,"href":"https:\/\/todoenseguridad.com\/site\/wp-json\/wp\/v2\/product_cat?post=12302"},{"taxonomy":"product_tag","embeddable":true,"href":"https:\/\/todoenseguridad.com\/site\/wp-json\/wp\/v2\/product_tag?post=12302"},{"taxonomy":"berocket_brand","embeddable":true,"href":"https:\/\/todoenseguridad.com\/site\/wp-json\/wp\/v2\/berocket_brand?post=12302"}],"curies":[{"name":"wp","href":"https:\/\/api.w.org\/{rel}","templated":true}]}}