{"id":12297,"date":"2023-05-02T14:40:54","date_gmt":"2023-05-02T19:40:54","guid":{"rendered":"https:\/\/todoenseguridad.com\/site\/?post_type=product&#038;p=12297"},"modified":"2026-03-30T15:43:37","modified_gmt":"2026-03-30T20:43:37","slug":"tx-320-txpro-radio-portatil-uhf-400-470-mhz-16-canales-2-watts-de-potencia-super-bajo-costo","status":"publish","type":"product","link":"https:\/\/todoenseguridad.com\/site\/producto\/tx-320-txpro-radio-portatil-uhf-400-470-mhz-16-canales-2-watts-de-potencia-super-bajo-costo\/","title":{"rendered":"TX-320 TXPRO Radio Port\u00e1til UHF 400-470 MHz, 16 canales, 2 Watts de potencia, S\u00daPER Bajo Costo"},"content":{"rendered":"<h2 id=\\\"product_title_167651\\\" class=\\\"no_margin_top titulo_vista_producto\\\"><span style=\\\"color: #0000ff\\\"><span class=\\\"modelo-marca\\\">TX-320<\/span> TXPRO Radio Port\u00e1til UHF 400-470 MHz, 16 canales, 2 Watts de potencia, S\u00daPER Bajo Costo<\/span><\/h2>\n<p><span style=\\\"color: #000000\\\">Este es un equipo de comunicaci\u00f3n de alta calidad, dise\u00f1ado para satisfacer las necesidades de comunicaci\u00f3n en distintos entornos.<\/span><\/p>\n<p><span style=\\\"color: #000000\\\">Entre sus principales caracter\u00edsticas se encuentran:<\/span><\/p>\n<ul>\n<li><span style=\\\"color: #000000\\\">Cobertura amplia: este radio cuenta con una cobertura amplia en \u00e1reas urbanas y\u00a0 en zonas rurales, es completamente compatible con frecuencias en UHF a trav\u00e9s de repetidor.<\/span><\/li>\n<li><span style=\\\"color: #000000\\\">Bater\u00eda duradera: hasta por 8 horas continuas.<\/span><\/li>\n<li><span style=\\\"color: #000000\\\">Dise\u00f1o resistente: el TX320 est\u00e1 dise\u00f1ado para soportar condiciones adversas.<\/span><\/li>\n<li><span style=\\\"color: #000000\\\">F\u00e1cil de usar: con su interfaz sencilla e intuitiva, f\u00e1cil de operar, incluso para usuarios sin experiencia en equipos de comunicaci\u00f3n.<\/span><\/li>\n<li><span style=\\\"color: #000000\\\">Compatible con accesorios: como auriculares y micr\u00f3fonos con altavoz externos, lo que permite adaptarlo a distintas necesidades de comunicaci\u00f3n.<\/span><\/li>\n<\/ul>\n<p><span style=\\\"color: #000000\\\">En cuanto a sus aplicativos para el mercado mexicano, el radio TX320 es una excelente opci\u00f3n para empresas y organizaciones que requieren una comunicaci\u00f3n eficiente y confiable en distintos entornos, como:<\/span><\/p>\n<ul>\n<li><span style=\\\"color: #000000\\\">Construcci\u00f3n: Donde la comunicaci\u00f3n entre trabajadores es esencial para la seguridad y la coordinaci\u00f3n de tareas.<\/span><\/li>\n<li><span style=\\\"color: #000000\\\">Eventos: Como conciertos, festivales y ferias, el TX320 es una opci\u00f3n ideal para coordinar la log\u00edstica y la seguridad del evento.<\/span><\/li>\n<li><span style=\\\"color: #000000\\\">Industria: Crucial para cumplir con los plazos de producci\u00f3n, el TX320 es una herramienta esencial para optimizar la comunicaci\u00f3n y mejorar la eficiencia.<\/span><\/li>\n<\/ul>\n<p><span style=\\\"color: #000000\\\">El radio TX320 es una excelente opci\u00f3n para empresas y organizaciones que requieren una comunicaci\u00f3n confiable y eficiente en distintos entornos.<\/span><\/p>\n<p><span style=\\\"color: #000000\\\">\u00a1No esperes m\u00e1s y adquiere ya tu radio TX320<\/span><\/p>\n<p><span style=\\\"color: #000000\\\">Los radios TXPRO combinan la tecnolog\u00eda de punta desarrollada a trav\u00e9s de la continua investigaci\u00f3n y desarrollo.<\/span><\/p>\n<p><span style=\\\"color: #000000\\\">Al comprar radios TXPRO, usted adquiere productos y soluciones dise\u00f1ados para mejorar su productividad y seguridad por largo tiempo.<\/span><\/p>\n<p><span style=\\\"color: #000000\\\"><strong>EVOLUCIONAMOS CON SU NEGOCIO<\/strong><\/span><\/p>\n<p><span style=\\\"color: #000000\\\">Desde radios anal\u00f3gicos compactos y resistentes como el TX320, TX500 y TX600, hasta los radios digitales TX680 para aprovechar las m\u00faltiples funciones de la tecnolog\u00eda actual, los dispositivos TXPRO acompa\u00f1an su migraci\u00f3n de an\u00e1logo a digital de manera que su negocio crezca cada vez m\u00e1s.<\/span><\/p>\n<p><span style=\\\"color: #000000\\\"><strong>CONECTIVIDAD SIN L\u00cdMITES<\/strong><\/span><\/p>\n<p><span style=\\\"color: #000000\\\">TXPRO le abre un mundo de posibilidades para conectarse en operaciones diarias y de emergencia, gracias a nuestra amplia gama de productos y accesorios podemos satisfacer las necesidades de comunicaci\u00f3n en las condiciones m\u00e1s diversas.<\/span><\/p>\n<h3><span style=\\\"color: #000000\\\">Existen usuarios que requieren un radio de bajo costo (Similar a Baofeng u otras marcas), el TX320 es un radio que entrega mucho mejor calidad de audio, cobertura, dise\u00f1o a un costo similar o m\u00e1s bajo.<\/span><br \/>\n<span style=\\\"color: #000000\\\">\u00a0<\/span><\/h3>\n<p><span style=\\\"color: #000000\\\">2 Watts de potencia Reales<\/span><\/p>\n<p><span style=\\\"color: #000000\\\">400-470 MHz<\/span><\/p>\n<p><span style=\\\"color: #000000\\\">16 canales<\/span><\/p>\n<p><span style=\\\"color: #000000\\\">Incluye cargador, bater\u00eda, clip y antena<\/span><\/p>\n<p><span style=\\\"color: #000000\\\">Duraci\u00f3n de bater\u00eda 6 a 8 horas (5-5-90)<\/span><\/p>\n<p><span style=\\\"color: #000000\\\">Funci\u00f3n de Vox<\/span><\/p>\n<p><span style=\\\"color: #000000\\\">Scan de canales<\/span><\/p>\n<p><span style=\\\"color: #000000\\\">Password de lectura y ecritura<\/span><\/p>\n<p><span style=\\\"color: #000000\\\">Cable de programaci\u00f3n: Compatible con W13K, SPU-PLUS, KPG-22UM o TXCP240K<\/span><\/p>\n<p><span style=\\\"color: #000000\\\">Compatible con manos libres TX-EHKAV2<\/span><\/p>\n<p><span style=\\\"color: #000000\\\">*Cuenta con 1 a\u00f1o de garant\u00eda contra defectos de fabricaci\u00f3n<\/span><\/p>\n<p><span style=\\\"color: #000000\\\"><strong>NOTA: <\/strong>El bloqueo de canal ocupado es solo para el mismo tono<\/span><\/p>\n<p><span style=\\\"color: #000000\\\"><strong>Peso: 161 g incluyendo bater\u00eda y sin antena.<\/strong><\/span><\/p>\n<p><span style=\\\"color: #000000\\\"><strong>Dimensiones: 128.6 x 58.8 x 32.2 mm sin antena<\/strong><\/span><\/p>\n","protected":false},"excerpt":{"rendered":"<p>TX-320 TXPRO Radio Port\u00e1til UHF 400-470 MHz, 16 canales, 2 Watts de potencia, S\u00daPER Bajo Costo Este es un equipo de comunicaci\u00f3n de alta calidad, dise\u00f1ado para satisfacer las necesidades de comunicaci\u00f3n en distintos entornos. Entre sus principales caracter\u00edsticas se encuentran: Cobertura amplia: este radio cuenta con una cobertura amplia en \u00e1reas urbanas y\u00a0 en [&hellip;]<\/p>\n","protected":false},"featured_media":12298,"template":"","meta":{"_acf_changed":false},"product_brand":[],"product_cat":[124],"product_tag":[],"berocket_brand":[],"class_list":{"0":"post-12297","1":"product","2":"type-product","3":"status-publish","4":"has-post-thumbnail","6":"product_cat-radiocomunicacion","8":"first","9":"instock","10":"taxable","11":"shipping-taxable","12":"purchasable","13":"product-type-simple","14":"berocket_lgv_grid","15":"berocket_lgv_list_grid"},"acf":[],"aioseo_notices":[],"_links":{"self":[{"href":"https:\/\/todoenseguridad.com\/site\/wp-json\/wp\/v2\/product\/12297","targetHints":{"allow":["GET"]}}],"collection":[{"href":"https:\/\/todoenseguridad.com\/site\/wp-json\/wp\/v2\/product"}],"about":[{"href":"https:\/\/todoenseguridad.com\/site\/wp-json\/wp\/v2\/types\/product"}],"wp:featuredmedia":[{"embeddable":true,"href":"https:\/\/todoenseguridad.com\/site\/wp-json\/wp\/v2\/media\/12298"}],"wp:attachment":[{"href":"https:\/\/todoenseguridad.com\/site\/wp-json\/wp\/v2\/media?parent=12297"}],"wp:term":[{"taxonomy":"product_brand","embeddable":true,"href":"https:\/\/todoenseguridad.com\/site\/wp-json\/wp\/v2\/product_brand?post=12297"},{"taxonomy":"product_cat","embeddable":true,"href":"https:\/\/todoenseguridad.com\/site\/wp-json\/wp\/v2\/product_cat?post=12297"},{"taxonomy":"product_tag","embeddable":true,"href":"https:\/\/todoenseguridad.com\/site\/wp-json\/wp\/v2\/product_tag?post=12297"},{"taxonomy":"berocket_brand","embeddable":true,"href":"https:\/\/todoenseguridad.com\/site\/wp-json\/wp\/v2\/berocket_brand?post=12297"}],"curies":[{"name":"wp","href":"https:\/\/api.w.org\/{rel}","templated":true}]}}