{"id":12288,"date":"2023-02-24T12:00:45","date_gmt":"2023-02-24T17:00:45","guid":{"rendered":"https:\/\/todoenseguridad.com\/site\/?post_type=product&#038;p=12288"},"modified":"2026-03-23T14:34:40","modified_gmt":"2026-03-23T19:34:40","slug":"rg-ew3200gxpro-ruijie-router-inalambrico-mesh-wi-fi-6-4x4-doble-banda-1-puerto-wan-gigabit-y-4-puertos-lan-gigabit","status":"publish","type":"product","link":"https:\/\/todoenseguridad.com\/site\/producto\/rg-ew3200gxpro-ruijie-router-inalambrico-mesh-wi-fi-6-4x4-doble-banda-1-puerto-wan-gigabit-y-4-puertos-lan-gigabit\/","title":{"rendered":"RG-EW3200GXPRO RUIJIE Router inal\u00e1mbrico MESH WI-FI 6 4&#215;4 doble banda 1 puerto WAN Gigabit y 4 puertos LAN Gigabit"},"content":{"rendered":"<h2 id=\\\"product_title_208072\\\" class=\\\"no_margin_top titulo_vista_producto\\\"><span style=\\\"color: #0000ff\\\"><span class=\\\"modelo-marca\\\">RG-EW3200GXPRO<\/span> RUIJIE Router inal\u00e1mbrico MESH WI-FI 6 4&#215;4 doble banda 1 puerto WAN Gigabit y 4 puertos LAN Gigabit<\/span><\/h2>\n<div class=\\\"col-sm-4\\\">\n<div>\n<p><span style=\\\"color: #000000\\\"><strong>Caracter\u00edsticas principales:<\/strong><\/span><\/p>\n<ul>\n<li><span style=\\\"color: #000000\\\">Administraci\u00f3n en la nube (Sin Costo)<\/span><\/li>\n<li><span style=\\\"color: #000000\\\">Garant\u00eda de 3 a\u00f1os<\/span><\/li>\n<li><span style=\\\"color: #000000\\\">Monitoreo y configuraci\u00f3n remota<\/span><\/li>\n<li><span style=\\\"color: #000000\\\">Tipo: Interior \/ 4 Antenas omnidireccionales<\/span><\/li>\n<li><span style=\\\"color: #000000\\\">Banda de Operacion: 2.4GHz (4&#215;4) \/ 5GHz (4&#215;4)<\/span><\/li>\n<li><span style=\\\"color: #000000\\\">Estandar 802.11: a \/ n \/ ac \/ ax<\/span><\/li>\n<li><span style=\\\"color: #000000\\\">Modo de operacion: Router<\/span><\/li>\n<\/ul>\n<div class=\\\"col-sm-4\\\">\n<div>\n<p><span style=\\\"color: #000000\\\"><strong>Contenido del Paquete:<\/strong><\/span><\/p>\n<ul>\n<li><span style=\\\"color: #000000\\\">1pz Router RG-EW3200GXPRO<\/span><\/li>\n<li><span style=\\\"color: #000000\\\">Fuente de alimentaion<\/span><\/li>\n<li><span style=\\\"color: #000000\\\">Guia Rapida de Instalacion<\/span><\/li>\n<\/ul>\n<div class=\\\"col-sm-4\\\">\n<div>\n<p><span style=\\\"color: #000000\\\"><strong>Caracteristicas Generales:<\/strong><\/span><\/p>\n<ul>\n<li><span style=\\\"color: #000000\\\">Alimentacion por DC: 12v &#8211; 2A<\/span><\/li>\n<li><span style=\\\"color: #000000\\\">Consumo energia: 24w<\/span><\/li>\n<li><span style=\\\"color: #000000\\\">Temperatura de operacion -10\u00b0 C a 45\u00b0 C<\/span><\/li>\n<li><span style=\\\"color: #000000\\\">Peso 1.3kg<\/span><\/li>\n<li><span style=\\\"color: #000000\\\">Dimensiones (W x D x H): 190mm x 190mm x 41mm (Sin incluir antenas)<\/span><\/li>\n<\/ul>\n<\/div>\n<\/div>\n<\/div>\n<\/div>\n<\/div>\n<\/div>\n","protected":false},"excerpt":{"rendered":"<p>RG-EW3200GXPRO RUIJIE Router inal\u00e1mbrico MESH WI-FI 6 4&#215;4 doble banda 1 puerto WAN Gigabit y 4 puertos LAN Gigabit Caracter\u00edsticas principales: Administraci\u00f3n en la nube (Sin Costo) Garant\u00eda de 3 a\u00f1os Monitoreo y configuraci\u00f3n remota Tipo: Interior \/ 4 Antenas omnidireccionales Banda de Operacion: 2.4GHz (4&#215;4) \/ 5GHz (4&#215;4) Estandar 802.11: a \/ n \/ [&hellip;]<\/p>\n","protected":false},"featured_media":12290,"template":"","meta":{"_acf_changed":false},"product_brand":[],"product_cat":[220,222],"product_tag":[],"berocket_brand":[],"class_list":{"0":"post-12288","1":"product","2":"type-product","3":"status-publish","4":"has-post-thumbnail","6":"product_cat-redes-de-datos","7":"product_cat-ruteadores-de-datos","9":"first","10":"instock","11":"taxable","12":"shipping-taxable","13":"purchasable","14":"product-type-simple","15":"berocket_lgv_grid","16":"berocket_lgv_list_grid"},"acf":[],"aioseo_notices":[],"_links":{"self":[{"href":"https:\/\/todoenseguridad.com\/site\/wp-json\/wp\/v2\/product\/12288","targetHints":{"allow":["GET"]}}],"collection":[{"href":"https:\/\/todoenseguridad.com\/site\/wp-json\/wp\/v2\/product"}],"about":[{"href":"https:\/\/todoenseguridad.com\/site\/wp-json\/wp\/v2\/types\/product"}],"wp:featuredmedia":[{"embeddable":true,"href":"https:\/\/todoenseguridad.com\/site\/wp-json\/wp\/v2\/media\/12290"}],"wp:attachment":[{"href":"https:\/\/todoenseguridad.com\/site\/wp-json\/wp\/v2\/media?parent=12288"}],"wp:term":[{"taxonomy":"product_brand","embeddable":true,"href":"https:\/\/todoenseguridad.com\/site\/wp-json\/wp\/v2\/product_brand?post=12288"},{"taxonomy":"product_cat","embeddable":true,"href":"https:\/\/todoenseguridad.com\/site\/wp-json\/wp\/v2\/product_cat?post=12288"},{"taxonomy":"product_tag","embeddable":true,"href":"https:\/\/todoenseguridad.com\/site\/wp-json\/wp\/v2\/product_tag?post=12288"},{"taxonomy":"berocket_brand","embeddable":true,"href":"https:\/\/todoenseguridad.com\/site\/wp-json\/wp\/v2\/berocket_brand?post=12288"}],"curies":[{"name":"wp","href":"https:\/\/api.w.org\/{rel}","templated":true}]}}