{"id":12286,"date":"2023-02-24T11:39:28","date_gmt":"2023-02-24T16:39:28","guid":{"rendered":"https:\/\/todoenseguridad.com\/site\/?post_type=product&#038;p=12286"},"modified":"2026-03-23T14:35:23","modified_gmt":"2026-03-23T19:35:23","slug":"rg-ew1800gxpro-ruijie-router-inalambrico-mesh-802-11ax-wi-fi-6-mu-mimo-2x2-5x-puertos-gigabit-1x-puerto-wan-gigabit-y-4-puertos-lan","status":"publish","type":"product","link":"https:\/\/todoenseguridad.com\/site\/producto\/rg-ew1800gxpro-ruijie-router-inalambrico-mesh-802-11ax-wi-fi-6-mu-mimo-2x2-5x-puertos-gigabit-1x-puerto-wan-gigabit-y-4-puertos-lan\/","title":{"rendered":"RG-EW1800GXPRO RUIJIE Router inal\u00e1mbrico MESH 802.11ax (WI-FI 6) MU-MIMO 2&#215;2, 5x Puertos Gigabit (1x puerto WAN Gigabit y 4 puertos LAN)"},"content":{"rendered":"<h3 id=\\\"product_title_205673\\\" class=\\\"no_margin_top titulo_vista_producto\\\"><span style=\\\"color: #0000ff\\\"><span class=\\\"modelo-marca\\\">RG-EW1800GXPRO<\/span> RUIJIE Router inal\u00e1mbrico MESH 802.11ax (WI-FI 6) MU-MIMO 2&#215;2, 5x Puertos Gigabit (1x puerto WAN Gigabit y 4 puertos LAN)<\/span><\/h3>\n<div class=\\\"col-sm-4\\\">\n<div>\n<p><span style=\\\"color: #000000\\\"><strong>Caracter\u00edsticas principales:<\/strong><\/span><\/p>\n<ul>\n<li><span style=\\\"color: #000000\\\">Administraci\u00f3n en la nube (Sin Costo)<\/span><\/li>\n<li><span style=\\\"color: #000000\\\">Garant\u00eda de 3 a\u00f1os<\/span><\/li>\n<li><span style=\\\"color: #000000\\\">Monitoreo y configuraci\u00f3n remota<\/span><\/li>\n<li><span style=\\\"color: #000000\\\">Tipo: Interior \/ 4 Antenas omnidireccionales 5 dBi (2.4 GHz) 6 dBi (5 GHz)<\/span><\/li>\n<li><span style=\\\"color: #000000\\\">Banda de Operaci\u00f3n: 2.4GHz (2&#215;2) \/ 5GHz (2&#215;2)<\/span><\/li>\n<li><span style=\\\"color: #000000\\\">Estandar 802.11: a \/ n \/ ac \/ ax<\/span><\/li>\n<li><span style=\\\"color: #000000\\\">Modo de operacion: Router<\/span><\/li>\n<li><span style=\\\"color: #000000\\\">Ancho de banda (2.4 \/ 5) GHz: 574 Mbps \/ 1200 Mbps<\/span><\/li>\n<\/ul>\n<div class=\\\"col-sm-4\\\">\n<div>\n<p><span style=\\\"color: #000000\\\"><strong>Contenido del Paquete:<\/strong><\/span><\/p>\n<ul>\n<li><span style=\\\"color: #000000\\\">1pz Router RGEW1800GXPRO<\/span><\/li>\n<li><span style=\\\"color: #000000\\\">Fuente de alimentaci\u00f3n<\/span><\/li>\n<li><span style=\\\"color: #000000\\\">Gu\u00eda R\u00e1pida de Instalaci\u00f3n<\/span><\/li>\n<\/ul>\n<div class=\\\"col-sm-4\\\">\n<div>\n<p><span style=\\\"color: #000000\\\"><strong>Caracteristicas Generales:<\/strong><\/span><\/p>\n<ul>\n<li><span style=\\\"color: #000000\\\">Alimentaci\u00f3n por DC: 12v &#8211; 1.5A<\/span><\/li>\n<li><span style=\\\"color: #000000\\\">Consumo energ\u00eda: 18w<\/span><\/li>\n<li><span style=\\\"color: #000000\\\">Temperatura de operaci\u00f3n -10\u00b0 C a 45\u00b0 C<\/span><\/li>\n<li><span style=\\\"color: #000000\\\">Peso 1.125kg<\/span><\/li>\n<li><span style=\\\"color: #000000\\\">Dimensiones (W x D x H): 180mm x 180mm x 30mm (Sin incluir antenas)<\/span><\/li>\n<\/ul>\n<\/div>\n<\/div>\n<\/div>\n<\/div>\n<\/div>\n<\/div>\n","protected":false},"excerpt":{"rendered":"<p>RG-EW1800GXPRO RUIJIE Router inal\u00e1mbrico MESH 802.11ax (WI-FI 6) MU-MIMO 2&#215;2, 5x Puertos Gigabit (1x puerto WAN Gigabit y 4 puertos LAN) Caracter\u00edsticas principales: Administraci\u00f3n en la nube (Sin Costo) Garant\u00eda de 3 a\u00f1os Monitoreo y configuraci\u00f3n remota Tipo: Interior \/ 4 Antenas omnidireccionales 5 dBi (2.4 GHz) 6 dBi (5 GHz) Banda de Operaci\u00f3n: 2.4GHz [&hellip;]<\/p>\n","protected":false},"featured_media":12287,"template":"","meta":{"_acf_changed":false},"product_brand":[],"product_cat":[220,222],"product_tag":[],"berocket_brand":[],"class_list":{"0":"post-12286","1":"product","2":"type-product","3":"status-publish","4":"has-post-thumbnail","6":"product_cat-redes-de-datos","7":"product_cat-ruteadores-de-datos","9":"first","10":"instock","11":"taxable","12":"shipping-taxable","13":"purchasable","14":"product-type-simple","15":"berocket_lgv_grid","16":"berocket_lgv_list_grid"},"acf":[],"aioseo_notices":[],"_links":{"self":[{"href":"https:\/\/todoenseguridad.com\/site\/wp-json\/wp\/v2\/product\/12286","targetHints":{"allow":["GET"]}}],"collection":[{"href":"https:\/\/todoenseguridad.com\/site\/wp-json\/wp\/v2\/product"}],"about":[{"href":"https:\/\/todoenseguridad.com\/site\/wp-json\/wp\/v2\/types\/product"}],"wp:featuredmedia":[{"embeddable":true,"href":"https:\/\/todoenseguridad.com\/site\/wp-json\/wp\/v2\/media\/12287"}],"wp:attachment":[{"href":"https:\/\/todoenseguridad.com\/site\/wp-json\/wp\/v2\/media?parent=12286"}],"wp:term":[{"taxonomy":"product_brand","embeddable":true,"href":"https:\/\/todoenseguridad.com\/site\/wp-json\/wp\/v2\/product_brand?post=12286"},{"taxonomy":"product_cat","embeddable":true,"href":"https:\/\/todoenseguridad.com\/site\/wp-json\/wp\/v2\/product_cat?post=12286"},{"taxonomy":"product_tag","embeddable":true,"href":"https:\/\/todoenseguridad.com\/site\/wp-json\/wp\/v2\/product_tag?post=12286"},{"taxonomy":"berocket_brand","embeddable":true,"href":"https:\/\/todoenseguridad.com\/site\/wp-json\/wp\/v2\/berocket_brand?post=12286"}],"curies":[{"name":"wp","href":"https:\/\/api.w.org\/{rel}","templated":true}]}}