{"id":12279,"date":"2023-02-13T17:47:38","date_gmt":"2023-02-13T22:47:38","guid":{"rendered":"https:\/\/todoenseguridad.com\/site\/?post_type=product&#038;p=12279"},"modified":"2026-03-23T14:35:55","modified_gmt":"2026-03-23T19:35:55","slug":"kitnvr1104hs-p4c1tb-dahua-kit-ip-de-4-canales-de-2mp-nvr-con-4-puertos-poe-disco-duro-de-1tb-4-camaras-bullet-de-2mp-con-ir-de-30-metros","status":"publish","type":"product","link":"https:\/\/todoenseguridad.com\/site\/producto\/kitnvr1104hs-p4c1tb-dahua-kit-ip-de-4-canales-de-2mp-nvr-con-4-puertos-poe-disco-duro-de-1tb-4-camaras-bullet-de-2mp-con-ir-de-30-metros\/","title":{"rendered":"KITNVR1104HS-P+4C1TB DAHUA Kit IP de 4 Canales de 2MP\/ NVR con 4 Puertos PoE\/ Disco Duro de 1TB\/ 4 Camaras Bullet de 2MP con IR de 30 Metros"},"content":{"rendered":"<h3 id=\\\"title\\\" class=\\\"mb-3\\\"><span style=\\\"color: #0000ff\\\">KITNVR1104HS-P+4C1TB <\/span><span style=\\\"color: #0000ff\\\">DAHUA <\/span><span style=\\\"color: #0000ff\\\">Kit IP de 4 Canales de 2MP\/ NVR con 4 Puertos PoE\/ Disco Duro de 1TB\/ 4 Camaras Bullet de 2MP con IR de 30 Metros\/ Exterior (IP67)\/ Incluye Disco Duro de 1 TB<\/span><\/h3>\n<h3><span style=\\\"color: #000000\\\">Grabador NVR1104HS-P-S3<\/span><\/h3>\n<p><span style=\\\"color: #000000\\\">Esta grabadora de v\u00eddeo en red es un producto muy rentable que ofrece funciones como visualizaci\u00f3n en directo, visualizaci\u00f3n en varias pantallas, almacenamiento en tiempo real en un disco duro local, funcionamiento r\u00e1pido con el rat\u00f3n y gesti\u00f3n y control remotos<\/span><\/p>\n<h3><span style=\\\"color: #000000\\\">C\u00e1mara HFW1230S1P<\/span><\/h3>\n<p><span style=\\\"color: #000000\\\">Con caracter\u00edsticas de instalaci\u00f3n simple, f\u00e1cil operaci\u00f3n y alta relaci\u00f3n costo-rendimiento, la c\u00e1mara de red de la serie Dahua Entry es aplicable a escenas peque\u00f1as y medianas, como hogares, residencias, tiendas minoristas peque\u00f1as y otras peque\u00f1as y medianas empresas<\/span><\/p>\n<h3><span style=\\\"color: #000000\\\">H.265 +<\/span><\/h3>\n<p><span style=\\\"color: #000000\\\">Dahua ha optimizado H.265 con su c\u00f3dec Smart H.265 +, proporcionando hasta 80% de ahorro de ancho de banda y almacenamiento sobre el est\u00e1ndar H.264. Cuatro tecnolog\u00edas innovadoras trabajan en conjunto para hacer que Smart H.265 + sea tan potente<\/span><\/p>\n<h3><span style=\\\"color: #000000\\\">Iluminaci\u00f3n inteligente<\/span><\/h3>\n<p><span style=\\\"color: #000000\\\">La tecnolog\u00eda de iluminaci\u00f3n inteligente de Dahua puede mostrar im\u00e1genes en un entorno de baja iluminaci\u00f3n o en un entorno completamente oscuro. Seg\u00fan la distancia de los objetivos, la c\u00e1mara ajusta la intensidad de las iluminaciones autom\u00e1ticamente para mostrar los detalles del objetivo en movimiento<\/span><\/p>\n<h3><span style=\\\"color: #000000\\\">SMD<\/span><\/h3>\n<p><span style=\\\"color: #000000\\\">Con el algoritmo de aprendizaje profundo, Dahua SMD PLUS filtra la alarma de detecci\u00f3n de movimiento activada por un objetivo no preocupado y reconoce a las personas y al veh\u00edculo de manera efectiva, enviando alarmas cuando las personas y los veh\u00edculos se entrometen<\/span><\/p>\n<h3><span style=\\\"color: #000000\\\">Principales Caracter\u00edsticas<\/span><\/h3>\n<p><span style=\\\"color: #000000\\\"><strong>Grabador NVR1104HS-P-S3<\/strong><\/span><\/p>\n<ul>\n<li><span style=\\\"color: #000000\\\">Nueva interfaz de usuario 4.0 \u00b7 Vigilancia remota P2P, reproducci\u00f3n de video en dispositivo m\u00f3vil<\/span><\/li>\n<li><span style=\\\"color: #000000\\\">4\u2013 ch @ 1080P (30FPS), capacidad de decodificaci\u00f3n autoadaptable<\/span><\/li>\n<li><span style=\\\"color: #000000\\\">Soporte para c\u00e1maras convencionales de protocolo ONVIF y RTSP<\/span><\/li>\n<li><span style=\\\"color: #000000\\\">Inteligente H.265 + \/ Inteligente H.264 + \/ H.265 \/ H.264<\/span><\/li>\n<li><span style=\\\"color: #000000\\\">Salida de video simult\u00e1nea VGA \/ HDMI, la resoluci\u00f3n m\u00e1xima de HDMI es 1080P<\/span><\/li>\n<li><span style=\\\"color: #000000\\\">Configuraci\u00f3n y gesti\u00f3n remota de IPC, como configuraci\u00f3n de par\u00e1metros, adquisici\u00f3n de informaci\u00f3n y actualizaci\u00f3n de IPC del mismo modelo en lotes<\/span><\/li>\n<li><span style=\\\"color: #000000\\\">DHCP (Protocolo de configuraci\u00f3n din\u00e1mica de host), HTTP (Protocolo de transferencia de hipertexto), NTP (Protocolo de tiempo de red) y DDNS (Sistema de nombres de dominio din\u00e1mico)<\/span><\/li>\n<\/ul>\n<p><span style=\\\"color: #000000\\\"><strong>C\u00e1mara HFW1230S1P<\/strong><\/span><\/p>\n<ul>\n<li><span style=\\\"color: #000000\\\">Sensor de imagen CMOS de 2MP, 1 \/ 2.8 \u201d, baja iluminaci\u00f3n, alta definici\u00f3n de imagen<\/span><\/li>\n<li><span style=\\\"color: #000000\\\">Salidas m\u00e1x. 2MP (1920 \u00d7 1080) @ 25\/30 fps<\/span><\/li>\n<li><span style=\\\"color: #000000\\\">C\u00f3dec H.265, alta tasa de compresi\u00f3n, tasa de bits ultrabaja<\/span><\/li>\n<li><span style=\\\"color: #000000\\\">Iluminador de infrarrojos eficiente incorporado y el m\u00e1x. la distancia de iluminaci\u00f3n es de 30 m<\/span><\/li>\n<li><span style=\\\"color: #000000\\\">ROI, SMART H.264 + \/ H.265 +, codificaci\u00f3n flexible, aplicable a varios entornos de almacenamiento y ancho de banda<\/span><\/li>\n<li><span style=\\\"color: #000000\\\">Modo de rotaci\u00f3n, DWDR, 3D NR, HLC, BLC, marca de agua digital, aplicable a varias escenas de monitoreo<\/span><\/li>\n<li><span style=\\\"color: #000000\\\">Detecci\u00f3n de anomal\u00edas: detecci\u00f3n de movimiento, manipulaci\u00f3n de video, desconexi\u00f3n de red, conflicto de IP, acceso ilegal<\/span><\/li>\n<li><span style=\\\"color: #000000\\\">Fuente de alimentaci\u00f3n 12V DC \/ PoE<\/span><\/li>\n<li><span style=\\\"color: #000000\\\">Protecci\u00f3n IP67<\/span><\/li>\n<\/ul>\n<h2><span style=\\\"color: #000000\\\">Incluye:<\/span><\/h2>\n<ul>\n<li><span style=\\\"color: #000000\\\">1x NVR1104HS-P-S3<\/span><\/li>\n<li><span style=\\\"color: #000000\\\">4x Camaras HFW1230S1P<\/span><\/li>\n<li><span style=\\\"color: #000000\\\">1x Disco Duro de 1 TB<\/span><\/li>\n<\/ul>\n","protected":false},"excerpt":{"rendered":"<p>KITNVR1104HS-P+4C1TB DAHUA Kit IP de 4 Canales de 2MP\/ NVR con 4 Puertos PoE\/ Disco Duro de 1TB\/ 4 Camaras Bullet de 2MP con IR de 30 Metros\/ Exterior (IP67)\/ Incluye Disco Duro de 1 TB Grabador NVR1104HS-P-S3 Esta grabadora de v\u00eddeo en red es un producto muy rentable que ofrece funciones como visualizaci\u00f3n en [&hellip;]<\/p>\n","protected":false},"featured_media":12281,"template":"","meta":{"_acf_changed":false},"product_brand":[],"product_cat":[92,91],"product_tag":[],"berocket_brand":[],"class_list":{"0":"post-12279","1":"product","2":"type-product","3":"status-publish","4":"has-post-thumbnail","6":"product_cat-4-canales-grabadoras-nvr-ip","7":"product_cat-grabadoras-nvr-ip","9":"first","10":"instock","11":"taxable","12":"shipping-taxable","13":"purchasable","14":"product-type-simple","15":"berocket_lgv_grid","16":"berocket_lgv_list_grid"},"acf":[],"aioseo_notices":[],"_links":{"self":[{"href":"https:\/\/todoenseguridad.com\/site\/wp-json\/wp\/v2\/product\/12279","targetHints":{"allow":["GET"]}}],"collection":[{"href":"https:\/\/todoenseguridad.com\/site\/wp-json\/wp\/v2\/product"}],"about":[{"href":"https:\/\/todoenseguridad.com\/site\/wp-json\/wp\/v2\/types\/product"}],"wp:featuredmedia":[{"embeddable":true,"href":"https:\/\/todoenseguridad.com\/site\/wp-json\/wp\/v2\/media\/12281"}],"wp:attachment":[{"href":"https:\/\/todoenseguridad.com\/site\/wp-json\/wp\/v2\/media?parent=12279"}],"wp:term":[{"taxonomy":"product_brand","embeddable":true,"href":"https:\/\/todoenseguridad.com\/site\/wp-json\/wp\/v2\/product_brand?post=12279"},{"taxonomy":"product_cat","embeddable":true,"href":"https:\/\/todoenseguridad.com\/site\/wp-json\/wp\/v2\/product_cat?post=12279"},{"taxonomy":"product_tag","embeddable":true,"href":"https:\/\/todoenseguridad.com\/site\/wp-json\/wp\/v2\/product_tag?post=12279"},{"taxonomy":"berocket_brand","embeddable":true,"href":"https:\/\/todoenseguridad.com\/site\/wp-json\/wp\/v2\/berocket_brand?post=12279"}],"curies":[{"name":"wp","href":"https:\/\/api.w.org\/{rel}","templated":true}]}}