{"id":12243,"date":"2023-02-10T13:02:16","date_gmt":"2023-02-10T18:02:16","guid":{"rendered":"https:\/\/todoenseguridad.com\/site\/?post_type=product&#038;p=12243"},"modified":"2026-03-23T14:39:04","modified_gmt":"2026-03-23T19:39:04","slug":"dh-sd8a840n-hnf-pa-dahua-camara-ip-ptz-de-8mp-wizmind-40x-de-zoom-optico-ir-de-400-metros-starlight-reconocimiento-facial","status":"publish","type":"product","link":"https:\/\/todoenseguridad.com\/site\/producto\/dh-sd8a840n-hnf-pa-dahua-camara-ip-ptz-de-8mp-wizmind-40x-de-zoom-optico-ir-de-400-metros-starlight-reconocimiento-facial\/","title":{"rendered":"DH-SD8A840N-HNF-PA DAHUA Camara IP PTZ de 8MP\/ WizMind\/ 40x de Zoom Optico\/ IR de 400 Metros\/ Starlight\/ Reconocimiento Facial"},"content":{"rendered":"<h3 id=\\\"title\\\" class=\\\"mb-3\\\"><span style=\\\"color: #0000ff\\\">DH-SD8A840N-HNF-PA DAHUA Camara IP PTZ de 8MP\/ WizMind\/ 40x de Zoom Optico\/ IR de 400 Metros\/ Starlight\/ Reconocimiento Facial\/ AutoTracking\/ Hi-PoE\/ Limpia Parabrizas Inteligente\/ IP67\/ Metadatos<\/span><\/h3>\n<h3 class=\\\"card-title text-center\\\"><span style=\\\"color: #000000\\\">Informaci\u00f3n General<\/span><\/h3>\n<p><span style=\\\"color: #000000\\\">Con un potente zoom \u00f3ptico de 40X y un rendimiento preciso de giro \/ inclinaci\u00f3n \/ zoom, esta c\u00e1mara proporciona una soluci\u00f3n todo en uno para captura de video en vigilancia de larga distancia en aplicaciones al aire libre. Junto con su iluminaci\u00f3n infrarroja de hasta 400 metros y la tecnolog\u00eda Starlight, la c\u00e1mara es la soluci\u00f3n perfecta para aplicaciones en sitios carentes de luz o de baja iluminaci\u00f3n.<\/span><\/p>\n<h3><span style=\\\"color: #000000\\\">Tecnolog\u00eda Starlight<\/span><\/h3>\n<p><span style=\\\"color: #000000\\\">Para aplicaciones desafiantes con poca luz, la luz ultra baja de Starlight de Dahua, la tecnolog\u00eda ofrece la mejor sensibilidad a la luz de su clase, capturando detalles de color con poca luz hasta 0.005 lux. La c\u00e1mara utiliza un conjunto de caracter\u00edsticas \u00f3pticas. para equilibrar la luz en toda la escena, lo que resulta en im\u00e1genes claras en ambientes de baja iluminaci\u00f3n<\/span><\/p>\n<h3><span style=\\\"color: #000000\\\">Seguimiento autom\u00e1tico y H.265+<\/span><\/h3>\n<p><span style=\\\"color: #000000\\\">Auto-tracking<\/span><\/p>\n<p><span style=\\\"color: #000000\\\">Esta funci\u00f3n controla las acciones de panor\u00e1mica \/ inclinaci\u00f3n \/ zoom de la c\u00e1mara para rastrea autom\u00e1ticamente un objeto en movimiento y lo mantiene en la escena. La acci\u00f3n de seguimiento se puede activar definido por reglas. Una vez que se activa una regla, la c\u00e1mara puede acercarse en la visi\u00f3n al objetivo y darle seguimiento autom\u00e1ticamente.<\/span><\/p>\n<p><span style=\\\"color: #000000\\\">Smart H.265 +<\/span><\/p>\n<p><span style=\\\"color: #000000\\\">Smart H.265 + es la implementaci\u00f3n optimizada del c\u00f3dec H.265 que utiliza una estrategia de codificaci\u00f3n adaptable a la escena, GOP din\u00e1mico, ROI din\u00e1mico, estructura flexible de referencia multitrama y reducci\u00f3n inteligente de ruido para entregar video de alta calidad sin forzar la red. La tecnolog\u00eda Inteligente H.265 + reduce la velocidad de bits y los requisitos de almacenamiento hasta en 70% en comparaci\u00f3n con la compresi\u00f3n de video H.265 est\u00e1ndar<\/span><\/p>\n<h3><span style=\\\"color: #000000\\\">Caracter\u00edsticas y Especificaciones<\/span><\/h3>\n<ul>\n<li><span style=\\\"color: #000000\\\">CMOS STARVIS\u2122 de 1\/1.8\\\u00bb y 8 megap\u00edxeles<\/span><\/li>\n<li><span style=\\\"color: #000000\\\">Potente zoom \u00f3ptico de 40x<\/span><\/li>\n<li><span style=\\\"color: #000000\\\">Tecnolog\u00eda Starlight<\/span><\/li>\n<li><span style=\\\"color: #000000\\\">Protecci\u00f3n perimetral<\/span><\/li>\n<li><span style=\\\"color: #000000\\\">Metadatos<\/span><\/li>\n<li><span style=\\\"color: #000000\\\">Detecci\u00f3n de rostros<\/span><\/li>\n<li><span style=\\\"color: #000000\\\">Seguimiento autom\u00e1tico<\/span><\/li>\n<li><span style=\\\"color: #000000\\\">Limpiaparabrisas inteligente<\/span><\/li>\n<li><span style=\\\"color: #000000\\\">IP67<\/span><\/li>\n<\/ul>\n<h3><span style=\\\"color: #000000\\\">Especificaciones<\/span><\/h3>\n<ul>\n<li><span style=\\\"color: #000000\\\">Caja: Metal<\/span><\/li>\n<li><span style=\\\"color: #000000\\\">Dimensiones del producto: 415,6 mm \u00d7 \u03a626 2 mm (16,36\\\u00bb \u00d7 \u03a610,31\\\u00bb)<\/span><\/li>\n<li><span style=\\\"color: #000000\\\">Peso neto: 10 kg (22,05 libras)<\/span><\/li>\n<li><span style=\\\"color: #000000\\\">Temperatura de funcionamiento: \u201340 \u00b0C a +70 \u00b0C (\u201340 \u00b0F a +158 \u00b0F)<\/span><\/li>\n<li><span style=\\\"color: #000000\\\">Humedad de funcionamiento: \u226495% (HR)<\/span><\/li>\n<li><span style=\\\"color: #000000\\\">Proteccion: IP67; protecci\u00f3n contra rayos TVS 6000 V; protecci\u00f3n contra sobretensiones; protecci\u00f3n contra transitorios de tensi\u00f3n<\/span><\/li>\n<li><span style=\\\"color: #000000\\\">Fuente de alimentaci\u00f3n 36 V CC, 2,23 A (\u00b125 %) Hi-PoE<\/span><\/li>\n<li><span style=\\\"color: #000000\\\">El consumo de energ\u00eda: B\u00e1sico: 30W M\u00e1x. 48 W (iluminador + PTZ funcionando)<\/span><\/li>\n<\/ul>\n","protected":false},"excerpt":{"rendered":"<p>DH-SD8A840N-HNF-PA DAHUA Camara IP PTZ de 8MP\/ WizMind\/ 40x de Zoom Optico\/ IR de 400 Metros\/ Starlight\/ Reconocimiento Facial\/ AutoTracking\/ Hi-PoE\/ Limpia Parabrizas Inteligente\/ IP67\/ Metadatos Informaci\u00f3n General Con un potente zoom \u00f3ptico de 40X y un rendimiento preciso de giro \/ inclinaci\u00f3n \/ zoom, esta c\u00e1mara proporciona una soluci\u00f3n todo en uno para captura [&hellip;]<\/p>\n","protected":false},"featured_media":12245,"template":"","meta":{"_acf_changed":false},"product_brand":[],"product_cat":[51,54],"product_tag":[],"berocket_brand":[],"class_list":{"0":"post-12243","1":"product","2":"type-product","3":"status-publish","4":"has-post-thumbnail","6":"product_cat-camaras-i-p","7":"product_cat-pt-ptz","9":"first","10":"instock","11":"taxable","12":"shipping-taxable","13":"purchasable","14":"product-type-simple","15":"berocket_lgv_grid","16":"berocket_lgv_list_grid"},"acf":[],"aioseo_notices":[],"_links":{"self":[{"href":"https:\/\/todoenseguridad.com\/site\/wp-json\/wp\/v2\/product\/12243","targetHints":{"allow":["GET"]}}],"collection":[{"href":"https:\/\/todoenseguridad.com\/site\/wp-json\/wp\/v2\/product"}],"about":[{"href":"https:\/\/todoenseguridad.com\/site\/wp-json\/wp\/v2\/types\/product"}],"wp:featuredmedia":[{"embeddable":true,"href":"https:\/\/todoenseguridad.com\/site\/wp-json\/wp\/v2\/media\/12245"}],"wp:attachment":[{"href":"https:\/\/todoenseguridad.com\/site\/wp-json\/wp\/v2\/media?parent=12243"}],"wp:term":[{"taxonomy":"product_brand","embeddable":true,"href":"https:\/\/todoenseguridad.com\/site\/wp-json\/wp\/v2\/product_brand?post=12243"},{"taxonomy":"product_cat","embeddable":true,"href":"https:\/\/todoenseguridad.com\/site\/wp-json\/wp\/v2\/product_cat?post=12243"},{"taxonomy":"product_tag","embeddable":true,"href":"https:\/\/todoenseguridad.com\/site\/wp-json\/wp\/v2\/product_tag?post=12243"},{"taxonomy":"berocket_brand","embeddable":true,"href":"https:\/\/todoenseguridad.com\/site\/wp-json\/wp\/v2\/berocket_brand?post=12243"}],"curies":[{"name":"wp","href":"https:\/\/api.w.org\/{rel}","templated":true}]}}