{"id":12235,"date":"2023-02-10T12:28:53","date_gmt":"2023-02-10T17:28:53","guid":{"rendered":"https:\/\/todoenseguridad.com\/site\/?post_type=product&#038;p=12235"},"modified":"2026-03-23T14:39:36","modified_gmt":"2026-03-23T19:39:36","slug":"dh-sd49225db-hny-dahua-camara-ip-ptz-de-2mp-wizsense-25x-de-zoom-optico-ir-de-100-metros-h-265-wdr-real-de-120-db","status":"publish","type":"product","link":"https:\/\/todoenseguridad.com\/site\/producto\/dh-sd49225db-hny-dahua-camara-ip-ptz-de-2mp-wizsense-25x-de-zoom-optico-ir-de-100-metros-h-265-wdr-real-de-120-db\/","title":{"rendered":"DH-SD49225DB-HNY DAHUA Camara IP PTZ de 2MP\/ WizSense\/ 25x de Zoom Optico\/ IR de 100 Metros\/ H.265\/ WDR Real de 120 dB"},"content":{"rendered":"<h3 id=\\\"title\\\" class=\\\"mb-3\\\"><span style=\\\"color: #0000ff\\\">DH-SD49225DB-HNY DAHUA Camara IP PTZ de 2MP\/ WizSense\/ 25x de Zoom Optico\/ IR de 100 Metros\/ H.265\/ WDR Real de 120 dB\/ Protecci\u00f3n Perimetral y Face Detection\/ SMD Plus\/ Ranura para MicroSD\/ IP66\/ E&amp;S de Alarma y Audio<\/span><\/h3>\n<h3 class=\\\"card-title text-center\\\"><span style=\\\"color: #000000\\\">Informaci\u00f3n general<\/span><\/h3>\n<p><span style=\\\"color: #000000\\\">Con un potente zoom \u00f3ptico y un rendimiento preciso de giro\/inclinaci\u00f3n zoom, esta c\u00e1mara proporciona una soluci\u00f3n todo en uno para capturar video vigilancia de larga distancia para aplicaciones al aire libre. Junto con la iluminaci\u00f3n infrarroja y la tecnolog\u00eda Starlight, la c\u00e1mara es la soluci\u00f3n perfecta para aplicaciones oscuras y con poca luz.<\/span><\/p>\n<p><span style=\\\"color: #000000\\\">La serie combina un filtro de corte IR mec\u00e1nico de d\u00eda\/noche para obtener la m\u00e1xima calidad de imagen en condiciones de iluminaci\u00f3n variables durante el d\u00eda<\/span><\/p>\n<h3><span style=\\\"color: #000000\\\">Protecci\u00f3n IP66<\/span><\/h3>\n<p><span style=\\\"color: #000000\\\">IP66, TVS 6000 V a prueba de rayos, protecci\u00f3n contra sobretensiones y protecci\u00f3n contra transitorios de voltaje<\/span><\/p>\n<h3><span style=\\\"color: #000000\\\">Protecci\u00f3n Perimetral<\/span><\/h3>\n<p><span style=\\\"color: #000000\\\">Filtra autom\u00e1ticamente las falsas alarmas causadas por animales, hojas que se mueven, luces brillantes, etc. Permite que el sistema act\u00fae como un reconocimiento secundario de los objetivos para mejorar la precisi\u00f3n de la alarma<\/span><\/p>\n<h3><span style=\\\"color: #000000\\\">SMD<\/span><\/h3>\n<p><span style=\\\"color: #000000\\\">Con la potencia de los algoritmos de aprendizaje profundo, Dahua SMD filtra las alarmas de detecci\u00f3n de movimiento activadas por objetivos que no son una preocupaci\u00f3n. Reconoce r\u00e1pidamente a personas y veh\u00edculos, activando alarmas cuando ocurre una intrusi\u00f3n.\u00a0<\/span><\/p>\n<h3><span style=\\\"color: #000000\\\">Caracter\u00edsticas Principales<\/span><\/h3>\n<p><span style=\\\"color: #000000\\\"><strong>\u00b7 <\/strong>CMOS STARVIS\u2122 de 1\/2,8\\\u00bb y 2 megap\u00edxeles.<\/span><\/p>\n<p><span style=\\\"color: #000000\\\"><strong>\u00b7 <\/strong>Zoom \u00f3ptico de 25 aumentos.<\/span><\/p>\n<p><span style=\\\"color: #000000\\\"><strong>\u00b7 <\/strong>Tecnolog\u00eda de la luz de las estrellas.<\/span><\/p>\n<p><span style=\\\"color: #000000\\\"><strong>\u00b7 <\/strong>m\u00e1x. 25\/30 fps@1080p.<\/span><\/p>\n<p><span style=\\\"color: #000000\\\"><strong>\u00b7 <\/strong>Distancia IR hasta 100 m.<\/span><\/p>\n<p><span style=\\\"color: #000000\\\"><strong>\u00b7 <\/strong>Codificaci\u00f3n H.265.<\/span><\/p>\n<p><span style=\\\"color: #000000\\\"><strong>\u00b7 <\/strong>Protecci\u00f3n perimetral.<\/span><\/p>\n<p><span style=\\\"color: #000000\\\"><strong>\u00b7 <\/strong>Detecci\u00f3n de rostro. Hasta 8 caras capturadas al mismo tiempo.\u00a0<\/span><\/p>\n<h3><span style=\\\"color: #000000\\\">Especificaciones Tecnicas<\/span><\/h3>\n<ul>\n<li><span style=\\\"color: #000000\\\">CMOS de 1\/2,8\\\u00bb\u00a0<\/span><\/li>\n<li><span style=\\\"color: #000000\\\">2 megap\u00edxeles\u00a0<\/span><\/li>\n<li><span style=\\\"color: #000000\\\">M\u00e1x. Resoluci\u00f3n 1920 (H) \u00d7 1080 (V)<\/span><\/li>\n<li><span style=\\\"color: #000000\\\">ROM 128 MB<\/span><\/li>\n<li><span style=\\\"color: #000000\\\">RAM 256 MB\u00a0<\/span><\/li>\n<li><span style=\\\"color: #000000\\\">Velocidad de obturaci\u00f3n electr\u00f3nica 1\/1 s \u20131\/30 000 s<\/span><\/li>\n<li><span style=\\\"color: #000000\\\">Distancia de iluminaci\u00f3n 100 m (328,08 pies) (IR)\u00a0<\/span><\/li>\n<li><span style=\\\"color: #000000\\\">N\u00famero de iluminador 3 (IR)<\/span><\/li>\n<\/ul>\n","protected":false},"excerpt":{"rendered":"<p>DH-SD49225DB-HNY DAHUA Camara IP PTZ de 2MP\/ WizSense\/ 25x de Zoom Optico\/ IR de 100 Metros\/ H.265\/ WDR Real de 120 dB\/ Protecci\u00f3n Perimetral y Face Detection\/ SMD Plus\/ Ranura para MicroSD\/ IP66\/ E&amp;S de Alarma y Audio Informaci\u00f3n general Con un potente zoom \u00f3ptico y un rendimiento preciso de giro\/inclinaci\u00f3n zoom, esta c\u00e1mara proporciona [&hellip;]<\/p>\n","protected":false},"featured_media":12236,"template":"","meta":{"_acf_changed":false},"product_brand":[],"product_cat":[51,54],"product_tag":[],"berocket_brand":[],"class_list":{"0":"post-12235","1":"product","2":"type-product","3":"status-publish","4":"has-post-thumbnail","6":"product_cat-camaras-i-p","7":"product_cat-pt-ptz","9":"first","10":"instock","11":"taxable","12":"shipping-taxable","13":"purchasable","14":"product-type-simple","15":"berocket_lgv_grid","16":"berocket_lgv_list_grid"},"acf":[],"aioseo_notices":[],"_links":{"self":[{"href":"https:\/\/todoenseguridad.com\/site\/wp-json\/wp\/v2\/product\/12235","targetHints":{"allow":["GET"]}}],"collection":[{"href":"https:\/\/todoenseguridad.com\/site\/wp-json\/wp\/v2\/product"}],"about":[{"href":"https:\/\/todoenseguridad.com\/site\/wp-json\/wp\/v2\/types\/product"}],"wp:featuredmedia":[{"embeddable":true,"href":"https:\/\/todoenseguridad.com\/site\/wp-json\/wp\/v2\/media\/12236"}],"wp:attachment":[{"href":"https:\/\/todoenseguridad.com\/site\/wp-json\/wp\/v2\/media?parent=12235"}],"wp:term":[{"taxonomy":"product_brand","embeddable":true,"href":"https:\/\/todoenseguridad.com\/site\/wp-json\/wp\/v2\/product_brand?post=12235"},{"taxonomy":"product_cat","embeddable":true,"href":"https:\/\/todoenseguridad.com\/site\/wp-json\/wp\/v2\/product_cat?post=12235"},{"taxonomy":"product_tag","embeddable":true,"href":"https:\/\/todoenseguridad.com\/site\/wp-json\/wp\/v2\/product_tag?post=12235"},{"taxonomy":"berocket_brand","embeddable":true,"href":"https:\/\/todoenseguridad.com\/site\/wp-json\/wp\/v2\/berocket_brand?post=12235"}],"curies":[{"name":"wp","href":"https:\/\/api.w.org\/{rel}","templated":true}]}}