{"id":12233,"date":"2023-02-10T12:13:28","date_gmt":"2023-02-10T17:13:28","guid":{"rendered":"https:\/\/todoenseguridad.com\/site\/?post_type=product&#038;p=12233"},"modified":"2026-03-23T14:40:31","modified_gmt":"2026-03-23T19:40:31","slug":"dh-sd49216db-hny-dahua-camara-ip-ptz-de-2mp-16x-de-zoom-optico-ir-de-100-metros-proteccion-perimetral-y-face-detection","status":"publish","type":"product","link":"https:\/\/todoenseguridad.com\/site\/producto\/dh-sd49216db-hny-dahua-camara-ip-ptz-de-2mp-16x-de-zoom-optico-ir-de-100-metros-proteccion-perimetral-y-face-detection\/","title":{"rendered":"DH-SD49216DB-HNY DAHUA Camara IP PTZ de 2MP\/ 16x de Zoom Optico\/ IR de 100 Metros\/ Protecci\u00f3n Perimetral y Face Detection"},"content":{"rendered":"<h3 id=\\\"title\\\" class=\\\"mb-3\\\"><span style=\\\"color: #0000ff\\\">DH-SD49216DB-HNY DAHUA Camara IP PTZ de 2MP\/ 16x de Zoom Optico\/ IR de 100 Metros\/ H.265\/ WDR Real de 120 dB\/ Protecci\u00f3n Perimetral y Face Detection\/ SMD Plus\/ Ranura para MicroSD<\/span><\/h3>\n<h3 class=\\\"card-title text-center\\\"><span style=\\\"color: #000000\\\">Informaci\u00f3n general<\/span><\/h3>\n<p class=\\\"ql-align-justify\\\"><span style=\\\"color: #000000\\\">Con un potente zoom \u00f3ptico y un rendimiento preciso de giro\/inclinaci\u00f3n\/zoom, esta c\u00e1mara ofrece una soluci\u00f3n todo en uno para capturar v\u00eddeo-vigilancia de larga distancia para aplicaciones al aire libre. Junto con la iluminaci\u00f3n infrarroja y la tecnolog\u00eda Starlight, la c\u00e1mara es la soluci\u00f3n perfecta para aplicaciones oscuras y con poca luz. La serie combina un filtro de corte IR mec\u00e1nico de d\u00eda\/noche para obtener la m\u00e1xima calidad de imagen en condiciones de iluminaci\u00f3n variables durante el d\u00eda.<\/span><\/p>\n<h3><span style=\\\"color: #000000\\\">Starlight<\/span><\/h3>\n<p class=\\\"ql-align-justify\\\"><span style=\\\"color: #000000\\\">Para condiciones dif\u00edciles de poca luz, la tecnolog\u00eda de luz ultra baja Starlight de Dahua ofrece lo mejor en sensibilidad a la luz, capturando el color con detalles v\u00edvidos, incluso con una iluminaci\u00f3n tan baja como 0,005 lux. La c\u00e1mara utiliza un conjunto de funciones \u00f3pticas para equilibrar la luz en toda la escena, produciendo im\u00e1genes claras en entornos oscuros<\/span><\/p>\n<h3><span style=\\\"color: #000000\\\">SMD<\/span><\/h3>\n<p><span style=\\\"color: #000000\\\">Con la potencia de los algoritmos de aprendizaje profundo, Dahua SMD filtra las alarmas de detecci\u00f3n de movimiento activadas por objetivos que no son una preocupaci\u00f3n.<\/span><\/p>\n<p><span style=\\\"color: #000000\\\">Reconoce r\u00e1pidamente a personas y veh\u00edculos, activando alarmas cuando ocurre una intrusi\u00f3n<\/span><\/p>\n<h3><span style=\\\"color: #000000\\\">Protecci\u00f3n perimetral<\/span><\/h3>\n<p class=\\\"ql-align-justify\\\"><span style=\\\"color: #000000\\\">Filtra autom\u00e1ticamente las falsas alarmas causadas por animales, hojas que se mueven, luces brillantes, etc. Permite que el sistema act\u00fae como un reconocimiento secundario de los objetivos para mejorar la precisi\u00f3n de la alarma<\/span><\/p>\n<h3><span style=\\\"color: #000000\\\">Principales caracteristicas<\/span><\/h3>\n<p><span style=\\\"color: #000000\\\"><strong>\u00b7 <\/strong>CMOS STARVIS\u2122 de 1\/2,8\\\u00bb y 2 megap\u00edxeles.<\/span><\/p>\n<p><span style=\\\"color: #000000\\\"><strong>\u00b7 <\/strong>Zoom \u00f3ptico de 16 aumentos.<\/span><\/p>\n<p><span style=\\\"color: #000000\\\"><strong>\u00b7<\/strong>Tecnolog\u00eda de la luz de las estrellas.<\/span><\/p>\n<p><span style=\\\"color: #000000\\\"><strong>\u00b7 <\/strong>m\u00e1x. 25\/30 fps@1080p.<\/span><\/p>\n<p><span style=\\\"color: #000000\\\"><strong>\u00b7 <\/strong>Distancia IR hasta 100 m.<\/span><\/p>\n<p><span style=\\\"color: #000000\\\"><strong>\u00b7 <\/strong>Codificaci\u00f3n H.265.<\/span><\/p>\n<p><span style=\\\"color: #000000\\\"><strong>\u00b7 <\/strong>Protecci\u00f3n perimetral.<\/span><\/p>\n<p><span style=\\\"color: #000000\\\"><strong>\u00b7 <\/strong>Detecci\u00f3n de rostro. Hasta 8 caras capturadas al mismo tiempo<\/span><\/p>\n<h3><span style=\\\"color: #000000\\\">Especificaciones Tecnicas<\/span><\/h3>\n<ul>\n<li><span style=\\\"color: #000000\\\">CMOS de 1\/2,8\\\u00bb<\/span><\/li>\n<li><span style=\\\"color: #000000\\\">2 MP<\/span><\/li>\n<li><span style=\\\"color: #000000\\\">ROM 128 MB<\/span><\/li>\n<li><span style=\\\"color: #000000\\\">RAM 256 MB\u00a0<\/span><\/li>\n<li><span style=\\\"color: #000000\\\">Distancia de iluminaci\u00f3n 100 m (328,08 pies) (IR)<\/span><\/li>\n<li><span style=\\\"color: #000000\\\">Velocidad de obturaci\u00f3n electr\u00f3nica 1\/1 s\u20131\/30 000 s\u00a0<\/span><\/li>\n<li><span style=\\\"color: #000000\\\">Sistema de escaneo Progresivo<\/span><\/li>\n<li><span style=\\\"color: #000000\\\">Control de encendido\/apagado del iluminador Zoom Pr\u00edo; Manual; IR inteligente<\/span><\/li>\n<li><span style=\\\"color: #000000\\\">N\u00famero de iluminador 3 (IR)<\/span><\/li>\n<\/ul>\n","protected":false},"excerpt":{"rendered":"<p>DH-SD49216DB-HNY DAHUA Camara IP PTZ de 2MP\/ 16x de Zoom Optico\/ IR de 100 Metros\/ H.265\/ WDR Real de 120 dB\/ Protecci\u00f3n Perimetral y Face Detection\/ SMD Plus\/ Ranura para MicroSD Informaci\u00f3n general Con un potente zoom \u00f3ptico y un rendimiento preciso de giro\/inclinaci\u00f3n\/zoom, esta c\u00e1mara ofrece una soluci\u00f3n todo en uno para capturar v\u00eddeo-vigilancia [&hellip;]<\/p>\n","protected":false},"featured_media":12234,"template":"","meta":{"_acf_changed":false},"product_brand":[],"product_cat":[51,54],"product_tag":[],"berocket_brand":[],"class_list":{"0":"post-12233","1":"product","2":"type-product","3":"status-publish","4":"has-post-thumbnail","6":"product_cat-camaras-i-p","7":"product_cat-pt-ptz","9":"first","10":"instock","11":"taxable","12":"shipping-taxable","13":"purchasable","14":"product-type-simple","15":"berocket_lgv_grid","16":"berocket_lgv_list_grid"},"acf":[],"aioseo_notices":[],"_links":{"self":[{"href":"https:\/\/todoenseguridad.com\/site\/wp-json\/wp\/v2\/product\/12233","targetHints":{"allow":["GET"]}}],"collection":[{"href":"https:\/\/todoenseguridad.com\/site\/wp-json\/wp\/v2\/product"}],"about":[{"href":"https:\/\/todoenseguridad.com\/site\/wp-json\/wp\/v2\/types\/product"}],"wp:featuredmedia":[{"embeddable":true,"href":"https:\/\/todoenseguridad.com\/site\/wp-json\/wp\/v2\/media\/12234"}],"wp:attachment":[{"href":"https:\/\/todoenseguridad.com\/site\/wp-json\/wp\/v2\/media?parent=12233"}],"wp:term":[{"taxonomy":"product_brand","embeddable":true,"href":"https:\/\/todoenseguridad.com\/site\/wp-json\/wp\/v2\/product_brand?post=12233"},{"taxonomy":"product_cat","embeddable":true,"href":"https:\/\/todoenseguridad.com\/site\/wp-json\/wp\/v2\/product_cat?post=12233"},{"taxonomy":"product_tag","embeddable":true,"href":"https:\/\/todoenseguridad.com\/site\/wp-json\/wp\/v2\/product_tag?post=12233"},{"taxonomy":"berocket_brand","embeddable":true,"href":"https:\/\/todoenseguridad.com\/site\/wp-json\/wp\/v2\/berocket_brand?post=12233"}],"curies":[{"name":"wp","href":"https:\/\/api.w.org\/{rel}","templated":true}]}}