{"id":12195,"date":"2023-02-02T15:36:22","date_gmt":"2023-02-02T20:36:22","guid":{"rendered":"https:\/\/todoenseguridad.com\/site\/?post_type=product&#038;p=12195"},"modified":"2026-03-23T14:41:39","modified_gmt":"2026-03-23T19:41:39","slug":"ipc-hfw1230t1n-zs-dahua-camara-ip-bullet-de-2mp-lente-motorizado-de-2-8-a-12mm-ir-de-50-mts-ip67-poe-ranura-para-microsd","status":"publish","type":"product","link":"https:\/\/todoenseguridad.com\/site\/producto\/ipc-hfw1230t1n-zs-dahua-camara-ip-bullet-de-2mp-lente-motorizado-de-2-8-a-12mm-ir-de-50-mts-ip67-poe-ranura-para-microsd\/","title":{"rendered":"IPC-HFW1230T1N-ZS DAHUA Camara IP Bullet de 2MP UTIL PARA NEGOCIO\/ Lente Motorizado de 2.8 a 12mm\/ IR de 50 Mts\/ IP67\/ PoE\/ Ranura para MicroSD"},"content":{"rendered":"<h3 id=\\\"title\\\" class=\\\"mb-3\\\"><span style=\\\"color: #0000ff\\\">IPC-HFW1230T1N-ZS <\/span><span style=\\\"color: #0000ff\\\">DAHUA<\/span><span style=\\\"color: #0000ff\\\"> Camara IP Bullet de 2MP\/ Lente Motorizado de 2.8 a 12mm\/ H.265+\/ IR de 50 Mts\/ IP67\/ PoE\/ Ranura para MicroSD\/ DWDR\/ 3D DR\/ HLC\/ BLC<\/span><\/h3>\n<h3 class=\\\"card-title text-center\\\"><span style=\\\"color: #000000\\\">Informaci\u00f3n General<\/span><\/h3>\n<p><span style=\\\"color: #000000\\\">C\u00e1mara IP con un algoritmo eficiente de compresi\u00f3n de imagen que asegura la transmisi\u00f3n de imagen clara y m\u00e1s fluida con una resoluci\u00f3n m\u00e1xima de 2Mp.\u00a0La posibilidad de alimentaci\u00f3n PoE, compatible con el est\u00e1ndar 802.3af, hace que el dispositivo sea a\u00fan m\u00e1s vers\u00e1til y m\u00e1s f\u00e1cil de instalar.\u00a0<\/span><\/p>\n<h3><span style=\\\"color: #000000\\\">Compresi\u00f3n H.265+<\/span><\/h3>\n<p><span style=\\\"color: #000000\\\">Ofrece la implementaci\u00f3n optimizada de la compresi\u00f3n de v\u00eddeo est\u00e1ndar ( H.265 y H.264), utiliza m\u00e9todos de compresi\u00f3n de datos sin p\u00e9rdida y reducci\u00f3n inteligente de ruido para ofrecer v\u00eddeos de alta calidad sin forzar la red. Smart Codec reduce la tasa de bits y los requisitos de almacenamiento en hasta un 70% comparado con la compresi\u00f3n de v\u00eddeo est\u00e1ndar<\/span><\/p>\n<h3><span style=\\\"color: #000000\\\">Digital WDR<\/span><\/h3>\n<p><span style=\\\"color: #000000\\\">Con estas funciones nuestra imagen podr\u00e1 medir , compensar y ajustar la luz en escenarios de iluminaci\u00f3n variable\u00a0para despu\u00e9s combinar los espacios de luces brillantes con los espacios de sombras creando un equilibrio en la imagen final. entregando im\u00e1genes en color durante el d\u00eda y cambiando autom\u00e1ticamente a medida de que la escena oscurezca<\/span><\/p>\n<h2><span style=\\\"color: #000000\\\">Smart IR<\/span><\/h2>\n<p><span style=\\\"color: #000000\\\">Las im\u00e1genes detalladas se pueden capturar con poca luz u oscuridad total!! La tecnolog\u00eda Smart IR ajusta a la intensidad de los LED infrarrojos de la c\u00e1mara para compensar la distancia de un objeto. La tecnolog\u00eda de IR inteligente evita que los LEDs IR atranquen las im\u00e1genes a medida que se acercan a la c\u00e1mara. La iluminaci\u00f3n infrarroja integrada de la c\u00e1mara proporciona un alto rendimiento en entornos con poca luz externa hasta 50 mts.<\/span><\/p>\n<h2><span style=\\\"color: #000000\\\">Caracter\u00edsticas Principales<\/span><\/h2>\n<ul>\n<li><span style=\\\"color: #000000\\\">Sensor de imagen CMOS de 2MP, 1 \/ 2.7 \u201d<\/span><\/li>\n<li><span style=\\\"color: #000000\\\">Salidas m\u00e1x. 2MP (1920 \u00d7 1080) @ 25\/30 fps<\/span><\/li>\n<li><span style=\\\"color: #000000\\\">C\u00f3dec H.265<\/span><\/li>\n<li><span style=\\\"color: #000000\\\">LED de infrarrojos integrado<\/span><\/li>\n<li><span style=\\\"color: #000000\\\">ROI, SMART H.264 \/ H.265<\/span><\/li>\n<li><span style=\\\"color: #000000\\\">Modo de rotaci\u00f3n, WDR, 3D DNR, HLC, BLC, marca de agua digital, aplicable a varias escenas de monitoreo<\/span><\/li>\n<li><span style=\\\"color: #000000\\\">Detecci\u00f3n de anomal\u00edas: sin tarjeta SD, tarjeta SD llena, error de tarjeta SD, desconexi\u00f3n de red, conflicto de IP, acceso ilegal, detecci\u00f3n de movimiento, manipulaci\u00f3n de video, excepci\u00f3n de seguridad<\/span><\/li>\n<li><span style=\\\"color: #000000\\\">Protecci\u00f3n IP67<\/span><\/li>\n<\/ul>\n<h2><span style=\\\"color: #000000\\\">Especificaciones<\/span><\/h2>\n<ul>\n<li><span style=\\\"color: #000000\\\">1 \/ 2.7 \\\u00bbCMOS progresivo de 2 megap\u00edxeles 1920 (H)<\/span><\/li>\n<li><span style=\\\"color: #000000\\\">Distancia IR: 50m<\/span><\/li>\n<li><span style=\\\"color: #000000\\\">Lente Varifocal motorizado: 2.8 mm \u2013 12 mm<\/span><\/li>\n<li><span style=\\\"color: #000000\\\">Campo de visi\u00f3n: Pan: 106 \u00b0 -33 \u00b0 Inclinaci\u00f3n: 56 \u00b0 -19 \u00b0 Diagonal: 127 \u00b0 -38 \u00b0<\/span><\/li>\n<li><span style=\\\"color: #000000\\\">Compresi\u00f3n de video: H.265; H.264; H.264H; H.264B; MJPEG<\/span><\/li>\n<li><span style=\\\"color: #000000\\\">DWDR<\/span><\/li>\n<li><span style=\\\"color: #000000\\\">Reducci\u00f3n de ruido: DNR 3D<\/span><\/li>\n<li><span style=\\\"color: #000000\\\">Fuente de alimentaci\u00f3n: 12 V CC \/ PoE (802.3af)<\/span><\/li>\n<li><span style=\\\"color: #000000\\\">IP67<\/span><\/li>\n<li><span style=\\\"color: #000000\\\">Carcasa: Metal + plastico<\/span><\/li>\n<\/ul>\n","protected":false},"excerpt":{"rendered":"<p>IPC-HFW1230T1N-ZS DAHUA Camara IP Bullet de 2MP\/ Lente Motorizado de 2.8 a 12mm\/ H.265+\/ IR de 50 Mts\/ IP67\/ PoE\/ Ranura para MicroSD\/ DWDR\/ 3D DR\/ HLC\/ BLC Informaci\u00f3n General C\u00e1mara IP con un algoritmo eficiente de compresi\u00f3n de imagen que asegura la transmisi\u00f3n de imagen clara y m\u00e1s fluida con una resoluci\u00f3n m\u00e1xima de [&hellip;]<\/p>\n","protected":false},"featured_media":12197,"template":"","meta":{"_acf_changed":false},"product_brand":[],"product_cat":[52,51],"product_tag":[],"berocket_brand":[],"class_list":{"0":"post-12195","1":"product","2":"type-product","3":"status-publish","4":"has-post-thumbnail","6":"product_cat-bullet","7":"product_cat-camaras-i-p","9":"first","10":"instock","11":"taxable","12":"shipping-taxable","13":"purchasable","14":"product-type-simple","15":"berocket_lgv_grid","16":"berocket_lgv_list_grid"},"acf":[],"aioseo_notices":[],"_links":{"self":[{"href":"https:\/\/todoenseguridad.com\/site\/wp-json\/wp\/v2\/product\/12195","targetHints":{"allow":["GET"]}}],"collection":[{"href":"https:\/\/todoenseguridad.com\/site\/wp-json\/wp\/v2\/product"}],"about":[{"href":"https:\/\/todoenseguridad.com\/site\/wp-json\/wp\/v2\/types\/product"}],"wp:featuredmedia":[{"embeddable":true,"href":"https:\/\/todoenseguridad.com\/site\/wp-json\/wp\/v2\/media\/12197"}],"wp:attachment":[{"href":"https:\/\/todoenseguridad.com\/site\/wp-json\/wp\/v2\/media?parent=12195"}],"wp:term":[{"taxonomy":"product_brand","embeddable":true,"href":"https:\/\/todoenseguridad.com\/site\/wp-json\/wp\/v2\/product_brand?post=12195"},{"taxonomy":"product_cat","embeddable":true,"href":"https:\/\/todoenseguridad.com\/site\/wp-json\/wp\/v2\/product_cat?post=12195"},{"taxonomy":"product_tag","embeddable":true,"href":"https:\/\/todoenseguridad.com\/site\/wp-json\/wp\/v2\/product_tag?post=12195"},{"taxonomy":"berocket_brand","embeddable":true,"href":"https:\/\/todoenseguridad.com\/site\/wp-json\/wp\/v2\/berocket_brand?post=12195"}],"curies":[{"name":"wp","href":"https:\/\/api.w.org\/{rel}","templated":true}]}}