{"id":12190,"date":"2023-02-02T14:41:59","date_gmt":"2023-02-02T19:41:59","guid":{"rendered":"https:\/\/todoenseguridad.com\/site\/?post_type=product&#038;p=12190"},"modified":"2026-03-23T14:42:18","modified_gmt":"2026-03-23T19:42:18","slug":"ipc-hfw1230s1-a-s5-dahua-camara-ip-bullet-de-2mp-lente-de-2-8mm-102-grados-de-apertura-microfono-integrado-ir-de-30-metros","status":"publish","type":"product","link":"https:\/\/todoenseguridad.com\/site\/producto\/ipc-hfw1230s1-a-s5-dahua-camara-ip-bullet-de-2mp-lente-de-2-8mm-102-grados-de-apertura-microfono-integrado-ir-de-30-metros\/","title":{"rendered":"IPC-HFW1230S1-A-S5 DAHUA Camara IP Bullet de 2MP\/ Lente de 2.8mm\/ 102 Grados de Apertura\/ Micr\u00f3fono Integrado\/ IR de 30 Metros"},"content":{"rendered":"<h3 id=\\\"title\\\" class=\\\"mb-3\\\"><span style=\\\"color: #0000ff\\\">IPC-HFW1230S1-A-S5 <\/span><span style=\\\"color: #0000ff\\\">DAHUA<\/span><span style=\\\"color: #0000ff\\\"> Camara IP Bullet de 2MP\/ Lente de 2.8mm\/ 102 Grados de Apertura\/ Micr\u00f3fono Integrado\/ H.265+\/ IR de 30 Metros\/ IP67\/ PoE\/ DWDR<\/span><\/h3>\n<p>&nbsp;<\/p>\n<h3 class=\\\"card-title text-center\\\"><span style=\\\"color: #000000\\\">Informaci\u00f3n General<\/span><\/h3>\n<p><span style=\\\"color: #000000\\\">Con caracter\u00edsticas de instalaci\u00f3n simple, f\u00e1cil operaci\u00f3n y alta relaci\u00f3n rendimiento-costo, la c\u00e1mara de red de la serie Entry de Dahua es aplicable a escenas peque\u00f1as y medianas, como hogares\/residencias, tiendas minoristas peque\u00f1as y otras peque\u00f1as y medianas. empresas<\/span><\/p>\n<h3><span style=\\\"color: #000000\\\">Codificaci\u00f3n Inteligente<\/span><\/h3>\n<p><span style=\\\"color: #000000\\\">Con un algoritmo avanzado de control de velocidad adaptable a la escena, la tecnolog\u00eda de codificaci\u00f3n inteligente de Dahua logra una mayor eficiencia de codificaci\u00f3n que H.265 y H.264, proporciona video de alta calidad y reduce el costo de almacenamiento y transmisi\u00f3n<\/span><\/p>\n<h3><span style=\\\"color: #000000\\\">Smart IR<\/span><\/h3>\n<p><span style=\\\"color: #000000\\\">La tecnolog\u00eda Dahua Smart Illumination puede mostrar la imagen en un entorno de baja iluminaci\u00f3n o en un entorno completamente oscuro. Seg\u00fan la distancia de los objetivos, la c\u00e1mara ajusta la intensidad de las iluminaciones autom\u00e1ticamente para mostrar los detalles del objetivo en movimiento<\/span><\/p>\n<h3><span style=\\\"color: #000000\\\">Detecci\u00f3n de movimiento<\/span><\/h3>\n<p><span style=\\\"color: #000000\\\">Cuando aparecen objetos en movimiento en la imagen de monitoreo, la tecnolog\u00eda de detecci\u00f3n de movimiento de Dahua activa la alarma o registra<\/span><\/p>\n<h3><span style=\\\"color: #000000\\\">Protecci\u00f3n IP67<\/span><\/h3>\n<p><span style=\\\"color: #000000\\\">IP67: la c\u00e1mara pasa una serie de pruebas estrictas sobre polvo y remojo. Tiene una funci\u00f3n a prueba de polvo y la carcasa puede funcionar normalmente despu\u00e9s de sumergirse en agua a 1 m de profundidad durante 30 minutos.<\/span><\/p>\n<p><span style=\\\"color: #000000\\\">Amplio voltaje: la c\u00e1mara permite una tolerancia de voltaje de entrada de \u00b130 % (para algunas fuentes de alimentaci\u00f3n) (amplio rango de voltaje) y se aplica ampliamente en ambientes exteriores con voltaje inestable<\/span><\/p>\n<h2><span style=\\\"color: #000000\\\">Principales Caracter\u00edsticas<\/span><\/h2>\n<ul>\n<li><span style=\\\"color: #000000\\\">C\u00f3dec H.265, alta tasa de compresi\u00f3n, tasa de bits ultrabaja.<\/span><\/li>\n<li><span style=\\\"color: #000000\\\">LED IR incorporado<\/span><\/li>\n<li><span style=\\\"color: #000000\\\">ROI, SMART H.264+\/H.265+, codificaci\u00f3n flexible, aplicable a varios entornos de almacenamiento y ancho de banda.<\/span><\/li>\n<li><span style=\\\"color: #000000\\\">Modo de rotaci\u00f3n, DWDR, 3D NR, HLC, BLC<\/span><\/li>\n<li><span style=\\\"color: #000000\\\">Detecci\u00f3n de anomal\u00edas: detecci\u00f3n de movimiento, manipulaci\u00f3n de video, desconexi\u00f3n de red, conflicto de IP, detecci\u00f3n de audio y acceso ilegal.<\/span><\/li>\n<li><span style=\\\"color: #000000\\\">MICR\u00d3FONO incorporado<\/span><\/li>\n<\/ul>\n<h2><span style=\\\"color: #000000\\\">Especificaciones<\/span><\/h2>\n<ul>\n<li><span style=\\\"color: #000000\\\">CMOS de 1\/2,8\\\u00bb\u00a0<\/span><\/li>\n<li><span style=\\\"color: #000000\\\">Distancia de iluminaci\u00f3n 30 m<\/span><\/li>\n<li><span style=\\\"color: #000000\\\">N\u00famero de iluminador 1<\/span><\/li>\n<li><span style=\\\"color: #000000\\\">Lente fijo 2.8mm<\/span><\/li>\n<li><span style=\\\"color: #000000\\\">Compresi\u00f3n de video: H.265; H.264; H.264H; H.264B; MJPEG<\/span><\/li>\n<li><span style=\\\"color: #000000\\\">C\u00f3dec inteligente Inteligente H.265+; Inteligente H.264+\u00a0<\/span><\/li>\n<li><span style=\\\"color: #000000\\\">D\u00eda\/Noche Autom\u00e1tico: (ICR)\/Color\/B\/N<\/span><\/li>\n<li><span style=\\\"color: #000000\\\">DWDR<\/span><\/li>\n<li><span style=\\\"color: #000000\\\">Reducci\u00f3n de ruido NR 3D<\/span><\/li>\n<li><span style=\\\"color: #000000\\\">Fuente de alimentaci\u00f3n: 12 VCC\/PoE (802.3af)\u00a0<\/span><\/li>\n<li><span style=\\\"color: #000000\\\">Protecci\u00f3n IP67<\/span><\/li>\n<li><span style=\\\"color: #000000\\\">Carcasa: metal + plastico<\/span><\/li>\n<\/ul>\n","protected":false},"excerpt":{"rendered":"<p>IPC-HFW1230S1-A-S5 DAHUA Camara IP Bullet de 2MP\/ Lente de 2.8mm\/ 102 Grados de Apertura\/ Micr\u00f3fono Integrado\/ H.265+\/ IR de 30 Metros\/ IP67\/ PoE\/ DWDR &nbsp; Informaci\u00f3n General Con caracter\u00edsticas de instalaci\u00f3n simple, f\u00e1cil operaci\u00f3n y alta relaci\u00f3n rendimiento-costo, la c\u00e1mara de red de la serie Entry de Dahua es aplicable a escenas peque\u00f1as y medianas, [&hellip;]<\/p>\n","protected":false},"featured_media":12192,"template":"","meta":{"_acf_changed":false},"product_brand":[],"product_cat":[52,51],"product_tag":[],"berocket_brand":[],"class_list":{"0":"post-12190","1":"product","2":"type-product","3":"status-publish","4":"has-post-thumbnail","6":"product_cat-bullet","7":"product_cat-camaras-i-p","9":"first","10":"instock","11":"taxable","12":"shipping-taxable","13":"purchasable","14":"product-type-simple","15":"berocket_lgv_grid","16":"berocket_lgv_list_grid"},"acf":[],"aioseo_notices":[],"_links":{"self":[{"href":"https:\/\/todoenseguridad.com\/site\/wp-json\/wp\/v2\/product\/12190","targetHints":{"allow":["GET"]}}],"collection":[{"href":"https:\/\/todoenseguridad.com\/site\/wp-json\/wp\/v2\/product"}],"about":[{"href":"https:\/\/todoenseguridad.com\/site\/wp-json\/wp\/v2\/types\/product"}],"wp:featuredmedia":[{"embeddable":true,"href":"https:\/\/todoenseguridad.com\/site\/wp-json\/wp\/v2\/media\/12192"}],"wp:attachment":[{"href":"https:\/\/todoenseguridad.com\/site\/wp-json\/wp\/v2\/media?parent=12190"}],"wp:term":[{"taxonomy":"product_brand","embeddable":true,"href":"https:\/\/todoenseguridad.com\/site\/wp-json\/wp\/v2\/product_brand?post=12190"},{"taxonomy":"product_cat","embeddable":true,"href":"https:\/\/todoenseguridad.com\/site\/wp-json\/wp\/v2\/product_cat?post=12190"},{"taxonomy":"product_tag","embeddable":true,"href":"https:\/\/todoenseguridad.com\/site\/wp-json\/wp\/v2\/product_tag?post=12190"},{"taxonomy":"berocket_brand","embeddable":true,"href":"https:\/\/todoenseguridad.com\/site\/wp-json\/wp\/v2\/berocket_brand?post=12190"}],"curies":[{"name":"wp","href":"https:\/\/api.w.org\/{rel}","templated":true}]}}