{"id":12180,"date":"2023-02-02T12:14:18","date_gmt":"2023-02-02T17:14:18","guid":{"rendered":"https:\/\/todoenseguridad.com\/site\/?post_type=product&#038;p=12180"},"modified":"2026-03-23T14:52:57","modified_gmt":"2026-03-23T19:52:57","slug":"kevtx8t8ew-epcom-kit-turbohd-1080p-dvr-8-canales-8-camaras-eyeball-exterior-2-8-mm-transceptores-conectores-fuente-de-poder-profesional","status":"publish","type":"product","link":"https:\/\/todoenseguridad.com\/site\/producto\/kevtx8t8ew-epcom-kit-turbohd-1080p-dvr-8-canales-8-camaras-eyeball-exterior-2-8-mm-transceptores-conectores-fuente-de-poder-profesional\/","title":{"rendered":"KEVTX8T8EW EPCOM KIT TurboHD 1080p\/ DVR 8 Canales\/ 8 C\u00e1maras Eyeball (exterior 2.8 mm)\/ Transceptores\/ Conectores\/ Fuente de Poder Profesional"},"content":{"rendered":"<h3 id=\\\"product_title_88216\\\" class=\\\"no_margin_top titulo_vista_producto\\\"><span style=\\\"color: #0000ff\\\"><span class=\\\"modelo-marca\\\">KEVTX8T8EW<\/span> EPCOM KIT TurboHD 1080p\/ DVR 8 Canales\/ 8 C\u00e1maras Eyeball (exterior 2.8 mm)\/ Transceptores\/ Conectores\/ Fuente de Poder Profesional hasta 15 Vcc para Larga Distancia<\/span><\/h3>\n<p>&nbsp;<\/p>\n<h3><span style=\\\"color: #000000\\\">El KIT incluye:<\/span><\/h3>\n<p class=\\\"col-xs-12\\\"><span style=\\\"color: #000000\\\">1 x EV-4008TURBO-D<\/span><\/p>\n<p class=\\\"col-xs-12\\\"><span style=\\\"color: #000000\\\">8 x E8-TURBO-G2W<\/span><\/p>\n<p class=\\\"col-xs-12\\\"><span style=\\\"color: #000000\\\">1 x XP-16DC-20-4KV<\/span><\/p>\n<p class=\\\"col-xs-12\\\"><span style=\\\"color: #000000\\\">8 x TT101FTURBOZ\u00a0<\/span><\/p>\n<p class=\\\"col-xs-12\\\"><span style=\\\"color: #000000\\\">8 x\u00a0 JR-52<\/span><\/p>\n<p class=\\\"col-xs-12\\\"><span style=\\\"color: #000000\\\"><strong>Garant\u00eda 5 a\u00f1os<\/strong><\/span><\/p>\n<h4><span style=\\\"color: #000000\\\">Caracter\u00edsticas de EV-4008TURBO-D:<\/span><\/h4>\n<ul>\n<li><span style=\\\"color: #000000\\\">DVR pentahibrido: HD-TVI \/ HD-CVI \/ Analogico \/ IP \/ AHD.<\/span><\/li>\n<li><span style=\\\"color: #000000\\\">Soporta <strong>audio<\/strong> en todos sus canales por coaxitron.<\/span><\/li>\n<li><span style=\\\"color: #000000\\\">Soporta video en 4MP lite<\/span><\/li>\n<li><span style=\\\"color: #000000\\\">Visualizaci\u00f3n remota por Hik-Connect<\/span><\/li>\n<\/ul>\n<h4><span style=\\\"color: #000000\\\">Caracter\u00edsticas de E8-TURBO-G2W:<\/span><\/h4>\n<ul>\n<li><span style=\\\"color: #000000\\\">C\u00e1mara Eyeball 1080p uso en exterior fabricada de metal<\/span><\/li>\n<li><span style=\\\"color: #000000\\\">Lente fijo de 2.8mm (angulo de visi\u00f3n 103\u00b0)<\/span><\/li>\n<li><span style=\\\"color: #000000\\\">Soporta 4 tecnolog\u00edas<\/span><\/li>\n<li><span style=\\\"color: #000000\\\">20 metros IR EXIR (visi\u00f3n nocturna)\u00a0<\/span><\/li>\n<\/ul>\n<h4><span style=\\\"color: #000000\\\">Caracter\u00edsticas de XP-16DC-20-4KV:<\/span><\/h4>\n<ul>\n<li><span style=\\\"color: #000000\\\">Aprobaciones: IEC\/EN\/UL\/CSA, 60950 GB4943<\/span><\/li>\n<li><span style=\\\"color: #000000\\\">Entrada de voltaje: 110 ~ 220 V ca<\/span><\/li>\n<li><span style=\\\"color: #000000\\\">Salida de voltaje: 11.5 ~ 15 V cc (Ajustable)<\/span><\/li>\n<li><span style=\\\"color: #000000\\\">Salida de corriente: 20 A<\/span><\/li>\n<\/ul>\n<h4><span style=\\\"color: #000000\\\">Caracter\u00edsticas de TT101FTURBOZ:<\/span><\/h4>\n<ul>\n<li><span style=\\\"color: #000000\\\">Kit de transceptores pasivos TURBOHD<\/span><\/li>\n<li><span style=\\\"color: #000000\\\">Transmisi\u00f3n en tiempo real por cable UTP cat5e\/6<\/span><\/li>\n<li><span style=\\\"color: #000000\\\">No requieren alimentaci\u00f3n<\/span><\/li>\n<\/ul>\n<h4><span style=\\\"color: #000000\\\">Caracter\u00edsticas de JR-52:<\/span><\/h4>\n<ul>\n<li><span style=\\\"color: #000000\\\">D\u00edametro: 2.1mm<\/span><\/li>\n<li><span style=\\\"color: #000000\\\">Largo: 5.5mm<\/span><\/li>\n<li><span style=\\\"color: #000000\\\">Cable sugerido: Calibre 18<\/span><\/li>\n<\/ul>\n","protected":false},"excerpt":{"rendered":"<p>KEVTX8T8EW EPCOM KIT TurboHD 1080p\/ DVR 8 Canales\/ 8 C\u00e1maras Eyeball (exterior 2.8 mm)\/ Transceptores\/ Conectores\/ Fuente de Poder Profesional hasta 15 Vcc para Larga Distancia &nbsp; El KIT incluye: 1 x EV-4008TURBO-D 8 x E8-TURBO-G2W 1 x XP-16DC-20-4KV 8 x TT101FTURBOZ\u00a0 8 x\u00a0 JR-52 Garant\u00eda 5 a\u00f1os Caracter\u00edsticas de EV-4008TURBO-D: DVR pentahibrido: HD-TVI \/ [&hellip;]<\/p>\n","protected":false},"featured_media":12182,"template":"","meta":{"_acf_changed":false},"product_brand":[],"product_cat":[71],"product_tag":[],"berocket_brand":[],"class_list":{"0":"post-12180","1":"product","2":"type-product","3":"status-publish","4":"has-post-thumbnail","6":"product_cat-paquetes-cctv-kit-camaras-de-seguridad","8":"first","9":"instock","10":"sale","11":"taxable","12":"shipping-taxable","13":"purchasable","14":"product-type-simple","15":"berocket_lgv_grid","16":"berocket_lgv_list_grid"},"acf":[],"aioseo_notices":[],"_links":{"self":[{"href":"https:\/\/todoenseguridad.com\/site\/wp-json\/wp\/v2\/product\/12180","targetHints":{"allow":["GET"]}}],"collection":[{"href":"https:\/\/todoenseguridad.com\/site\/wp-json\/wp\/v2\/product"}],"about":[{"href":"https:\/\/todoenseguridad.com\/site\/wp-json\/wp\/v2\/types\/product"}],"wp:featuredmedia":[{"embeddable":true,"href":"https:\/\/todoenseguridad.com\/site\/wp-json\/wp\/v2\/media\/12182"}],"wp:attachment":[{"href":"https:\/\/todoenseguridad.com\/site\/wp-json\/wp\/v2\/media?parent=12180"}],"wp:term":[{"taxonomy":"product_brand","embeddable":true,"href":"https:\/\/todoenseguridad.com\/site\/wp-json\/wp\/v2\/product_brand?post=12180"},{"taxonomy":"product_cat","embeddable":true,"href":"https:\/\/todoenseguridad.com\/site\/wp-json\/wp\/v2\/product_cat?post=12180"},{"taxonomy":"product_tag","embeddable":true,"href":"https:\/\/todoenseguridad.com\/site\/wp-json\/wp\/v2\/product_tag?post=12180"},{"taxonomy":"berocket_brand","embeddable":true,"href":"https:\/\/todoenseguridad.com\/site\/wp-json\/wp\/v2\/berocket_brand?post=12180"}],"curies":[{"name":"wp","href":"https:\/\/api.w.org\/{rel}","templated":true}]}}