{"id":12174,"date":"2023-02-02T11:47:59","date_gmt":"2023-02-02T16:47:59","guid":{"rendered":"https:\/\/todoenseguridad.com\/site\/?post_type=product&#038;p=12174"},"modified":"2026-03-23T14:53:51","modified_gmt":"2026-03-23T19:53:51","slug":"b50-kit-mic-epcom-kit-turbohd-5mp-dvr-4-canales-4-camaras-de-5mp-con-microfono-integrado-4-cables-18-metros","status":"publish","type":"product","link":"https:\/\/todoenseguridad.com\/site\/producto\/b50-kit-mic-epcom-kit-turbohd-5mp-dvr-4-canales-4-camaras-de-5mp-con-microfono-integrado-4-cables-18-metros\/","title":{"rendered":"B50-KIT-MIC EPCOM Kit TURBOHD 5MP PARA NEGOCIOS\/ DVR 4 Canales\/ 4 C\u00e1maras de 5MP con Micr\u00f3fono Integrado\/ 4 Cables 18 Metros"},"content":{"rendered":"<h3 id=\\\"product_title_204219\\\" class=\\\"no_margin_top titulo_vista_producto\\\"><span style=\\\"color: #0000ff\\\"><span class=\\\"modelo-marca\\\">B50-KIT-MIC<\/span> EPCOM Kit TURBOHD 5MP\/ DVR 4 Canales\/ 4 C\u00e1maras de 5MP con Micr\u00f3fono Integrado\/ 4 Cables 18 Metros\/ Fuente de Poder Profesional<\/span><\/h3>\n<p>&nbsp;<\/p>\n<h3><span style=\\\"color: #000000\\\">El kit incluye:<\/span><\/h3>\n<p class=\\\"col-xs-12\\\"><span style=\\\"color: #000000\\\">1 x EV-8004TURBO-D(C)<\/span><\/p>\n<p class=\\\"col-xs-12\\\"><span style=\\\"color: #000000\\\">4 x B50-TURBO-G2\/A<\/span><\/p>\n<p class=\\\"col-xs-12\\\"><span style=\\\"color: #000000\\\">1 x Fuente de poder para las 4 c\u00e1maras<\/span><\/p>\n<p class=\\\"col-xs-12\\\"><span style=\\\"color: #000000\\\">4 x Cables siames para v\u00eddeo y alimentaci\u00f3n (18 metros de longitud)<\/span><\/p>\n<h4><span style=\\\"color: #000000\\\">Caracter\u00edsticas:<\/span><\/h4>\n<ul>\n<li><span style=\\\"color: #000000\\\">DVR 4 canales de v\u00eddeo en 8MP (la visualizaci\u00f3n ser\u00e1 8MP reales, la grabaci\u00f3n ser\u00e1 8MP Lite)<\/span><\/li>\n<li><span style=\\\"color: #000000\\\">Soporta 4 canales de v\u00eddeo anal\u00f3gicos + 2 canal IP = 6 canales en total.<\/span><\/li>\n<li><span style=\\\"color: #000000\\\">Soporta las 5 tecnolog\u00edas del mercado (TVI \/ AHD \/ CVI \/ CVBS \/ IP).<\/span><\/li>\n<li><span style=\\\"color: #000000\\\">Soporta 1 HDD de hasta 10 TB (no incluido).<\/span><\/li>\n<li><span style=\\\"color: #000000\\\">Soporta audio en todos sus canales por coaxitron utilizando c\u00e1maras con audio integrado.<\/span><\/li>\n<li><span style=\\\"color: #000000\\\">Salida de v\u00eddeo en Full HD (VGA y HDMI, salida simultanea).<\/span><\/li>\n<li><span style=\\\"color: #000000\\\">Alimentaci\u00f3n y consumo: 12 Vcc \/ 10 watts.<\/span><\/li>\n<li><span style=\\\"color: #000000\\\">Compatible con Hik-Connect P2P, descarguelo desde appstore.hikvision.com<\/span><\/li>\n<li><span style=\\\"color: #000000\\\">Dimensiones: 380 x 320 x 48 mm.<\/span><\/li>\n<li><span style=\\\"color: #000000\\\">Peso: 1.16 kg<\/span><\/li>\n<\/ul>\n<h4><span style=\\\"color: #000000\\\">Caracter\u00edsticas:<\/span><\/h4>\n<ul>\n<li><span style=\\\"color: #000000\\\">Resoluci\u00f3n M\u00e1xima 5 Megapixel (2560 x 1944).\u00a0<\/span><\/li>\n<li><span style=\\\"color: #000000\\\">Lente fijo: 2.8 mm (Angulo de apertura 85.5\u00b0).<\/span><\/li>\n<li><span style=\\\"color: #000000\\\">30 Metros de IR con visi\u00f3n nocturna.<\/span><\/li>\n<li><span style=\\\"color: #000000\\\">Soporta 4 tecnolog\u00edas, selecci\u00f3nable en el mazo de cables (HD-TVI, HD-CVI, AHD,CVBS Analogico 1200TVL\u00b4s).<\/span><\/li>\n<li><span style=\\\"color: #000000\\\">dWDR \/ BLC \/ HLC \/ 2D DNR.<\/span><\/li>\n<li><span style=\\\"color: #000000\\\">Cuenta con microfono integrado, compatible con grabadores con audio por coaxitron en TVI<\/span><\/li>\n<li><span style=\\\"color: #000000\\\">Caja de conexi\u00f3n opcional (no incluido)<\/span><\/li>\n<\/ul>\n","protected":false},"excerpt":{"rendered":"<p>B50-KIT-MIC EPCOM Kit TURBOHD 5MP\/ DVR 4 Canales\/ 4 C\u00e1maras de 5MP con Micr\u00f3fono Integrado\/ 4 Cables 18 Metros\/ Fuente de Poder Profesional &nbsp; El kit incluye: 1 x EV-8004TURBO-D(C) 4 x B50-TURBO-G2\/A 1 x Fuente de poder para las 4 c\u00e1maras 4 x Cables siames para v\u00eddeo y alimentaci\u00f3n (18 metros de longitud) Caracter\u00edsticas: [&hellip;]<\/p>\n","protected":false},"featured_media":12176,"template":"","meta":{"_acf_changed":false},"product_brand":[],"product_cat":[71],"product_tag":[],"berocket_brand":[],"class_list":{"0":"post-12174","1":"product","2":"type-product","3":"status-publish","4":"has-post-thumbnail","6":"product_cat-paquetes-cctv-kit-camaras-de-seguridad","8":"first","9":"instock","10":"sale","11":"taxable","12":"shipping-taxable","13":"purchasable","14":"product-type-simple","15":"berocket_lgv_grid","16":"berocket_lgv_list_grid"},"acf":[],"aioseo_notices":[],"_links":{"self":[{"href":"https:\/\/todoenseguridad.com\/site\/wp-json\/wp\/v2\/product\/12174","targetHints":{"allow":["GET"]}}],"collection":[{"href":"https:\/\/todoenseguridad.com\/site\/wp-json\/wp\/v2\/product"}],"about":[{"href":"https:\/\/todoenseguridad.com\/site\/wp-json\/wp\/v2\/types\/product"}],"wp:featuredmedia":[{"embeddable":true,"href":"https:\/\/todoenseguridad.com\/site\/wp-json\/wp\/v2\/media\/12176"}],"wp:attachment":[{"href":"https:\/\/todoenseguridad.com\/site\/wp-json\/wp\/v2\/media?parent=12174"}],"wp:term":[{"taxonomy":"product_brand","embeddable":true,"href":"https:\/\/todoenseguridad.com\/site\/wp-json\/wp\/v2\/product_brand?post=12174"},{"taxonomy":"product_cat","embeddable":true,"href":"https:\/\/todoenseguridad.com\/site\/wp-json\/wp\/v2\/product_cat?post=12174"},{"taxonomy":"product_tag","embeddable":true,"href":"https:\/\/todoenseguridad.com\/site\/wp-json\/wp\/v2\/product_tag?post=12174"},{"taxonomy":"berocket_brand","embeddable":true,"href":"https:\/\/todoenseguridad.com\/site\/wp-json\/wp\/v2\/berocket_brand?post=12174"}],"curies":[{"name":"wp","href":"https:\/\/api.w.org\/{rel}","templated":true}]}}