{"id":12135,"date":"2023-02-01T13:52:30","date_gmt":"2023-02-01T18:52:30","guid":{"rendered":"https:\/\/todoenseguridad.com\/site\/?post_type=product&#038;p=12135"},"modified":"2026-03-23T15:02:54","modified_gmt":"2026-03-23T20:02:54","slug":"jc400d-concox-camara-dual-con-sistema-de-control-del-conductor-4g-comunicacion-dos-vias-multiples-alarmas","status":"publish","type":"product","link":"https:\/\/todoenseguridad.com\/site\/producto\/jc400d-concox-camara-dual-con-sistema-de-control-del-conductor-4g-comunicacion-dos-vias-multiples-alarmas\/","title":{"rendered":"JC400D CONCOX Camara dual con sistema de control del conductor\/ 4G\/Comunicaci\u00f3n dos v\u00edas\/ m\u00faltiples alarmas"},"content":{"rendered":"<h2 id=\\\"product_title_186740\\\" class=\\\"no_margin_top titulo_vista_producto\\\"><span style=\\\"color: #0000ff\\\"><span class=\\\"modelo-marca\\\">JC400D<\/span> CONCOX Camara dual con sistema de control del conductor\/ 4G\/Comunicaci\u00f3n dos v\u00edas\/ m\u00faltiples alarmas<\/span><\/h2>\n<p>&nbsp;<\/p>\n<p><span style=\\\"color: #000000\\\"><strong>JC400D EdgeCam 2\u00a0\u00a0<\/strong><\/span><\/p>\n<p><span style=\\\"color: #000000\\\">La JC400D EdgeCam 2 es nuestra soluci\u00f3n telem\u00e1tica de video integrada de m\u00e1s alto nivel para flotas. Con la tecnolog\u00eda DMS de alta gama, puede capturar lo m\u00e1s importante, entrenar a sus conductores, mitigar el riesgo, defenderse de reclamaciones de seguros fraudulentas y proteger la reputaci\u00f3n de su empresa. La c\u00e1mara para salpicadero JC400D LTE funciona independientemente de cualquier tel\u00e9fono o punto de acceso, lo que permite una grabaci\u00f3n fiable y fluida en la carretera.<\/span><\/p>\n<p><span style=\\\"color: #000000\\\"><strong>Sistema de control del conductor (DMS)<\/strong><\/span><\/p>\n<p><span style=\\\"color: #000000\\\">Usando tecnolog\u00eda DMS, el JC400D monitorea estos comportamientos potencialmente peligrosos e ilegales, luego alerta al conductor cuando se detectan signos de somnolencia o distracci\u00f3n.<\/span><\/p>\n<p><span style=\\\"color: #000000\\\"><strong>Monitoreo del comportamiento de conducci\u00f3n<\/strong><\/span><\/p>\n<ul>\n<li><span style=\\\"color: #000000\\\">Alerta por aceleracion brusca<\/span><\/li>\n<li><span style=\\\"color: #000000\\\">Alerta por bateria baja<\/span><\/li>\n<li><span style=\\\"color: #000000\\\">Alerta por choque<\/span><\/li>\n<li><span style=\\\"color: #000000\\\">Alerta por corte de energia<\/span><\/li>\n<li><span style=\\\"color: #000000\\\">Alerta por exceso de velocidad<\/span><\/li>\n<li><span style=\\\"color: #000000\\\">Alerta por giro brusco<\/span><\/li>\n<li><span style=\\\"color: #000000\\\">Alerta por vibracion<\/span><\/li>\n<li><span style=\\\"color: #000000\\\">Alerta por SOS<\/span><\/li>\n<li><span style=\\\"color: #000000\\\">Alerta por conduccion con ojos cerrados<\/span><\/li>\n<li><span style=\\\"color: #000000\\\">Alerta por conductor cansado<\/span><\/li>\n<li><span style=\\\"color: #000000\\\">Alerta por conductor con mirada abajo<\/span><\/li>\n<li><span style=\\\"color: #000000\\\">Alerta por conductor distraido<\/span><\/li>\n<li><span style=\\\"color: #000000\\\">Alerta por conductor fumando<\/span><\/li>\n<li><span style=\\\"color: #000000\\\">Alerta por conductor utilizando telefono<\/span><\/li>\n<li><span style=\\\"color: #000000\\\">Alerta por no detectar el rostro<\/span><\/li>\n<li><span style=\\\"color: #000000\\\">Alerta por error de calibracion<\/span><\/li>\n<li><span style=\\\"color: #000000\\\">Alerta por no reconocer la memoria SD<\/span><\/li>\n<li><span style=\\\"color: #000000\\\">Alerta por robo de combustible (Utilizando sensor)<\/span><\/li>\n<\/ul>\n<p>&nbsp;<\/p>\n<p><span style=\\\"color: #000000\\\"><strong>Caracter\u00edsticas<\/strong><\/span><\/p>\n<p><span style=\\\"color: #000000\\\">Red soportada: 4G (<strong>sim no incluido, recomendamos plan de 5 GB)<\/strong><\/span><\/p>\n<p><span style=\\\"color: #000000\\\">WiFi para conexi\u00f3n con smartphone<\/span><\/p>\n<p><span style=\\\"color: #000000\\\"><strong>Resoluci\u00f3n 1080p consume 4 GB por hora<\/strong><\/span><\/p>\n<p><span style=\\\"color: #000000\\\"><strong>Resoluci\u00f3n 720p consume 3 GB por hora<\/strong><\/span><\/p>\n<p><span style=\\\"color: #000000\\\">Bot\u00f3n de p\u00e1nico<\/span><\/p>\n<p><span style=\\\"color: #000000\\\">Bloque de acceso a Sim de datos y memoria.<\/span><\/p>\n<p><span style=\\\"color: #000000\\\">Posicionamiento GPS para localizaci\u00f3n del veh\u00edculo en todo momento.<\/span><\/p>\n<p><span style=\\\"color: #000000\\\">C\u00e1maras para visualizar el camino y c\u00e1mara para visualizar al conductor y alertar cansancio, distraci\u00f3n, entre otras.<\/span><\/p>\n<p><span style=\\\"color: #000000\\\">Sensor G de seis ejes.<\/span><\/p>\n<p>&nbsp;<\/p>\n<p><span style=\\\"color: #000000\\\"><strong>Especificaciones<\/strong><\/span><\/p>\n<p><span style=\\\"color: #000000\\\">Procesador: ARM Cortex A53 a 1,4 GHz<\/span><\/p>\n<p><span style=\\\"color: #000000\\\">Sistema operativo: Android Android 8.1 GO<\/span><\/p>\n<p><span style=\\\"color: #000000\\\">Memoria flash: RAM + ROM LPDDR3 16GB<\/span><\/p>\n<p><span style=\\\"color: #000000\\\">Ranura para MicroSD 128Gb Max.<\/span><\/p>\n<p><span style=\\\"color: #000000\\\">C\u00e1mara frontal: grabaci\u00f3n hacia adelante incorporada, AHD, 1080P con 120\u00b0 de visi\u00f3n<\/span><\/p>\n<p><span style=\\\"color: #000000\\\">C\u00e1mara sensor de conductor AHD, 720P con 56\u00b0 de visi\u00f3n.<\/span><\/p>\n<p><span style=\\\"color: #000000\\\">Sensor G: aceler\u00f3metro, giroscopio de 6 ejes<\/span><\/p>\n<p><span style=\\\"color: #000000\\\">Micr\u00f3fono y altavoz: incorporado<\/span><\/p>\n<p><span style=\\\"color: #000000\\\">Bot\u00f3n de panico incorporado.<\/span><\/p>\n<p><span style=\\\"color: #000000\\\">Voltaje de alimentaci\u00f3n de 12-36Vcc.<\/span><\/p>\n<p><span style=\\\"color: #000000\\\"><strong>Nota: El sensor para la detecci\u00f3n de fatiga es posible visualizar remotamente pero no cuenta con grabaci\u00f3n local.<\/strong><\/span><\/p>\n<p>&nbsp;<\/p>\n<p><span style=\\\"color: #000000\\\"><strong>Nota: Licencia requerida para visualizaci\u00f3n en tiempo real.<\/strong><\/span><\/p>\n<p><span style=\\\"color: #000000\\\"><strong>PTSCXVIDEO.-Primer a\u00f1o de licencia de video en plataforma Tracksolid<\/strong><\/span><\/p>\n<p><span style=\\\"color: #000000\\\"><strong>RTSCXVIDEO.-Renovaci\u00f3n de licencia de video para plataforma Tracksolid<\/strong><\/span><\/p>\n<p><span style=\\\"color: #000000\\\"><strong>VTSCXVIDEO.-Licencia vitalicia para plataforma Tracksolid<\/strong><\/span><\/p>\n<p><span style=\\\"color: #000000\\\"><strong>EPCOMGPSANUAL.-Licencia anual para plataforma EPCOMGPS<\/strong><\/span><\/p>\n<p><span style=\\\"color: #000000\\\"><strong>EPCOMGPSMENSUAL.-Licencia por un mes para plataforma EPCOMGPS<\/strong><\/span><\/p>\n","protected":false},"excerpt":{"rendered":"<p>JC400D CONCOX Camara dual con sistema de control del conductor\/ 4G\/Comunicaci\u00f3n dos v\u00edas\/ m\u00faltiples alarmas &nbsp; JC400D EdgeCam 2\u00a0\u00a0 La JC400D EdgeCam 2 es nuestra soluci\u00f3n telem\u00e1tica de video integrada de m\u00e1s alto nivel para flotas. Con la tecnolog\u00eda DMS de alta gama, puede capturar lo m\u00e1s importante, entrenar a sus conductores, mitigar el riesgo, [&hellip;]<\/p>\n","protected":false},"featured_media":12137,"template":"","meta":{"_acf_changed":false},"product_brand":[],"product_cat":[85,90],"product_tag":[],"berocket_brand":[],"class_list":{"0":"post-12135","1":"product","2":"type-product","3":"status-publish","4":"has-post-thumbnail","6":"product_cat-grabadora-dvr-hdcvi-hd","7":"product_cat-moviles","9":"first","10":"instock","11":"taxable","12":"shipping-taxable","13":"purchasable","14":"product-type-simple","15":"berocket_lgv_grid","16":"berocket_lgv_list_grid"},"acf":[],"aioseo_notices":[],"_links":{"self":[{"href":"https:\/\/todoenseguridad.com\/site\/wp-json\/wp\/v2\/product\/12135","targetHints":{"allow":["GET"]}}],"collection":[{"href":"https:\/\/todoenseguridad.com\/site\/wp-json\/wp\/v2\/product"}],"about":[{"href":"https:\/\/todoenseguridad.com\/site\/wp-json\/wp\/v2\/types\/product"}],"wp:featuredmedia":[{"embeddable":true,"href":"https:\/\/todoenseguridad.com\/site\/wp-json\/wp\/v2\/media\/12137"}],"wp:attachment":[{"href":"https:\/\/todoenseguridad.com\/site\/wp-json\/wp\/v2\/media?parent=12135"}],"wp:term":[{"taxonomy":"product_brand","embeddable":true,"href":"https:\/\/todoenseguridad.com\/site\/wp-json\/wp\/v2\/product_brand?post=12135"},{"taxonomy":"product_cat","embeddable":true,"href":"https:\/\/todoenseguridad.com\/site\/wp-json\/wp\/v2\/product_cat?post=12135"},{"taxonomy":"product_tag","embeddable":true,"href":"https:\/\/todoenseguridad.com\/site\/wp-json\/wp\/v2\/product_tag?post=12135"},{"taxonomy":"berocket_brand","embeddable":true,"href":"https:\/\/todoenseguridad.com\/site\/wp-json\/wp\/v2\/berocket_brand?post=12135"}],"curies":[{"name":"wp","href":"https:\/\/api.w.org\/{rel}","templated":true}]}}