{"id":12133,"date":"2023-02-01T13:39:52","date_gmt":"2023-02-01T18:39:52","guid":{"rendered":"https:\/\/todoenseguridad.com\/site\/?post_type=product&#038;p=12133"},"modified":"2026-03-23T15:11:01","modified_gmt":"2026-03-23T20:11:01","slug":"ds-mcw406-128g-hikvision-body-camera-portatil-grabacion-a-2k-4mp-pantalla-1-77-tft-fotos-de-hasta-40mp-ip54-h-265","status":"publish","type":"product","link":"https:\/\/todoenseguridad.com\/site\/producto\/ds-mcw406-128g-hikvision-body-camera-portatil-grabacion-a-2k-4mp-pantalla-1-77-tft-fotos-de-hasta-40mp-ip54-h-265\/","title":{"rendered":"DS-MCW406\/128G HIKVISION Body Camera Port\u00e1til\/ Grabaci\u00f3n a 2K (4MP)\/ Pantalla 1.77&#8243; TFT\/ Fotos de Hasta 40MP\/ IP54\/ H.265"},"content":{"rendered":"<h3 id=\\\"product_title_207402\\\" class=\\\"no_margin_top titulo_vista_producto\\\"><span style=\\\"color: #0000ff\\\"><span class=\\\"modelo-marca\\\">DS-MCW406\/128G<\/span> HIKVISION Body Camera Port\u00e1til\/ Grabaci\u00f3n a 2K (4MP)\/ Pantalla 1.77\\\u00bb TFT\/ Fotos de Hasta 40MP\/ IP54\/ H.265\/ 128 GB de Almacenamiento\/ Microfono Integrado<\/span><\/h3>\n<p>&nbsp;<\/p>\n<p><span style=\\\"color: #000000\\\"><strong>Caracteristicas principales:\u00a0<\/strong><\/span><\/p>\n<ul>\n<li><span style=\\\"color: #000000\\\">Compresi\u00f3n: H.265 \/ H.264.<\/span><\/li>\n<li><span style=\\\"color: #000000\\\">Permite tomar fotos de hasta 40 Megapixel.<\/span><\/li>\n<li><span style=\\\"color: #000000\\\">Grabac\u00edon de video en 2K (4 Megapixel).<\/span><\/li>\n<li><span style=\\\"color: #000000\\\">Tecnolog\u00eda de reducci\u00f3n de ruido y eco.<\/span><\/li>\n<li><span style=\\\"color: #000000\\\">Cuenta con almacenamiento interno de hasta 128 GB (no extraible, no expandible).<\/span><\/li>\n<li><span style=\\\"color: #000000\\\">Cuenta con micr\u00f3fono integrado.\u00a0<\/span><\/li>\n<li><span style=\\\"color: #000000\\\">Descarga de informaci\u00f3n directo a PC con software BodyCamera Assistant.<\/span><\/li>\n<\/ul>\n<p><span style=\\\"color: #000000\\\"><strong>Caracter\u00edsticas F\u00edsicas y El\u00e9ctricas:<\/strong><\/span><\/p>\n<ul>\n<li><span style=\\\"color: #000000\\\">Cuenta con IR (puede ver el rostro humano a menos de 3 metros por la noche).<\/span><\/li>\n<li><span style=\\\"color: #000000\\\">Protecci\u00f3n IP54.\u00a0<\/span><\/li>\n<li><span style=\\\"color: #000000\\\">Dimensiones: 80 \u00d7 58 \u00d7 29.6 mm.<\/span><\/li>\n<li><span style=\\\"color: #000000\\\">Peso: 125 gramos.<\/span><\/li>\n<li><span style=\\\"color: #000000\\\">Interfaz USB-C para la extracci\u00f3n de los eventos (software BodyCamera Assistant).<\/span><\/li>\n<li><span style=\\\"color: #000000\\\">Carga por medio de interfaz USB.<\/span><\/li>\n<li><span style=\\\"color: #000000\\\">Bater\u00eda de 2500 mAh, permite grabar 12 horas de v\u00eddeo a 1080p (IR apagado).\u00a0<\/span><\/li>\n<li><span style=\\\"color: #000000\\\">Garant\u00eda: 2 a\u00f1os.<\/span><\/li>\n<\/ul>\n<p><span style=\\\"color: #000000\\\"><strong>Caracter\u00edsticas Destacadas:<\/strong><\/span><\/p>\n<p><span style=\\\"color: #000000\\\">La body camera es un dispositivo dise\u00f1ado principalmente para la seguridad y el cumplimiento de la ley. Esta c\u00e1mara personal permite grabar el v\u00eddeo y el audio de la escena, despu\u00e9s de los eventos podemos revisar la escena debido a su tama\u00f1o peque\u00f1o, peso ligero, f\u00e1cil de transportar y f\u00e1cil de operar. Todas estas ventajas la body camera de HIKVISION lo convierten en un buen ayudante para el cumplimiento de la ley.<\/span><\/p>\n<p><span style=\\\"color: #000000\\\"><strong>Funciones adicionales :<\/strong><\/span><\/p>\n<ul>\n<li><span style=\\\"color: #000000\\\">Bot\u00f3n de encendido.<\/span><\/li>\n<li><span style=\\\"color: #000000\\\">Botonde grabaci\u00f3n.<\/span><\/li>\n<li><span style=\\\"color: #000000\\\">2 indicadores LED.<\/span><\/li>\n<li><span style=\\\"color: #000000\\\">Boton de mute.<\/span><\/li>\n<li><span style=\\\"color: #000000\\\">Notificaciones por vibraci\u00f3n.<\/span><\/li>\n<\/ul>\n","protected":false},"excerpt":{"rendered":"<p>DS-MCW406\/128G HIKVISION Body Camera Port\u00e1til\/ Grabaci\u00f3n a 2K (4MP)\/ Pantalla 1.77\\\u00bb TFT\/ Fotos de Hasta 40MP\/ IP54\/ H.265\/ 128 GB de Almacenamiento\/ Microfono Integrado &nbsp; Caracteristicas principales:\u00a0 Compresi\u00f3n: H.265 \/ H.264. Permite tomar fotos de hasta 40 Megapixel. Grabac\u00edon de video en 2K (4 Megapixel). Tecnolog\u00eda de reducci\u00f3n de ruido y eco. Cuenta con almacenamiento [&hellip;]<\/p>\n","protected":false},"featured_media":12134,"template":"","meta":{"_acf_changed":false},"product_brand":[],"product_cat":[85,90],"product_tag":[],"berocket_brand":[],"class_list":{"0":"post-12133","1":"product","2":"type-product","3":"status-publish","4":"has-post-thumbnail","6":"product_cat-grabadora-dvr-hdcvi-hd","7":"product_cat-moviles","9":"first","10":"instock","11":"taxable","12":"shipping-taxable","13":"purchasable","14":"product-type-simple","15":"berocket_lgv_grid","16":"berocket_lgv_list_grid"},"acf":[],"aioseo_notices":[],"_links":{"self":[{"href":"https:\/\/todoenseguridad.com\/site\/wp-json\/wp\/v2\/product\/12133","targetHints":{"allow":["GET"]}}],"collection":[{"href":"https:\/\/todoenseguridad.com\/site\/wp-json\/wp\/v2\/product"}],"about":[{"href":"https:\/\/todoenseguridad.com\/site\/wp-json\/wp\/v2\/types\/product"}],"wp:featuredmedia":[{"embeddable":true,"href":"https:\/\/todoenseguridad.com\/site\/wp-json\/wp\/v2\/media\/12134"}],"wp:attachment":[{"href":"https:\/\/todoenseguridad.com\/site\/wp-json\/wp\/v2\/media?parent=12133"}],"wp:term":[{"taxonomy":"product_brand","embeddable":true,"href":"https:\/\/todoenseguridad.com\/site\/wp-json\/wp\/v2\/product_brand?post=12133"},{"taxonomy":"product_cat","embeddable":true,"href":"https:\/\/todoenseguridad.com\/site\/wp-json\/wp\/v2\/product_cat?post=12133"},{"taxonomy":"product_tag","embeddable":true,"href":"https:\/\/todoenseguridad.com\/site\/wp-json\/wp\/v2\/product_tag?post=12133"},{"taxonomy":"berocket_brand","embeddable":true,"href":"https:\/\/todoenseguridad.com\/site\/wp-json\/wp\/v2\/berocket_brand?post=12133"}],"curies":[{"name":"wp","href":"https:\/\/api.w.org\/{rel}","templated":true}]}}