{"id":12121,"date":"2023-01-30T16:05:27","date_gmt":"2023-01-30T21:05:27","guid":{"rendered":"https:\/\/todoenseguridad.com\/site\/?post_type=product&#038;p=12121"},"modified":"2026-03-30T16:02:30","modified_gmt":"2026-03-30T21:02:30","slug":"ps12dc4pbk-epcom-powerline-fuente-de-alimentacion-con-gabinete-de-4-salidas-de-11-15-vcc-5-amper-bateria-de-respaldo","status":"publish","type":"product","link":"https:\/\/todoenseguridad.com\/site\/producto\/ps12dc4pbk-epcom-powerline-fuente-de-alimentacion-con-gabinete-de-4-salidas-de-11-15-vcc-5-amper-bateria-de-respaldo\/","title":{"rendered":"PS12DC4PBK EPCOM POWERLINE Fuente de Alimentaci\u00f3n con Gabinete de 4 Salidas de 11 &#8211; 15 Vcc\/ 5 Amper\/ Bater\u00eda de Respaldo"},"content":{"rendered":"<h3 id=\\\"product_title_176574\\\" class=\\\"no_margin_top titulo_vista_producto\\\"><span style=\\\"color: #0000ff\\\"><span class=\\\"modelo-marca\\\">PS12DC4PBK<\/span> EPCOM POWERLINE Fuente de Alimentaci\u00f3n con Gabinete de 4 Salidas de 11 &#8211; 15 Vcc\/ 5 Amper\/ Bater\u00eda de Respaldo\/ Voltaje de Entrada: 96 &#8211; 264 Vca\/ Soporta Proteccion contra Sobrecorriente de Salida, Proteccion contra Cortocircuito\/ Led Indicador<\/span><\/h3>\n<p>&nbsp;<\/p>\n<p><span style=\\\"color: #000000\\\"><strong>Introducci\u00f3n:<\/strong><\/span><\/p>\n<p><span style=\\\"color: #000000\\\">La eficiencia de conversi\u00f3n de este modelo es superior al 85%, con protecci\u00f3n contra sobrecorriente de salida, protecci\u00f3n contra cortocircuitos, con voltaje de salida constante, etc.<\/span><\/p>\n<p><span style=\\\"color: #000000\\\"><strong>Funcionamiento:<\/strong><\/span><\/p>\n<p><span style=\\\"color: #000000\\\">La luz verde enviende con con una entrada de alimentaci\u00f3n CA de 100-240 V, suminstrando as\u00ed tanto a la carga como a la bater\u00eda la alimentaci\u00f3n requerida. Cuando falla la energ\u00eda a la carga la bater\u00eda proporciona el voltaje, la luz del led que est\u00e1 en rojo enciende, y al mismo tiempo entra en la etapa de monitoreo del voltaje de la bater\u00eda de almacenamiento. Cuando detecta que el voltaje de la bater\u00eda cae a 10.5 V, el circuito cortar\u00e1 la carga, ya no cargar\u00e1 la fuente de alimentaci\u00f3n para evitar que la bater\u00eda se descargue, protegiendo as\u00ed la vida \u00fatil de la bater\u00eda, el sistema se reiniciar\u00e1 autom\u00e1ticamente cuando vuelva la alimentaci\u00f3n de la red a su estado normal y preparado para la pr\u00f3xima vez.<\/span><\/p>\n<p><span style=\\\"color: #000000\\\"><strong>Caracter\u00edsticas:<\/strong><\/span><\/p>\n<ul>\n<li><span style=\\\"color: #000000\\\"><strong>4 Salidas<\/strong><\/span><\/li>\n<li><span style=\\\"color: #000000\\\"><strong>Con<\/strong>\u00a0<strong>Capacidad de Bater\u00eda de Respaldo<\/strong><\/span><\/li>\n<li><span style=\\\"color: #000000\\\"><strong>No se incluye la bater\u00eda<\/strong><\/span><\/li>\n<li><span style=\\\"color: #000000\\\"><strong>Bater\u00edas sugeridas : PL4.512 \/ PL712 \/ PL912<\/strong><\/span><\/li>\n<li><span style=\\\"color: #000000\\\">Voltaje de entrada: 96-264 Vca\u00a0 47-63 Hz<\/span><\/li>\n<li><span style=\\\"color: #000000\\\">Corriente de entrada: 1.5 A M\u00e1x.<\/span><\/li>\n<li><span style=\\\"color: #000000\\\">Voltaje de salida: 11-15 Vcc<\/span><\/li>\n<li><span style=\\\"color: #000000\\\">Corriente de salida: 5 A M\u00e1x.<\/span><\/li>\n<li><span style=\\\"color: #000000\\\">Temperatura de operaci\u00f3n: -20~45\u00b0C<\/span><\/li>\n<li><span style=\\\"color: #000000\\\">Tama\u00f1o: 187 mm*193 mm*90 mm (L*W*H)<\/span><\/li>\n<li><span style=\\\"color: #000000\\\"><strong>&#8211; 1 A\u00f1o de Garant\u00eda<\/strong><\/span><\/li>\n<\/ul>\n","protected":false},"excerpt":{"rendered":"<p>PS12DC4PBK EPCOM POWERLINE Fuente de Alimentaci\u00f3n con Gabinete de 4 Salidas de 11 &#8211; 15 Vcc\/ 5 Amper\/ Bater\u00eda de Respaldo\/ Voltaje de Entrada: 96 &#8211; 264 Vca\/ Soporta Proteccion contra Sobrecorriente de Salida, Proteccion contra Cortocircuito\/ Led Indicador &nbsp; Introducci\u00f3n: La eficiencia de conversi\u00f3n de este modelo es superior al 85%, con protecci\u00f3n contra [&hellip;]<\/p>\n","protected":false},"featured_media":12122,"template":"","meta":{"_acf_changed":false},"product_brand":[],"product_cat":[59,67],"product_tag":[],"berocket_brand":[],"class_list":{"0":"post-12121","1":"product","2":"type-product","3":"status-publish","4":"has-post-thumbnail","6":"product_cat-accesorios-camaras-hd","7":"product_cat-fuentes-de-energia","9":"first","10":"instock","11":"taxable","12":"shipping-taxable","13":"purchasable","14":"product-type-simple","15":"berocket_lgv_grid","16":"berocket_lgv_list_grid"},"acf":[],"aioseo_notices":[],"_links":{"self":[{"href":"https:\/\/todoenseguridad.com\/site\/wp-json\/wp\/v2\/product\/12121","targetHints":{"allow":["GET"]}}],"collection":[{"href":"https:\/\/todoenseguridad.com\/site\/wp-json\/wp\/v2\/product"}],"about":[{"href":"https:\/\/todoenseguridad.com\/site\/wp-json\/wp\/v2\/types\/product"}],"wp:featuredmedia":[{"embeddable":true,"href":"https:\/\/todoenseguridad.com\/site\/wp-json\/wp\/v2\/media\/12122"}],"wp:attachment":[{"href":"https:\/\/todoenseguridad.com\/site\/wp-json\/wp\/v2\/media?parent=12121"}],"wp:term":[{"taxonomy":"product_brand","embeddable":true,"href":"https:\/\/todoenseguridad.com\/site\/wp-json\/wp\/v2\/product_brand?post=12121"},{"taxonomy":"product_cat","embeddable":true,"href":"https:\/\/todoenseguridad.com\/site\/wp-json\/wp\/v2\/product_cat?post=12121"},{"taxonomy":"product_tag","embeddable":true,"href":"https:\/\/todoenseguridad.com\/site\/wp-json\/wp\/v2\/product_tag?post=12121"},{"taxonomy":"berocket_brand","embeddable":true,"href":"https:\/\/todoenseguridad.com\/site\/wp-json\/wp\/v2\/berocket_brand?post=12121"}],"curies":[{"name":"wp","href":"https:\/\/api.w.org\/{rel}","templated":true}]}}