{"id":12110,"date":"2023-01-25T14:23:37","date_gmt":"2023-01-25T19:23:37","guid":{"rendered":"https:\/\/todoenseguridad.com\/site\/?post_type=product&#038;p=12110"},"modified":"2023-06-16T13:46:24","modified_gmt":"2023-06-16T18:46:24","slug":"plad1000i-epcom-powerline-2-en-1-convertidor-de-energia-24-vca-a-12-vcc-ca-a-cd-y-filtro-contra-ruido-para-camaras-voltaje-de-entrada-2030-vca","status":"publish","type":"product","link":"https:\/\/todoenseguridad.com\/site\/producto\/plad1000i-epcom-powerline-2-en-1-convertidor-de-energia-24-vca-a-12-vcc-ca-a-cd-y-filtro-contra-ruido-para-camaras-voltaje-de-entrada-2030-vca\/","title":{"rendered":"PLAD1000I EPCOM POWERLINE (2 en 1) Convertidor de Energ\u00eda 24 Vca a 12 Vcc (CA a CD) y Filtro Contra Ruido para C\u00e1maras\/ Voltaje de Entrada 20~30 Vca"},"content":{"rendered":"<h3 id=\"product_title_89143\" class=\"no_margin_top titulo_vista_producto\"><span style=\"color: #0000ff;\"><span class=\"modelo-marca\">PLAD1000I<\/span> EPCOM POWERLINE (2 en 1) Convertidor de Energ\u00eda 24 Vca a 12 Vcc (CA a CD) y Filtro Contra Ruido para C\u00e1maras\/ Voltaje de Entrada 20~30 Vca\/ Salida 12Vcc @ 1 A\/ ENVIO DE ENERGIA A LARGAS DISTANCIAS\/ Terminales Tipo Tornillo<\/span><\/h3>\n<h3><span style=\"color: #000000;\">2 en 1<\/span><\/h3>\n<h3><span style=\"color: #000000;\"> 1.- Convertidor de 24 Vca a 12 Vcc <\/span><\/h3>\n<h3><span style=\"color: #000000;\">2.- Filtro contra ruido para c\u00e1maras TurboHD, CVI, TVI \/ Env\u00edo Largas Distancias<\/span><\/h3>\n<p><span style=\"color: #000000;\">Convertidor de 20~30 Vca a 12 Vcc. Permite la transmisi\u00f3n a largas distancias, tiene protecci\u00f3n de sobrecarga, salida protegida de corto circuito, voltaje de salida constante, etc. Ideal para c\u00e1maras de CCTV, c\u00e1maras IP, PTZ, DVR,controles de Acceso, etc.<\/span><\/p>\n<div>\n<h3><span style=\"color: #000000;\">Caracter\u00edsticas Principales:<\/span><\/h3>\n<ul>\n<li><span style=\"color: #000000;\">Voltaje de entrada 20~30 Vca<\/span><\/li>\n<li><span style=\"color: #000000;\">Tensi\u00f3n de salida 12 Vcc<\/span><\/li>\n<li><span style=\"color: #000000;\">Corriente de salida 1.0A nominal<\/span><\/li>\n<li><span style=\"color: #000000;\">Conector de entrada Terminal de tornillo<\/span><\/li>\n<li><span style=\"color: #000000;\">Conector de salida Terminal de tornillo<\/span><\/li>\n<li><span style=\"color: #000000;\">Protecci\u00f3n contra sobretensiones Incorporado<\/span><\/li>\n<\/ul>\n<\/div>\n<div>\n<h3><span style=\"color: #000000;\">Caracter\u00edsticas F\u00edsicas y El\u00e9ctricas:<\/span><\/h3>\n<ul>\n<li><span style=\"color: #000000;\">Acabado Carcasa de pl\u00e1stico<\/span><\/li>\n<li><span style=\"color: #000000;\">Dimensiones (W x H x D) 22 x 75 x 30 mm<\/span><\/li>\n<li><span style=\"color: #000000;\">Peso 0.1 Kg<\/span><\/li>\n<li><span style=\"color: #000000;\">Temperatura de almacenamiento &#8211; 30 \u00b0 ~ 70 \u00b0 C<\/span><\/li>\n<li><span style=\"color: #000000;\">Condiciones de operaci\u00f3n Temperatura: &#8211; 10 \u00b0 C~ + 45 \u00b0 C, Humedad:30% ~ 80% de HR<\/span><\/li>\n<\/ul>\n<\/div>\n<div>\n<h3><span style=\"color: #000000;\">Caracter\u00edsticas Destacadas:<\/span><\/h3>\n<ul>\n<li><span style=\"color: #000000;\">2 FUNCIONES PRINCIPALES:<\/span><\/li>\n<li><span style=\"color: #000000;\">1.- Funci\u00f3n de convertidor :<\/span><\/li>\n<li><span style=\"color: #000000;\">Entrada : 20~32 Vca. 1 A a 60 Hz.<\/span><\/li>\n<li><span style=\"color: #000000;\">Salida : 12 Vcc, 1 A<\/span><\/li>\n<li><span style=\"color: #000000;\">2.- Funci\u00f3n aislador<\/span><\/li>\n<li><span style=\"color: #000000;\">Contiene un filtro, que ayuda a estandarizar la salida sin picos de voltaje<\/span><\/li>\n<\/ul>\n<\/div>\n","protected":false},"excerpt":{"rendered":"<p>PLAD1000I EPCOM POWERLINE (2 en 1) Convertidor de Energ\u00eda 24 Vca a 12 Vcc (CA a CD) y Filtro Contra Ruido para C\u00e1maras\/ Voltaje de Entrada 20~30 Vca\/ Salida 12Vcc @ 1 A\/ ENVIO DE ENERGIA A LARGAS DISTANCIAS\/ Terminales Tipo Tornillo 2 en 1 1.- Convertidor de 24 Vca a 12 Vcc 2.- Filtro [&hellip;]<\/p>\n","protected":false},"featured_media":12111,"template":"","meta":{"_acf_changed":false},"product_brand":[],"product_cat":[59,67],"product_tag":[],"berocket_brand":[],"class_list":{"0":"post-12110","1":"product","2":"type-product","3":"status-publish","4":"has-post-thumbnail","6":"product_cat-accesorios-camaras-hd","7":"product_cat-fuentes-de-energia","9":"first","10":"instock","11":"taxable","12":"shipping-taxable","13":"purchasable","14":"product-type-simple","15":"berocket_lgv_grid","16":"berocket_lgv_list_grid"},"acf":[],"aioseo_notices":[],"_links":{"self":[{"href":"https:\/\/todoenseguridad.com\/site\/wp-json\/wp\/v2\/product\/12110","targetHints":{"allow":["GET"]}}],"collection":[{"href":"https:\/\/todoenseguridad.com\/site\/wp-json\/wp\/v2\/product"}],"about":[{"href":"https:\/\/todoenseguridad.com\/site\/wp-json\/wp\/v2\/types\/product"}],"wp:featuredmedia":[{"embeddable":true,"href":"https:\/\/todoenseguridad.com\/site\/wp-json\/wp\/v2\/media\/12111"}],"wp:attachment":[{"href":"https:\/\/todoenseguridad.com\/site\/wp-json\/wp\/v2\/media?parent=12110"}],"wp:term":[{"taxonomy":"product_brand","embeddable":true,"href":"https:\/\/todoenseguridad.com\/site\/wp-json\/wp\/v2\/product_brand?post=12110"},{"taxonomy":"product_cat","embeddable":true,"href":"https:\/\/todoenseguridad.com\/site\/wp-json\/wp\/v2\/product_cat?post=12110"},{"taxonomy":"product_tag","embeddable":true,"href":"https:\/\/todoenseguridad.com\/site\/wp-json\/wp\/v2\/product_tag?post=12110"},{"taxonomy":"berocket_brand","embeddable":true,"href":"https:\/\/todoenseguridad.com\/site\/wp-json\/wp\/v2\/berocket_brand?post=12110"}],"curies":[{"name":"wp","href":"https:\/\/api.w.org\/{rel}","templated":true}]}}