{"id":12105,"date":"2023-01-25T13:52:08","date_gmt":"2023-01-25T18:52:08","guid":{"rendered":"https:\/\/todoenseguridad.com\/site\/?post_type=product&#038;p=12105"},"modified":"2025-02-12T15:25:52","modified_gmt":"2025-02-12T20:25:52","slug":"gw-44-004-gewiss-caja-de-derivacion-de-pvc-auto-extinguible-con-6-entradas-tapa-atornillada-100x100x50-mm","status":"publish","type":"product","link":"https:\/\/todoenseguridad.com\/site\/producto\/gw-44-004-gewiss-caja-de-derivacion-de-pvc-auto-extinguible-con-6-entradas-tapa-atornillada-100x100x50-mm\/","title":{"rendered":"GW-44-004 GEWISS Caja de derivaci\u00f3n de PVC Auto-extinguible con 6 entradas, tapa atornillada, 100x100x50 MM"},"content":{"rendered":"<h3 id=\"product_title_80749\" class=\"no_margin_top titulo_vista_producto\"><span style=\"color: #0000ff;\"><span class=\"modelo-marca\">GW-44-004<\/span> GEWISS Caja de derivaci\u00f3n de PVC Auto-extinguible con 6 entradas, tapa atornillada, 100x100x50 MM, (Medidas internas, mayor \u00e1rea permisible para e cable, Para exterior (IP55)<\/span><\/h3>\n<p>&nbsp;<\/p>\n<p><span style=\"color: #000000;\"><strong>Caracter\u00edsticas Generales:\u00a0<\/strong><\/span><\/p>\n<ul>\n<li><span style=\"color: #000000;\">Caja de PVC auto-extinguible libre de hal\u00f3genos<\/span><\/li>\n<li><span style=\"color: #000000;\">Dimensiones internas 100\u00a0x 100 x 50\u00a0mm (Ancho x Alto x Profundidad)\u00a0<\/span><\/li>\n<li><span style=\"color: #000000;\">N\u00famero de entradas: 6<\/span><\/li>\n<li><span style=\"color: #000000;\">Temperatura de operaci\u00f3n: -24 a 60\u00b0C<\/span><\/li>\n<li><span style=\"color: #000000;\">Grado de protecci\u00f3n: IP55<\/span><\/li>\n<li><span style=\"color: #000000;\">\u200bResistencia de impacto IK08\u200b<\/span><\/li>\n<\/ul>\n<p><span style=\"color: #000000;\"><strong>\u200b<\/strong><strong>Aplicaciones:\u00a0<\/strong><\/span><\/p>\n<ul>\n<li><span style=\"color: #000000;\">Energ\u00eda solar<\/span><\/li>\n<li><span style=\"color: #000000;\">Instalaciones\u00a0el\u00e9ctricas<\/span><\/li>\n<li><span style=\"color: #000000;\">Instalaciones de telecomunicaciones (V\u00eddeo, voz, datos).<\/span><\/li>\n<li><span style=\"color: #000000;\">Instalaciones de seguridad y control (Automatizaci\u00f3n, alarmas)<\/span><\/li>\n<li><span style=\"color: #000000;\">Usos industriales<\/span><\/li>\n<\/ul>\n<p>&nbsp;<\/p>\n<p><span style=\"color: #000000;\"><strong>Acepta racores de tubo y vaina de hasta 25mm<\/strong><\/span><\/p>\n","protected":false},"excerpt":{"rendered":"<p>GW-44-004 GEWISS Caja de derivaci\u00f3n de PVC Auto-extinguible con 6 entradas, tapa atornillada, 100x100x50 MM, (Medidas internas, mayor \u00e1rea permisible para e cable, Para exterior (IP55) &nbsp; Caracter\u00edsticas Generales:\u00a0 Caja de PVC auto-extinguible libre de hal\u00f3genos Dimensiones internas 100\u00a0x 100 x 50\u00a0mm (Ancho x Alto x Profundidad)\u00a0 N\u00famero de entradas: 6 Temperatura de operaci\u00f3n: -24 [&hellip;]<\/p>\n","protected":false},"featured_media":12106,"template":"","meta":{"_acf_changed":false},"product_brand":[],"product_cat":[59,69],"product_tag":[],"berocket_brand":[],"class_list":{"0":"post-12105","1":"product","2":"type-product","3":"status-publish","4":"has-post-thumbnail","6":"product_cat-accesorios-camaras-hd","7":"product_cat-varios","9":"first","10":"instock","11":"taxable","12":"shipping-taxable","13":"purchasable","14":"product-type-simple","15":"berocket_lgv_grid","16":"berocket_lgv_list_grid"},"acf":[],"aioseo_notices":[],"_links":{"self":[{"href":"https:\/\/todoenseguridad.com\/site\/wp-json\/wp\/v2\/product\/12105","targetHints":{"allow":["GET"]}}],"collection":[{"href":"https:\/\/todoenseguridad.com\/site\/wp-json\/wp\/v2\/product"}],"about":[{"href":"https:\/\/todoenseguridad.com\/site\/wp-json\/wp\/v2\/types\/product"}],"wp:featuredmedia":[{"embeddable":true,"href":"https:\/\/todoenseguridad.com\/site\/wp-json\/wp\/v2\/media\/12106"}],"wp:attachment":[{"href":"https:\/\/todoenseguridad.com\/site\/wp-json\/wp\/v2\/media?parent=12105"}],"wp:term":[{"taxonomy":"product_brand","embeddable":true,"href":"https:\/\/todoenseguridad.com\/site\/wp-json\/wp\/v2\/product_brand?post=12105"},{"taxonomy":"product_cat","embeddable":true,"href":"https:\/\/todoenseguridad.com\/site\/wp-json\/wp\/v2\/product_cat?post=12105"},{"taxonomy":"product_tag","embeddable":true,"href":"https:\/\/todoenseguridad.com\/site\/wp-json\/wp\/v2\/product_tag?post=12105"},{"taxonomy":"berocket_brand","embeddable":true,"href":"https:\/\/todoenseguridad.com\/site\/wp-json\/wp\/v2\/berocket_brand?post=12105"}],"curies":[{"name":"wp","href":"https:\/\/api.w.org\/{rel}","templated":true}]}}