{"id":12097,"date":"2023-01-24T14:16:17","date_gmt":"2023-01-24T19:16:17","guid":{"rendered":"https:\/\/todoenseguridad.com\/site\/?post_type=product&#038;p=12097"},"modified":"2023-06-16T14:07:14","modified_gmt":"2023-06-16T19:07:14","slug":"tt-4816-pvturbo-epcom-titanium-kit-de-transceptores-activos-turbo-hd-convierte-36-24-vcc-a-12-vcc-regulados-a-traves-de-cable-utp-cat5e-6-transmision-de-200-m-en-4k","status":"publish","type":"product","link":"https:\/\/todoenseguridad.com\/site\/producto\/tt-4816-pvturbo-epcom-titanium-kit-de-transceptores-activos-turbo-hd-convierte-36-24-vcc-a-12-vcc-regulados-a-traves-de-cable-utp-cat5e-6-transmision-de-200-m-en-4k\/","title":{"rendered":"TT-4816-PVTURBO EPCOM TITANIUM Kit de transceptores activos TURBO HD. Convierte 36\/24 Vcc a 12 Vcc regulados, a trav\u00e9s de cable UTP Cat5e\/ 6"},"content":{"rendered":"<h3 id=\"product_title_86100\" class=\"no_margin_top titulo_vista_producto\"><span style=\"color: #0000ff;\"><span class=\"modelo-marca\">TT-4816-PVTURBO<\/span> EPCOM TITANIUM Kit de transceptores activos TURBO HD. Convierte 36\/24 Vcc a 12 Vcc regulados, a trav\u00e9s de cable UTP Cat5e\/ 6. Transmision de 200 m en 4K<\/span><\/h3>\n<p>&nbsp;<\/p>\n<h3><span style=\"color: #000000;\">Kit de tranceptores (Balum) activos, regulan voltaje de hasta 36 Vcc a 12 Vcc<\/span><\/h3>\n<p><span style=\"color: #000000;\">El TT-4816-PVTURBO es un transmisor y receptor que permite la transmisi\u00f3n de voltaje y la se\u00f1al de video HD en tiempo real. El equipo receptor se puede alimentar con voltajes de 24\/36, esto nos permite alcanzar grandes distancias que pueden ser hasta 200 metros en 4k ,el equipo transmisor permite regular el voltaje a 12 Vcc, voltaje de operaci\u00f3n muy com\u00fan en las c\u00e1maras de CCTV. Es compatible con todas las c\u00e1maras anal\u00f3gicas HD-TVI, HD-CVI, AHD y CVBS. Tiene un cable flexible mini-coaxial que permite un montaje r\u00e1pido en c\u00e1maras y permite una conexi\u00f3n flexible con DVRs. TT-4816-PVTURBO cuenta con un supresor de sobretensi\u00f3n integrado para proteger el equipo de video contra picos de voltaje da\u00f1inos, su inmunidad al ruido y diafon\u00eda aseguran se\u00f1ales de video de calidad.<\/span><\/p>\n<h3><span style=\"color: #000000;\">Caracter\u00edsticas Principales:<\/span><\/h3>\n<ul>\n<li><span style=\"color: #000000;\"><strong> Kit de transceptores Activos <\/strong><\/span><\/li>\n<li><span style=\"color: #000000;\"><strong> Alimentaci\u00f3n en el receptor de hasta 36 Vcc <\/strong><\/span><\/li>\n<li><span style=\"color: #000000;\"><strong> Regulador de voltaje en el transmisor a 12 Vcc. <\/strong><\/span><\/li>\n<li><span style=\"color: #000000;\"><strong> Compatible con c\u00e1maras con tecnolog\u00eda HD-TVI \/ HD-CVI \/ AHD \/ CVBS <\/strong><\/span><\/li>\n<li><span style=\"color: #000000;\">Compatibles con c\u00e1maras an\u00e1logas (CVBS)<\/span><\/li>\n<li><span style=\"color: #000000;\"><strong> Soporta Coaxitron, Audio por coaxitron y men\u00fa OSD <\/strong><\/span><\/li>\n<li><span style=\"color: #000000;\">Transmisi\u00f3n en tiempo real por cable UTP Cat 5e\/6\/6A<\/span><\/li>\n<li><span style=\"color: #000000;\"><strong> Protecci\u00f3n interconstruida contra sobretensi\u00f3n <\/strong><\/span><\/li>\n<li><span style=\"color: #000000;\">Impedancia de 75 ohms<\/span><\/li>\n<li><span style=\"color: #000000;\">Conectores macho en BNC.<\/span><\/li>\n<\/ul>\n<h3><span style=\"color: #000000;\">Caracter\u00edsticas F\u00edsicas y El\u00e9ctricas:<\/span><\/h3>\n<ul>\n<li><span style=\"color: #000000;\"><strong> Puede ser alimentado por fuentes de 24\/36 Vcc <\/strong><\/span>\n<div><span style=\"color: #000000;\">(Fuente de alimentaci\u00f3n NO incluida)<\/span><\/div>\n<\/li>\n<li><span style=\"color: #000000;\">Dimensiones 60.4(L) x 29.0(W) x 20.4(H) mm (conector BNC y cable excluidos)<\/span><\/li>\n<li><span style=\"color: #000000;\">Peso : 60 gramos.<\/span><\/li>\n<li><span style=\"color: #000000;\">Temperatura de operaci\u00f3n : -20\u00b0C a 70\u00b0C<\/span><\/li>\n<li><span style=\"color: #000000;\">Temperatura de almacenamiento : -40\u00b0 ~ 150\u00b0C<\/span><\/li>\n<li><span style=\"color: #000000;\">Humedad Relativa : 0~95% (sin condensar)<\/span><\/li>\n<li><span style=\"color: #000000;\">Carcasa ABS<\/span><\/li>\n<li><span style=\"color: #000000;\">Color Negro.<\/span><\/li>\n<li><span style=\"color: #000000;\"><strong> 1 a\u00f1o de garant\u00eda por defectos de fabricaci\u00f3<\/strong>n.<\/span><\/li>\n<\/ul>\n<h3><span style=\"color: #000000;\">Caracter\u00edsticas Destacadas:<\/span><\/h3>\n<ul>\n<li><span style=\"color: #000000;\"><strong> Dise\u00f1o de filtro de onda anti-est\u00e1tico <\/strong><\/span><\/li>\n<li><span style=\"color: #000000;\"><strong> Inmunidad al ruido y diafon\u00eda de 60 dB. <\/strong><\/span><\/li>\n<li><span style=\"color: #000000;\"><strong> Rechazo excepcional de interferencias <\/strong><\/span><\/li>\n<li><span style=\"color: #000000;\">TVS (supresor de voltaje transitorio) de estado s\u00f3lido incorporado.<\/span><\/li>\n<li><span style=\"color: #000000;\">Transmisi\u00f3n de 150 metros ( 492 ft ) para TurboHD en 4K<\/span><\/li>\n<li><span style=\"color: #000000;\">Transmisi\u00f3n de 200 metros ( 656 ft ) para TurboHD hasta 5 MP<\/span><\/li>\n<li><span style=\"color: #000000;\">Transmisi\u00f3n de 250 metros ( 820 ft ) para TurboHD hasta 2 MP<\/span><\/li>\n<li><span style=\"color: #000000;\">El transmisor es compatible con los kits: KIT-TT4PVTURBOX, KIT-TT8PVTURBOX, KIT-TT16PVTURBOX<\/span><\/li>\n<li>\n<div><span style=\"color: #000000;\">Precio por Kit.<\/span><\/div>\n<\/li>\n<\/ul>\n","protected":false},"excerpt":{"rendered":"<p>TT-4816-PVTURBO EPCOM TITANIUM Kit de transceptores activos TURBO HD. Convierte 36\/24 Vcc a 12 Vcc regulados, a trav\u00e9s de cable UTP Cat5e\/ 6. Transmision de 200 m en 4K &nbsp; Kit de tranceptores (Balum) activos, regulan voltaje de hasta 36 Vcc a 12 Vcc El TT-4816-PVTURBO es un transmisor y receptor que permite la transmisi\u00f3n [&hellip;]<\/p>\n","protected":false},"featured_media":12098,"template":"","meta":{"_acf_changed":false},"product_brand":[],"product_cat":[59,69],"product_tag":[],"berocket_brand":[],"class_list":{"0":"post-12097","1":"product","2":"type-product","3":"status-publish","4":"has-post-thumbnail","6":"product_cat-accesorios-camaras-hd","7":"product_cat-varios","9":"first","10":"instock","11":"taxable","12":"shipping-taxable","13":"purchasable","14":"product-type-simple","15":"berocket_lgv_grid","16":"berocket_lgv_list_grid"},"acf":[],"aioseo_notices":[],"_links":{"self":[{"href":"https:\/\/todoenseguridad.com\/site\/wp-json\/wp\/v2\/product\/12097","targetHints":{"allow":["GET"]}}],"collection":[{"href":"https:\/\/todoenseguridad.com\/site\/wp-json\/wp\/v2\/product"}],"about":[{"href":"https:\/\/todoenseguridad.com\/site\/wp-json\/wp\/v2\/types\/product"}],"wp:featuredmedia":[{"embeddable":true,"href":"https:\/\/todoenseguridad.com\/site\/wp-json\/wp\/v2\/media\/12098"}],"wp:attachment":[{"href":"https:\/\/todoenseguridad.com\/site\/wp-json\/wp\/v2\/media?parent=12097"}],"wp:term":[{"taxonomy":"product_brand","embeddable":true,"href":"https:\/\/todoenseguridad.com\/site\/wp-json\/wp\/v2\/product_brand?post=12097"},{"taxonomy":"product_cat","embeddable":true,"href":"https:\/\/todoenseguridad.com\/site\/wp-json\/wp\/v2\/product_cat?post=12097"},{"taxonomy":"product_tag","embeddable":true,"href":"https:\/\/todoenseguridad.com\/site\/wp-json\/wp\/v2\/product_tag?post=12097"},{"taxonomy":"berocket_brand","embeddable":true,"href":"https:\/\/todoenseguridad.com\/site\/wp-json\/wp\/v2\/berocket_brand?post=12097"}],"curies":[{"name":"wp","href":"https:\/\/api.w.org\/{rel}","templated":true}]}}