{"id":12091,"date":"2023-01-24T12:22:22","date_gmt":"2023-01-24T17:22:22","guid":{"rendered":"https:\/\/todoenseguridad.com\/site\/?post_type=product&#038;p=12091"},"modified":"2023-06-16T14:24:01","modified_gmt":"2023-06-16T19:24:01","slug":"ds-1h18s-ec-hikvision-kit-de-transceptor-balluns-turbohd-con-boton-push-hasta-8-mp-4k-100-cobre-audio-por-coaxitron","status":"publish","type":"product","link":"https:\/\/todoenseguridad.com\/site\/producto\/ds-1h18s-ec-hikvision-kit-de-transceptor-balluns-turbohd-con-boton-push-hasta-8-mp-4k-100-cobre-audio-por-coaxitron\/","title":{"rendered":"DS-1H18S\/E(C) HIKVISION Kit de Transceptor (Balluns) TURBOHD con Boton Push\/ Hasta 8 MP (4K)\/ 100% Cobre"},"content":{"rendered":"<h2 id=\"product_title_198102\" class=\"no_margin_top titulo_vista_producto\"><span style=\"color: #0000ff;\"><span class=\"modelo-marca\">DS-1H18S\/E(C)<\/span> HIKVISION Kit de Transceptor (Balluns) TURBOHD con Boton Push\/ Hasta 8 MP (4K)\/ 100% Cobre\/ Soporta HD-TVI\/ AHD\/ CVI\/ CVBS\/ Audio por Coaxitron\/ Datos para Menu de Configurar de C\u00e1maras<\/span><\/h2>\n<p>&nbsp;<\/p>\n<p><span style=\"color: #000000;\"><strong>Caracter\u00edsticas principales:<\/strong><\/span><\/p>\n<ul>\n<li><span style=\"color: #000000;\">Transceptor de video compatible con todas las c\u00e1maras epcom y HIKVISION.<\/span><\/li>\n<li><span style=\"color: #000000;\">Acepta resolucion de: 8 Megapixel \/ 5 Megapixel \/ 4 Megapixel \/ 3 Megapixel \/ 2 Megapixel \/ 1 Megapixel.<\/span><\/li>\n<li><span style=\"color: #000000;\">Compatible con cable cat 5e y cat 6.<\/span><\/li>\n<li><span style=\"color: #000000;\">Distancias de video hasta 150 mts (8 Megapixel).<\/span><\/li>\n<li><span style=\"color: #000000;\">Distancias de video hasta 180 mts (5 Megapixel).<\/span><\/li>\n<li><span style=\"color: #000000;\">Distancias de video hasta 250 mts (2 Megapixel).<\/span><\/li>\n<li><span style=\"color: #000000;\">Distancias de video hasta 400 mts (1 Megapixel o analogico).<\/span><\/li>\n<\/ul>\n<p><span style=\"color: #000000;\"><strong>Caracter\u00edsticas F\u00edsicas y El\u00e9ctricas:<\/strong><\/span><\/p>\n<ul>\n<li><span style=\"color: #000000;\">Color negro.<\/span><\/li>\n<li><span style=\"color: #000000;\">Inmunidad de ruido de 60 dB.<\/span><\/li>\n<li><span style=\"color: #000000;\">Impedancia de 75 Ohms.<\/span><\/li>\n<li><span style=\"color: #000000;\">Temperatura de operaci\u00f3n: -20\u00ba &#8211; 55\u00baC.<\/span><\/li>\n<li><span style=\"color: #000000;\">Dimensiones: 38.4 x 18.6 x 19.5 mm.<\/span><\/li>\n<li><span style=\"color: #000000;\">Peso: 22 gramos.<\/span><\/li>\n<li><span style=\"color: #000000;\">Garant\u00eda: 1 a\u00f1o.<\/span><\/li>\n<\/ul>\n","protected":false},"excerpt":{"rendered":"<p>DS-1H18S\/E(C) HIKVISION Kit de Transceptor (Balluns) TURBOHD con Boton Push\/ Hasta 8 MP (4K)\/ 100% Cobre\/ Soporta HD-TVI\/ AHD\/ CVI\/ CVBS\/ Audio por Coaxitron\/ Datos para Menu de Configurar de C\u00e1maras &nbsp; Caracter\u00edsticas principales: Transceptor de video compatible con todas las c\u00e1maras epcom y HIKVISION. Acepta resolucion de: 8 Megapixel \/ 5 Megapixel \/ 4 [&hellip;]<\/p>\n","protected":false},"featured_media":12092,"template":"","meta":{"_acf_changed":false},"product_brand":[],"product_cat":[59,69],"product_tag":[],"berocket_brand":[],"class_list":{"0":"post-12091","1":"product","2":"type-product","3":"status-publish","4":"has-post-thumbnail","6":"product_cat-accesorios-camaras-hd","7":"product_cat-varios","9":"first","10":"instock","11":"taxable","12":"shipping-taxable","13":"purchasable","14":"product-type-simple","15":"berocket_lgv_grid","16":"berocket_lgv_list_grid"},"acf":[],"aioseo_notices":[],"_links":{"self":[{"href":"https:\/\/todoenseguridad.com\/site\/wp-json\/wp\/v2\/product\/12091","targetHints":{"allow":["GET"]}}],"collection":[{"href":"https:\/\/todoenseguridad.com\/site\/wp-json\/wp\/v2\/product"}],"about":[{"href":"https:\/\/todoenseguridad.com\/site\/wp-json\/wp\/v2\/types\/product"}],"wp:featuredmedia":[{"embeddable":true,"href":"https:\/\/todoenseguridad.com\/site\/wp-json\/wp\/v2\/media\/12092"}],"wp:attachment":[{"href":"https:\/\/todoenseguridad.com\/site\/wp-json\/wp\/v2\/media?parent=12091"}],"wp:term":[{"taxonomy":"product_brand","embeddable":true,"href":"https:\/\/todoenseguridad.com\/site\/wp-json\/wp\/v2\/product_brand?post=12091"},{"taxonomy":"product_cat","embeddable":true,"href":"https:\/\/todoenseguridad.com\/site\/wp-json\/wp\/v2\/product_cat?post=12091"},{"taxonomy":"product_tag","embeddable":true,"href":"https:\/\/todoenseguridad.com\/site\/wp-json\/wp\/v2\/product_tag?post=12091"},{"taxonomy":"berocket_brand","embeddable":true,"href":"https:\/\/todoenseguridad.com\/site\/wp-json\/wp\/v2\/berocket_brand?post=12091"}],"curies":[{"name":"wp","href":"https:\/\/api.w.org\/{rel}","templated":true}]}}