{"id":12083,"date":"2022-12-13T14:45:36","date_gmt":"2022-12-13T19:45:36","guid":{"rendered":"https:\/\/todoenseguridad.com\/site\/?post_type=product&#038;p=12083"},"modified":"2026-03-23T15:21:43","modified_gmt":"2026-03-23T20:21:43","slug":"ca78l-f1c-century-antena-am-para-proteccion-de-activos-comerciales-acustic-magnetic","status":"publish","type":"product","link":"https:\/\/todoenseguridad.com\/site\/producto\/ca78l-f1c-century-antena-am-para-proteccion-de-activos-comerciales-acustic-magnetic\/","title":{"rendered":"CA78L\/F1C CENTURY Antena AM Para Protecci\u00f3n de Activos Comerciales Acustic Magnetic (MAESTRA)"},"content":{"rendered":"<h3 id=\\\"product_title_191841\\\" class=\\\"no_margin_top titulo_vista_producto\\\"><span style=\\\"color: #0000ff\\\"><span class=\\\"modelo-marca\\\">CA78L\/F1C<\/span> CENTURY Antena AM Para Protecci\u00f3n de Activos Comerciales Acustic Magnetic (MAESTRA)<\/span><\/h3>\n<p>&nbsp;<\/p>\n<ul>\n<li><span style=\\\"color: #000000\\\">Material: ABS<\/span><\/li>\n<li><span style=\\\"color: #000000\\\">Frecuencia:\u00a058 KHz<\/span><\/li>\n<li><span style=\\\"color: #000000\\\">Consumo de energ\u00eda: 48 W<\/span><\/li>\n<li><span style=\\\"color: #000000\\\">Corriente m\u00e1xima: 0.4A@ 120 VCA<\/span><\/li>\n<li><span style=\\\"color: #000000\\\">Dimensiones:\u00a01548 x 400 x 130\u00a0mm<\/span><\/li>\n<li><span style=\\\"color: #000000\\\">Grosor del marco:\u00a045 mm<\/span><\/li>\n<li><span style=\\\"color: #000000\\\">Grosor de la base: 130 mm<\/span><\/li>\n<li><span style=\\\"color: #000000\\\"><strong>Requiere antena receptora <\/strong><strong>CA78L\/F1S<\/strong><\/span><\/li>\n<\/ul>\n<p><span style=\\\"color: #000000\\\">*El rango de detecci\u00f3n depende de la calidad de la alimentaci\u00f3n, niveles de ruido as\u00ed como el tipo de tags. \u00a0<\/span><\/p>\n<p><span style=\\\"color: #000000\\\">*\u00a0cuando es un tag de etiqueta adherible R011\u00a0 puede\u00a0 variar entre 160 a 180 cm\u00a0 \u00a0entre antenas\u00a0 \u00a0 dependiendo el lugar de instalaci\u00f3n\u00a0 \u00a0y los tag r\u00edgidos T010B, T010W y T213 son de 180 a 200 cm.<\/span><\/p>\n<p>&nbsp;<\/p>\n<p class=\\\"Default\\\"><span style=\\\"color: #000000\\\"><strong>Requerimientos de entorno de instalaci\u00f3n <\/strong><\/span><\/p>\n<p class=\\\"Default\\\"><span style=\\\"color: #000000\\\">1 Aseg\u00farese de que la antena est\u00e9 instalada en un entorno con buena ventilaci\u00f3n<\/span><\/p>\n<p class=\\\"Default\\\"><span style=\\\"color: #000000\\\">2 Aseg\u00farese de que el entorno est\u00e9 limpio y seco.<\/span><\/p>\n<p class=\\\"Default\\\"><span style=\\\"color: #000000\\\">3 Aseg\u00farese de que no haya posibilidad de que entre agua en el marco de la antena<\/span><\/p>\n<p class=\\\"Default\\\"><span style=\\\"color: #000000\\\">4 Aseg\u00farese de que no haya objetos met\u00e1licos grandes, como el marco met\u00e1lico de la puerta, el gabinete o el carrito de compras cerca de la antena.<\/span><\/p>\n<p class=\\\"Default\\\"><span style=\\\"color: #000000\\\">5 Aseg\u00farese de que no haya una etiqueta de 58 KHz cerca de la antena.<\/span><\/p>\n<p class=\\\"Default\\\"><span style=\\\"color: #000000\\\"><strong>Requerimientos de la fuente de energ\u00eda. <\/strong><\/span><\/p>\n<p class=\\\"Default\\\"><span style=\\\"color: #000000\\\">1. Todas las antenas dentro de los 40 m deber\u00e1n usar la misma fuente de alimentaci\u00f3n de 110 VCA, y el cable neutro y el cable vivo deben estar en la misma posici\u00f3n, es decir, neutro a la izquierda y vivo a la derecha.<\/span><\/p>\n<p class=\\\"Default\\\"><span style=\\\"color: #000000\\\">2. <strong>Conexi\u00f3n a tierra de alta calidad (en la caja de distribuci\u00f3n): el voltaje entre vivo y tierra debe ser de 110VCA. <\/strong><\/span><\/p>\n<p class=\\\"Default\\\"><span style=\\\"color: #000000\\\">3. La energ\u00eda suministrada por UPS o generador privado no es aceptable.<\/span><\/p>\n<p class=\\\"Default\\\"><span style=\\\"color: #000000\\\">4. El cable vivo no se conectar\u00e1 a ninguna electricidad din\u00e1mica. El cable con corriente es mejor usar la misma fuente de alimentaci\u00f3n para los sistemas de iluminaci\u00f3n<\/span><\/p>\n<p class=\\\"Default\\\"><span style=\\\"color: #000000\\\"><strong>Externo <\/strong><\/span><\/p>\n<p class=\\\"Default\\\"><span style=\\\"color: #000000\\\">1. Aseg\u00farese de que la fuente de alimentaci\u00f3n de la toma de corriente sea independiente (no la comparta con otros equipos el\u00e9ctricos) y que la toma de corriente tenga una buena conexi\u00f3n a tierra (puede usar un mult\u00edmetro para probar el voltaje entre el cable de fase y la conexi\u00f3n a tierra, que debe ser de 110V o 220V) .<\/span><\/p>\n<p class=\\\"Default\\\"><span style=\\\"color: #000000\\\">2. Aseg\u00farese de que el voltaje de la fuente de alimentaci\u00f3n sea normal.<\/span><\/p>\n<p class=\\\"Default\\\"><span style=\\\"color: #000000\\\">3. Las etiquetas de 58 KHz deben estar a 3 mts o m\u00e1s de la antena.\u00a0<\/span><\/p>\n<p><span style=\\\"color: #000000\\\"><strong>Nota: No\u00a0 se\u00a0 recomienda en bibliotecas, ferreterias, pruducto de metal, equipos electronicos directamente o lugares\u00a0 con gran cantidad de metal.<\/strong><\/span><\/p>\n<p><span style=\\\"color: #000000\\\">En caso de manejar carriles\u00a0 tomar en\u00a0 cuenta la\u00a0 estructura: Maestra- Esclava-\u00a0 Maestra.<\/span><\/p>\n","protected":false},"excerpt":{"rendered":"<p>CA78L\/F1C CENTURY Antena AM Para Protecci\u00f3n de Activos Comerciales Acustic Magnetic (MAESTRA) &nbsp; Material: ABS Frecuencia:\u00a058 KHz Consumo de energ\u00eda: 48 W Corriente m\u00e1xima: 0.4A@ 120 VCA Dimensiones:\u00a01548 x 400 x 130\u00a0mm Grosor del marco:\u00a045 mm Grosor de la base: 130 mm Requiere antena receptora CA78L\/F1S *El rango de detecci\u00f3n depende de la calidad de [&hellip;]<\/p>\n","protected":false},"featured_media":12084,"template":"","meta":{"_acf_changed":false},"product_brand":[],"product_cat":[115,113],"product_tag":[],"berocket_brand":[],"class_list":{"0":"post-12083","1":"product","2":"type-product","3":"status-publish","4":"has-post-thumbnail","6":"product_cat-detectores-proteccion","7":"product_cat-proteccion-de-mercancia","9":"first","10":"instock","11":"sale","12":"taxable","13":"shipping-taxable","14":"purchasable","15":"product-type-simple","16":"berocket_lgv_grid","17":"berocket_lgv_list_grid"},"acf":[],"aioseo_notices":[],"_links":{"self":[{"href":"https:\/\/todoenseguridad.com\/site\/wp-json\/wp\/v2\/product\/12083","targetHints":{"allow":["GET"]}}],"collection":[{"href":"https:\/\/todoenseguridad.com\/site\/wp-json\/wp\/v2\/product"}],"about":[{"href":"https:\/\/todoenseguridad.com\/site\/wp-json\/wp\/v2\/types\/product"}],"wp:featuredmedia":[{"embeddable":true,"href":"https:\/\/todoenseguridad.com\/site\/wp-json\/wp\/v2\/media\/12084"}],"wp:attachment":[{"href":"https:\/\/todoenseguridad.com\/site\/wp-json\/wp\/v2\/media?parent=12083"}],"wp:term":[{"taxonomy":"product_brand","embeddable":true,"href":"https:\/\/todoenseguridad.com\/site\/wp-json\/wp\/v2\/product_brand?post=12083"},{"taxonomy":"product_cat","embeddable":true,"href":"https:\/\/todoenseguridad.com\/site\/wp-json\/wp\/v2\/product_cat?post=12083"},{"taxonomy":"product_tag","embeddable":true,"href":"https:\/\/todoenseguridad.com\/site\/wp-json\/wp\/v2\/product_tag?post=12083"},{"taxonomy":"berocket_brand","embeddable":true,"href":"https:\/\/todoenseguridad.com\/site\/wp-json\/wp\/v2\/berocket_brand?post=12083"}],"curies":[{"name":"wp","href":"https:\/\/api.w.org\/{rel}","templated":true}]}}