{"id":12075,"date":"2022-12-12T15:52:00","date_gmt":"2022-12-12T20:52:00","guid":{"rendered":"https:\/\/todoenseguridad.com\/site\/?post_type=product&#038;p=12075"},"modified":"2026-03-23T15:25:39","modified_gmt":"2026-03-23T20:25:39","slug":"mb160id-zkteco-lector-de-reconocimiento-facial-tarjeta-y-huella-digital-lector-de-tarjetas-de-proximidad","status":"publish","type":"product","link":"https:\/\/todoenseguridad.com\/site\/producto\/mb160id-zkteco-lector-de-reconocimiento-facial-tarjeta-y-huella-digital-lector-de-tarjetas-de-proximidad\/","title":{"rendered":"MB160ID ZKTECO Lector de Reconocimiento Facial, Tarjeta y Huella Digital\/ Lector de tarjetas de proximidad"},"content":{"rendered":"<h3 id=\\\"product_title_166615\\\" class=\\\"no_margin_top titulo_vista_producto\\\"><span style=\\\"color: #0000ff\\\"><span class=\\\"modelo-marca\\\">MB160ID<\/span> ZKTECO Lector de Reconocimiento Facial, Tarjeta y Huella Digital \/ 1500 Rostros \/ 1500 huellas \/ Lector de tarjetas de proximidad \/ Soporta DDNS con BIOTIMEPRO \/ Funci\u00f3n ADMS INCLUIDA<\/span><\/h3>\n<h2 class=\\\"tituloDeLista\\\"><span style=\\\"color: #000000\\\">Aplicaciones comunes:<\/span><\/h2>\n<ul>\n<li><span style=\\\"color: #000000\\\">Sistemas de control de asistencia.<\/span><\/li>\n<li><span style=\\\"color: #000000\\\">Control de Acceso para 1 puerta.<\/span><\/li>\n<\/ul>\n<h2 class=\\\"tituloDeLista\\\"><span style=\\\"color: #000000\\\">Funciones:<\/span><\/h2>\n<p><span style=\\\"color: #000000\\\"><strong>Tiempo y asistencia:<\/strong><\/span><\/p>\n<ul>\n<li><span style=\\\"color: #000000\\\">Funci\u00f3n ADMS incluida. El MB160 est\u00e1 listo para trabajar con el software BIOTIMEPRO, facilitando la administraci\u00f3n de personal en sitios remotos de manera centralizada.<\/span><\/li>\n<li><span style=\\\"color: #000000\\\">Registro de entradas y salidas mediante rostro, huella o combinaci\u00f3n de ambos tipos de verificaci\u00f3n.<\/span><\/li>\n<li><span style=\\\"color: #000000\\\">Registro de rostros directamente en la terminal.<\/span><\/li>\n<li><span style=\\\"color: #000000\\\">Ideal para obtener reportes de entradas y salidas de personal.<\/span><\/li>\n<li><span style=\\\"color: #000000\\\">Registro de huellas directo en la terminal, o de manera remota mediante software (Requiere ZK4000 o ZK7500).<\/span><\/li>\n<\/ul>\n<p><span style=\\\"color: #000000\\\"><strong>Control de acceso:<\/strong><\/span><\/p>\n<ul>\n<li><span style=\\\"color: #000000\\\">Control para chapa magn\u00e9tica o cerradura el\u00e9ctrica integrado.<\/span><\/li>\n<li><span style=\\\"color: #000000\\\">Agregue una sirena externa para generar alarmas audibles programadas.<\/span><\/li>\n<li><span style=\\\"color: #000000\\\">Incluye entrada para conectar un bot\u00f3n de salida.<\/span><\/li>\n<li><span style=\\\"color: #000000\\\">No permite la creaci\u00f3n de horarios de acceso<\/span><\/li>\n<\/ul>\n<p><span style=\\\"color: #000000\\\"><strong>Impresora (opcional):<\/strong><\/span><\/p>\n<div><span style=\\\"color: #000000\\\">Compatible con impresoras seriales de la marca: EPSON y RONGTA<\/span><\/div>\n<div><span style=\\\"color: #000000\\\">El formato de la impresi\u00f3n ya viene predefinido, se puede elegir cuales datos se\u00a0desean mostrar en el ticket (activar o deactivar), pero no es posible agregar nuevos campos.<\/span><\/div>\n<ul>\n<li><span style=\\\"color: #000000\\\">Nombre de la empresa<\/span><\/li>\n<li><span style=\\\"color: #000000\\\">ID del usuario<\/span><\/li>\n<li><span style=\\\"color: #000000\\\">Nombre<\/span><\/li>\n<li><span style=\\\"color: #000000\\\">Tiempo del evnto<\/span><\/li>\n<li><span style=\\\"color: #000000\\\">Estado de asistencia (Entrada\/Salida)<\/span><\/li>\n<li><span style=\\\"color: #000000\\\">ID del equipo<\/span><\/li>\n<li><span style=\\\"color: #000000\\\">Tiempo de la impresi\u00f3n<\/span><\/li>\n<li><span style=\\\"color: #000000\\\">Modo de verificaci\u00f3n<\/span><\/li>\n<\/ul>\n","protected":false},"excerpt":{"rendered":"<p>MB160ID ZKTECO Lector de Reconocimiento Facial, Tarjeta y Huella Digital \/ 1500 Rostros \/ 1500 huellas \/ Lector de tarjetas de proximidad \/ Soporta DDNS con BIOTIMEPRO \/ Funci\u00f3n ADMS INCLUIDA Aplicaciones comunes: Sistemas de control de asistencia. Control de Acceso para 1 puerta. Funciones: Tiempo y asistencia: Funci\u00f3n ADMS incluida. El MB160 est\u00e1 listo [&hellip;]<\/p>\n","protected":false},"featured_media":12076,"template":"","meta":{"_acf_changed":false},"product_brand":[],"product_cat":[96,98],"product_tag":[],"berocket_brand":[],"class_list":{"0":"post-12075","1":"product","2":"type-product","3":"status-publish","4":"has-post-thumbnail","6":"product_cat-control-de-acceso","7":"product_cat-lector-biometrico","9":"first","10":"instock","11":"taxable","12":"shipping-taxable","13":"purchasable","14":"product-type-simple","15":"berocket_lgv_grid","16":"berocket_lgv_list_grid"},"acf":[],"aioseo_notices":[],"_links":{"self":[{"href":"https:\/\/todoenseguridad.com\/site\/wp-json\/wp\/v2\/product\/12075","targetHints":{"allow":["GET"]}}],"collection":[{"href":"https:\/\/todoenseguridad.com\/site\/wp-json\/wp\/v2\/product"}],"about":[{"href":"https:\/\/todoenseguridad.com\/site\/wp-json\/wp\/v2\/types\/product"}],"wp:featuredmedia":[{"embeddable":true,"href":"https:\/\/todoenseguridad.com\/site\/wp-json\/wp\/v2\/media\/12076"}],"wp:attachment":[{"href":"https:\/\/todoenseguridad.com\/site\/wp-json\/wp\/v2\/media?parent=12075"}],"wp:term":[{"taxonomy":"product_brand","embeddable":true,"href":"https:\/\/todoenseguridad.com\/site\/wp-json\/wp\/v2\/product_brand?post=12075"},{"taxonomy":"product_cat","embeddable":true,"href":"https:\/\/todoenseguridad.com\/site\/wp-json\/wp\/v2\/product_cat?post=12075"},{"taxonomy":"product_tag","embeddable":true,"href":"https:\/\/todoenseguridad.com\/site\/wp-json\/wp\/v2\/product_tag?post=12075"},{"taxonomy":"berocket_brand","embeddable":true,"href":"https:\/\/todoenseguridad.com\/site\/wp-json\/wp\/v2\/berocket_brand?post=12075"}],"curies":[{"name":"wp","href":"https:\/\/api.w.org\/{rel}","templated":true}]}}