{"id":12073,"date":"2022-12-12T15:24:58","date_gmt":"2022-12-12T20:24:58","guid":{"rendered":"https:\/\/todoenseguridad.com\/site\/?post_type=product&#038;p=12073"},"modified":"2026-03-23T15:26:15","modified_gmt":"2026-03-23T20:26:15","slug":"k-30-zkteco-checador-de-huella-y-tarjetas-para-tiempo-y-asistencia","status":"publish","type":"product","link":"https:\/\/todoenseguridad.com\/site\/producto\/k-30-zkteco-checador-de-huella-y-tarjetas-para-tiempo-y-asistencia\/","title":{"rendered":"K-30 ZKTECO Checador de Huella y Tarjetas para Tiempo y Asistencia\/ Reportes directo a Excel por USB"},"content":{"rendered":"<h2 id=\\\"product_title_85036\\\" class=\\\"no_margin_top titulo_vista_producto\\\"><span style=\\\"color: #0000ff\\\"><span class=\\\"modelo-marca\\\">K-30<\/span> ZKTECO Checador de Huella y Tarjetas para Tiempo y Asistencia con Bater\u00eda de Respaldo\/ Comunicaci\u00f3n TCP\/ IP\/ Reportes directo a Excel por USB (Funci\u00f3n SSR)\/ Salida de relevador para cerradura<\/span><\/h2>\n<p>&nbsp;<\/p>\n<div class=\\\"col-sm-6\\\"><span style=\\\"color: #000000\\\">El K30 es una elegante terminal de Tiempo y Asistencia con funciones b\u00e1sicas de control de acceso.Permite la administraci\u00f3n de cerraduras el\u00e9ctricas y botones de salida.<\/span><\/div>\n<div class=\\\"col-sm-6\\\">\n<p><span style=\\\"color: #000000\\\">\u00a0La comunicaci\u00f3n TCP\/IP y el puerto USB permiten la gesti\u00f3n de datos de forma muy sencilla, adem\u00e1s incorpora una bateria de respaldo con lo que se elimina el problema de fallos de electricidad.<\/span><\/p>\n<\/div>\n<div class=\\\"fila\\\">\n<div class=\\\"col-sm-4\\\">\n<div>\n<p><span style=\\\"color: #000000\\\"><strong> Equipo para Control de Acceso\/ Tiempo y Asistencia: <\/strong><\/span><\/p>\n<ul>\n<li><span style=\\\"color: #000000\\\">Reportes de entrada y salida de personal por horarios (Directo a Excel y utilizando el software).<\/span><\/li>\n<li><span style=\\\"color: #000000\\\">Registro de usuarios directamente en la terminal o mediante software*.<\/span><\/li>\n<li><span style=\\\"color: #000000\\\">Salida de relevador para control de chapas magn\u00e9ticas y contrachapas sin necesidad de relevador adicional.<\/span><\/li>\n<li><span style=\\\"color: #000000\\\">M\u00e9todos de verificaci\u00f3n combinables.<\/span><\/li>\n<\/ul>\n<\/div>\n<\/div>\n<div class=\\\"col-sm-4\\\">\n<div>\n<p><span style=\\\"color: #000000\\\"><strong> Especificaciones T\u00e9cnicas <\/strong><\/span><\/p>\n<ul>\n<li><span style=\\\"color: #000000\\\">Memoria Huellas 1000 Eventos 80,000<\/span><\/li>\n<li><span style=\\\"color: #000000\\\">Comunicacion USB(Reportes en Excel)<\/span><\/li>\n<li><span style=\\\"color: #000000\\\">Alimentacion 12 V CD, 1.5Amp (NO INCLUIDA )<\/span><\/li>\n<li><span style=\\\"color: #000000\\\">Temperatura 0 \u00b0C &#8211; 45 \u00b0C<\/span><\/li>\n<li><span style=\\\"color: #000000\\\">Dimensiones 183 x 135 x 36 mm<\/span><\/li>\n<\/ul>\n<\/div>\n<\/div>\n<div class=\\\"col-sm-4\\\">\n<div>\n<p><span style=\\\"color: #000000\\\"><strong> Caracter\u00edsticas Destacadas: <\/strong><\/span><span style=\\\"color: #000000\\\">Bot\u00f3n de inicio<\/span><\/p>\n<p><span style=\\\"color: #000000\\\">Lector de tarjetas de proximidad de 125 KHz<\/span><\/p>\n<p><span style=\\\"color: #000000\\\">Salida de relevador<\/span><\/p>\n<p><span style=\\\"color: #000000\\\">Terminal para bot\u00f3n de salida REX.<\/span><\/p>\n<p><span style=\\\"color: #000000\\\">Bater\u00eda de respaldo de 2Ah.<\/span><\/p>\n<p><span style=\\\"color: #000000\\\">SOFTWARE GRATUITO ZKTIMENET 2.0 (AccessPROTimeNET)<\/span><\/p>\n<p><span style=\\\"color: #000000\\\">SOFTWARE ZKTimeNET3.0 REQUIERE LICENCIA<\/span><\/p>\n<\/div>\n<\/div>\n<\/div>\n","protected":false},"excerpt":{"rendered":"<p>K-30 ZKTECO Checador de Huella y Tarjetas para Tiempo y Asistencia con Bater\u00eda de Respaldo\/ Comunicaci\u00f3n TCP\/ IP\/ Reportes directo a Excel por USB (Funci\u00f3n SSR)\/ Salida de relevador para cerradura &nbsp; El K30 es una elegante terminal de Tiempo y Asistencia con funciones b\u00e1sicas de control de acceso.Permite la administraci\u00f3n de cerraduras el\u00e9ctricas y [&hellip;]<\/p>\n","protected":false},"featured_media":12074,"template":"","meta":{"_acf_changed":false},"product_brand":[],"product_cat":[96,99],"product_tag":[],"berocket_brand":[],"class_list":{"0":"post-12073","1":"product","2":"type-product","3":"status-publish","4":"has-post-thumbnail","6":"product_cat-control-de-acceso","7":"product_cat-control-de-asistencia","9":"first","10":"instock","11":"taxable","12":"shipping-taxable","13":"purchasable","14":"product-type-simple","15":"berocket_lgv_grid","16":"berocket_lgv_list_grid"},"acf":[],"aioseo_notices":[],"_links":{"self":[{"href":"https:\/\/todoenseguridad.com\/site\/wp-json\/wp\/v2\/product\/12073","targetHints":{"allow":["GET"]}}],"collection":[{"href":"https:\/\/todoenseguridad.com\/site\/wp-json\/wp\/v2\/product"}],"about":[{"href":"https:\/\/todoenseguridad.com\/site\/wp-json\/wp\/v2\/types\/product"}],"wp:featuredmedia":[{"embeddable":true,"href":"https:\/\/todoenseguridad.com\/site\/wp-json\/wp\/v2\/media\/12074"}],"wp:attachment":[{"href":"https:\/\/todoenseguridad.com\/site\/wp-json\/wp\/v2\/media?parent=12073"}],"wp:term":[{"taxonomy":"product_brand","embeddable":true,"href":"https:\/\/todoenseguridad.com\/site\/wp-json\/wp\/v2\/product_brand?post=12073"},{"taxonomy":"product_cat","embeddable":true,"href":"https:\/\/todoenseguridad.com\/site\/wp-json\/wp\/v2\/product_cat?post=12073"},{"taxonomy":"product_tag","embeddable":true,"href":"https:\/\/todoenseguridad.com\/site\/wp-json\/wp\/v2\/product_tag?post=12073"},{"taxonomy":"berocket_brand","embeddable":true,"href":"https:\/\/todoenseguridad.com\/site\/wp-json\/wp\/v2\/berocket_brand?post=12073"}],"curies":[{"name":"wp","href":"https:\/\/api.w.org\/{rel}","templated":true}]}}