{"id":12071,"date":"2022-12-12T15:05:49","date_gmt":"2022-12-12T20:05:49","guid":{"rendered":"https:\/\/todoenseguridad.com\/site\/?post_type=product&#038;p=12071"},"modified":"2026-03-23T15:27:09","modified_gmt":"2026-03-23T20:27:09","slug":"speedfacev5lp-zkteco-biometrico-facial-y-de-palma-sin-contacto-con-pantalla-touch-6000-rostros-lector-de-huella-digital","status":"publish","type":"product","link":"https:\/\/todoenseguridad.com\/site\/producto\/speedfacev5lp-zkteco-biometrico-facial-y-de-palma-sin-contacto-con-pantalla-touch-6000-rostros-lector-de-huella-digital\/","title":{"rendered":"SPEEDFACEV5LP ZKTECO Biom\u00e9trico Facial y de Palma SIN CONTACTO con pantalla Touch\/ 6000 rostros\/ Lector de Huella Digital"},"content":{"rendered":"<h3 id=\\\"product_title_188422\\\" class=\\\"no_margin_top titulo_vista_producto\\\"><span style=\\\"color: #0000ff\\\"><span class=\\\"modelo-marca\\\">SPEEDFACEV5LP<\/span> ZKTECO Biom\u00e9trico Facial y de Palma SIN CONTACTO con pantalla Touch de 5 \\\u00bb\/ 6000 rostros \/ Lector de Huella Digital \/ Video Portero \/ Lector de C\u00f3digos QR \/ Lector de proximidad<\/span><\/h3>\n<p><span style=\\\"color: #000000\\\"><strong>Caracter\u00edsticas principales:<\/strong><\/span><\/p>\n<ul>\n<li><span style=\\\"color: #000000\\\">Pantalla t\u00e1ctil de 5\\\u00bb<\/span><\/li>\n<li><span style=\\\"color: #000000\\\">Lectura de Huellas, Rostros, Palma, C\u00f3digo QR y Tarjetas de proximidad<\/span><\/li>\n<li><span style=\\\"color: #000000\\\">Sistema Operativo: Linux\u00a0<\/span><\/li>\n<li><span style=\\\"color: #000000\\\">Reconocimiento Facial en menos de 1 segundo<\/span><\/li>\n<li><span style=\\\"color: #000000\\\">Reconocimiento de Palma en 1 segundo aprox.<\/span><\/li>\n<li><span style=\\\"color: #000000\\\">Administraci\u00f3n aut\u00f3noma o con software<\/span><\/li>\n<li><span style=\\\"color: #000000\\\">Capacidad de 6,000 rostros<\/span><\/li>\n<li><span style=\\\"color: #000000\\\">Capacidad de 3,000 palmas<\/span><\/li>\n<li><span style=\\\"color: #000000\\\">Capacidad de 10,000 huellas\u00a0<\/span><\/li>\n<li><span style=\\\"color: #000000\\\">200,000 eventos\u00a0<\/span><\/li>\n<li><span style=\\\"color: #000000\\\">Multiples metodos de verificaci\u00f3n<\/span><\/li>\n<\/ul>\n<p><span style=\\\"color: #000000\\\"><strong>Caracter\u00edsticas F\u00edsicas y El\u00e9ctricas:<\/strong><\/span><\/p>\n<ul>\n<li><span style=\\\"color: #000000\\\">Alimentaci\u00f3n: 12 Vcc @ 3 A<\/span><\/li>\n<li><span style=\\\"color: #000000\\\">Conexi\u00f3n TCP\/IP<\/span><\/li>\n<li><span style=\\\"color: #000000\\\">Conexi\u00f3n Wiegand (Entrada \/ Salida).<\/span><\/li>\n<li><span style=\\\"color: #000000\\\">Salida de relevador para chapa<\/span><\/li>\n<li><span style=\\\"color: #000000\\\">Entrada de Bot\u00f3n Rex, Sensor de puerta, Aux input.<\/span><\/li>\n<\/ul>\n<p><span style=\\\"color: #000000\\\"><strong>Compatibilidad de Software<\/strong><\/span><\/p>\n<ul>\n<li><span style=\\\"color: #000000\\\"><strong>ZKBioAccess <\/strong>(Gratuito hasta 15 puertas)<\/span><\/li>\n<li><span style=\\\"color: #000000\\\"><strong>ZKBioSecurity<\/strong> (Mediante licencia)<\/span><\/li>\n<li><span style=\\\"color: #000000\\\"><strong>ZKBioTimePRO<\/strong> (Mediante licencia)<\/span><\/li>\n<\/ul>\n<p><span style=\\\"color: #000000\\\"><strong>Caracter\u00edsticas Destacadas:<\/strong><\/span><\/p>\n<p><span style=\\\"color: #000000\\\">Tecnolog\u00eda de reconocimiento facial de luz visible (Visible Light Series).<\/span><\/p>\n<ul>\n<li><span style=\\\"color: #000000\\\">Lectura de rostros y palmas muy r\u00e1pida, SIN CONTACTO<\/span><\/li>\n<li><span style=\\\"color: #000000\\\">Lectura de c\u00f3digos QR.<\/span><\/li>\n<li><span style=\\\"color: #000000\\\">Algoritmo facial anti-falsificaci\u00f3n ultra-r\u00e1pido (Detecta rostros falsos en fotos, videos y m\u00e1scaras).<\/span><\/li>\n<\/ul>\n<div class=\\\"col-sm-6\\\">\n<p><strong><span style=\\\"color: #000000\\\">Anti-Falsificaci\u00f3n y Ultra R\u00e1pido<\/span><\/strong><span style=\\\"color: #000000\\\">La serie SpeedFace-V5L es una versi\u00f3n completamente actualizada de la terminal de reconocimiento facial con luz visible SpeedFace. Combinando avanzados algoritmos de reconocimiento facial y la \u00faltima tecnolog\u00eda de visi\u00f3n por computadora, reconoce una gran cantidad de rostros y palmas de forma ultra-r\u00e1pida, sin contacto, aumentando la seguridad e higiene en todos los aspectos.<\/span><\/p>\n<p><span style=\\\"color: #000000\\\">Instalaci\u00f3n en lugares clave como hospitales, f\u00e1bricas, escuelas, corporativos, centros comerciales, estaciones de transporte y organizaciones con altos requisitos de seguridad e higiene.<\/span><\/p>\n<ul>\n<li><span style=\\\"color: #000000\\\">\u2713<strong>Mayor higiene con verificaci\u00f3n biom\u00e9trica sin-contacto.<\/strong><\/span><\/li>\n<li><span style=\\\"color: #000000\\\">\u2713Algoritmo facial anti-falsificaci\u00f3n ultra-r\u00e1pido (Detecta rostros falsos en fotos, videos y m\u00e1scaras).<\/span><\/li>\n<li><span style=\\\"color: #000000\\\">\u2713Funci\u00f3n de videoportero con la aplicaci\u00f3n ZSmart<\/span><\/li>\n<li><span style=\\\"color: #000000\\\">\u2713Lector de C\u00f3digos QR<\/span><\/li>\n<\/ul>\n<\/div>\n","protected":false},"excerpt":{"rendered":"<p>SPEEDFACEV5LP ZKTECO Biom\u00e9trico Facial y de Palma SIN CONTACTO con pantalla Touch de 5 \\\u00bb\/ 6000 rostros \/ Lector de Huella Digital \/ Video Portero \/ Lector de C\u00f3digos QR \/ Lector de proximidad Caracter\u00edsticas principales: Pantalla t\u00e1ctil de 5\\\u00bb Lectura de Huellas, Rostros, Palma, C\u00f3digo QR y Tarjetas de proximidad Sistema Operativo: Linux\u00a0 Reconocimiento [&hellip;]<\/p>\n","protected":false},"featured_media":12072,"template":"","meta":{"_acf_changed":false},"product_brand":[],"product_cat":[96,98],"product_tag":[],"berocket_brand":[],"class_list":{"0":"post-12071","1":"product","2":"type-product","3":"status-publish","4":"has-post-thumbnail","6":"product_cat-control-de-acceso","7":"product_cat-lector-biometrico","9":"first","10":"instock","11":"taxable","12":"shipping-taxable","13":"purchasable","14":"product-type-simple","15":"berocket_lgv_grid","16":"berocket_lgv_list_grid"},"acf":[],"aioseo_notices":[],"_links":{"self":[{"href":"https:\/\/todoenseguridad.com\/site\/wp-json\/wp\/v2\/product\/12071","targetHints":{"allow":["GET"]}}],"collection":[{"href":"https:\/\/todoenseguridad.com\/site\/wp-json\/wp\/v2\/product"}],"about":[{"href":"https:\/\/todoenseguridad.com\/site\/wp-json\/wp\/v2\/types\/product"}],"wp:featuredmedia":[{"embeddable":true,"href":"https:\/\/todoenseguridad.com\/site\/wp-json\/wp\/v2\/media\/12072"}],"wp:attachment":[{"href":"https:\/\/todoenseguridad.com\/site\/wp-json\/wp\/v2\/media?parent=12071"}],"wp:term":[{"taxonomy":"product_brand","embeddable":true,"href":"https:\/\/todoenseguridad.com\/site\/wp-json\/wp\/v2\/product_brand?post=12071"},{"taxonomy":"product_cat","embeddable":true,"href":"https:\/\/todoenseguridad.com\/site\/wp-json\/wp\/v2\/product_cat?post=12071"},{"taxonomy":"product_tag","embeddable":true,"href":"https:\/\/todoenseguridad.com\/site\/wp-json\/wp\/v2\/product_tag?post=12071"},{"taxonomy":"berocket_brand","embeddable":true,"href":"https:\/\/todoenseguridad.com\/site\/wp-json\/wp\/v2\/berocket_brand?post=12071"}],"curies":[{"name":"wp","href":"https:\/\/api.w.org\/{rel}","templated":true}]}}