{"id":12044,"date":"2022-09-02T14:02:09","date_gmt":"2022-09-02T19:02:09","guid":{"rendered":"https:\/\/todoenseguridad.com\/site\/?post_type=product&#038;p=12044"},"modified":"2026-03-30T16:07:11","modified_gmt":"2026-03-30T21:07:11","slug":"dhi-ark30t-w2-dahua-teclado-inalambrico-interior-touch-para-armado-y-desarmado-soporta-hasta-32-usuarios-con-pin-o-tarjetas-mifare","status":"publish","type":"product","link":"https:\/\/todoenseguridad.com\/site\/producto\/dhi-ark30t-w2-dahua-teclado-inalambrico-interior-touch-para-armado-y-desarmado-soporta-hasta-32-usuarios-con-pin-o-tarjetas-mifare\/","title":{"rendered":"DHI-ARK30T-W2 DAHUA Teclado Inal\u00e1mbrico Interior Touch para Armado y Desarmado\/ Soporta hasta 32 usuarios con Pin o Tarjetas Mifare"},"content":{"rendered":"<h2 class=\\\"mb-3\\\"><span style=\\\"color: #0000ff\\\">DHI-ARK30T-W2 DAHUA Teclado Inal\u00e1mbrico Interior Touch para Armado y Desarmado\/ Soporta hasta 32 usuarios con Pin o Tarjetas Mifare\/ Indicadores Led de Status del Hub\/ Alarma de Bater\u00eda Baja<\/span><\/h2>\n<h2 class=\\\"card-title text-center\\\"><span style=\\\"color: #000000\\\">Informaci\u00f3n General<\/span><\/h2>\n<h2><span style=\\\"color: #000000\\\">Teclado inal\u00e1mbrico<\/span><\/h2>\n<p class=\\\"ql-align-justify\\\"><span style=\\\"color: #000000\\\">El teclado inal\u00e1mbrico se utiliza con el concentrador de alarmas (Hub) y se pueden dar de alta varios usuarios, lo que permite que cada uno acceda al sistema de seguridad de alarma con su propia contrase\u00f1a privada o con una tarjeta IC. El sistema tambi\u00e9n mantiene convenientemente un registro de las operaciones realizadas por cada usuario, lo que facilita la revisi\u00f3n y el an\u00e1lisis del historial de uso.<\/span><\/p>\n<p><span style=\\\"color: #000000\\\">Se pueden configurar 3 tipos de alarmas directo en el teclado: m\u00e9dica, incendio, emergencia.<\/span><\/p>\n<h2><span style=\\\"color: #000000\\\">Principales caracter\u00edsticas:<\/span><\/h2>\n<ul>\n<li><span style=\\\"color: #000000\\\">Luz indicadora de 4 estados del Hub (comunicaci\u00f3n, armado y desarmado, falla y alarma)<\/span><\/li>\n<li><span style=\\\"color: #000000\\\">Teclado Touch con ajuste de brillo<\/span><\/li>\n<li><span style=\\\"color: #000000\\\">Zumbador incorporado<\/span><\/li>\n<li><span style=\\\"color: #000000\\\">Tamper antisabotaje<\/span><\/li>\n<li><span style=\\\"color: #000000\\\">Medici\u00f3n y Alarma de bater\u00eda baja del dispositivo<\/span><\/li>\n<li><span style=\\\"color: #000000\\\">Medici\u00f3n de temperatura ambiente<\/span><\/li>\n<li><span style=\\\"color: #000000\\\">Detecci\u00f3n de intensidad de se\u00f1al entre el dispositivo y el Hub<\/span><\/li>\n<li><span style=\\\"color: #000000\\\">Vinculaci\u00f3n Alarma &#8211; Sirena, cuando se activa una alarma, el sensor informar\u00e1 los eventos de alarma al hub y alertar\u00e1n con una sirena y el zumbador del teclado<\/span><\/li>\n<li><span style=\\\"color: #000000\\\">La funci\u00f3n de salto de frecuencia y la tecnolog\u00eda de comunicaci\u00f3n bidireccional garantizan la estabilidad de la comunicaci\u00f3n<\/span><\/li>\n<li><span style=\\\"color: #000000\\\">Actualizaci\u00f3n en la nube y recuperaci\u00f3n autom\u00e1tica de errores de actualizaci\u00f3n<\/span><\/li>\n<\/ul>\n<h2><span style=\\\"color: #000000\\\">Especificaciones<\/span><\/h2>\n<ul>\n<li><span style=\\\"color: #000000\\\">Fuente de alimentaci\u00f3n 4 pilas AA incluidas<\/span><\/li>\n<li><span style=\\\"color: #000000\\\">Duraci\u00f3n de la bater\u00eda hasta 3 a\u00f1os (si el dispositivo se usa para armar y desarmar una vez al d\u00eda)<\/span><\/li>\n<li><span style=\\\"color: #000000\\\">Dimensiones producto 146,0 mm \u00d7 82,0 mm \u00d7 22,6 mm (Largo \u00d7 Ancho \u00d7 Alto)<\/span><\/li>\n<li><span style=\\\"color: #000000\\\">Dimensiones empaque 180,0 mm \u00d7 104,0 mm \u00d7 58,0 mm (Largo \u00d7 Ancho \u00d7 Alto)<\/span><\/li>\n<li><span style=\\\"color: #000000\\\">Peso bruto 370 g<\/span><\/li>\n<li><span style=\\\"color: #000000\\\">Funci\u00f3n de salto de frecuencia (433,1 MHz\u2013434,6 MHz) y tecnolog\u00eda de comunicaci\u00f3n bidireccional encriptada en AES128 garantizando la estabilidad de la comunicaci\u00f3n<\/span><\/li>\n<li><span style=\\\"color: #000000\\\">Temperatura de funcionamiento en interior de \u2013 10 \u00b0C a +55 \u00b0C<\/span><\/li>\n<li><span style=\\\"color: #000000\\\">Montaje con tapa a pared (incluye tornillos y taquetes)<\/span><\/li>\n<\/ul>\n","protected":false},"excerpt":{"rendered":"<p>DHI-ARK30T-W2 DAHUA Teclado Inal\u00e1mbrico Interior Touch para Armado y Desarmado\/ Soporta hasta 32 usuarios con Pin o Tarjetas Mifare\/ Indicadores Led de Status del Hub\/ Alarma de Bater\u00eda Baja Informaci\u00f3n General Teclado inal\u00e1mbrico El teclado inal\u00e1mbrico se utiliza con el concentrador de alarmas (Hub) y se pueden dar de alta varios usuarios, lo que permite [&hellip;]<\/p>\n","protected":false},"featured_media":12045,"template":"","meta":{"_acf_changed":false},"product_brand":[],"product_cat":[103,101],"product_tag":[],"berocket_brand":[],"class_list":{"0":"post-12044","1":"product","2":"type-product","3":"status-publish","4":"has-post-thumbnail","6":"product_cat-accesorios-alarmas","7":"product_cat-alarmas-y-hogar-inteligente-iot","9":"first","10":"instock","11":"taxable","12":"shipping-taxable","13":"purchasable","14":"product-type-simple","15":"berocket_lgv_grid","16":"berocket_lgv_list_grid"},"acf":[],"aioseo_notices":[],"_links":{"self":[{"href":"https:\/\/todoenseguridad.com\/site\/wp-json\/wp\/v2\/product\/12044","targetHints":{"allow":["GET"]}}],"collection":[{"href":"https:\/\/todoenseguridad.com\/site\/wp-json\/wp\/v2\/product"}],"about":[{"href":"https:\/\/todoenseguridad.com\/site\/wp-json\/wp\/v2\/types\/product"}],"wp:featuredmedia":[{"embeddable":true,"href":"https:\/\/todoenseguridad.com\/site\/wp-json\/wp\/v2\/media\/12045"}],"wp:attachment":[{"href":"https:\/\/todoenseguridad.com\/site\/wp-json\/wp\/v2\/media?parent=12044"}],"wp:term":[{"taxonomy":"product_brand","embeddable":true,"href":"https:\/\/todoenseguridad.com\/site\/wp-json\/wp\/v2\/product_brand?post=12044"},{"taxonomy":"product_cat","embeddable":true,"href":"https:\/\/todoenseguridad.com\/site\/wp-json\/wp\/v2\/product_cat?post=12044"},{"taxonomy":"product_tag","embeddable":true,"href":"https:\/\/todoenseguridad.com\/site\/wp-json\/wp\/v2\/product_tag?post=12044"},{"taxonomy":"berocket_brand","embeddable":true,"href":"https:\/\/todoenseguridad.com\/site\/wp-json\/wp\/v2\/berocket_brand?post=12044"}],"curies":[{"name":"wp","href":"https:\/\/api.w.org\/{rel}","templated":true}]}}