{"id":12042,"date":"2022-09-02T13:47:12","date_gmt":"2022-09-02T18:47:12","guid":{"rendered":"https:\/\/todoenseguridad.com\/site\/?post_type=product&#038;p=12042"},"modified":"2026-03-23T15:29:56","modified_gmt":"2026-03-23T20:29:56","slug":"dahua-detector-de-humo-inalambrico-sensor-fotoelectrico-de-doble-camara","status":"publish","type":"product","link":"https:\/\/todoenseguridad.com\/site\/producto\/dahua-detector-de-humo-inalambrico-sensor-fotoelectrico-de-doble-camara\/","title":{"rendered":"DHI-HY-SA21A-W2 DAHUA Detector de Humo Inal\u00e1mbrico \/ Sensor Fotoel\u00e9ctrico de Doble C\u00e1mara \/ Sirena Interna de 85dB"},"content":{"rendered":"<h2 class=\\\"mb-3\\\"><span style=\\\"color: #0000ff\\\">DHI-HY-SA21A-W2 DAHUA<\/span> <span style=\\\"color: #0000ff\\\">Detector de Humo Inal\u00e1mbrico\/ Sensor Fotoel\u00e9ctrico de Doble C\u00e1mara\/ Sirena Interna de 85dB\/ Funci\u00f3n de Prueba y Silenciar\/ Alarma Visual y Sonora\/ Indicador Led<\/span><\/h2>\n<p>&nbsp;<\/p>\n<h2 class=\\\"card-title text-center\\\"><span style=\\\"color: #000000\\\">Informaci\u00f3n General<\/span><\/h2>\n<p class=\\\"ql-align-justify\\\"><span style=\\\"color: #000000\\\">El detector de humo inal\u00e1mbrico proporciona funciones de alarma y detecci\u00f3n de humo alimentadas por bater\u00eda en el mismo equipo. La electr\u00f3nica avanzada junto con una c\u00e1mara fotoel\u00e9ctrica de detecci\u00f3n de humo brindan una detecci\u00f3n temprana de humo y alta inmunidad contra falsas alarmas. Este tipo de detector de humo es adecuado para aplicaciones residenciales y peque\u00f1os comercios. La notificaci\u00f3n oportuna de la alarma de humo se puede mostrar en la aplicaci\u00f3n DMSS en tiempo real.<\/span><\/p>\n<h2><span style=\\\"color: #000000\\\">Principales Caracter\u00edsticas<\/span><\/h2>\n<ul>\n<li><span style=\\\"color: #000000\\\">Tecnolog\u00eda de doble c\u00e1mara fotoel\u00e9ctrica de detecci\u00f3n de humo<\/span><\/li>\n<li><span style=\\\"color: #000000\\\">Periodo de muestreo 60 segundos<\/span><\/li>\n<li><span style=\\\"color: #000000\\\">Funciones de prueba y silenciamiento en un solo bot\u00f3n<\/span><\/li>\n<li><span style=\\\"color: #000000\\\">Alarma de humo, alarma de falla, alarma de bater\u00eda baja<\/span><\/li>\n<li><span style=\\\"color: #000000\\\">Modo de Alarma visual y sonora<\/span><\/li>\n<li><span style=\\\"color: #000000\\\">Salida de sonido fuerte de m\u00e1s de 85 dB(A) a 3 metros<\/span><\/li>\n<li><span style=\\\"color: #000000\\\">Bajo consumo de corriente en reposo<\/span><\/li>\n<li><span style=\\\"color: #000000\\\">Indicador led verde y rojo de estatus del sensor<\/span><\/li>\n<li><span style=\\\"color: #000000\\\">Tamper antisabotaje<\/span><\/li>\n<li><span style=\\\"color: #000000\\\">Medici\u00f3n y Alarma de bater\u00eda baja del dispositivo<\/span><\/li>\n<li><span style=\\\"color: #000000\\\">Medici\u00f3n de temperatura ambiente<\/span><\/li>\n<li><span style=\\\"color: #000000\\\">Detecci\u00f3n de intensidad de se\u00f1al<\/span><\/li>\n<li><span style=\\\"color: #000000\\\">Vinculaci\u00f3n Alarma &#8211; Sirena, cuando se activa una alarma, el sensor informar\u00e1 los eventos de alarma al HUB y alertar\u00e1n con una sirena<\/span><\/li>\n<li><span style=\\\"color: #000000\\\">Vinculaci\u00f3n Alarma &#8211; Video, cuando se activa una alarma, el sensor informar\u00e1 los eventos de alarma al HUB y luego se vincular\u00e1n con videos<\/span><\/li>\n<li><span style=\\\"color: #000000\\\">La funci\u00f3n de salto de frecuencia y la tecnolog\u00eda de comunicaci\u00f3n bidireccional garantizan la estabilidad de la comunicaci\u00f3n<\/span><\/li>\n<li><span style=\\\"color: #000000\\\">Actualizaci\u00f3n en la nube y recuperaci\u00f3n autom\u00e1tica de errores de actualizaci\u00f3n<\/span><\/li>\n<\/ul>\n<h2><span style=\\\"color: #000000\\\">Especificaciones<\/span><\/h2>\n<ul>\n<li><span style=\\\"color: #000000\\\">Fuente de alimentaci\u00f3n bater\u00eda CR123A (incluida)<\/span><\/li>\n<li><span style=\\\"color: #000000\\\">Duraci\u00f3n de bater\u00eda de hasta 3 a\u00f1os<\/span><\/li>\n<li><span style=\\\"color: #000000\\\">Corriente de monitoreo: \u2264 15uA<\/span><\/li>\n<li><span style=\\\"color: #000000\\\">Corriente de alarma: \u2264 35mA<\/span><\/li>\n<li><span style=\\\"color: #000000\\\">Dimensiones Producto 98 mm \u00d743,1 mm (Di\u00e1metro \u00d7 Alto)<\/span><\/li>\n<li><span style=\\\"color: #000000\\\">Peso Bruto 140 g<\/span><\/li>\n<li><span style=\\\"color: #000000\\\">Distancia de comunicaci\u00f3n hasta 1000 m<\/span><\/li>\n<li><span style=\\\"color: #000000\\\">Funci\u00f3n de salto de frecuencia (433,1 MHz\u2013434,6 MHz) y tecnolog\u00eda de comunicaci\u00f3n bidireccional encriptada en AES128 garantizando la estabilidad de la comunicaci\u00f3n<\/span><\/li>\n<li><span style=\\\"color: #000000\\\">Temperatura de funcionamiento en interior de \u2013 10 \u00b0C a +55 \u00b0C<\/span><\/li>\n<li><span style=\\\"color: #000000\\\">Montaje a Techo (incluye tornillos y taquetes)<\/span><\/li>\n<\/ul>\n","protected":false},"excerpt":{"rendered":"<p>DHI-HY-SA21A-W2 DAHUA Detector de Humo Inal\u00e1mbrico\/ Sensor Fotoel\u00e9ctrico de Doble C\u00e1mara\/ Sirena Interna de 85dB\/ Funci\u00f3n de Prueba y Silenciar\/ Alarma Visual y Sonora\/ Indicador Led &nbsp; Informaci\u00f3n General El detector de humo inal\u00e1mbrico proporciona funciones de alarma y detecci\u00f3n de humo alimentadas por bater\u00eda en el mismo equipo. La electr\u00f3nica avanzada junto con una [&hellip;]<\/p>\n","protected":false},"featured_media":12043,"template":"","meta":{"_acf_changed":false},"product_brand":[],"product_cat":[103,101],"product_tag":[],"berocket_brand":[],"class_list":{"0":"post-12042","1":"product","2":"type-product","3":"status-publish","4":"has-post-thumbnail","6":"product_cat-accesorios-alarmas","7":"product_cat-alarmas-y-hogar-inteligente-iot","9":"first","10":"instock","11":"taxable","12":"shipping-taxable","13":"purchasable","14":"product-type-simple","15":"berocket_lgv_grid","16":"berocket_lgv_list_grid"},"acf":[],"aioseo_notices":[],"_links":{"self":[{"href":"https:\/\/todoenseguridad.com\/site\/wp-json\/wp\/v2\/product\/12042","targetHints":{"allow":["GET"]}}],"collection":[{"href":"https:\/\/todoenseguridad.com\/site\/wp-json\/wp\/v2\/product"}],"about":[{"href":"https:\/\/todoenseguridad.com\/site\/wp-json\/wp\/v2\/types\/product"}],"wp:featuredmedia":[{"embeddable":true,"href":"https:\/\/todoenseguridad.com\/site\/wp-json\/wp\/v2\/media\/12043"}],"wp:attachment":[{"href":"https:\/\/todoenseguridad.com\/site\/wp-json\/wp\/v2\/media?parent=12042"}],"wp:term":[{"taxonomy":"product_brand","embeddable":true,"href":"https:\/\/todoenseguridad.com\/site\/wp-json\/wp\/v2\/product_brand?post=12042"},{"taxonomy":"product_cat","embeddable":true,"href":"https:\/\/todoenseguridad.com\/site\/wp-json\/wp\/v2\/product_cat?post=12042"},{"taxonomy":"product_tag","embeddable":true,"href":"https:\/\/todoenseguridad.com\/site\/wp-json\/wp\/v2\/product_tag?post=12042"},{"taxonomy":"berocket_brand","embeddable":true,"href":"https:\/\/todoenseguridad.com\/site\/wp-json\/wp\/v2\/berocket_brand?post=12042"}],"curies":[{"name":"wp","href":"https:\/\/api.w.org\/{rel}","templated":true}]}}