{"id":12036,"date":"2022-09-02T12:22:17","date_gmt":"2022-09-02T17:22:17","guid":{"rendered":"https:\/\/todoenseguridad.com\/site\/?post_type=product&#038;p=12036"},"modified":"2026-03-30T16:08:56","modified_gmt":"2026-03-30T21:08:56","slug":"dahua-detector-pir-inalambrico-interior-inmunidad-de-mascotas","status":"publish","type":"product","link":"https:\/\/todoenseguridad.com\/site\/producto\/dahua-detector-pir-inalambrico-interior-inmunidad-de-mascotas\/","title":{"rendered":"DHI-ARD1233-W2 DAHUA Detector PIR Inal\u00e1mbrico Interior\/ Inmunidad de Mascotas\/ Led Indicador\/ 3 Niveles Ajustables de Sensibilidad"},"content":{"rendered":"<h2 class=\\\"mb-3\\\"><span style=\\\"color: #0000ff\\\">DHI-ARD1233-W2 DAHUA Detector PIR Inal\u00e1mbrico Interior\/ Inmunidad de Mascotas\/ Led Indicador\/ 3 Niveles Ajustables de Sensibilidad\/ Compensaci\u00f3n Autom\u00e1tica de Temperatura\/ Alarma de Bater\u00eda Baja<\/span><\/h2>\n<p>&nbsp;<\/p>\n<h2 class=\\\"card-title text-center\\\"><span style=\\\"color: #000000\\\">Informaci\u00f3n General<\/span><\/h2>\n<h2><span style=\\\"color: #000000\\\">Detector PIR inal\u00e1mbrico<\/span><\/h2>\n<p class=\\\"ql-align-justify\\\"><span style=\\\"color: #000000\\\">El PIR inal\u00e1mbrico para interior (detector de movimiento) puede captar si hay un ser humano que invada la zona de cobertura del detector y proporciona notificaciones oportunas de eventos de alarma a trav\u00e9s de la aplicaci\u00f3n DMSS en tiempo real, actuando como un mecanismo de monitoreo. Instalaci\u00f3n, configuraci\u00f3n y enrolamiento sencillo a trav\u00e9s de c\u00f3digo QR desde la comodidad de la aplicaci\u00f3n m\u00f3vil DMSS (para usuarios finales) para tel\u00e9fonos iOS y Android.<\/span><\/p>\n<h2><span style=\\\"color: #000000\\\">Adem\u00e1s cuenta con:<\/span><\/h2>\n<ul>\n<li><span style=\\\"color: #000000\\\">Funci\u00f3n de inmunidad a mascotas<\/span><\/li>\n<li><span style=\\\"color: #000000\\\">Ajuste de sensibilidad con 3 niveles<\/span><\/li>\n<li><span style=\\\"color: #000000\\\">Compensaci\u00f3n autom\u00e1tica de temperatura<\/span><\/li>\n<li><span style=\\\"color: #000000\\\">Indicador led verde de alarma<\/span><\/li>\n<li><span style=\\\"color: #000000\\\">Tamper antisabotaje<\/span><\/li>\n<li><span style=\\\"color: #000000\\\">Medici\u00f3n y Alarma de bater\u00eda baja del dispositivo<\/span><\/li>\n<li><span style=\\\"color: #000000\\\">Medici\u00f3n de temperatura ambiente<\/span><\/li>\n<li><span style=\\\"color: #000000\\\">Detecci\u00f3n de intensidad de se\u00f1al<\/span><\/li>\n<li><span style=\\\"color: #000000\\\">Vinculaci\u00f3n Alarma &#8211; Sirena, cuando se activa una alarma, el sensor informar\u00e1 los eventos de alarma al HUB y alertar\u00e1n con una sirena<\/span><\/li>\n<li><span style=\\\"color: #000000\\\">Vinculaci\u00f3n Alarma &#8211; Video, cuando se activa una alarma, el sensor informar\u00e1 los eventos de alarma al HUB y luego se vincular\u00e1n con videos<\/span><\/li>\n<li><span style=\\\"color: #000000\\\">La funci\u00f3n de salto de frecuencia y la tecnolog\u00eda de comunicaci\u00f3n bidireccional garantizan la estabilidad de la comunicaci\u00f3n<\/span><\/li>\n<li><span style=\\\"color: #000000\\\">Actualizaci\u00f3n en la nube y recuperaci\u00f3n autom\u00e1tica de errores de actualizaci\u00f3n<\/span><\/li>\n<\/ul>\n<p>&nbsp;<\/p>\n<h2><span style=\\\"color: #000000\\\">Especificaciones<\/span><\/h2>\n<ul>\n<li><span style=\\\"color: #000000\\\">Sensor PIR de bajo ruido de dos elementos<\/span><\/li>\n<li><span style=\\\"color: #000000\\\">Rango de detecci\u00f3n de hasta 12 m en \u00e1ngulo de 90\u00b0 con una altura de instalaci\u00f3n de 2,2 m<\/span><\/li>\n<li><span style=\\\"color: #000000\\\">Velocidad de detecci\u00f3n 0,3 m\/s\u20133 m\/s (0,98 pies\/s\u20139,84 pies\/s)<\/span><\/li>\n<li><span style=\\\"color: #000000\\\">Nivel de alarma de mascotas \u2264 18 kg (39,68 libras)<\/span><\/li>\n<li><span style=\\\"color: #000000\\\">Fuente de alimentaci\u00f3n bater\u00eda CR123A (incluida)<\/span><\/li>\n<li><span style=\\\"color: #000000\\\">Duraci\u00f3n de bateria de hasta 4 a\u00f1os<\/span><\/li>\n<li><span style=\\\"color: #000000\\\">Dimensiones Producto 104,0 mm \u00d7 60,0 mm \u00d7 50,0 mm (Largo \u00d7 Ancho \u00d7 Alto)<\/span><\/li>\n<li><span style=\\\"color: #000000\\\">Dimensiones Empaque 135,0 mm \u00d7 98,5 mm \u00d7 56,8 mm (Largo \u00d7 Ancho \u00d7 Alto)<\/span><\/li>\n<li><span style=\\\"color: #000000\\\">Peso Bruto 170 g<\/span><\/li>\n<li><span style=\\\"color: #000000\\\">Distancia de comunicaci\u00f3n hasta 1200 m<\/span><\/li>\n<li><span style=\\\"color: #000000\\\">Funci\u00f3n de salto de frecuencia (433,1 MHz\u2013434,6 MHz) y tecnolog\u00eda de comunicaci\u00f3n bidireccional encriptada en AES128 garantizando la estabilidad de la comunicaci\u00f3n<\/span><\/li>\n<li><span style=\\\"color: #000000\\\">Temperatura de funcionamiento en interior de \u2013 10 \u00b0C a +55 \u00b0C<\/span><\/li>\n<li><span style=\\\"color: #000000\\\">Montaje a Pared (incluye tornillos y taquetes)<\/span><\/li>\n<\/ul>\n","protected":false},"excerpt":{"rendered":"<p>DHI-ARD1233-W2 DAHUA Detector PIR Inal\u00e1mbrico Interior\/ Inmunidad de Mascotas\/ Led Indicador\/ 3 Niveles Ajustables de Sensibilidad\/ Compensaci\u00f3n Autom\u00e1tica de Temperatura\/ Alarma de Bater\u00eda Baja &nbsp; Informaci\u00f3n General Detector PIR inal\u00e1mbrico El PIR inal\u00e1mbrico para interior (detector de movimiento) puede captar si hay un ser humano que invada la zona de cobertura del detector y proporciona [&hellip;]<\/p>\n","protected":false},"featured_media":12037,"template":"","meta":{"_acf_changed":false},"product_brand":[],"product_cat":[103,101],"product_tag":[],"berocket_brand":[],"class_list":{"0":"post-12036","1":"product","2":"type-product","3":"status-publish","4":"has-post-thumbnail","6":"product_cat-accesorios-alarmas","7":"product_cat-alarmas-y-hogar-inteligente-iot","9":"first","10":"instock","11":"taxable","12":"shipping-taxable","13":"purchasable","14":"product-type-simple","15":"berocket_lgv_grid","16":"berocket_lgv_list_grid"},"acf":[],"aioseo_notices":[],"_links":{"self":[{"href":"https:\/\/todoenseguridad.com\/site\/wp-json\/wp\/v2\/product\/12036","targetHints":{"allow":["GET"]}}],"collection":[{"href":"https:\/\/todoenseguridad.com\/site\/wp-json\/wp\/v2\/product"}],"about":[{"href":"https:\/\/todoenseguridad.com\/site\/wp-json\/wp\/v2\/types\/product"}],"wp:featuredmedia":[{"embeddable":true,"href":"https:\/\/todoenseguridad.com\/site\/wp-json\/wp\/v2\/media\/12037"}],"wp:attachment":[{"href":"https:\/\/todoenseguridad.com\/site\/wp-json\/wp\/v2\/media?parent=12036"}],"wp:term":[{"taxonomy":"product_brand","embeddable":true,"href":"https:\/\/todoenseguridad.com\/site\/wp-json\/wp\/v2\/product_brand?post=12036"},{"taxonomy":"product_cat","embeddable":true,"href":"https:\/\/todoenseguridad.com\/site\/wp-json\/wp\/v2\/product_cat?post=12036"},{"taxonomy":"product_tag","embeddable":true,"href":"https:\/\/todoenseguridad.com\/site\/wp-json\/wp\/v2\/product_tag?post=12036"},{"taxonomy":"berocket_brand","embeddable":true,"href":"https:\/\/todoenseguridad.com\/site\/wp-json\/wp\/v2\/berocket_brand?post=12036"}],"curies":[{"name":"wp","href":"https:\/\/api.w.org\/{rel}","templated":true}]}}