{"id":12034,"date":"2022-09-02T12:11:25","date_gmt":"2022-09-02T17:11:25","guid":{"rendered":"https:\/\/todoenseguridad.com\/site\/?post_type=product&#038;p=12034"},"modified":"2026-03-30T16:12:06","modified_gmt":"2026-03-30T21:12:06","slug":"dahua-control-remoto-tipo-llavero-de-4-botones-armado-y-desarmado-en-casa","status":"publish","type":"product","link":"https:\/\/todoenseguridad.com\/site\/producto\/dahua-control-remoto-tipo-llavero-de-4-botones-armado-y-desarmado-en-casa\/","title":{"rendered":"DHI-ARA24-W2 DAHUA Control Remoto Tipo Llavero de 4 Botones\/ Armado &#8211; Desarmado &#8211; En Casa &#8211; Emergencia\/ Funci\u00f3n de Salto de Frecuencia"},"content":{"rendered":"<h2 class=\\\"mb-3\\\"><span style=\\\"color: #0000ff\\\">DHI-ARA24-W2 DAHUA Control Remoto Tipo Llavero de 4 Botones\/ Armado &#8211; Desarmado &#8211; En Casa &#8211; Emergencia\/ Funci\u00f3n de Salto de Frecuencia\/ Led Indicador de Estado Color Rojo o Verde<\/span><\/h2>\n<p>&nbsp;<\/p>\n<h2 class=\\\"card-title text-center\\\"><span style=\\\"color: #000000\\\">Informaci\u00f3n general.<\/span><\/h2>\n<h2 class=\\\"ql-align-justify\\\"><span style=\\\"color: #000000\\\">Llavero inal\u00e1mbrico<\/span><\/h2>\n<p class=\\\"ql-align-justify\\\"><span style=\\\"color: #000000\\\">El llavero inal\u00e1mbrico es un control remoto en miniatura que se conecta al concentrador de alarmas (HUB) para controlarlo a distancia. Funciona enviando se\u00f1ales de comunicaci\u00f3n inal\u00e1mbrica al sistema de alarma, el cual reconocer\u00e1 la se\u00f1al y luego realizar\u00e1 la funci\u00f3n que se le asigne al \u00e1rea.<\/span><\/p>\n<p class=\\\"ql-align-justify\\\"><span style=\\\"color: #000000\\\">Un dise\u00f1o industrial completamente nuevo y un sistema tecnol\u00f3gico avanzado hacen que la nueva generaci\u00f3n de productos de alarma inal\u00e1mbrica sea m\u00e1s f\u00e1cil de instalar, se vea mejor, se comunique de manera m\u00e1s confiable y funcione de manera m\u00e1s estable. Desde la comodidad de la aplicaci\u00f3n m\u00f3vil DMSS (para usuarios finales) y COS Pro (para instaladores) tanto para iOS como para Android, reciba notificaciones en tiempo real, controle y administre sus dispositivos, realice operaciones remotas y m\u00e1s.<\/span><\/p>\n<h2><span style=\\\"color: #000000\\\">Principales Caracter\u00edsticas<\/span><\/h2>\n<ul>\n<li><span style=\\\"color: #000000\\\">Mando con 4 botones de funci\u00f3n: (En casa, Armar, Desarmar y Emergencia)<\/span><\/li>\n<li><span style=\\\"color: #000000\\\">Indicador de estado bicolor (verde:normal y rojo:anormal)<\/span><\/li>\n<li><span style=\\\"color: #000000\\\">Tamper antisabotaje<\/span><\/li>\n<li><span style=\\\"color: #000000\\\">Medici\u00f3n y Alarma de bater\u00eda baja del dispositivo<\/span><\/li>\n<li><span style=\\\"color: #000000\\\">Vinculaci\u00f3n Alarma &#8211; Sirena, cuando se activa una alarma, el sensor informar\u00e1 los eventos de alarma al HUB y alertar\u00e1n con una sirena y el zumbador del teclado<\/span><\/li>\n<li><span style=\\\"color: #000000\\\">La funci\u00f3n de salto de frecuencia y la tecnolog\u00eda de comunicaci\u00f3n bidireccional garantizan la estabilidad de la comunicaci\u00f3n<\/span><\/li>\n<li><span style=\\\"color: #000000\\\">Actualizaci\u00f3n en la nube y recuperaci\u00f3n autom\u00e1tica de errores de actualizaci\u00f3n<\/span><\/li>\n<\/ul>\n<h2><span style=\\\"color: #000000\\\">Especificaciones.<\/span><\/h2>\n<ul>\n<li><span style=\\\"color: #000000\\\">Fuente de alimentaci\u00f3n bater\u00eda CR2032 (incluida)<\/span><\/li>\n<li><span style=\\\"color: #000000\\\">Duraci\u00f3n de bater\u00eda de hasta 5 a\u00f1os<\/span><\/li>\n<li><span style=\\\"color: #000000\\\">Dimensiones producto 60,0 mm \u00d7 40,0 mm \u00d7 14,9 mm (Largo \u00d7 Ancho \u00d7 Alto)<\/span><\/li>\n<li><span style=\\\"color: #000000\\\">Dimensiones empaque 135,0 mm \u00d7 98,5 mm \u00d7 27,8 mm ( (Largo \u00d7 Ancho \u00d7 Alto)<\/span><\/li>\n<li><span style=\\\"color: #000000\\\">Peso Bruto 65 g<\/span><\/li>\n<li><span style=\\\"color: #000000\\\">Carcasa de policarbonato y pl\u00e1stico ABS<\/span><\/li>\n<li><span style=\\\"color: #000000\\\">Distancia de comunicaci\u00f3n hasta 500 m en campo abierto<\/span><\/li>\n<li><span style=\\\"color: #000000\\\">Funci\u00f3n de salto de frecuencia (433,1 MHz\u2013434,6 MHz) y tecnolog\u00eda de comunicaci\u00f3n bidireccional encriptada en AES128 garantizando la estabilidad de la comunicaci\u00f3n<\/span><\/li>\n<li><span style=\\\"color: #000000\\\">Temperatura de funcionamiento en interior de &#8211; 10 \u00b0C a +55 \u00b0C<\/span><\/li>\n<\/ul>\n","protected":false},"excerpt":{"rendered":"<p>DHI-ARA24-W2 DAHUA Control Remoto Tipo Llavero de 4 Botones\/ Armado &#8211; Desarmado &#8211; En Casa &#8211; Emergencia\/ Funci\u00f3n de Salto de Frecuencia\/ Led Indicador de Estado Color Rojo o Verde &nbsp; Informaci\u00f3n general. Llavero inal\u00e1mbrico El llavero inal\u00e1mbrico es un control remoto en miniatura que se conecta al concentrador de alarmas (HUB) para controlarlo a [&hellip;]<\/p>\n","protected":false},"featured_media":12035,"template":"","meta":{"_acf_changed":false},"product_brand":[],"product_cat":[103,101],"product_tag":[],"berocket_brand":[],"class_list":{"0":"post-12034","1":"product","2":"type-product","3":"status-publish","4":"has-post-thumbnail","6":"product_cat-accesorios-alarmas","7":"product_cat-alarmas-y-hogar-inteligente-iot","9":"first","10":"instock","11":"taxable","12":"shipping-taxable","13":"purchasable","14":"product-type-simple","15":"berocket_lgv_grid","16":"berocket_lgv_list_grid"},"acf":[],"aioseo_notices":[],"_links":{"self":[{"href":"https:\/\/todoenseguridad.com\/site\/wp-json\/wp\/v2\/product\/12034","targetHints":{"allow":["GET"]}}],"collection":[{"href":"https:\/\/todoenseguridad.com\/site\/wp-json\/wp\/v2\/product"}],"about":[{"href":"https:\/\/todoenseguridad.com\/site\/wp-json\/wp\/v2\/types\/product"}],"wp:featuredmedia":[{"embeddable":true,"href":"https:\/\/todoenseguridad.com\/site\/wp-json\/wp\/v2\/media\/12035"}],"wp:attachment":[{"href":"https:\/\/todoenseguridad.com\/site\/wp-json\/wp\/v2\/media?parent=12034"}],"wp:term":[{"taxonomy":"product_brand","embeddable":true,"href":"https:\/\/todoenseguridad.com\/site\/wp-json\/wp\/v2\/product_brand?post=12034"},{"taxonomy":"product_cat","embeddable":true,"href":"https:\/\/todoenseguridad.com\/site\/wp-json\/wp\/v2\/product_cat?post=12034"},{"taxonomy":"product_tag","embeddable":true,"href":"https:\/\/todoenseguridad.com\/site\/wp-json\/wp\/v2\/product_tag?post=12034"},{"taxonomy":"berocket_brand","embeddable":true,"href":"https:\/\/todoenseguridad.com\/site\/wp-json\/wp\/v2\/berocket_brand?post=12034"}],"curies":[{"name":"wp","href":"https:\/\/api.w.org\/{rel}","templated":true}]}}