{"id":12029,"date":"2022-09-02T11:49:17","date_gmt":"2022-09-02T16:49:17","guid":{"rendered":"https:\/\/todoenseguridad.com\/site\/?post_type=product&#038;p=12029"},"modified":"2024-10-21T16:29:22","modified_gmt":"2024-10-21T21:29:22","slug":"dahua-boton-de-panico-inalambrico-indicador-de-estado-con-luz-led-ip54-alarma-de-bateria-baja","status":"publish","type":"product","link":"https:\/\/todoenseguridad.com\/site\/producto\/dahua-boton-de-panico-inalambrico-indicador-de-estado-con-luz-led-ip54-alarma-de-bateria-baja\/","title":{"rendered":"DHI-ARD821-W2 DAHUA Bot\u00f3n de P\u00e1nico Inal\u00e1mbrico\/ Indicador de Estado con Luz Led\/ IP54\/ Alarma de Bater\u00eda Baja"},"content":{"rendered":"<h2 class=\"mb-3\"><span style=\"color: #0000ff;\">DHI-ARD821-W2 DAHUA Bot\u00f3n de P\u00e1nico Inal\u00e1mbrico\/ Indicador de Estado con Luz Led \/ IP54 \/ Alarma de Bater\u00eda Baja<\/span><\/h2>\n<p>&nbsp;<\/p>\n<h2 class=\"card-title text-center\"><span style=\"color: #000000;\">Informaci\u00f3n General<\/span><\/h2>\n<p class=\"ql-align-justify\"><span style=\"color: #000000;\">Altamente intuitivo, el bot\u00f3n de p\u00e1nico inal\u00e1mbrico <strong>DHI-ARD821-W2 <\/strong>admite m\u00faltiples tipos de alarmas para cumplir con una amplia variedad de escenarios, activando alarmas de intrusiones, incendios, fugas de gas y m\u00e1s. Tambi\u00e9n se puede usar para notificar a sus seres queridos que necesita ayuda m\u00e9dica, d\u00e1ndoles la oportunidad de acudir en su ayuda.<\/span><\/p>\n<p class=\"ql-align-justify\"><span style=\"color: #000000;\">El bot\u00f3n de p\u00e1nico inal\u00e1mbrico es ideal para usar en apartamentos, villas, edificios de oficinas, tiendas y m\u00e1s.<\/span><\/p>\n<h3 class=\"ql-align-justify\"><span style=\"color: #000000;\">Caracter\u00edsticas Principales<\/span><\/h3>\n<ul>\n<li><span style=\"color: #000000;\">Proporciona m\u00faltiples colores LED para indicar diferentes estados<\/span><\/li>\n<li><span style=\"color: #000000;\">Ofrece prevenci\u00f3n de pulsaciones accidentales<\/span><\/li>\n<li><span style=\"color: #000000;\">Indicador led de m\u00faltiples estados<\/span><\/li>\n<li><span style=\"color: #000000;\">Tamper antisabotaje<\/span><\/li>\n<li><span style=\"color: #000000;\">Medici\u00f3n y Alarma de bater\u00eda baja del dispositivo<\/span><\/li>\n<li><span style=\"color: #000000;\">Medici\u00f3n de temperatura ambiente<\/span><\/li>\n<li><span style=\"color: #000000;\">Muestra de intensidad de se\u00f1al a trav\u00e9s de la App<\/span><\/li>\n<li><span style=\"color: #000000;\">Vinculaci\u00f3n Alarma &#8211; Sirena, cuando se activa una alarma, el sensor informar\u00e1 los eventos de alarma al HUB y alertar\u00e1n con una sirena<\/span><\/li>\n<li><span style=\"color: #000000;\">Vinculaci\u00f3n Alarma &#8211; Video, cuando se activa una alarma, el sensor informar\u00e1 los eventos de alarma al HUB y luego se vincular\u00e1n con videos<\/span><\/li>\n<li><span style=\"color: #000000;\">La funci\u00f3n de salto de frecuencia y la tecnolog\u00eda de comunicaci\u00f3n bidireccional garantizan la estabilidad de la comunicaci\u00f3n<\/span><\/li>\n<li><span style=\"color: #000000;\">Actualizaci\u00f3n en la nube y recuperaci\u00f3n autom\u00e1tica de errores de actualizaci\u00f3n<\/span><\/li>\n<\/ul>\n<h2><span style=\"color: #000000;\">Especificaciones<\/span><\/h2>\n<ul>\n<li><span style=\"color: #000000;\">Clasificaci\u00f3n IP54<\/span><\/li>\n<li><span style=\"color: #000000;\">Fuente de alimentaci\u00f3n bater\u00eda CR2032 (incluida)<\/span><\/li>\n<li><span style=\"color: #000000;\">Duraci\u00f3n de la bater\u00eda de hasta 5 a\u00f1os si se usa dos veces por semana.<\/span><\/li>\n<li><span style=\"color: #000000;\">Dimensiones Producto 55 mm \u00d7 36 mm \u00d7 14,2 mm (Largo \u00d7 Ancho \u00d7 Alto)<\/span><\/li>\n<li><span style=\"color: #000000;\">Dimensiones Empaque 95 mm \u00d7 59,5 mm \u00d7 30,5 mm (Largo \u00d7 Ancho \u00d7 Alto)<\/span><\/li>\n<li><span style=\"color: #000000;\">Peso Bruto 48 g<\/span><\/li>\n<li><span style=\"color: #000000;\">Material de la carcasa PC + ABS<\/span><\/li>\n<li><span style=\"color: #000000;\">Distancia de comunicaci\u00f3n hasta 1300 m<\/span><\/li>\n<li><span style=\"color: #000000;\">Funci\u00f3n de salto de frecuencia (433,1 MHz\u2013434,6 MHz) y tecnolog\u00eda de comunicaci\u00f3n bidireccional encriptada en AES128 garantizando la estabilidad de la comunicaci\u00f3n<\/span><\/li>\n<li><span style=\"color: #000000;\">Temperatura de funcionamiento en interior de \u2013 10 \u00b0C a +55 \u00b0C<\/span><\/li>\n<li><span style=\"color: #000000;\">Montaje a Pared (incluye tornillos y taquetes)<\/span><\/li>\n<\/ul>\n","protected":false},"excerpt":{"rendered":"<p>DHI-ARD821-W2 DAHUA Bot\u00f3n de P\u00e1nico Inal\u00e1mbrico\/ Indicador de Estado con Luz Led \/ IP54 \/ Alarma de Bater\u00eda Baja &nbsp; Informaci\u00f3n General Altamente intuitivo, el bot\u00f3n de p\u00e1nico inal\u00e1mbrico DHI-ARD821-W2 admite m\u00faltiples tipos de alarmas para cumplir con una amplia variedad de escenarios, activando alarmas de intrusiones, incendios, fugas de gas y m\u00e1s. Tambi\u00e9n se [&hellip;]<\/p>\n","protected":false},"featured_media":12030,"template":"","meta":{"_acf_changed":false},"product_brand":[],"product_cat":[103,101],"product_tag":[],"berocket_brand":[],"class_list":{"0":"post-12029","1":"product","2":"type-product","3":"status-publish","4":"has-post-thumbnail","6":"product_cat-accesorios-alarmas","7":"product_cat-alarmas-y-hogar-inteligente-iot","9":"first","10":"instock","11":"taxable","12":"shipping-taxable","13":"purchasable","14":"product-type-simple","15":"berocket_lgv_grid","16":"berocket_lgv_list_grid"},"acf":[],"aioseo_notices":[],"_links":{"self":[{"href":"https:\/\/todoenseguridad.com\/site\/wp-json\/wp\/v2\/product\/12029","targetHints":{"allow":["GET"]}}],"collection":[{"href":"https:\/\/todoenseguridad.com\/site\/wp-json\/wp\/v2\/product"}],"about":[{"href":"https:\/\/todoenseguridad.com\/site\/wp-json\/wp\/v2\/types\/product"}],"wp:featuredmedia":[{"embeddable":true,"href":"https:\/\/todoenseguridad.com\/site\/wp-json\/wp\/v2\/media\/12030"}],"wp:attachment":[{"href":"https:\/\/todoenseguridad.com\/site\/wp-json\/wp\/v2\/media?parent=12029"}],"wp:term":[{"taxonomy":"product_brand","embeddable":true,"href":"https:\/\/todoenseguridad.com\/site\/wp-json\/wp\/v2\/product_brand?post=12029"},{"taxonomy":"product_cat","embeddable":true,"href":"https:\/\/todoenseguridad.com\/site\/wp-json\/wp\/v2\/product_cat?post=12029"},{"taxonomy":"product_tag","embeddable":true,"href":"https:\/\/todoenseguridad.com\/site\/wp-json\/wp\/v2\/product_tag?post=12029"},{"taxonomy":"berocket_brand","embeddable":true,"href":"https:\/\/todoenseguridad.com\/site\/wp-json\/wp\/v2\/berocket_brand?post=12029"}],"curies":[{"name":"wp","href":"https:\/\/api.w.org\/{rel}","templated":true}]}}