{"id":11939,"date":"2022-06-23T10:58:04","date_gmt":"2022-06-23T15:58:04","guid":{"rendered":"https:\/\/todoenseguridad.com\/site\/?post_type=product&#038;p=11939"},"modified":"2026-03-23T15:42:24","modified_gmt":"2026-03-23T20:42:24","slug":"khl4b-1tb-hilook-by-hikvision-kit-ip-1080p-nvr-de-4-canales-4-camaras-ip-bobina-de-cable-de-100-mts-disco-duro-1-tb","status":"publish","type":"product","link":"https:\/\/todoenseguridad.com\/site\/producto\/khl4b-1tb-hilook-by-hikvision-kit-ip-1080p-nvr-de-4-canales-4-camaras-ip-bobina-de-cable-de-100-mts-disco-duro-1-tb\/","title":{"rendered":"KHL4B\/1TB HILOOK BY HIKVISION Kit BARATO PARA NEGOCIO U HOGAR\/ IP 1080p\/ NVR de 4 Canales\/ 4 C\u00e1maras IP\/ Bobina de Cable de 100 mts\/ Disco Duro 1 TB"},"content":{"rendered":"<h2 id=\\\"product_title_153463\\\" class=\\\"no_margin_top titulo_vista_producto\\\"><span style=\\\"color: #0000ff\\\"><span class=\\\"modelo-marca\\\">KHL4B\/1TB HILOOK BY HIKVISION <\/span>Kit IP 1080p\/ NVR de 4 Canales\/ 4 C\u00e1maras IP\/ Bobina de Cable de 100 mts\/ Disco Duro 1 TB<\/span><\/h2>\n<p>&nbsp;<\/p>\n<p><span style=\\\"color: #000000\\\"><strong>El kit incluye:<br \/>\n<\/strong><\/span><\/p>\n<p><span style=\\\"color: #000000\\\">1 NVR-104H-D\/4P(C)<\/span><\/p>\n<p><span style=\\\"color: #000000\\\">4 IPC-B121H(C) <\/span><\/p>\n<p><span style=\\\"color: #000000\\\">1 PRO-CAT-5E\/100M<\/span><\/p>\n<p><span style=\\\"color: #000000\\\">1 WD10PURZ<\/span><\/p>\n<h3><span style=\\\"color: #000000\\\"><strong>NVR-104H-D\/4P(C)<\/strong><\/span><\/h3>\n<p><span style=\\\"color: #000000\\\"><strong>Caracter\u00edsticas principales:<\/strong><\/span><\/p>\n<ul>\n<li><span style=\\\"color: #000000\\\">Compresi\u00f3n: H.265+ \/ H.265 \/ H.264+ \/ H.264.<\/span><\/li>\n<li><span style=\\\"color: #000000\\\">4 Puertos PoE+ (soporta est\u00e1ndar af \/ at).<\/span><\/li>\n<li><span style=\\\"color: #000000\\\">36 watts total en sus puertos PoE+.<\/span><\/li>\n<li><span style=\\\"color: #000000\\\">Puerto LAN 10 \/ 100 Mbps.<\/span><\/li>\n<li><span style=\\\"color: #000000\\\">Salidas de v\u00eddeo simultanea en VGA y HDMI (1080p).<\/span><\/li>\n<li><span style=\\\"color: #000000\\\">Soporta 1 HDD de hasta 6 TB (no incluido).<\/span><\/li>\n<li><span style=\\\"color: #000000\\\">Procesamiento de entrada: 40 Mbps.<\/span><\/li>\n<li><span style=\\\"color: #000000\\\">Procesamiento de salida: 60 Mbps.<\/span><\/li>\n<li><span style=\\\"color: #000000\\\">Compatible con Hik-Connect P2P (https:\/\/appstore.hikvision.com\/).<\/span><\/li>\n<li><span style=\\\"color: #000000\\\">Configuraci\u00f3n local y remota de par\u00e1metros.<\/span><\/li>\n<li><span style=\\\"color: #000000\\\">Aplicaci\u00f3n m\u00f3vil compatible con iOS y Android.<\/span><\/li>\n<li><span style=\\\"color: #000000\\\">Compatible con el software iVMS-4200 (gratuito).<\/span><\/li>\n<li><span style=\\\"color: #000000\\\">No soporta host virtual<\/span><\/li>\n<\/ul>\n<div>\n<h3 class=\\\"col-xs-12\\\"><span style=\\\"color: #000000\\\"><strong>IPC-B121H(C)<\/strong><\/span><\/h3>\n<p><span style=\\\"color: #000000\\\"><strong>Caracter\u00edsticas principales:<\/strong><\/span><\/p>\n<ul>\n<li><span style=\\\"color: #000000\\\">Compresi\u00f3n: H.265+ \/ H.265 \/ H.264+ \/ H.264.<\/span><\/li>\n<li><span style=\\\"color: #000000\\\">4 Puertos PoE+ (soporta est\u00e1ndar af \/ at).<\/span><\/li>\n<li><span style=\\\"color: #000000\\\">36 watts total en sus puertos PoE+.<\/span><\/li>\n<li><span style=\\\"color: #000000\\\">Puerto LAN 10 \/ 100 Mbps.<\/span><\/li>\n<li><span style=\\\"color: #000000\\\">Salidas de v\u00eddeo simultanea en VGA y HDMI (1080p).<\/span><\/li>\n<li><span style=\\\"color: #000000\\\">Soporta 1 HDD de hasta 6 TB (no incluido).<\/span><\/li>\n<li><span style=\\\"color: #000000\\\">Procesamiento de entrada: 40 Mbps.<\/span><\/li>\n<li><span style=\\\"color: #000000\\\">Procesamiento de salida: 60 Mbps.<\/span><\/li>\n<li><span style=\\\"color: #000000\\\">Compatible con Hik-Connect P2P (https:\/\/appstore.hikvision.com\/).<\/span><\/li>\n<li><span style=\\\"color: #000000\\\">Configuraci\u00f3n local y remota de par\u00e1metros.<\/span><\/li>\n<li><span style=\\\"color: #000000\\\">Aplicaci\u00f3n m\u00f3vil compatible con iOS y Android.<\/span><\/li>\n<li><span style=\\\"color: #000000\\\">Compatible con el software iVMS-4200 (gratuito).<\/span><\/li>\n<li><span style=\\\"color: #000000\\\">No soporta host virtual.<\/span><\/li>\n<\/ul>\n<div>\n<h3 class=\\\"col-xs-12\\\"><span style=\\\"color: #000000\\\"><u>PRO-CAT-5E\/100M<\/u><\/span><\/h3>\n<h4><span style=\\\"color: #000000\\\">Caracter\u00edsticas principales:<\/span><\/h4>\n<ul>\n<li><span style=\\\"color: #000000\\\">CCTV IP Megapixel \/ Instalaciones de video an\u00e1logo<\/span><\/li>\n<li><span style=\\\"color: #000000\\\">Conductor: CCA (Revestido de cobre\/ aluminio).<\/span><\/li>\n<li><span style=\\\"color: #000000\\\">Aplicaci\u00f3n: Interior.<\/span><\/li>\n<li><span style=\\\"color: #000000\\\">Color Exterior: Gris.<\/span><\/li>\n<li><span style=\\\"color: #000000\\\">Calibre: 24.<\/span><\/li>\n<li><span style=\\\"color: #000000\\\">Tipo: UTP5 (4 pares).<\/span><\/li>\n<li><span style=\\\"color: #000000\\\">Aislamiento: PVC.<\/span><\/li>\n<li><span style=\\\"color: #000000\\\">Sin blindaje.<\/span><\/li>\n<li><span style=\\\"color: #000000\\\">Di\u00e1metro: 5.1 mm.<\/span><\/li>\n<li><span style=\\\"color: #000000\\\">Frecuencia: 100MHz.<\/span><\/li>\n<\/ul>\n<div>\n<h3 class=\\\"col-xs-12\\\"><span style=\\\"color: #000000\\\"><strong>WD10PURZ<\/strong><\/span><\/h3>\n<p><span style=\\\"color: #000000\\\">Creado para sistemas de seguridad de alta definici\u00f3n que operan de forma ininterrumpida (24\/7). Los discos WD Purple cuentan con una carga de trabajo de hasta 180TB\/a\u00f1o, soportan hasta 64 c\u00e1maras y est\u00e1n optimizados para sistemas de videovigilancia.<\/span><\/p>\n<p><span style=\\\"color: #000000\\\">El disco duro adecuado para el trabajo adecuado<\/span><br \/>\n<span style=\\\"color: #000000\\\">Los discos duros WD Purple han sido ideados espec\u00edficamente para las demandas extremas de los sistemas de videovigilancia que funcionan las 24 horas, los 365 d\u00edas, y alcanzan altas temperaturas.<\/span><\/p>\n<p><span style=\\\"color: #000000\\\">Un rendimiento en el que puede confiar<\/span><br \/>\n<span style=\\\"color: #000000\\\">Fabricado por un l\u00edder mundial en la industria del almacenamiento, WD Purple se ha ideado para la reproducci\u00f3n de video de alta calidad cuando m\u00e1s lo necesita.<\/span><\/p>\n<\/div>\n<\/div>\n<\/div>\n","protected":false},"excerpt":{"rendered":"<p>KHL4B\/1TB HILOOK BY HIKVISION Kit IP 1080p\/ NVR de 4 Canales\/ 4 C\u00e1maras IP\/ Bobina de Cable de 100 mts\/ Disco Duro 1 TB &nbsp; El kit incluye: 1 NVR-104H-D\/4P(C) 4 IPC-B121H(C) 1 PRO-CAT-5E\/100M 1 WD10PURZ NVR-104H-D\/4P(C) Caracter\u00edsticas principales: Compresi\u00f3n: H.265+ \/ H.265 \/ H.264+ \/ H.264. 4 Puertos PoE+ (soporta est\u00e1ndar af \/ at). [&hellip;]<\/p>\n","protected":false},"featured_media":12007,"template":"","meta":{"_acf_changed":false},"product_brand":[],"product_cat":[71],"product_tag":[],"berocket_brand":[],"class_list":{"0":"post-11939","1":"product","2":"type-product","3":"status-publish","4":"has-post-thumbnail","6":"product_cat-paquetes-cctv-kit-camaras-de-seguridad","8":"first","9":"instock","10":"taxable","11":"shipping-taxable","12":"purchasable","13":"product-type-simple","14":"berocket_lgv_grid","15":"berocket_lgv_list_grid"},"acf":[],"aioseo_notices":[],"_links":{"self":[{"href":"https:\/\/todoenseguridad.com\/site\/wp-json\/wp\/v2\/product\/11939","targetHints":{"allow":["GET"]}}],"collection":[{"href":"https:\/\/todoenseguridad.com\/site\/wp-json\/wp\/v2\/product"}],"about":[{"href":"https:\/\/todoenseguridad.com\/site\/wp-json\/wp\/v2\/types\/product"}],"wp:featuredmedia":[{"embeddable":true,"href":"https:\/\/todoenseguridad.com\/site\/wp-json\/wp\/v2\/media\/12007"}],"wp:attachment":[{"href":"https:\/\/todoenseguridad.com\/site\/wp-json\/wp\/v2\/media?parent=11939"}],"wp:term":[{"taxonomy":"product_brand","embeddable":true,"href":"https:\/\/todoenseguridad.com\/site\/wp-json\/wp\/v2\/product_brand?post=11939"},{"taxonomy":"product_cat","embeddable":true,"href":"https:\/\/todoenseguridad.com\/site\/wp-json\/wp\/v2\/product_cat?post=11939"},{"taxonomy":"product_tag","embeddable":true,"href":"https:\/\/todoenseguridad.com\/site\/wp-json\/wp\/v2\/product_tag?post=11939"},{"taxonomy":"berocket_brand","embeddable":true,"href":"https:\/\/todoenseguridad.com\/site\/wp-json\/wp\/v2\/berocket_brand?post=11939"}],"curies":[{"name":"wp","href":"https:\/\/api.w.org\/{rel}","templated":true}]}}