{"id":11909,"date":"2022-06-21T11:33:35","date_gmt":"2022-06-21T16:33:35","guid":{"rendered":"https:\/\/todoenseguridad.com\/site\/?post_type=product&#038;p=11909"},"modified":"2025-02-23T19:51:40","modified_gmt":"2025-02-24T00:51:40","slug":"kitxvr5104hs4kli34hfw1500cma-dahua-kit-de-4-canales-de-5-mp-con-audio-dvr-wizsense-con-reconocimiento-de-rostros","status":"publish","type":"product","link":"https:\/\/todoenseguridad.com\/site\/producto\/kitxvr5104hs4kli34hfw1500cma-dahua-kit-de-4-canales-de-5-mp-con-audio-dvr-wizsense-con-reconocimiento-de-rostros\/","title":{"rendered":"KITXVR5104HS4KLI3+4HFW1500CMA DAHUA Kit de 4 CAMARAS DE SEGURIDAD PARA NEGOCIO de 5 Mp con Audio\/ DVR WizSense con Reconocimiento de Rostros"},"content":{"rendered":"<h2 id=\"title\" class=\"mb-3\"><span style=\"color: #0000ff;\">KITXVR5104HS4KLI3+4HFW1500CMA DAHUA Kit de 4 Canales de 5 Mp con Audio\/ DVR WizSense con Reconocimiento de Rostros\/ H.265+\/ 4 Camaras Metalicas\/ 4 Ch + 1 IP o Hasta 5 Ch IP\/ 4 Ch SMD Plus\/ Busqueda de Humanos y Vehiculos\/ Accesorios Incluidos<\/span><\/h2>\n<p><strong><span style=\"color: #000000;\">Informaci\u00f3n General del DVR<\/span><\/strong><\/p>\n<p><span style=\"color: #000000;\">Este kit de vigilancia est\u00e1 conformado por el grabador <strong>XVR5104HS-4KL-I3<\/strong>, pertenece a la serie <strong>WizSense I3<\/strong> con Inteligencia Artificial, puede reducir las tasas de falsas alarmas y los costos de vigilancia humana, con alarma precisa para personas y\/o veh\u00edculos. Este grabador soporta <strong>4 canales HDCVI 5MP<\/strong> m\u00e1s <strong>4 canales Ip<\/strong> ( 8Mp m\u00e1ximo ) y una codificaci\u00f3n inteligente en sus 4 canales.<\/span><\/p>\n<p><span style=\"color: #000000;\"><strong>Compresi\u00f3n H.265+<\/strong><\/span><\/p>\n<p><span style=\"color: #000000;\">Smart H.265 +\u00a0es la implementaci\u00f3n optimizada del c\u00f3dec H.265 que utiliza una estrategia de codificaci\u00f3n adaptada a la escena, GOP din\u00e1mico, ROI din\u00e1mico,Flexible estructura de referencia multi-trama y reducci\u00f3n inteligente de ruido para ofrecer video de alta calidad sin forzar la red. La tecnolog\u00eda Smart H.265 + reduce la velocidad de bits y los requisitos de almacenamiento hasta en un 70% en comparaci\u00f3n con la compresi\u00f3n est\u00e1ndar de video H.265.<\/span><\/p>\n<p><span style=\"color: #000000;\"><strong>Tabla de compatibilidad HDD<\/strong><\/span><\/p>\n<p><span style=\"color: #000000;\">Tabla de compatibilidad HDD<\/span><\/p>\n<p><span style=\"color: #000000;\">El almacenamiento es parte fundamental de un sistema de videovigilancia por tal motivo te recomendamos revisar nuestra lista de compatibilidad antes de seleccionar un disco duro (HDD).<\/span><\/p>\n<p><span style=\"color: #000000;\"><strong>Informaci\u00f3n General de las C\u00e1maras<\/strong><\/span><\/p>\n<p><span style=\"color: #000000;\">Las c\u00e1maras incluidas en este kit son el modelo <strong>HFW1500CM-A<\/strong>, es una c\u00e1mara met\u00e1lica\u00a0con tecnolog\u00eda HDCVI de <strong>5Mp <\/strong>con audio integrado, tiene un <strong>IR inteligente<\/strong> con alcance de <strong>30 mts<\/strong>.<\/span><\/p>\n<p><span style=\"color: #000000;\"><strong>IR Inteligente<\/strong><\/span><\/p>\n<p><span style=\"color: #000000;\">La\u00a0c\u00e1mara\u00a0est\u00e1\u00a0dise\u00f1ada\u00a0con\u00a0iluminaci\u00f3n\u00a0LED\u00a0IR\u00a0para\u00a0un\u00a0mejor\u00a0rendimiento\u00a0con\u00a0poca\u00a0luz.\u00a0Smart\u00a0IR\u00a0es\u00a0una\u00a0tecnolog\u00eda\u00a0que\u00a0garantiza\u00a0la\u00a0uniformidad\u00a0del\u00a0brillo\u00a0en\u00a0im\u00e1genes\u00a0en\u00a0blanco\u00a0y\u00a0negro\u00a0con\u00a0poca\u00a0iluminaci\u00f3n.\u00a0El\u00a0IR\u00a0inteligente\u00a0exclusivo\u00a0de\u00a0Dahua\u00a0se\u00a0ajusta\u00a0a\u00a0la\u00a0intensidad\u00a0de\u00a0los\u00a0LED\u00a0infrarrojos\u00a0de\u00a0la\u00a0c\u00e1mara\u00a0para\u00a0compensar\u00a0la\u00a0distancia\u00a0de\u00a0un\u00a0objeto\u00a0y\u00a0evita\u00a0que\u00a0los\u00a0LED\u00a0IR\u00a0sobreexpongan\u00a0las\u00a0im\u00e1genes\u00a0a\u00a0medida\u00a0que\u00a0el\u00a0objeto\u00a0se\u00a0acerca\u00a0a\u00a0la\u00a0c\u00e1mara.\u00a0<\/span><\/p>\n<p><span style=\"color: #000000;\"><strong>Principales Caracter\u00edsticas<\/strong><\/span><\/p>\n<h5><span style=\"color: #000000;\">PRINCIPALES CARACTER\u00cdSTICAS DEL DVR.<\/span><\/h5>\n<ul>\n<li><span style=\"color: #000000;\">Compresi\u00f3n de video de doble flujo H.265 + \/ H.265.<\/span><\/li>\n<li><span style=\"color: #000000;\">Admite codificaci\u00f3n AI de canal completo.<\/span><\/li>\n<li><span style=\"color: #000000;\">Admite entradas de video HDCVI \/ AHD \/ TVI \/ CVBS \/ IP.<\/span><\/li>\n<li><span style=\"color: #000000;\">Soporta hasta 5Mp en c\u00e1maras HDCVI.<\/span><\/li>\n<li><span style=\"color: #000000;\">Se pueden agregar hasta 4 c\u00e1maras IP ( 8Mp m\u00e1ximo ).<\/span><\/li>\n<li><span style=\"color: #000000;\">Larga distancia de transmisi\u00f3n por cable coaxial.<\/span><\/li>\n<li><span style=\"color: #000000;\">Soporta hasta 4 canales SMD Plus.<\/span><\/li>\n<li><span style=\"color: #000000;\">Codificaci\u00f3n Inteligente.<\/span><\/li>\n<li><span style=\"color: #000000;\">Interfaz monitor 1 HDMI, 1 VGA.<\/span><\/li>\n<li><span style=\"color: #000000;\">Interfaz red 1 puerto RJ-45 (100 MB).<\/span><\/li>\n<li><span style=\"color: #000000;\">Max. Acceso de usuario 128.<\/span><\/li>\n<li><span style=\"color: #000000;\">1 puerto SATA, hasta 10 TB de capacidad.<\/span><\/li>\n<li><span style=\"color: #000000;\">Peso Neto sin Disco Duro 0.53 kg.<\/span><\/li>\n<li><span style=\"color: #000000;\">Dimensiones 260 mm \u00d7 237.9 mm \u00d7 47.6 mm.<\/span><\/li>\n<\/ul>\n<h5><span style=\"color: #000000;\">PRINCIPALES CARACTER\u00cdSTICAS DE LA C\u00c1MARA:<\/span><\/h5>\n<ul>\n<li><span style=\"color: #000000;\">\u00a0M\u00e1ximo\u00a025\u00a0fps\u00a0a\u00a05MP\u00a0(salida\u00a0de\u00a0video\u00a016:\u00a09)<\/span><\/li>\n<li><span style=\"color: #000000;\">Lente Fijo de 2.8 mm<\/span><\/li>\n<li><span style=\"color: #000000;\">Formatos compatibles CVI\u00a0\/\u00a0TVI\u00a0\/\u00a0AHD\u00a0\/\u00a0CVBS<\/span><\/li>\n<li><span style=\"color: #000000;\">30 metros de distancia de IR LEDs.<\/span><\/li>\n<li><span style=\"color: #000000;\">Sensor de Im\u00e1gen 1\/2.7&#8243; CMOS.<\/span><\/li>\n<li><span style=\"color: #000000;\">Men\u00fa osd multilenguaje.<\/span><\/li>\n<li><span style=\"color: #000000;\">BLC\u00a0\/\u00a0HLC\u00a0\/\u00a0DWDR.<\/span><\/li>\n<li><span style=\"color: #000000;\">Micr\u00f3fono\u00a0integrado.<\/span><\/li>\n<li><span style=\"color: #000000;\">Reducci\u00f3n de ruido 2D NR<\/span><\/li>\n<li><span style=\"color: #000000;\">Fuente de alimentaci\u00f3n 12V DC \u00b130%.<\/span><\/li>\n<li><span style=\"color: #000000;\">Consumo de energ\u00eda m\u00e1x 3.7w (12V DC, IR encendido).<\/span><\/li>\n<li><span style=\"color: #000000;\">Condiciones de operaci\u00f3n -40 \u00b0 C ~ + 60 \u00b0 C.<\/span><\/li>\n<li><span style=\"color: #000000;\">Indice de protecci\u00f3n IP67.<\/span><\/li>\n<li><span style=\"color: #000000;\">Met\u00e1lica.<\/span><\/li>\n<li><span style=\"color: #000000;\">Dimensiones 166.6mm\u00d769.7mm\u00d770.0mm.<\/span><\/li>\n<li><span style=\"color: #000000;\">Peso Neto 0.33kg<\/span><\/li>\n<\/ul>\n","protected":false},"excerpt":{"rendered":"<p>KITXVR5104HS4KLI3+4HFW1500CMA DAHUA Kit de 4 Canales de 5 Mp con Audio\/ DVR WizSense con Reconocimiento de Rostros\/ H.265+\/ 4 Camaras Metalicas\/ 4 Ch + 1 IP o Hasta 5 Ch IP\/ 4 Ch SMD Plus\/ Busqueda de Humanos y Vehiculos\/ Accesorios Incluidos Informaci\u00f3n General del DVR Este kit de vigilancia est\u00e1 conformado por el grabador [&hellip;]<\/p>\n","protected":false},"featured_media":11911,"template":"","meta":{"_acf_changed":false},"product_brand":[],"product_cat":[71],"product_tag":[],"berocket_brand":[],"class_list":{"0":"post-11909","1":"product","2":"type-product","3":"status-publish","4":"has-post-thumbnail","6":"product_cat-paquetes-cctv-kit-camaras-de-seguridad","8":"first","9":"instock","10":"sale","11":"taxable","12":"shipping-taxable","13":"purchasable","14":"product-type-simple","15":"berocket_lgv_grid","16":"berocket_lgv_list_grid"},"acf":[],"aioseo_notices":[],"_links":{"self":[{"href":"https:\/\/todoenseguridad.com\/site\/wp-json\/wp\/v2\/product\/11909","targetHints":{"allow":["GET"]}}],"collection":[{"href":"https:\/\/todoenseguridad.com\/site\/wp-json\/wp\/v2\/product"}],"about":[{"href":"https:\/\/todoenseguridad.com\/site\/wp-json\/wp\/v2\/types\/product"}],"wp:featuredmedia":[{"embeddable":true,"href":"https:\/\/todoenseguridad.com\/site\/wp-json\/wp\/v2\/media\/11911"}],"wp:attachment":[{"href":"https:\/\/todoenseguridad.com\/site\/wp-json\/wp\/v2\/media?parent=11909"}],"wp:term":[{"taxonomy":"product_brand","embeddable":true,"href":"https:\/\/todoenseguridad.com\/site\/wp-json\/wp\/v2\/product_brand?post=11909"},{"taxonomy":"product_cat","embeddable":true,"href":"https:\/\/todoenseguridad.com\/site\/wp-json\/wp\/v2\/product_cat?post=11909"},{"taxonomy":"product_tag","embeddable":true,"href":"https:\/\/todoenseguridad.com\/site\/wp-json\/wp\/v2\/product_tag?post=11909"},{"taxonomy":"berocket_brand","embeddable":true,"href":"https:\/\/todoenseguridad.com\/site\/wp-json\/wp\/v2\/berocket_brand?post=11909"}],"curies":[{"name":"wp","href":"https:\/\/api.w.org\/{rel}","templated":true}]}}