{"id":11907,"date":"2022-06-21T11:18:12","date_gmt":"2022-06-21T16:18:12","guid":{"rendered":"https:\/\/todoenseguridad.com\/site\/?post_type=product&#038;p=11907"},"modified":"2025-02-23T19:46:36","modified_gmt":"2025-02-24T00:46:36","slug":"dahua-kitxvr1b04h-i4b2a51-kit-de-4-canales-de-5mp-dvr-cooper-i-wizsense-con-ia-h-265-4-camaras-b2a51-metalicas","status":"publish","type":"product","link":"https:\/\/todoenseguridad.com\/site\/producto\/dahua-kitxvr1b04h-i4b2a51-kit-de-4-canales-de-5mp-dvr-cooper-i-wizsense-con-ia-h-265-4-camaras-b2a51-metalicas\/","title":{"rendered":"DAHUA KITXVR1B04H-I+4B2A51 &#8211; CAMARAS ECONOMICAS Kit de 4 Canales de 5MP DVR Cooper-I WizSense IA H.265+ 4 Camaras B2A51"},"content":{"rendered":"<h2 id=\"title\" class=\"mb-3\"><span style=\"color: #0000ff;\">DAHUA KITXVR1B04H-I+4B2A51 &#8211; Camaras economicas Kit de 4 Canales de 5MP\/ DVR Cooper-I WizSense\/ Con IA\/ H.265+\/ 4 Camaras B2A51 Metalicas\/ 4 Canales + 1 IP o Hasta 5 Canales IP\/ 4 Canales SMD Plus\/ Busqueda de Humanos y Vehiculos\/ Accesorios Incluidos<\/span><\/h2>\n<p>&nbsp;<\/p>\n<p><span style=\"color: #000000;\"><strong>Caracter\u00edsticas DVR<\/strong><\/span><\/p>\n<p><span style=\"color: #000000;\">El\u00a0<strong>XVR1B04H-I<\/strong>\u00a0es un\u00a0DVR\u00a0Cooper\u00a0con\u00a0SMD Plus\u00a0que pertenece a la serie\u00a0WizSense\u00a0con\u00a0Inteligencia Artificial, est\u00e1 dise\u00f1ado para reducir las tasas de falsas alarmas y los costos de vigilancia humana, lo que brinda un gran valor a los clientes en busca de productos con alarma precisa para personas \/ veh\u00edculos para elevar el nivel de seguridad de varias instalaciones interiores y exteriores.\u00a0Este grabador soporta\u00a04\u00a0canales HDCVI 5MP Lite\u00a0m\u00e1s\u00a02 canales Ip\u00a0( 6Mp m\u00e1ximo )\u00a04 canales SMD Plus\u00a0y una\u00a0codificaci\u00f3n inteligente\u00a0en sus 4 canales.<\/span><\/p>\n<p><span style=\"color: #000000;\"><strong>Codificaci\u00f3n de Video Inteligente<\/strong><\/span><\/p>\n<p><span style=\"color: #000000;\">El grabador\u00a0<strong>XVR1B04H-I<\/strong>\u00a0con su chip de inteligencia artificial permite tener una\u00a0codificaci\u00f3n de video inteligente, realizando el reconocimiento de las personas y veh\u00edculos en movimiento, si no hay personas o veh\u00edculos en la imagen reduce el ancho de banda de inmediato. El c\u00f3dec AI puede\u00a0reducir hasta un 50%\u00a0la tasa de bits y requisitos de almacenamiento sin perder la compatibilidad de decodificaci\u00f3n.<\/span><\/p>\n<p><span style=\"color: #000000;\"><strong>Caracter\u00edsticas C\u00e1mara<\/strong><\/span><\/p>\n<p><span style=\"color: #000000;\">Experimente video HD de 5MP y la simplicidad de usar cableado existente infraestructura con HDCVI. Caracter\u00edsticas de la c\u00e1mara Cooper serie 5MP HDCVI un dise\u00f1o compacto y ofrece una imagen de alta calidad a un precio asequible. Eso ofrece varios modelos de lentes vari focales \/ fijas con OSD en varios idiomas y salida conmutable HD \/ SD. Su flexibilidad estructural y su alto rendimiento econ\u00f3mico hacen que la c\u00e1mara sea una opci\u00f3n ideal para soluciones SMB.(Negocios peque\u00f1os y medianos)<\/span><\/p>\n<p><span style=\"color: #000000;\"><strong>Smart IR<\/strong><\/span><\/p>\n<p><span style=\"color: #000000;\">La c\u00e1mara est\u00e1 dise\u00f1ada con iluminaci\u00f3n LED IR microcristalina para una mejor rendimiento con poca luz. Smart IR es una tecnolog\u00eda para garantizar el brillo, uniformidad en la imagen B \/ N con poca iluminaci\u00f3n. IR inteligente exclusivo de Dahua se ajusta a la intensidad de los LED infrarrojos de la c\u00e1mara para compensar la distancia de un objeto, y evita que los LED de infrarrojos sobreexpongan im\u00e1genes como el objeto se acerca a la c\u00e1mara.<\/span><\/p>\n<p><span style=\"color: #000000;\"><strong>Tabla de compatibilidad HDD<\/strong><\/span><\/p>\n<p><span style=\"color: #000000;\">El almacenamiento es parte fundamental de un sistema de videovigilancia por tal motivo te recomendamos revisar nuestra lista de compatibilidad antes de seleccionar un disco duro (HDD).<\/span><\/p>\n<p><span style=\"color: #000000;\"><strong>Principales Caracter\u00edsticas<\/strong><\/span><\/p>\n<p><span style=\"color: #000000;\"><strong>Principales Caracter\u00edsticas C\u00e1mara<\/strong><\/span><\/p>\n<ul>\n<li><span style=\"color: #000000;\">Max. 25 fps @ 5MP (salida de video 16: 9)<\/span><\/li>\n<li><span style=\"color: #000000;\">CVI \/ CVBS \/ AHD \/ TVI conmutable<\/span><\/li>\n<li><span style=\"color: #000000;\">Lente fija de 3,6 mm (2,8 mm opcional)<\/span><\/li>\n<li><span style=\"color: #000000;\">M\u00e1x. IR longitud 20 m, IR inteligente<\/span><\/li>\n<li><span style=\"color: #000000;\">IP67, DC12VV\u00a0<\/span><\/li>\n<li><span style=\"color: #000000;\">Aluminio<\/span><\/li>\n<li><span style=\"color: #000000;\">Lente de c\u00e1mara 3.6 mm<\/span><\/li>\n<\/ul>\n<p><span style=\"color: #000000;\"><strong>Principales Caracter\u00edsticas DVR<\/strong><\/span><\/p>\n<ul>\n<li><span style=\"color: #000000;\">Compresi\u00f3n de video de doble flujo H.265 + \/ H.265.<\/span><\/li>\n<li><span style=\"color: #000000;\">Admite codificaci\u00f3n AI de canal completo.<\/span><\/li>\n<li><span style=\"color: #000000;\">Admite entradas de video HDCVI \/ AHD \/ TVI \/ CVBS \/ IP.<\/span><\/li>\n<li><span style=\"color: #000000;\">Soporta hasta 5MP Lite en c\u00e1maras HDCVI.<\/span><\/li>\n<li><span style=\"color: #000000;\">Se pueden agregar hasta 2 c\u00e1maras IP ( 6Mp m\u00e1ximo ).<\/span><\/li>\n<li><span style=\"color: #000000;\">Larga distancia de transmisi\u00f3n por cable coaxial.<\/span><\/li>\n<li><span style=\"color: #000000;\">Soporta hasta 4 canales SMD Plus.<\/span><\/li>\n<li><span style=\"color: #000000;\">Codificaci\u00f3n Inteligente.<\/span><\/li>\n<li><span style=\"color: #000000;\">Interfaz monitor 1 HDMI, 1 VGA.<\/span><\/li>\n<li><span style=\"color: #000000;\">Interfaz red 1 puerto RJ-45 (100 MB).<\/span><\/li>\n<li><span style=\"color: #000000;\">Max. Acceso de usuario 128.<\/span><\/li>\n<li><span style=\"color: #000000;\">1 puerto SATA, hasta 6 TB de capacidad.<\/span><\/li>\n<li><span style=\"color: #000000;\">Peso Neto sin Disco Duro\u00a00.57 kg.<\/span><\/li>\n<li><span style=\"color: #000000;\">Dimensiones 198.3 mm \u00d7 203.4 mm \u00d7 41.5 mm<\/span><\/li>\n<\/ul>\n","protected":false},"excerpt":{"rendered":"<p>DAHUA KITXVR1B04H-I+4B2A51 &#8211; Camaras economicas Kit de 4 Canales de 5MP\/ DVR Cooper-I WizSense\/ Con IA\/ H.265+\/ 4 Camaras B2A51 Metalicas\/ 4 Canales + 1 IP o Hasta 5 Canales IP\/ 4 Canales SMD Plus\/ Busqueda de Humanos y Vehiculos\/ Accesorios Incluidos &nbsp; Caracter\u00edsticas DVR El\u00a0XVR1B04H-I\u00a0es un\u00a0DVR\u00a0Cooper\u00a0con\u00a0SMD Plus\u00a0que pertenece a la serie\u00a0WizSense\u00a0con\u00a0Inteligencia Artificial, est\u00e1 dise\u00f1ado [&hellip;]<\/p>\n","protected":false},"featured_media":11908,"template":"","meta":{"_acf_changed":false},"product_brand":[],"product_cat":[71],"product_tag":[],"berocket_brand":[],"class_list":{"0":"post-11907","1":"product","2":"type-product","3":"status-publish","4":"has-post-thumbnail","6":"product_cat-paquetes-cctv-kit-camaras-de-seguridad","8":"first","9":"instock","10":"sale","11":"taxable","12":"shipping-taxable","13":"purchasable","14":"product-type-simple","15":"berocket_lgv_grid","16":"berocket_lgv_list_grid"},"acf":[],"aioseo_notices":[],"_links":{"self":[{"href":"https:\/\/todoenseguridad.com\/site\/wp-json\/wp\/v2\/product\/11907","targetHints":{"allow":["GET"]}}],"collection":[{"href":"https:\/\/todoenseguridad.com\/site\/wp-json\/wp\/v2\/product"}],"about":[{"href":"https:\/\/todoenseguridad.com\/site\/wp-json\/wp\/v2\/types\/product"}],"wp:featuredmedia":[{"embeddable":true,"href":"https:\/\/todoenseguridad.com\/site\/wp-json\/wp\/v2\/media\/11908"}],"wp:attachment":[{"href":"https:\/\/todoenseguridad.com\/site\/wp-json\/wp\/v2\/media?parent=11907"}],"wp:term":[{"taxonomy":"product_brand","embeddable":true,"href":"https:\/\/todoenseguridad.com\/site\/wp-json\/wp\/v2\/product_brand?post=11907"},{"taxonomy":"product_cat","embeddable":true,"href":"https:\/\/todoenseguridad.com\/site\/wp-json\/wp\/v2\/product_cat?post=11907"},{"taxonomy":"product_tag","embeddable":true,"href":"https:\/\/todoenseguridad.com\/site\/wp-json\/wp\/v2\/product_tag?post=11907"},{"taxonomy":"berocket_brand","embeddable":true,"href":"https:\/\/todoenseguridad.com\/site\/wp-json\/wp\/v2\/berocket_brand?post=11907"}],"curies":[{"name":"wp","href":"https:\/\/api.w.org\/{rel}","templated":true}]}}