{"id":11892,"date":"2022-06-20T13:12:08","date_gmt":"2022-06-20T18:12:08","guid":{"rendered":"https:\/\/todoenseguridad.com\/site\/?post_type=product&#038;p=11892"},"modified":"2026-03-30T16:17:48","modified_gmt":"2026-03-30T21:17:48","slug":"tc6a-100-linkedpro-by-epcom-bote-con-100-piezas-de-plug-modular-rj45-cat6a-chapado-de-oro-a-30-micras-para-durabilidad-extrema","status":"publish","type":"product","link":"https:\/\/todoenseguridad.com\/site\/producto\/tc6a-100-linkedpro-by-epcom-bote-con-100-piezas-de-plug-modular-rj45-cat6a-chapado-de-oro-a-30-micras-para-durabilidad-extrema\/","title":{"rendered":"TC6A-100 LINKEDPRO BY EPCOM Bote con 100 Piezas de Plug Modular RJ45 Cat6A chapado de oro a 30 micras para durabilidad extrema"},"content":{"rendered":"<h2 id=\\\"product_title_161928\\\" class=\\\"no_margin_top titulo_vista_producto\\\"><span style=\\\"color: #0000ff\\\"><span class=\\\"modelo-marca\\\">TC6A-100<\/span> LINKEDPRO BY EPCOM Bote con 100 Piezas de Plug Modular RJ45 Cat6A chapado de oro a 30 micras para durabilidad extrema<\/span><\/h2>\n<p><span style=\\\"color: #000000\\\">Los Plug RJ45 de LinkedPro ofrecen alto rendimiento para redes de alta velocidad,\u00a0 chapados en oro con el mas alto grado de 30 micras mantienen una conductividad \u00f3ptima con el conector RJ45 y brindan una mayor protecci\u00f3n contra la corrosi\u00f3n alargando su tiempo de vida.<br \/>\nCumplen con los requerimientos especificados en la norma TIA-568B.2<\/span><\/p>\n<p><span style=\\\"color: #000000\\\"><strong> Caracter\u00edsticas Generales:<\/strong><\/span><\/p>\n<ul>\n<li><span style=\\\"color: #000000\\\">Chapado de oro a 30 micras para el mejor desempe\u00f1o a pesar de muchas conexiones.<\/span><\/li>\n<li><span style=\\\"color: #000000\\\">Sin blindaje.<\/span><\/li>\n<li><span style=\\\"color: #000000\\\">F\u00e1cil instalaci\u00f3n.<\/span><\/li>\n<li><span style=\\\"color: #000000\\\">Excelente desempe\u00f1o.<\/span><\/li>\n<\/ul>\n<p><span style=\\\"color: #000000\\\"><strong>1 a\u00f1o de garant\u00eda<\/strong><\/span><\/p>\n","protected":false},"excerpt":{"rendered":"<p>TC6A-100 LINKEDPRO BY EPCOM Bote con 100 Piezas de Plug Modular RJ45 Cat6A chapado de oro a 30 micras para durabilidad extrema Los Plug RJ45 de LinkedPro ofrecen alto rendimiento para redes de alta velocidad,\u00a0 chapados en oro con el mas alto grado de 30 micras mantienen una conductividad \u00f3ptima con el conector RJ45 y [&hellip;]<\/p>\n","protected":false},"featured_media":11893,"template":"","meta":{"_acf_changed":false},"product_brand":[],"product_cat":[229,228,220],"product_tag":[],"berocket_brand":[],"class_list":{"0":"post-11892","1":"product","2":"type-product","3":"status-publish","4":"has-post-thumbnail","6":"product_cat-accesorios-de-redes","7":"product_cat-cables-utp","8":"product_cat-redes-de-datos","10":"first","11":"instock","12":"taxable","13":"shipping-taxable","14":"purchasable","15":"product-type-simple","16":"berocket_lgv_grid","17":"berocket_lgv_list_grid"},"acf":[],"aioseo_notices":[],"_links":{"self":[{"href":"https:\/\/todoenseguridad.com\/site\/wp-json\/wp\/v2\/product\/11892","targetHints":{"allow":["GET"]}}],"collection":[{"href":"https:\/\/todoenseguridad.com\/site\/wp-json\/wp\/v2\/product"}],"about":[{"href":"https:\/\/todoenseguridad.com\/site\/wp-json\/wp\/v2\/types\/product"}],"wp:featuredmedia":[{"embeddable":true,"href":"https:\/\/todoenseguridad.com\/site\/wp-json\/wp\/v2\/media\/11893"}],"wp:attachment":[{"href":"https:\/\/todoenseguridad.com\/site\/wp-json\/wp\/v2\/media?parent=11892"}],"wp:term":[{"taxonomy":"product_brand","embeddable":true,"href":"https:\/\/todoenseguridad.com\/site\/wp-json\/wp\/v2\/product_brand?post=11892"},{"taxonomy":"product_cat","embeddable":true,"href":"https:\/\/todoenseguridad.com\/site\/wp-json\/wp\/v2\/product_cat?post=11892"},{"taxonomy":"product_tag","embeddable":true,"href":"https:\/\/todoenseguridad.com\/site\/wp-json\/wp\/v2\/product_tag?post=11892"},{"taxonomy":"berocket_brand","embeddable":true,"href":"https:\/\/todoenseguridad.com\/site\/wp-json\/wp\/v2\/berocket_brand?post=11892"}],"curies":[{"name":"wp","href":"https:\/\/api.w.org\/{rel}","templated":true}]}}