{"id":11867,"date":"2022-06-20T11:29:29","date_gmt":"2022-06-20T16:29:29","guid":{"rendered":"https:\/\/todoenseguridad.com\/site\/?post_type=product&#038;p=11867"},"modified":"2026-03-23T16:13:36","modified_gmt":"2026-03-23T21:13:36","slug":"9c6m4-e3-06-rxa-siemon-bobina-de-cable-utp-reelex-de-4-pares-alto-desempeno-cat6-pvc-cm-color-azul-23-awg-305m","status":"publish","type":"product","link":"https:\/\/todoenseguridad.com\/site\/producto\/9c6m4-e3-06-rxa-siemon-bobina-de-cable-utp-reelex-de-4-pares-alto-desempeno-cat6-pvc-cm-color-azul-23-awg-305m\/","title":{"rendered":"9C6M4-E3-06-RXA SIEMON Bobina de Cable UTP Reelex\/ de 4 pares\/ Alto Desempe\u00f1o Cat6\/ PVC (CM)\/ Color Azul\/ 23 AWG, 305m"},"content":{"rendered":"<h2 id=\\\"product_title_144183\\\" class=\\\"no_margin_top titulo_vista_producto\\\"><span style=\\\"color: #0000ff\\\"><span class=\\\"modelo-marca\\\">9C6M4-E3-06-RXA<\/span> SIEMON Bobina de Cable UTP Reelex, de 4 pares, Alto Desempe\u00f1o Cat6, PVC (CM), Color Azul, 23 AWG, 305m<\/span><\/h2>\n<p><span style=\\\"color: #000000\\\">El sistema de cables Categor\u00eda 6 de Siemon, proporciona un margen significativo muy por\u00a0arriba de todas las especificaciones de alto desempe\u00f1o en cuanto a transmisi\u00f3n que estipulan\u00a0los est\u00e1ndares TIA\/EIA e ISO\/IEC de Categor\u00eda 6\/clase E. De esta manera, combinando el\u00a0alto desempe\u00f1o de conectividad de nuestra Categor\u00eda 6 con este cable, los resultados arrojan\u00a0un sistema con un desempe\u00f1o el\u00e9ctrico superior para soportar aplicaciones de manera m\u00e1s\u00a0que \u00f3ptima.<\/span><\/p>\n<p><span style=\\\"color: #000000\\\"><strong>Aplicaciones:\u00a0<\/strong><\/span><\/p>\n<ul>\n<li><span style=\\\"color: #000000\\\">Redes de Voz\/Datos y V\u00eddeo de Alta Velocidad<\/span><\/li>\n<li><span style=\\\"color: #000000\\\">Instalaciones de\u00a0CCTV\u00a0IP\u00a0Megapixel<\/span><\/li>\n<li><span style=\\\"color: #000000\\\">Redes inal\u00e1mbricas<\/span><\/li>\n<li><span style=\\\"color: #000000\\\">Aplicaciones\u00a0Power\u00a0Over\u00a0Ethernet IEEE 802.3af y 802.3at<\/span><\/li>\n<li><span style=\\\"color: #000000\\\">Aplicaciones en\u00a010BASE-T,\u00a0100BASE-T,\u00a01000BASE-T<\/span><\/li>\n<\/ul>\n<p><span style=\\\"color: #000000\\\"><strong>Informaci\u00f3n t\u00e9cnica:\u00a0<\/strong><\/span><\/p>\n<ul>\n<li><span style=\\\"color: #000000\\\">Rendimiento: Certificado hasta 100 metros<\/span><\/li>\n<li><span style=\\\"color: #000000\\\">Color: Azul<\/span><\/li>\n<li><span style=\\\"color: #000000\\\">Conductor: Cobre solido de 23\u00a0AWG<\/span><\/li>\n<li><span style=\\\"color: #000000\\\">Recubrimiento: PVC (CM)<\/span><\/li>\n<li><span style=\\\"color: #000000\\\">Construcci\u00f3n: UTP<\/span><\/li>\n<li><span style=\\\"color: #000000\\\">Tensi\u00f3n m\u00e1xima:\u00a0110N<\/span><\/li>\n<li><span style=\\\"color: #000000\\\">Clasificaci\u00f3n de temperatura: 0\u00a0a 60\u00b0C en instalaci\u00f3n 0\u00a0a 60\u00b0C en almacenamiento y -20 a 60\u00b0C en operaci\u00f3n.\u00a0<\/span><\/li>\n<li><span style=\\\"color: #000000\\\">Frecuencia:\u00a0250MHz<\/span><\/li>\n<\/ul>\n","protected":false},"excerpt":{"rendered":"<p>9C6M4-E3-06-RXA SIEMON Bobina de Cable UTP Reelex, de 4 pares, Alto Desempe\u00f1o Cat6, PVC (CM), Color Azul, 23 AWG, 305m El sistema de cables Categor\u00eda 6 de Siemon, proporciona un margen significativo muy por\u00a0arriba de todas las especificaciones de alto desempe\u00f1o en cuanto a transmisi\u00f3n que estipulan\u00a0los est\u00e1ndares TIA\/EIA e ISO\/IEC de Categor\u00eda 6\/clase E. [&hellip;]<\/p>\n","protected":false},"featured_media":11869,"template":"","meta":{"_acf_changed":false},"product_brand":[],"product_cat":[229,228,220],"product_tag":[],"berocket_brand":[],"class_list":{"0":"post-11867","1":"product","2":"type-product","3":"status-publish","4":"has-post-thumbnail","6":"product_cat-accesorios-de-redes","7":"product_cat-cables-utp","8":"product_cat-redes-de-datos","10":"first","11":"instock","12":"taxable","13":"shipping-taxable","14":"purchasable","15":"product-type-simple","16":"berocket_lgv_grid","17":"berocket_lgv_list_grid"},"acf":[],"aioseo_notices":[],"_links":{"self":[{"href":"https:\/\/todoenseguridad.com\/site\/wp-json\/wp\/v2\/product\/11867","targetHints":{"allow":["GET"]}}],"collection":[{"href":"https:\/\/todoenseguridad.com\/site\/wp-json\/wp\/v2\/product"}],"about":[{"href":"https:\/\/todoenseguridad.com\/site\/wp-json\/wp\/v2\/types\/product"}],"wp:featuredmedia":[{"embeddable":true,"href":"https:\/\/todoenseguridad.com\/site\/wp-json\/wp\/v2\/media\/11869"}],"wp:attachment":[{"href":"https:\/\/todoenseguridad.com\/site\/wp-json\/wp\/v2\/media?parent=11867"}],"wp:term":[{"taxonomy":"product_brand","embeddable":true,"href":"https:\/\/todoenseguridad.com\/site\/wp-json\/wp\/v2\/product_brand?post=11867"},{"taxonomy":"product_cat","embeddable":true,"href":"https:\/\/todoenseguridad.com\/site\/wp-json\/wp\/v2\/product_cat?post=11867"},{"taxonomy":"product_tag","embeddable":true,"href":"https:\/\/todoenseguridad.com\/site\/wp-json\/wp\/v2\/product_tag?post=11867"},{"taxonomy":"berocket_brand","embeddable":true,"href":"https:\/\/todoenseguridad.com\/site\/wp-json\/wp\/v2\/berocket_brand?post=11867"}],"curies":[{"name":"wp","href":"https:\/\/api.w.org\/{rel}","templated":true}]}}