{"id":11863,"date":"2022-06-20T11:13:30","date_gmt":"2022-06-20T16:13:30","guid":{"rendered":"https:\/\/todoenseguridad.com\/site\/?post_type=product&#038;p=11863"},"modified":"2026-03-23T16:14:57","modified_gmt":"2026-03-23T21:14:57","slug":"puc6004bu-fe-panduit-bobina-de-cable-utp-305-m-de-cobre-tx6000-pannet-reelex-azul-categoria-6-mejorado-23-awg","status":"publish","type":"product","link":"https:\/\/todoenseguridad.com\/site\/producto\/puc6004bu-fe-panduit-bobina-de-cable-utp-305-m-de-cobre-tx6000-pannet-reelex-azul-categoria-6-mejorado-23-awg\/","title":{"rendered":"PUC6004BU-FE PANDUIT Bobina de Cable UTP 305 m de Cobre\/ TX6000\u2122 PanNet\/ Reelex\/ Azul\/ Categor\u00eda 6 Mejorado (23 AWG)"},"content":{"rendered":"<h2 id=\\\"product_title_177955\\\" class=\\\"no_margin_top titulo_vista_producto\\\"><span style=\\\"color: #0000ff\\\"><span class=\\\"modelo-marca\\\">PUC6004BU-FE<\/span> PANDUIT Bobina de Cable UTP 305 m. de Cobre, TX6000\u2122 PanNet, Reelex, Azul, Categor\u00eda 6 Mejorado (23 AWG), PVC (CM), de 4 pares<\/span><\/h2>\n<p><span style=\\\"color: #000000\\\">Los sistemas de cableado de cobre Panduit \u2122 TX6000\u2122 U\/UTP est\u00e1n dise\u00f1ados para un rendimiento \u00f3ptimo de la red, flexibilidad de dise\u00f1o y confiabilidad para proteger las inversiones de la red en el futuro. Cada sistema proporciona a los usuarios una garant\u00eda de espacio libre que exceder\u00e1 los est\u00e1ndares ANSI\/TIA-568-2.D Categor\u00eda 6 e ISO 11801 Edici\u00f3n 2.1 Clase E para los siguientes par\u00e1metros el\u00e9ctricos clave: p\u00e9rdida de inserci\u00f3n (IL), diafon\u00eda de extremo cercano (NEXT), Power Sum NEXT, ACR-N, Power Sum ACR-N, ACR-F, Power Sum ACR-F y p\u00e9rdida de retorno.<\/span><\/p>\n<p><span style=\\\"color: #000000\\\">Tiene marcas de longitud del cable descendentes, lo que facilita la identificaci\u00f3n del cable restante, reduciendo el tiempo de instalaci\u00f3n y desperdicio de cable.<\/span><\/p>\n<p><span style=\\\"color: #000000\\\">Cuenta con una cinta divisioria que separa los pares trenzados para proporcionar un rendimiento robusto. Con una atenuaci\u00f3n reducida, maximiza la cantidad de se\u00f1al que llega al receptor al igual que el ancho de banda.<\/span><\/p>\n<p><span style=\\\"color: #000000\\\"><strong>Aplicaciones:<\/strong><\/span><\/p>\n<ul>\n<li><span style=\\\"color: #000000\\\">Redes Voz\/Datos\/Video de Alta Velocidad<\/span><\/li>\n<li><span style=\\\"color: #000000\\\">Instalaciones CCTV IP Megapixel, TurboHD(TVI)<\/span><\/li>\n<li><span style=\\\"color: #000000\\\">Redes inal\u00e1mbricas<\/span><\/li>\n<li><span style=\\\"color: #000000\\\">Aplicaciones Power over Ethernet IEEE 802.3af y 802.3at<\/span><\/li>\n<\/ul>\n<p><span style=\\\"color: #000000\\\"><strong>Informaci\u00f3n t\u00e9cnica:<\/strong><\/span><\/p>\n<ul>\n<li><span style=\\\"color: #000000\\\">Rendimiento el\u00e9ctrico: Rendimiento certificado hasta 100 metros<\/span><\/li>\n<li><span style=\\\"color: #000000\\\">Color: Azul<\/span><\/li>\n<li><span style=\\\"color: #000000\\\">Conductor: Cobre s\u00f3lido 23 AWG aislado con pol\u00edmero HDPE<\/span><\/li>\n<li><span style=\\\"color: #000000\\\">Recubrimiento: PVC<\/span><\/li>\n<li><span style=\\\"color: #000000\\\">Clasificaci\u00f3n de flama: UL 1685<\/span><\/li>\n<li><span style=\\\"color: #000000\\\">Di\u00e1metro: 5.6 mm (0.222\\\u00bb) nominal<\/span><\/li>\n<li><span style=\\\"color: #000000\\\">Peso: 11 kg\/305m (26 lbs.\/1000 ft.)<\/span><\/li>\n<li><span style=\\\"color: #000000\\\">Tensi\u00f3n de instalaci\u00f3n: 110N (25lbf) m\u00e1ximo<\/span><\/li>\n<li><span style=\\\"color: #000000\\\">Clasificaci\u00f3n de temperatura: 0 a 50\u00b0C (32\u00b0F a 122\u00b0F) en instalaci\u00f3n; -20\u00b0 a 60\u00b0C (14\u00b0 a 140\u00b0F) en operaci\u00f3n<\/span><\/li>\n<li><span style=\\\"color: #000000\\\">Frecuencia: 250 Mhz<\/span><\/li>\n<\/ul>\n<p><span style=\\\"color: #000000\\\"><strong>Cumple con:<\/strong><\/span><\/p>\n<ul>\n<li><span style=\\\"color: #000000\\\">UL 1685, ANSI\/TIA-568-C.2, ISO 11801<\/span><\/li>\n<\/ul>\n","protected":false},"excerpt":{"rendered":"<p>PUC6004BU-FE PANDUIT Bobina de Cable UTP 305 m. de Cobre, TX6000\u2122 PanNet, Reelex, Azul, Categor\u00eda 6 Mejorado (23 AWG), PVC (CM), de 4 pares Los sistemas de cableado de cobre Panduit \u2122 TX6000\u2122 U\/UTP est\u00e1n dise\u00f1ados para un rendimiento \u00f3ptimo de la red, flexibilidad de dise\u00f1o y confiabilidad para proteger las inversiones de la red [&hellip;]<\/p>\n","protected":false},"featured_media":11864,"template":"","meta":{"_acf_changed":false},"product_brand":[],"product_cat":[229,228,220],"product_tag":[],"berocket_brand":[],"class_list":{"0":"post-11863","1":"product","2":"type-product","3":"status-publish","4":"has-post-thumbnail","6":"product_cat-accesorios-de-redes","7":"product_cat-cables-utp","8":"product_cat-redes-de-datos","10":"first","11":"instock","12":"taxable","13":"shipping-taxable","14":"purchasable","15":"product-type-simple","16":"berocket_lgv_grid","17":"berocket_lgv_list_grid"},"acf":[],"aioseo_notices":[],"_links":{"self":[{"href":"https:\/\/todoenseguridad.com\/site\/wp-json\/wp\/v2\/product\/11863","targetHints":{"allow":["GET"]}}],"collection":[{"href":"https:\/\/todoenseguridad.com\/site\/wp-json\/wp\/v2\/product"}],"about":[{"href":"https:\/\/todoenseguridad.com\/site\/wp-json\/wp\/v2\/types\/product"}],"wp:featuredmedia":[{"embeddable":true,"href":"https:\/\/todoenseguridad.com\/site\/wp-json\/wp\/v2\/media\/11864"}],"wp:attachment":[{"href":"https:\/\/todoenseguridad.com\/site\/wp-json\/wp\/v2\/media?parent=11863"}],"wp:term":[{"taxonomy":"product_brand","embeddable":true,"href":"https:\/\/todoenseguridad.com\/site\/wp-json\/wp\/v2\/product_brand?post=11863"},{"taxonomy":"product_cat","embeddable":true,"href":"https:\/\/todoenseguridad.com\/site\/wp-json\/wp\/v2\/product_cat?post=11863"},{"taxonomy":"product_tag","embeddable":true,"href":"https:\/\/todoenseguridad.com\/site\/wp-json\/wp\/v2\/product_tag?post=11863"},{"taxonomy":"berocket_brand","embeddable":true,"href":"https:\/\/todoenseguridad.com\/site\/wp-json\/wp\/v2\/berocket_brand?post=11863"}],"curies":[{"name":"wp","href":"https:\/\/api.w.org\/{rel}","templated":true}]}}