{"id":11856,"date":"2022-06-17T15:14:43","date_gmt":"2022-06-17T20:14:43","guid":{"rendered":"https:\/\/todoenseguridad.com\/site\/?post_type=product&#038;p=11856"},"modified":"2025-02-13T10:52:44","modified_gmt":"2025-02-13T15:52:44","slug":"ard311-sw-imou-imou-door-contact-ard311-sw-imou-contacto-magnetico-inalambrico-rango-de-deteccion-25-45-mm","status":"publish","type":"product","link":"https:\/\/todoenseguridad.com\/site\/producto\/ard311-sw-imou-imou-door-contact-ard311-sw-imou-contacto-magnetico-inalambrico-rango-de-deteccion-25-45-mm\/","title":{"rendered":"ARD311-SW-imou IMOU DOOR CONTACT Contacto Magnetico Inalambrico\/ Rango de deteccion 25-45 mm"},"content":{"rendered":"<h2 id=\"title\" class=\"mb-3\"><span style=\"color: #0000ff;\"><span class=\"text-medium\">ARD311-SW-imou <\/span>IMOU DOOR CONTACT Contacto Magnetico Inalambrico\/ Rango de deteccion 25-45 mm\/ Indicador Led\/ 433Mhz<\/span><\/h2>\n<p><span style=\"color: #000000;\">Sensor de puerta \/ ventana, distancia de movimiento de 25-40 mm Comunicaci\u00f3n bidireccional<\/span><\/p>\n<p><span style=\"color: #000000;\">Amplio rango de transmisi\u00f3n de hasta 150 m de distancia (espacio abierto \/ no interferencia)<\/span><\/p>\n<p class=\"card-title text-center\"><span style=\"color: #000000;\"><strong>Notificaciones de alarma<\/strong><\/span><\/p>\n<p><span style=\"color: #000000;\">Alarm Station sonar\u00e1 una sirena de seguridad local y enviar\u00e1 una alerta instant\u00e1nea a su tel\u00e9fono inteligente cada vez que el detector detecte movimiento, manteni\u00e9ndolo al tanto de lo que sucede en su hogar desde cualquier lugar.<\/span><\/p>\n<p class=\"card-title text-center\"><span style=\"color: #000000;\">Compatible con c\u00e1mara Imou<\/span><\/p>\n<p><span style=\"color: #000000;\">Conexi\u00f3n inteligente con c\u00e1mara Imou.<\/span><\/p>\n<p><span style=\"color: #000000;\">Vea lo que sucede en la aplicaci\u00f3n Imou cuando se activa el detector.<\/span><\/p>\n<p class=\"card-title text-center\"><span style=\"color: #000000;\"><strong>Protecci\u00f3n contra manipulaci\u00f3n<\/strong><\/span><\/p>\n<p><span style=\"color: #000000;\">Cuando el contacto de la puerta se retira de la pared, la estaci\u00f3n de alarma activar\u00e1 una alarma de manipulaci\u00f3n y enviar\u00e1 una alerta de manipulaci\u00f3n a su tel\u00e9fono inteligente.<\/span><\/p>\n<p class=\"card-title text-center\"><span style=\"color: #000000;\"><strong>100% sin cables<\/strong><\/span><\/p>\n<p><span style=\"color: #000000;\">Alimentado con bater\u00eda y conectado por Airfly *, Door Contact se puede colocar en cualquier lugar que desee.<\/span><\/p>\n<p><span style=\"color: #000000;\">* Enlace inteligente con detectores de alarma Imou y la estaci\u00f3n de alarma<\/span><\/p>\n<p><span style=\"color: #000000;\"><strong>F\u00e1cil de instalar<\/strong><\/span><\/p>\n<p><span style=\"color: #000000;\">El dise\u00f1o dividido hace que sea f\u00e1cil de instalar en una puerta o ventana y tambi\u00e9n tiene espuma de montaje que se puede adherir directamente a cualquier lugar<\/span><\/p>\n<p class=\"card-title text-center\"><span style=\"color: #000000;\"><strong>Bajo consumo de energ\u00eda<\/strong><\/span><\/p>\n<p><span style=\"color: #000000;\">Alimentado con una bater\u00eda CR123A que puede usarse hasta por tres a\u00f1os.*<\/span><\/p>\n","protected":false},"excerpt":{"rendered":"<p>ARD311-SW-imou IMOU DOOR CONTACT Contacto Magnetico Inalambrico\/ Rango de deteccion 25-45 mm\/ Indicador Led\/ 433Mhz Sensor de puerta \/ ventana, distancia de movimiento de 25-40 mm Comunicaci\u00f3n bidireccional Amplio rango de transmisi\u00f3n de hasta 150 m de distancia (espacio abierto \/ no interferencia) Notificaciones de alarma Alarm Station sonar\u00e1 una sirena de seguridad local y [&hellip;]<\/p>\n","protected":false},"featured_media":11857,"template":"","meta":{"_acf_changed":false},"product_brand":[],"product_cat":[101,227],"product_tag":[],"berocket_brand":[],"class_list":{"0":"post-11856","1":"product","2":"type-product","3":"status-publish","4":"has-post-thumbnail","6":"product_cat-alarmas-y-hogar-inteligente-iot","7":"product_cat-casa-inteligente-iot","9":"first","10":"instock","11":"taxable","12":"shipping-taxable","13":"purchasable","14":"product-type-simple","15":"berocket_lgv_grid","16":"berocket_lgv_list_grid"},"acf":[],"aioseo_notices":[],"_links":{"self":[{"href":"https:\/\/todoenseguridad.com\/site\/wp-json\/wp\/v2\/product\/11856","targetHints":{"allow":["GET"]}}],"collection":[{"href":"https:\/\/todoenseguridad.com\/site\/wp-json\/wp\/v2\/product"}],"about":[{"href":"https:\/\/todoenseguridad.com\/site\/wp-json\/wp\/v2\/types\/product"}],"wp:featuredmedia":[{"embeddable":true,"href":"https:\/\/todoenseguridad.com\/site\/wp-json\/wp\/v2\/media\/11857"}],"wp:attachment":[{"href":"https:\/\/todoenseguridad.com\/site\/wp-json\/wp\/v2\/media?parent=11856"}],"wp:term":[{"taxonomy":"product_brand","embeddable":true,"href":"https:\/\/todoenseguridad.com\/site\/wp-json\/wp\/v2\/product_brand?post=11856"},{"taxonomy":"product_cat","embeddable":true,"href":"https:\/\/todoenseguridad.com\/site\/wp-json\/wp\/v2\/product_cat?post=11856"},{"taxonomy":"product_tag","embeddable":true,"href":"https:\/\/todoenseguridad.com\/site\/wp-json\/wp\/v2\/product_tag?post=11856"},{"taxonomy":"berocket_brand","embeddable":true,"href":"https:\/\/todoenseguridad.com\/site\/wp-json\/wp\/v2\/berocket_brand?post=11856"}],"curies":[{"name":"wp","href":"https:\/\/api.w.org\/{rel}","templated":true}]}}